{"id":1646,"date":"2025-12-30T10:08:42","date_gmt":"2025-12-30T07:08:42","guid":{"rendered":"https:\/\/label.bet\/da\/?page_id=1646"},"modified":"2026-02-11T18:00:04","modified_gmt":"2026-02-11T15:00:04","slug":"login","status":"publish","type":"page","link":"https:\/\/label.bet\/da\/login\/","title":{"rendered":"Login"},"content":{"rendered":"","protected":false},"excerpt":{"rendered":"","protected":false},"author":1,"featured_media":0,"parent":0,"menu_order":0,"comment_status":"closed","ping_status":"closed","template":"","meta":{"_acf_changed":false,"footnotes":""},"class_list":["post-1646","page","type-page","status-publish","hentry"],"acf":[],"yoast_head":"<!-- This site is optimized with the Yoast SEO plugin v26.5 - https:\/\/yoast.com\/wordpress\/plugins\/seo\/ -->\n<title>BetLabel Login \u1409 Instruktioner og tips til login p\u00e5 kontoen<\/title>\n<meta name=\"description\" content=\"S\u00e5dan logger du hurtigt og sikkert ind p\u00e5 din BetLabel-konto. Detaljeret login-vejledning, godkendelsesmetoder og l\u00f8sninger p\u00e5 almindelige problemer p\u00e5 BetLabel.\" \/>\n<meta name=\"robots\" content=\"index, follow, max-snippet:-1, max-image-preview:large, max-video-preview:-1\" \/>\n<link rel=\"canonical\" href=\"https:\/\/label.bet\/da\/login\/\" \/>\n<meta property=\"og:locale\" content=\"da_DK\" \/>\n<meta property=\"og:type\" content=\"article\" \/>\n<meta property=\"og:title\" content=\"BetLabel Login \u1409 Instruktioner og tips til login p\u00e5 kontoen\" \/>\n<meta property=\"og:description\" content=\"S\u00e5dan logger du hurtigt og sikkert ind p\u00e5 din BetLabel-konto. Detaljeret login-vejledning, godkendelsesmetoder og l\u00f8sninger p\u00e5 almindelige problemer p\u00e5 BetLabel.\" \/>\n<meta property=\"og:url\" content=\"https:\/\/label.bet\/da\/login\/\" \/>\n<meta property=\"og:site_name\" content=\"BetLabel da\" \/>\n<meta property=\"article:modified_time\" content=\"2026-02-11T15:00:04+00:00\" \/>\n<meta name=\"twitter:card\" content=\"summary_large_image\" \/>\n<script type=\"application\/ld+json\" class=\"yoast-schema-graph\">{\"@context\":\"https:\/\/schema.org\",\"@graph\":[{\"@type\":\"WebPage\",\"@id\":\"https:\/\/label.bet\/da\/login\/\",\"url\":\"https:\/\/label.bet\/da\/login\/\",\"name\":\"BetLabel Login \u1409 Instruktioner og tips til login p\u00e5 kontoen\",\"isPartOf\":{\"@id\":\"https:\/\/label.bet\/da\/#website\"},\"datePublished\":\"2025-12-30T07:08:42+00:00\",\"dateModified\":\"2026-02-11T15:00:04+00:00\",\"description\":\"S\u00e5dan logger du hurtigt og sikkert ind p\u00e5 din BetLabel-konto. Detaljeret login-vejledning, godkendelsesmetoder og l\u00f8sninger p\u00e5 almindelige problemer p\u00e5 BetLabel.\",\"inLanguage\":\"da-DK\",\"potentialAction\":[{\"@type\":\"ReadAction\",\"target\":[\"https:\/\/label.bet\/da\/login\/\"]}]},{\"@type\":\"WebSite\",\"@id\":\"https:\/\/label.bet\/da\/#website\",\"url\":\"https:\/\/label.bet\/da\/\",\"name\":\"BetLabel da\",\"description\":\"\",\"potentialAction\":[{\"@type\":\"SearchAction\",\"target\":{\"@type\":\"EntryPoint\",\"urlTemplate\":\"https:\/\/label.bet\/da\/?s={search_term_string}\"},\"query-input\":{\"@type\":\"PropertyValueSpecification\",\"valueRequired\":true,\"valueName\":\"search_term_string\"}}],\"inLanguage\":\"da-DK\"}]}<\/script>\n<!-- \/ Yoast SEO plugin. -->","yoast_head_json":{"title":"BetLabel Login \u1409 Instruktioner og tips til login p\u00e5 kontoen","description":"S\u00e5dan logger du hurtigt og sikkert ind p\u00e5 din BetLabel-konto. Detaljeret login-vejledning, godkendelsesmetoder og l\u00f8sninger p\u00e5 almindelige problemer p\u00e5 BetLabel.","robots":{"index":"index","follow":"follow","max-snippet":"max-snippet:-1","max-image-preview":"max-image-preview:large","max-video-preview":"max-video-preview:-1"},"canonical":"https:\/\/label.bet\/da\/login\/","og_locale":"da_DK","og_type":"article","og_title":"BetLabel Login \u1409 Instruktioner og tips til login p\u00e5 kontoen","og_description":"S\u00e5dan logger du hurtigt og sikkert ind p\u00e5 din BetLabel-konto. Detaljeret login-vejledning, godkendelsesmetoder og l\u00f8sninger p\u00e5 almindelige problemer p\u00e5 BetLabel.","og_url":"https:\/\/label.bet\/da\/login\/","og_site_name":"BetLabel da","article_modified_time":"2026-02-11T15:00:04+00:00","twitter_card":"summary_large_image","schema":{"@context":"https:\/\/schema.org","@graph":[{"@type":"WebPage","@id":"https:\/\/label.bet\/da\/login\/","url":"https:\/\/label.bet\/da\/login\/","name":"BetLabel Login \u1409 Instruktioner og tips til login p\u00e5 kontoen","isPartOf":{"@id":"https:\/\/label.bet\/da\/#website"},"datePublished":"2025-12-30T07:08:42+00:00","dateModified":"2026-02-11T15:00:04+00:00","description":"S\u00e5dan logger du hurtigt og sikkert ind p\u00e5 din BetLabel-konto. Detaljeret login-vejledning, godkendelsesmetoder og l\u00f8sninger p\u00e5 almindelige problemer p\u00e5 BetLabel.","inLanguage":"da-DK","potentialAction":[{"@type":"ReadAction","target":["https:\/\/label.bet\/da\/login\/"]}]},{"@type":"WebSite","@id":"https:\/\/label.bet\/da\/#website","url":"https:\/\/label.bet\/da\/","name":"BetLabel da","description":"","potentialAction":[{"@type":"SearchAction","target":{"@type":"EntryPoint","urlTemplate":"https:\/\/label.bet\/da\/?s={search_term_string}"},"query-input":{"@type":"PropertyValueSpecification","valueRequired":true,"valueName":"search_term_string"}}],"inLanguage":"da-DK"}]}},"_links":{"self":[{"href":"https:\/\/label.bet\/da\/wp-json\/wp\/v2\/pages\/1646","targetHints":{"allow":["GET"]}}],"collection":[{"href":"https:\/\/label.bet\/da\/wp-json\/wp\/v2\/pages"}],"about":[{"href":"https:\/\/label.bet\/da\/wp-json\/wp\/v2\/types\/page"}],"author":[{"embeddable":true,"href":"https:\/\/label.bet\/da\/wp-json\/wp\/v2\/users\/1"}],"replies":[{"embeddable":true,"href":"https:\/\/label.bet\/da\/wp-json\/wp\/v2\/comments?post=1646"}],"version-history":[{"count":5,"href":"https:\/\/label.bet\/da\/wp-json\/wp\/v2\/pages\/1646\/revisions"}],"predecessor-version":[{"id":1933,"href":"https:\/\/label.bet\/da\/wp-json\/wp\/v2\/pages\/1646\/revisions\/1933"}],"wp:attachment":[{"href":"https:\/\/label.bet\/da\/wp-json\/wp\/v2\/media?parent=1646"}],"curies":[{"name":"wp","href":"https:\/\/api.w.org\/{rel}","templated":true}]}}