{"id":1729,"date":"2026-01-22T15:02:05","date_gmt":"2026-01-22T12:02:05","guid":{"rendered":"https:\/\/label.bet\/da\/?page_id=1729"},"modified":"2026-02-11T19:56:57","modified_gmt":"2026-02-11T16:56:57","slug":"tennis","status":"publish","type":"page","link":"https:\/\/label.bet\/da\/tennis\/","title":{"rendered":"Tennis"},"content":{"rendered":"","protected":false},"excerpt":{"rendered":"","protected":false},"author":1,"featured_media":0,"parent":0,"menu_order":0,"comment_status":"closed","ping_status":"closed","template":"","meta":{"_acf_changed":false,"footnotes":""},"class_list":["post-1729","page","type-page","status-publish","hentry"],"acf":[],"yoast_head":"<!-- This site is optimized with the Yoast SEO plugin v26.5 - https:\/\/yoast.com\/wordpress\/plugins\/seo\/ -->\n<title>BetLabel Tennis \u26a1\ufe0f Odds, forudsigelser for turneringer<\/title>\n<meta name=\"description\" content=\"Tennisv\u00e6ddem\u00e5l hos BetLabel! Forudsig resultaterne af ATP-, WTA- og Grand Slam-turneringer, f\u00e5 h\u00f8je odds og vind. En p\u00e5lidelig bookmaker med fokus p\u00e5 sport venter p\u00e5 dig.\" \/>\n<meta name=\"robots\" content=\"index, follow, max-snippet:-1, max-image-preview:large, max-video-preview:-1\" \/>\n<link rel=\"canonical\" href=\"https:\/\/label.bet\/da\/tennis\/\" \/>\n<meta property=\"og:locale\" content=\"da_DK\" \/>\n<meta property=\"og:type\" content=\"article\" \/>\n<meta property=\"og:title\" content=\"BetLabel Tennis \u26a1\ufe0f Odds, forudsigelser for turneringer\" \/>\n<meta property=\"og:description\" content=\"Tennisv\u00e6ddem\u00e5l hos BetLabel! Forudsig resultaterne af ATP-, WTA- og Grand Slam-turneringer, f\u00e5 h\u00f8je odds og vind. En p\u00e5lidelig bookmaker med fokus p\u00e5 sport venter p\u00e5 dig.\" \/>\n<meta property=\"og:url\" content=\"https:\/\/label.bet\/da\/tennis\/\" \/>\n<meta property=\"og:site_name\" content=\"BetLabel da\" \/>\n<meta property=\"article:modified_time\" content=\"2026-02-11T16:56:57+00:00\" \/>\n<meta name=\"twitter:card\" content=\"summary_large_image\" \/>\n<script type=\"application\/ld+json\" class=\"yoast-schema-graph\">{\"@context\":\"https:\/\/schema.org\",\"@graph\":[{\"@type\":\"WebPage\",\"@id\":\"https:\/\/label.bet\/da\/tennis\/\",\"url\":\"https:\/\/label.bet\/da\/tennis\/\",\"name\":\"BetLabel Tennis \u26a1\ufe0f Odds, forudsigelser for turneringer\",\"isPartOf\":{\"@id\":\"https:\/\/label.bet\/da\/#website\"},\"datePublished\":\"2026-01-22T12:02:05+00:00\",\"dateModified\":\"2026-02-11T16:56:57+00:00\",\"description\":\"Tennisv\u00e6ddem\u00e5l hos BetLabel! Forudsig resultaterne af ATP-, WTA- og Grand Slam-turneringer, f\u00e5 h\u00f8je odds og vind. En p\u00e5lidelig bookmaker med fokus p\u00e5 sport venter p\u00e5 dig.\",\"inLanguage\":\"da-DK\",\"potentialAction\":[{\"@type\":\"ReadAction\",\"target\":[\"https:\/\/label.bet\/da\/tennis\/\"]}]},{\"@type\":\"WebSite\",\"@id\":\"https:\/\/label.bet\/da\/#website\",\"url\":\"https:\/\/label.bet\/da\/\",\"name\":\"BetLabel da\",\"description\":\"\",\"potentialAction\":[{\"@type\":\"SearchAction\",\"target\":{\"@type\":\"EntryPoint\",\"urlTemplate\":\"https:\/\/label.bet\/da\/?s={search_term_string}\"},\"query-input\":{\"@type\":\"PropertyValueSpecification\",\"valueRequired\":true,\"valueName\":\"search_term_string\"}}],\"inLanguage\":\"da-DK\"}]}<\/script>\n<!-- \/ Yoast SEO plugin. -->","yoast_head_json":{"title":"BetLabel Tennis \u26a1\ufe0f Odds, forudsigelser for turneringer","description":"Tennisv\u00e6ddem\u00e5l hos BetLabel! Forudsig resultaterne af ATP-, WTA- og Grand Slam-turneringer, f\u00e5 h\u00f8je odds og vind. En p\u00e5lidelig bookmaker med fokus p\u00e5 sport venter p\u00e5 dig.","robots":{"index":"index","follow":"follow","max-snippet":"max-snippet:-1","max-image-preview":"max-image-preview:large","max-video-preview":"max-video-preview:-1"},"canonical":"https:\/\/label.bet\/da\/tennis\/","og_locale":"da_DK","og_type":"article","og_title":"BetLabel Tennis \u26a1\ufe0f Odds, forudsigelser for turneringer","og_description":"Tennisv\u00e6ddem\u00e5l hos BetLabel! Forudsig resultaterne af ATP-, WTA- og Grand Slam-turneringer, f\u00e5 h\u00f8je odds og vind. En p\u00e5lidelig bookmaker med fokus p\u00e5 sport venter p\u00e5 dig.","og_url":"https:\/\/label.bet\/da\/tennis\/","og_site_name":"BetLabel da","article_modified_time":"2026-02-11T16:56:57+00:00","twitter_card":"summary_large_image","schema":{"@context":"https:\/\/schema.org","@graph":[{"@type":"WebPage","@id":"https:\/\/label.bet\/da\/tennis\/","url":"https:\/\/label.bet\/da\/tennis\/","name":"BetLabel Tennis \u26a1\ufe0f Odds, forudsigelser for turneringer","isPartOf":{"@id":"https:\/\/label.bet\/da\/#website"},"datePublished":"2026-01-22T12:02:05+00:00","dateModified":"2026-02-11T16:56:57+00:00","description":"Tennisv\u00e6ddem\u00e5l hos BetLabel! Forudsig resultaterne af ATP-, WTA- og Grand Slam-turneringer, f\u00e5 h\u00f8je odds og vind. En p\u00e5lidelig bookmaker med fokus p\u00e5 sport venter p\u00e5 dig.","inLanguage":"da-DK","potentialAction":[{"@type":"ReadAction","target":["https:\/\/label.bet\/da\/tennis\/"]}]},{"@type":"WebSite","@id":"https:\/\/label.bet\/da\/#website","url":"https:\/\/label.bet\/da\/","name":"BetLabel da","description":"","potentialAction":[{"@type":"SearchAction","target":{"@type":"EntryPoint","urlTemplate":"https:\/\/label.bet\/da\/?s={search_term_string}"},"query-input":{"@type":"PropertyValueSpecification","valueRequired":true,"valueName":"search_term_string"}}],"inLanguage":"da-DK"}]}},"_links":{"self":[{"href":"https:\/\/label.bet\/da\/wp-json\/wp\/v2\/pages\/1729","targetHints":{"allow":["GET"]}}],"collection":[{"href":"https:\/\/label.bet\/da\/wp-json\/wp\/v2\/pages"}],"about":[{"href":"https:\/\/label.bet\/da\/wp-json\/wp\/v2\/types\/page"}],"author":[{"embeddable":true,"href":"https:\/\/label.bet\/da\/wp-json\/wp\/v2\/users\/1"}],"replies":[{"embeddable":true,"href":"https:\/\/label.bet\/da\/wp-json\/wp\/v2\/comments?post=1729"}],"version-history":[{"count":5,"href":"https:\/\/label.bet\/da\/wp-json\/wp\/v2\/pages\/1729\/revisions"}],"predecessor-version":[{"id":1945,"href":"https:\/\/label.bet\/da\/wp-json\/wp\/v2\/pages\/1729\/revisions\/1945"}],"wp:attachment":[{"href":"https:\/\/label.bet\/da\/wp-json\/wp\/v2\/media?parent=1729"}],"curies":[{"name":"wp","href":"https:\/\/api.w.org\/{rel}","templated":true}]}}