{"id":1750,"date":"2026-01-22T18:15:40","date_gmt":"2026-01-22T15:15:40","guid":{"rendered":"https:\/\/label.bet\/da\/?page_id=1750"},"modified":"2026-02-11T12:58:53","modified_gmt":"2026-02-11T09:58:53","slug":"esports","status":"publish","type":"page","link":"https:\/\/label.bet\/da\/esports\/","title":{"rendered":"Esport"},"content":{"rendered":"","protected":false},"excerpt":{"rendered":"","protected":false},"author":1,"featured_media":0,"parent":0,"menu_order":0,"comment_status":"closed","ping_status":"closed","template":"","meta":{"_acf_changed":false,"footnotes":""},"class_list":["post-1750","page","type-page","status-publish","hentry"],"acf":[],"yoast_head":"<!-- This site is optimized with the Yoast SEO plugin v26.5 - https:\/\/yoast.com\/wordpress\/plugins\/seo\/ -->\n<title>Esport BetLabel \u2714\ufe0f V\u00e6ddem\u00e5l, forudsigelser for top turneringer<\/title>\n<meta name=\"description\" content=\"Spil p\u00e5 esports hos BetLabel! Forudsig resultaterne af Dota 2-, CS2- og LoL-turneringer, f\u00e5 h\u00f8je odds og vind. En fuldgyldig bookmaker for esports venter p\u00e5 dig.\" \/>\n<meta name=\"robots\" content=\"index, follow, max-snippet:-1, max-image-preview:large, max-video-preview:-1\" \/>\n<link rel=\"canonical\" href=\"https:\/\/label.bet\/da\/esports\/\" \/>\n<meta property=\"og:locale\" content=\"da_DK\" \/>\n<meta property=\"og:type\" content=\"article\" \/>\n<meta property=\"og:title\" content=\"Esport BetLabel \u2714\ufe0f V\u00e6ddem\u00e5l, forudsigelser for top turneringer\" \/>\n<meta property=\"og:description\" content=\"Spil p\u00e5 esports hos BetLabel! Forudsig resultaterne af Dota 2-, CS2- og LoL-turneringer, f\u00e5 h\u00f8je odds og vind. En fuldgyldig bookmaker for esports venter p\u00e5 dig.\" \/>\n<meta property=\"og:url\" content=\"https:\/\/label.bet\/da\/esports\/\" \/>\n<meta property=\"og:site_name\" content=\"BetLabel da\" \/>\n<meta property=\"article:modified_time\" content=\"2026-02-11T09:58:53+00:00\" \/>\n<meta name=\"twitter:card\" content=\"summary_large_image\" \/>\n<script type=\"application\/ld+json\" class=\"yoast-schema-graph\">{\"@context\":\"https:\/\/schema.org\",\"@graph\":[{\"@type\":\"WebPage\",\"@id\":\"https:\/\/label.bet\/da\/esports\/\",\"url\":\"https:\/\/label.bet\/da\/esports\/\",\"name\":\"Esport BetLabel \u2714\ufe0f V\u00e6ddem\u00e5l, forudsigelser for top turneringer\",\"isPartOf\":{\"@id\":\"https:\/\/label.bet\/da\/#website\"},\"datePublished\":\"2026-01-22T15:15:40+00:00\",\"dateModified\":\"2026-02-11T09:58:53+00:00\",\"description\":\"Spil p\u00e5 esports hos BetLabel! Forudsig resultaterne af Dota 2-, CS2- og LoL-turneringer, f\u00e5 h\u00f8je odds og vind. En fuldgyldig bookmaker for esports venter p\u00e5 dig.\",\"inLanguage\":\"da-DK\",\"potentialAction\":[{\"@type\":\"ReadAction\",\"target\":[\"https:\/\/label.bet\/da\/esports\/\"]}]},{\"@type\":\"WebSite\",\"@id\":\"https:\/\/label.bet\/da\/#website\",\"url\":\"https:\/\/label.bet\/da\/\",\"name\":\"BetLabel da\",\"description\":\"\",\"potentialAction\":[{\"@type\":\"SearchAction\",\"target\":{\"@type\":\"EntryPoint\",\"urlTemplate\":\"https:\/\/label.bet\/da\/?s={search_term_string}\"},\"query-input\":{\"@type\":\"PropertyValueSpecification\",\"valueRequired\":true,\"valueName\":\"search_term_string\"}}],\"inLanguage\":\"da-DK\"}]}<\/script>\n<!-- \/ Yoast SEO plugin. -->","yoast_head_json":{"title":"Esport BetLabel \u2714\ufe0f V\u00e6ddem\u00e5l, forudsigelser for top turneringer","description":"Spil p\u00e5 esports hos BetLabel! Forudsig resultaterne af Dota 2-, CS2- og LoL-turneringer, f\u00e5 h\u00f8je odds og vind. En fuldgyldig bookmaker for esports venter p\u00e5 dig.","robots":{"index":"index","follow":"follow","max-snippet":"max-snippet:-1","max-image-preview":"max-image-preview:large","max-video-preview":"max-video-preview:-1"},"canonical":"https:\/\/label.bet\/da\/esports\/","og_locale":"da_DK","og_type":"article","og_title":"Esport BetLabel \u2714\ufe0f V\u00e6ddem\u00e5l, forudsigelser for top turneringer","og_description":"Spil p\u00e5 esports hos BetLabel! Forudsig resultaterne af Dota 2-, CS2- og LoL-turneringer, f\u00e5 h\u00f8je odds og vind. En fuldgyldig bookmaker for esports venter p\u00e5 dig.","og_url":"https:\/\/label.bet\/da\/esports\/","og_site_name":"BetLabel da","article_modified_time":"2026-02-11T09:58:53+00:00","twitter_card":"summary_large_image","schema":{"@context":"https:\/\/schema.org","@graph":[{"@type":"WebPage","@id":"https:\/\/label.bet\/da\/esports\/","url":"https:\/\/label.bet\/da\/esports\/","name":"Esport BetLabel \u2714\ufe0f V\u00e6ddem\u00e5l, forudsigelser for top turneringer","isPartOf":{"@id":"https:\/\/label.bet\/da\/#website"},"datePublished":"2026-01-22T15:15:40+00:00","dateModified":"2026-02-11T09:58:53+00:00","description":"Spil p\u00e5 esports hos BetLabel! Forudsig resultaterne af Dota 2-, CS2- og LoL-turneringer, f\u00e5 h\u00f8je odds og vind. En fuldgyldig bookmaker for esports venter p\u00e5 dig.","inLanguage":"da-DK","potentialAction":[{"@type":"ReadAction","target":["https:\/\/label.bet\/da\/esports\/"]}]},{"@type":"WebSite","@id":"https:\/\/label.bet\/da\/#website","url":"https:\/\/label.bet\/da\/","name":"BetLabel da","description":"","potentialAction":[{"@type":"SearchAction","target":{"@type":"EntryPoint","urlTemplate":"https:\/\/label.bet\/da\/?s={search_term_string}"},"query-input":{"@type":"PropertyValueSpecification","valueRequired":true,"valueName":"search_term_string"}}],"inLanguage":"da-DK"}]}},"_links":{"self":[{"href":"https:\/\/label.bet\/da\/wp-json\/wp\/v2\/pages\/1750","targetHints":{"allow":["GET"]}}],"collection":[{"href":"https:\/\/label.bet\/da\/wp-json\/wp\/v2\/pages"}],"about":[{"href":"https:\/\/label.bet\/da\/wp-json\/wp\/v2\/types\/page"}],"author":[{"embeddable":true,"href":"https:\/\/label.bet\/da\/wp-json\/wp\/v2\/users\/1"}],"replies":[{"embeddable":true,"href":"https:\/\/label.bet\/da\/wp-json\/wp\/v2\/comments?post=1750"}],"version-history":[{"count":5,"href":"https:\/\/label.bet\/da\/wp-json\/wp\/v2\/pages\/1750\/revisions"}],"predecessor-version":[{"id":1916,"href":"https:\/\/label.bet\/da\/wp-json\/wp\/v2\/pages\/1750\/revisions\/1916"}],"wp:attachment":[{"href":"https:\/\/label.bet\/da\/wp-json\/wp\/v2\/media?parent=1750"}],"curies":[{"name":"wp","href":"https:\/\/api.w.org\/{rel}","templated":true}]}}