{"id":1986,"date":"2026-02-12T17:09:47","date_gmt":"2026-02-12T14:09:47","guid":{"rendered":"https:\/\/label.bet\/?page_id=1914"},"modified":"2026-03-31T10:31:09","modified_gmt":"2026-03-31T07:31:09","slug":"telegram","status":"publish","type":"page","link":"https:\/\/label.bet\/da\/telegram\/","title":{"rendered":"Telegram"},"content":{"rendered":"","protected":false},"excerpt":{"rendered":"","protected":false},"author":1,"featured_media":0,"parent":0,"menu_order":0,"comment_status":"closed","ping_status":"closed","template":"","meta":{"_acf_changed":false,"footnotes":""},"class_list":["post-1986","page","type-page","status-publish","hentry"],"acf":[],"yoast_head":"<!-- This site is optimized with the Yoast SEO plugin v26.5 - https:\/\/yoast.com\/wordpress\/plugins\/seo\/ -->\n<title>BetLabel Telegram-kanal \u2014 Bonusser og sportsforudsigelser<\/title>\n<meta name=\"description\" content=\"Abonner p\u00e5 BetLabels Telegram-kanal, og v\u00e6r den f\u00f8rste til at modtage de nyeste bonusser, eksklusive kampagnekoder, aktuelle tilbud og forudsigelser for de vigtigste sportsbegivenheder.\" \/>\n<meta name=\"robots\" content=\"index, follow, max-snippet:-1, max-image-preview:large, max-video-preview:-1\" \/>\n<link rel=\"canonical\" href=\"https:\/\/label.bet\/da\/telegram\/\" \/>\n<meta property=\"og:locale\" content=\"da_DK\" \/>\n<meta property=\"og:type\" content=\"article\" \/>\n<meta property=\"og:title\" content=\"BetLabel Telegram-kanal \u2014 Bonusser og sportsforudsigelser\" \/>\n<meta property=\"og:description\" content=\"Abonner p\u00e5 BetLabels Telegram-kanal, og v\u00e6r den f\u00f8rste til at modtage de nyeste bonusser, eksklusive kampagnekoder, aktuelle tilbud og forudsigelser for de vigtigste sportsbegivenheder.\" \/>\n<meta property=\"og:url\" content=\"https:\/\/label.bet\/da\/telegram\/\" \/>\n<meta property=\"og:site_name\" content=\"BetLabel da\" \/>\n<meta property=\"article:modified_time\" content=\"2026-03-31T07:31:09+00:00\" \/>\n<meta name=\"twitter:card\" content=\"summary_large_image\" \/>\n<script type=\"application\/ld+json\" class=\"yoast-schema-graph\">{\"@context\":\"https:\/\/schema.org\",\"@graph\":[{\"@type\":\"WebPage\",\"@id\":\"https:\/\/label.bet\/da\/telegram\/\",\"url\":\"https:\/\/label.bet\/da\/telegram\/\",\"name\":\"BetLabel Telegram-kanal \u2014 Bonusser og sportsforudsigelser\",\"isPartOf\":{\"@id\":\"https:\/\/label.bet\/da\/#website\"},\"datePublished\":\"2026-02-12T14:09:47+00:00\",\"dateModified\":\"2026-03-31T07:31:09+00:00\",\"description\":\"Abonner p\u00e5 BetLabels Telegram-kanal, og v\u00e6r den f\u00f8rste til at modtage de nyeste bonusser, eksklusive kampagnekoder, aktuelle tilbud og forudsigelser for de vigtigste sportsbegivenheder.\",\"inLanguage\":\"da-DK\",\"potentialAction\":[{\"@type\":\"ReadAction\",\"target\":[\"https:\/\/label.bet\/da\/telegram\/\"]}]},{\"@type\":\"WebSite\",\"@id\":\"https:\/\/label.bet\/da\/#website\",\"url\":\"https:\/\/label.bet\/da\/\",\"name\":\"BetLabel da\",\"description\":\"\",\"potentialAction\":[{\"@type\":\"SearchAction\",\"target\":{\"@type\":\"EntryPoint\",\"urlTemplate\":\"https:\/\/label.bet\/da\/?s={search_term_string}\"},\"query-input\":{\"@type\":\"PropertyValueSpecification\",\"valueRequired\":true,\"valueName\":\"search_term_string\"}}],\"inLanguage\":\"da-DK\"}]}<\/script>\n<!-- \/ Yoast SEO plugin. -->","yoast_head_json":{"title":"BetLabel Telegram-kanal \u2014 Bonusser og sportsforudsigelser","description":"Abonner p\u00e5 BetLabels Telegram-kanal, og v\u00e6r den f\u00f8rste til at modtage de nyeste bonusser, eksklusive kampagnekoder, aktuelle tilbud og forudsigelser for de vigtigste sportsbegivenheder.","robots":{"index":"index","follow":"follow","max-snippet":"max-snippet:-1","max-image-preview":"max-image-preview:large","max-video-preview":"max-video-preview:-1"},"canonical":"https:\/\/label.bet\/da\/telegram\/","og_locale":"da_DK","og_type":"article","og_title":"BetLabel Telegram-kanal \u2014 Bonusser og sportsforudsigelser","og_description":"Abonner p\u00e5 BetLabels Telegram-kanal, og v\u00e6r den f\u00f8rste til at modtage de nyeste bonusser, eksklusive kampagnekoder, aktuelle tilbud og forudsigelser for de vigtigste sportsbegivenheder.","og_url":"https:\/\/label.bet\/da\/telegram\/","og_site_name":"BetLabel da","article_modified_time":"2026-03-31T07:31:09+00:00","twitter_card":"summary_large_image","schema":{"@context":"https:\/\/schema.org","@graph":[{"@type":"WebPage","@id":"https:\/\/label.bet\/da\/telegram\/","url":"https:\/\/label.bet\/da\/telegram\/","name":"BetLabel Telegram-kanal \u2014 Bonusser og sportsforudsigelser","isPartOf":{"@id":"https:\/\/label.bet\/da\/#website"},"datePublished":"2026-02-12T14:09:47+00:00","dateModified":"2026-03-31T07:31:09+00:00","description":"Abonner p\u00e5 BetLabels Telegram-kanal, og v\u00e6r den f\u00f8rste til at modtage de nyeste bonusser, eksklusive kampagnekoder, aktuelle tilbud og forudsigelser for de vigtigste sportsbegivenheder.","inLanguage":"da-DK","potentialAction":[{"@type":"ReadAction","target":["https:\/\/label.bet\/da\/telegram\/"]}]},{"@type":"WebSite","@id":"https:\/\/label.bet\/da\/#website","url":"https:\/\/label.bet\/da\/","name":"BetLabel da","description":"","potentialAction":[{"@type":"SearchAction","target":{"@type":"EntryPoint","urlTemplate":"https:\/\/label.bet\/da\/?s={search_term_string}"},"query-input":{"@type":"PropertyValueSpecification","valueRequired":true,"valueName":"search_term_string"}}],"inLanguage":"da-DK"}]}},"_links":{"self":[{"href":"https:\/\/label.bet\/da\/wp-json\/wp\/v2\/pages\/1986","targetHints":{"allow":["GET"]}}],"collection":[{"href":"https:\/\/label.bet\/da\/wp-json\/wp\/v2\/pages"}],"about":[{"href":"https:\/\/label.bet\/da\/wp-json\/wp\/v2\/types\/page"}],"author":[{"embeddable":true,"href":"https:\/\/label.bet\/da\/wp-json\/wp\/v2\/users\/1"}],"replies":[{"embeddable":true,"href":"https:\/\/label.bet\/da\/wp-json\/wp\/v2\/comments?post=1986"}],"version-history":[{"count":1,"href":"https:\/\/label.bet\/da\/wp-json\/wp\/v2\/pages\/1986\/revisions"}],"predecessor-version":[{"id":2056,"href":"https:\/\/label.bet\/da\/wp-json\/wp\/v2\/pages\/1986\/revisions\/2056"}],"wp:attachment":[{"href":"https:\/\/label.bet\/da\/wp-json\/wp\/v2\/media?parent=1986"}],"curies":[{"name":"wp","href":"https:\/\/api.w.org\/{rel}","templated":true}]}}