{"id":2027,"date":"2026-03-16T13:17:17","date_gmt":"2026-03-16T10:17:17","guid":{"rendered":"https:\/\/label.bet\/?page_id=2027"},"modified":"2026-03-31T09:50:28","modified_gmt":"2026-03-31T06:50:28","slug":"accumulator-insurance","status":"publish","type":"page","link":"https:\/\/label.bet\/da\/accumulator-insurance\/","title":{"rendered":"Accumulator Insurance"},"content":{"rendered":"","protected":false},"excerpt":{"rendered":"","protected":false},"author":1,"featured_media":0,"parent":0,"menu_order":0,"comment_status":"closed","ping_status":"closed","template":"","meta":{"_acf_changed":false,"footnotes":""},"class_list":["post-2027","page","type-page","status-publish","hentry"],"acf":[],"yoast_head":"<!-- This site is optimized with the Yoast SEO plugin v26.5 - https:\/\/yoast.com\/wordpress\/plugins\/seo\/ -->\n<title>BetLabel-kombinationsforsikring \u2013 F\u00e5 100 % af indsatsen tilbage<\/title>\n<meta name=\"description\" content=\"Placer kombispil med mindst 7 valg p\u00e5 BetLabel, og f\u00e5 100 % kombispilforsikring. Hvis blot \u00e9t valg taber, f\u00e5r du din indsats tilbage. G\u00e6lder b\u00e5de v\u00e6ddem\u00e5l f\u00f8r kampstart og live-v\u00e6ddem\u00e5l.\" \/>\n<meta name=\"robots\" content=\"index, follow, max-snippet:-1, max-image-preview:large, max-video-preview:-1\" \/>\n<meta property=\"og:locale\" content=\"da_DK\" \/>\n<meta property=\"og:type\" content=\"article\" \/>\n<meta property=\"og:title\" content=\"BetLabel-kombinationsforsikring \u2013 F\u00e5 100 % af indsatsen tilbage\" \/>\n<meta property=\"og:description\" content=\"Placer kombispil med mindst 7 valg p\u00e5 BetLabel, og f\u00e5 100 % kombispilforsikring. Hvis blot \u00e9t valg taber, f\u00e5r du din indsats tilbage. G\u00e6lder b\u00e5de v\u00e6ddem\u00e5l f\u00f8r kampstart og live-v\u00e6ddem\u00e5l.\" \/>\n<meta property=\"og:url\" content=\"https:\/\/label.bet\/da\/accumulator-insurance\/\" \/>\n<meta property=\"og:site_name\" content=\"BetLabel da\" \/>\n<meta property=\"article:modified_time\" content=\"2026-03-31T06:50:28+00:00\" \/>\n<meta name=\"twitter:card\" content=\"summary_large_image\" \/>\n<script type=\"application\/ld+json\" class=\"yoast-schema-graph\">{\"@context\":\"https:\/\/schema.org\",\"@graph\":[{\"@type\":\"WebPage\",\"@id\":\"https:\/\/label.bet\/da\/accumulator-insurance\/\",\"url\":\"https:\/\/label.bet\/da\/accumulator-insurance\/\",\"name\":\"BetLabel-kombinationsforsikring \u2013 F\u00e5 100 % af indsatsen tilbage\",\"isPartOf\":{\"@id\":\"https:\/\/label.bet\/da\/#website\"},\"datePublished\":\"2026-03-16T10:17:17+00:00\",\"dateModified\":\"2026-03-31T06:50:28+00:00\",\"description\":\"Placer kombispil med mindst 7 valg p\u00e5 BetLabel, og f\u00e5 100 % kombispilforsikring. Hvis blot \u00e9t valg taber, f\u00e5r du din indsats tilbage. G\u00e6lder b\u00e5de v\u00e6ddem\u00e5l f\u00f8r kampstart og live-v\u00e6ddem\u00e5l.\",\"inLanguage\":\"da-DK\",\"potentialAction\":[{\"@type\":\"ReadAction\",\"target\":[\"https:\/\/label.bet\/da\/accumulator-insurance\/\"]}]},{\"@type\":\"WebSite\",\"@id\":\"https:\/\/label.bet\/da\/#website\",\"url\":\"https:\/\/label.bet\/da\/\",\"name\":\"BetLabel da\",\"description\":\"\",\"potentialAction\":[{\"@type\":\"SearchAction\",\"target\":{\"@type\":\"EntryPoint\",\"urlTemplate\":\"https:\/\/label.bet\/da\/?s={search_term_string}\"},\"query-input\":{\"@type\":\"PropertyValueSpecification\",\"valueRequired\":true,\"valueName\":\"search_term_string\"}}],\"inLanguage\":\"da-DK\"}]}<\/script>\n<!-- \/ Yoast SEO plugin. -->","yoast_head_json":{"title":"BetLabel-kombinationsforsikring \u2013 F\u00e5 100 % af indsatsen tilbage","description":"Placer kombispil med mindst 7 valg p\u00e5 BetLabel, og f\u00e5 100 % kombispilforsikring. Hvis blot \u00e9t valg taber, f\u00e5r du din indsats tilbage. G\u00e6lder b\u00e5de v\u00e6ddem\u00e5l f\u00f8r kampstart og live-v\u00e6ddem\u00e5l.","robots":{"index":"index","follow":"follow","max-snippet":"max-snippet:-1","max-image-preview":"max-image-preview:large","max-video-preview":"max-video-preview:-1"},"og_locale":"da_DK","og_type":"article","og_title":"BetLabel-kombinationsforsikring \u2013 F\u00e5 100 % af indsatsen tilbage","og_description":"Placer kombispil med mindst 7 valg p\u00e5 BetLabel, og f\u00e5 100 % kombispilforsikring. Hvis blot \u00e9t valg taber, f\u00e5r du din indsats tilbage. G\u00e6lder b\u00e5de v\u00e6ddem\u00e5l f\u00f8r kampstart og live-v\u00e6ddem\u00e5l.","og_url":"https:\/\/label.bet\/da\/accumulator-insurance\/","og_site_name":"BetLabel da","article_modified_time":"2026-03-31T06:50:28+00:00","twitter_card":"summary_large_image","schema":{"@context":"https:\/\/schema.org","@graph":[{"@type":"WebPage","@id":"https:\/\/label.bet\/da\/accumulator-insurance\/","url":"https:\/\/label.bet\/da\/accumulator-insurance\/","name":"BetLabel-kombinationsforsikring \u2013 F\u00e5 100 % af indsatsen tilbage","isPartOf":{"@id":"https:\/\/label.bet\/da\/#website"},"datePublished":"2026-03-16T10:17:17+00:00","dateModified":"2026-03-31T06:50:28+00:00","description":"Placer kombispil med mindst 7 valg p\u00e5 BetLabel, og f\u00e5 100 % kombispilforsikring. Hvis blot \u00e9t valg taber, f\u00e5r du din indsats tilbage. G\u00e6lder b\u00e5de v\u00e6ddem\u00e5l f\u00f8r kampstart og live-v\u00e6ddem\u00e5l.","inLanguage":"da-DK","potentialAction":[{"@type":"ReadAction","target":["https:\/\/label.bet\/da\/accumulator-insurance\/"]}]},{"@type":"WebSite","@id":"https:\/\/label.bet\/da\/#website","url":"https:\/\/label.bet\/da\/","name":"BetLabel da","description":"","potentialAction":[{"@type":"SearchAction","target":{"@type":"EntryPoint","urlTemplate":"https:\/\/label.bet\/da\/?s={search_term_string}"},"query-input":{"@type":"PropertyValueSpecification","valueRequired":true,"valueName":"search_term_string"}}],"inLanguage":"da-DK"}]}},"_links":{"self":[{"href":"https:\/\/label.bet\/da\/wp-json\/wp\/v2\/pages\/2027","targetHints":{"allow":["GET"]}}],"collection":[{"href":"https:\/\/label.bet\/da\/wp-json\/wp\/v2\/pages"}],"about":[{"href":"https:\/\/label.bet\/da\/wp-json\/wp\/v2\/types\/page"}],"author":[{"embeddable":true,"href":"https:\/\/label.bet\/da\/wp-json\/wp\/v2\/users\/1"}],"replies":[{"embeddable":true,"href":"https:\/\/label.bet\/da\/wp-json\/wp\/v2\/comments?post=2027"}],"version-history":[{"count":1,"href":"https:\/\/label.bet\/da\/wp-json\/wp\/v2\/pages\/2027\/revisions"}],"predecessor-version":[{"id":2046,"href":"https:\/\/label.bet\/da\/wp-json\/wp\/v2\/pages\/2027\/revisions\/2046"}],"wp:attachment":[{"href":"https:\/\/label.bet\/da\/wp-json\/wp\/v2\/media?parent=2027"}],"curies":[{"name":"wp","href":"https:\/\/api.w.org\/{rel}","templated":true}]}}