{"id":1931,"date":"2026-02-27T09:53:57","date_gmt":"2026-02-27T06:53:57","guid":{"rendered":"https:\/\/label.bet\/de\/?page_id=1931"},"modified":"2026-03-25T17:24:15","modified_gmt":"2026-03-25T14:24:15","slug":"trustpilot","status":"publish","type":"page","link":"https:\/\/label.bet\/de\/trustpilot\/","title":{"rendered":"Trustpilot"},"content":{"rendered":"","protected":false},"excerpt":{"rendered":"","protected":false},"author":1,"featured_media":0,"parent":0,"menu_order":0,"comment_status":"closed","ping_status":"closed","template":"","meta":{"_acf_changed":false,"footnotes":""},"class_list":["post-1931","page","type-page","status-publish","hentry"],"acf":[],"yoast_head":"<!-- This site is optimized with the Yoast SEO plugin v26.5 - https:\/\/yoast.com\/wordpress\/plugins\/seo\/ -->\n<title>BetLabel auf Trustpilot \u2013 Echte Kundenbewertungen<\/title>\n<meta name=\"description\" content=\"BetLabel erh\u00e4lt auf Trustpilot \u00fcberwiegend positive Bewertungen: Die Spieler loben schnelle Auszahlungen, eine benutzerfreundliche Oberfl\u00e4che, einen pers\u00f6nlichen VIP-Service und faire Bonusbedingungen; in einigen Bewertungen werden jedoch Schwierigkeiten bei Auszahlungen \u00fcber bestimmte Zahlungsmethoden sowie strittige Situationen im Zusammenhang mit der Identit\u00e4tspr\u00fcfung erw\u00e4hnt.\" \/>\n<meta name=\"robots\" content=\"index, follow, max-snippet:-1, max-image-preview:large, max-video-preview:-1\" \/>\n<link rel=\"canonical\" href=\"https:\/\/label.bet\/de\/trustpilot\/\" \/>\n<meta property=\"og:locale\" content=\"de_DE\" \/>\n<meta property=\"og:type\" content=\"article\" \/>\n<meta property=\"og:title\" content=\"BetLabel auf Trustpilot \u2013 Echte Kundenbewertungen\" \/>\n<meta property=\"og:description\" content=\"BetLabel erh\u00e4lt auf Trustpilot \u00fcberwiegend positive Bewertungen: Die Spieler loben schnelle Auszahlungen, eine benutzerfreundliche Oberfl\u00e4che, einen pers\u00f6nlichen VIP-Service und faire Bonusbedingungen; in einigen Bewertungen werden jedoch Schwierigkeiten bei Auszahlungen \u00fcber bestimmte Zahlungsmethoden sowie strittige Situationen im Zusammenhang mit der Identit\u00e4tspr\u00fcfung erw\u00e4hnt.\" \/>\n<meta property=\"og:url\" content=\"https:\/\/label.bet\/de\/trustpilot\/\" \/>\n<meta property=\"og:site_name\" content=\"Betlabel de\" \/>\n<meta property=\"article:modified_time\" content=\"2026-03-25T14:24:15+00:00\" \/>\n<meta name=\"twitter:card\" content=\"summary_large_image\" \/>\n<script type=\"application\/ld+json\" class=\"yoast-schema-graph\">{\"@context\":\"https:\/\/schema.org\",\"@graph\":[{\"@type\":\"WebPage\",\"@id\":\"https:\/\/label.bet\/de\/trustpilot\/\",\"url\":\"https:\/\/label.bet\/de\/trustpilot\/\",\"name\":\"BetLabel auf Trustpilot \u2013 Echte Kundenbewertungen\",\"isPartOf\":{\"@id\":\"https:\/\/label.bet\/de\/#website\"},\"datePublished\":\"2026-02-27T06:53:57+00:00\",\"dateModified\":\"2026-03-25T14:24:15+00:00\",\"description\":\"BetLabel erh\u00e4lt auf Trustpilot \u00fcberwiegend positive Bewertungen: Die Spieler loben schnelle Auszahlungen, eine benutzerfreundliche Oberfl\u00e4che, einen pers\u00f6nlichen VIP-Service und faire Bonusbedingungen; in einigen Bewertungen werden jedoch Schwierigkeiten bei Auszahlungen \u00fcber bestimmte Zahlungsmethoden sowie strittige Situationen im Zusammenhang mit der Identit\u00e4tspr\u00fcfung erw\u00e4hnt.\",\"inLanguage\":\"de\",\"potentialAction\":[{\"@type\":\"ReadAction\",\"target\":[\"https:\/\/label.bet\/de\/trustpilot\/\"]}]},{\"@type\":\"WebSite\",\"@id\":\"https:\/\/label.bet\/de\/#website\",\"url\":\"https:\/\/label.bet\/de\/\",\"name\":\"Betlabel de\",\"description\":\"\",\"potentialAction\":[{\"@type\":\"SearchAction\",\"target\":{\"@type\":\"EntryPoint\",\"urlTemplate\":\"https:\/\/label.bet\/de\/?s={search_term_string}\"},\"query-input\":{\"@type\":\"PropertyValueSpecification\",\"valueRequired\":true,\"valueName\":\"search_term_string\"}}],\"inLanguage\":\"de\"}]}<\/script>\n<!-- \/ Yoast SEO plugin. -->","yoast_head_json":{"title":"BetLabel auf Trustpilot \u2013 Echte Kundenbewertungen","description":"BetLabel erh\u00e4lt auf Trustpilot \u00fcberwiegend positive Bewertungen: Die Spieler loben schnelle Auszahlungen, eine benutzerfreundliche Oberfl\u00e4che, einen pers\u00f6nlichen VIP-Service und faire Bonusbedingungen; in einigen Bewertungen werden jedoch Schwierigkeiten bei Auszahlungen \u00fcber bestimmte Zahlungsmethoden sowie strittige Situationen im Zusammenhang mit der Identit\u00e4tspr\u00fcfung erw\u00e4hnt.","robots":{"index":"index","follow":"follow","max-snippet":"max-snippet:-1","max-image-preview":"max-image-preview:large","max-video-preview":"max-video-preview:-1"},"canonical":"https:\/\/label.bet\/de\/trustpilot\/","og_locale":"de_DE","og_type":"article","og_title":"BetLabel auf Trustpilot \u2013 Echte Kundenbewertungen","og_description":"BetLabel erh\u00e4lt auf Trustpilot \u00fcberwiegend positive Bewertungen: Die Spieler loben schnelle Auszahlungen, eine benutzerfreundliche Oberfl\u00e4che, einen pers\u00f6nlichen VIP-Service und faire Bonusbedingungen; in einigen Bewertungen werden jedoch Schwierigkeiten bei Auszahlungen \u00fcber bestimmte Zahlungsmethoden sowie strittige Situationen im Zusammenhang mit der Identit\u00e4tspr\u00fcfung erw\u00e4hnt.","og_url":"https:\/\/label.bet\/de\/trustpilot\/","og_site_name":"Betlabel de","article_modified_time":"2026-03-25T14:24:15+00:00","twitter_card":"summary_large_image","schema":{"@context":"https:\/\/schema.org","@graph":[{"@type":"WebPage","@id":"https:\/\/label.bet\/de\/trustpilot\/","url":"https:\/\/label.bet\/de\/trustpilot\/","name":"BetLabel auf Trustpilot \u2013 Echte Kundenbewertungen","isPartOf":{"@id":"https:\/\/label.bet\/de\/#website"},"datePublished":"2026-02-27T06:53:57+00:00","dateModified":"2026-03-25T14:24:15+00:00","description":"BetLabel erh\u00e4lt auf Trustpilot \u00fcberwiegend positive Bewertungen: Die Spieler loben schnelle Auszahlungen, eine benutzerfreundliche Oberfl\u00e4che, einen pers\u00f6nlichen VIP-Service und faire Bonusbedingungen; in einigen Bewertungen werden jedoch Schwierigkeiten bei Auszahlungen \u00fcber bestimmte Zahlungsmethoden sowie strittige Situationen im Zusammenhang mit der Identit\u00e4tspr\u00fcfung erw\u00e4hnt.","inLanguage":"de","potentialAction":[{"@type":"ReadAction","target":["https:\/\/label.bet\/de\/trustpilot\/"]}]},{"@type":"WebSite","@id":"https:\/\/label.bet\/de\/#website","url":"https:\/\/label.bet\/de\/","name":"Betlabel de","description":"","potentialAction":[{"@type":"SearchAction","target":{"@type":"EntryPoint","urlTemplate":"https:\/\/label.bet\/de\/?s={search_term_string}"},"query-input":{"@type":"PropertyValueSpecification","valueRequired":true,"valueName":"search_term_string"}}],"inLanguage":"de"}]}},"_links":{"self":[{"href":"https:\/\/label.bet\/de\/wp-json\/wp\/v2\/pages\/1931","targetHints":{"allow":["GET"]}}],"collection":[{"href":"https:\/\/label.bet\/de\/wp-json\/wp\/v2\/pages"}],"about":[{"href":"https:\/\/label.bet\/de\/wp-json\/wp\/v2\/types\/page"}],"author":[{"embeddable":true,"href":"https:\/\/label.bet\/de\/wp-json\/wp\/v2\/users\/1"}],"replies":[{"embeddable":true,"href":"https:\/\/label.bet\/de\/wp-json\/wp\/v2\/comments?post=1931"}],"version-history":[{"count":5,"href":"https:\/\/label.bet\/de\/wp-json\/wp\/v2\/pages\/1931\/revisions"}],"predecessor-version":[{"id":2124,"href":"https:\/\/label.bet\/de\/wp-json\/wp\/v2\/pages\/1931\/revisions\/2124"}],"wp:attachment":[{"href":"https:\/\/label.bet\/de\/wp-json\/wp\/v2\/media?parent=1931"}],"curies":[{"name":"wp","href":"https:\/\/api.w.org\/{rel}","templated":true}]}}