{"id":2019,"date":"2026-03-16T12:32:13","date_gmt":"2026-03-16T09:32:13","guid":{"rendered":"https:\/\/label.bet\/de\/?page_id=2019"},"modified":"2026-03-25T17:14:38","modified_gmt":"2026-03-25T14:14:38","slug":"saturday-bonus","status":"publish","type":"page","link":"https:\/\/label.bet\/de\/saturday-bonus\/","title":{"rendered":"Samstags-Sportbonus"},"content":{"rendered":"","protected":false},"excerpt":{"rendered":"","protected":false},"author":1,"featured_media":0,"parent":0,"menu_order":0,"comment_status":"closed","ping_status":"closed","template":"","meta":{"_acf_changed":false,"footnotes":""},"class_list":["post-2019","page","type-page","status-publish","hentry"],"acf":[],"yoast_head":"<!-- This site is optimized with the Yoast SEO plugin v26.5 - https:\/\/yoast.com\/wordpress\/plugins\/seo\/ -->\n<title>BetLabel 100 % Samstags-Sportwetten \u2013 100 \u20ac Einzahlungsbonus<\/title>\n<meta name=\"description\" content=\"Zahle jeden Samstag bei BetLabel ein und erhalte einen 100 %-Sportwettenbonus von bis zu 100 \u20ac. Verst\u00e4rke dein Guthaben und genie\u00dfe zus\u00e4tzliches Geld f\u00fcr deine Wetten am Wochenende.\" \/>\n<meta name=\"robots\" content=\"index, follow, max-snippet:-1, max-image-preview:large, max-video-preview:-1\" \/>\n<meta property=\"og:locale\" content=\"de_DE\" \/>\n<meta property=\"og:type\" content=\"article\" \/>\n<meta property=\"og:title\" content=\"BetLabel 100 % Samstags-Sportwetten \u2013 100 \u20ac Einzahlungsbonus\" \/>\n<meta property=\"og:description\" content=\"Zahle jeden Samstag bei BetLabel ein und erhalte einen 100 %-Sportwettenbonus von bis zu 100 \u20ac. Verst\u00e4rke dein Guthaben und genie\u00dfe zus\u00e4tzliches Geld f\u00fcr deine Wetten am Wochenende.\" \/>\n<meta property=\"og:url\" content=\"https:\/\/label.bet\/de\/saturday-bonus\/\" \/>\n<meta property=\"og:site_name\" content=\"Betlabel de\" \/>\n<meta property=\"article:modified_time\" content=\"2026-03-25T14:14:38+00:00\" \/>\n<meta name=\"twitter:card\" content=\"summary_large_image\" \/>\n<script type=\"application\/ld+json\" class=\"yoast-schema-graph\">{\"@context\":\"https:\/\/schema.org\",\"@graph\":[{\"@type\":\"WebPage\",\"@id\":\"https:\/\/label.bet\/de\/saturday-bonus\/\",\"url\":\"https:\/\/label.bet\/de\/saturday-bonus\/\",\"name\":\"BetLabel 100 % Samstags-Sportwetten \u2013 100 \u20ac Einzahlungsbonus\",\"isPartOf\":{\"@id\":\"https:\/\/label.bet\/de\/#website\"},\"datePublished\":\"2026-03-16T09:32:13+00:00\",\"dateModified\":\"2026-03-25T14:14:38+00:00\",\"description\":\"Zahle jeden Samstag bei BetLabel ein und erhalte einen 100 %-Sportwettenbonus von bis zu 100 \u20ac. Verst\u00e4rke dein Guthaben und genie\u00dfe zus\u00e4tzliches Geld f\u00fcr deine Wetten am Wochenende.\",\"inLanguage\":\"de\",\"potentialAction\":[{\"@type\":\"ReadAction\",\"target\":[\"https:\/\/label.bet\/de\/saturday-bonus\/\"]}]},{\"@type\":\"WebSite\",\"@id\":\"https:\/\/label.bet\/de\/#website\",\"url\":\"https:\/\/label.bet\/de\/\",\"name\":\"Betlabel de\",\"description\":\"\",\"potentialAction\":[{\"@type\":\"SearchAction\",\"target\":{\"@type\":\"EntryPoint\",\"urlTemplate\":\"https:\/\/label.bet\/de\/?s={search_term_string}\"},\"query-input\":{\"@type\":\"PropertyValueSpecification\",\"valueRequired\":true,\"valueName\":\"search_term_string\"}}],\"inLanguage\":\"de\"}]}<\/script>\n<!-- \/ Yoast SEO plugin. -->","yoast_head_json":{"title":"BetLabel 100 % Samstags-Sportwetten \u2013 100 \u20ac Einzahlungsbonus","description":"Zahle jeden Samstag bei BetLabel ein und erhalte einen 100 %-Sportwettenbonus von bis zu 100 \u20ac. Verst\u00e4rke dein Guthaben und genie\u00dfe zus\u00e4tzliches Geld f\u00fcr deine Wetten am Wochenende.","robots":{"index":"index","follow":"follow","max-snippet":"max-snippet:-1","max-image-preview":"max-image-preview:large","max-video-preview":"max-video-preview:-1"},"og_locale":"de_DE","og_type":"article","og_title":"BetLabel 100 % Samstags-Sportwetten \u2013 100 \u20ac Einzahlungsbonus","og_description":"Zahle jeden Samstag bei BetLabel ein und erhalte einen 100 %-Sportwettenbonus von bis zu 100 \u20ac. Verst\u00e4rke dein Guthaben und genie\u00dfe zus\u00e4tzliches Geld f\u00fcr deine Wetten am Wochenende.","og_url":"https:\/\/label.bet\/de\/saturday-bonus\/","og_site_name":"Betlabel de","article_modified_time":"2026-03-25T14:14:38+00:00","twitter_card":"summary_large_image","schema":{"@context":"https:\/\/schema.org","@graph":[{"@type":"WebPage","@id":"https:\/\/label.bet\/de\/saturday-bonus\/","url":"https:\/\/label.bet\/de\/saturday-bonus\/","name":"BetLabel 100 % Samstags-Sportwetten \u2013 100 \u20ac Einzahlungsbonus","isPartOf":{"@id":"https:\/\/label.bet\/de\/#website"},"datePublished":"2026-03-16T09:32:13+00:00","dateModified":"2026-03-25T14:14:38+00:00","description":"Zahle jeden Samstag bei BetLabel ein und erhalte einen 100 %-Sportwettenbonus von bis zu 100 \u20ac. Verst\u00e4rke dein Guthaben und genie\u00dfe zus\u00e4tzliches Geld f\u00fcr deine Wetten am Wochenende.","inLanguage":"de","potentialAction":[{"@type":"ReadAction","target":["https:\/\/label.bet\/de\/saturday-bonus\/"]}]},{"@type":"WebSite","@id":"https:\/\/label.bet\/de\/#website","url":"https:\/\/label.bet\/de\/","name":"Betlabel de","description":"","potentialAction":[{"@type":"SearchAction","target":{"@type":"EntryPoint","urlTemplate":"https:\/\/label.bet\/de\/?s={search_term_string}"},"query-input":{"@type":"PropertyValueSpecification","valueRequired":true,"valueName":"search_term_string"}}],"inLanguage":"de"}]}},"_links":{"self":[{"href":"https:\/\/label.bet\/de\/wp-json\/wp\/v2\/pages\/2019","targetHints":{"allow":["GET"]}}],"collection":[{"href":"https:\/\/label.bet\/de\/wp-json\/wp\/v2\/pages"}],"about":[{"href":"https:\/\/label.bet\/de\/wp-json\/wp\/v2\/types\/page"}],"author":[{"embeddable":true,"href":"https:\/\/label.bet\/de\/wp-json\/wp\/v2\/users\/1"}],"replies":[{"embeddable":true,"href":"https:\/\/label.bet\/de\/wp-json\/wp\/v2\/comments?post=2019"}],"version-history":[{"count":3,"href":"https:\/\/label.bet\/de\/wp-json\/wp\/v2\/pages\/2019\/revisions"}],"predecessor-version":[{"id":2119,"href":"https:\/\/label.bet\/de\/wp-json\/wp\/v2\/pages\/2019\/revisions\/2119"}],"wp:attachment":[{"href":"https:\/\/label.bet\/de\/wp-json\/wp\/v2\/media?parent=2019"}],"curies":[{"name":"wp","href":"https:\/\/api.w.org\/{rel}","templated":true}]}}