{"id":2022,"date":"2026-03-16T12:48:19","date_gmt":"2026-03-16T09:48:19","guid":{"rendered":"https:\/\/label.bet\/de\/?page_id=2022"},"modified":"2026-03-25T17:33:42","modified_gmt":"2026-03-25T14:33:42","slug":"wednesday-bonus","status":"publish","type":"page","link":"https:\/\/label.bet\/de\/wednesday-bonus\/","title":{"rendered":"Mittwochs-Bonus"},"content":{"rendered":"","protected":false},"excerpt":{"rendered":"","protected":false},"author":1,"featured_media":0,"parent":0,"menu_order":0,"comment_status":"closed","ping_status":"closed","template":"","meta":{"_acf_changed":false,"footnotes":""},"class_list":["post-2022","page","type-page","status-publish","hentry"],"acf":[],"yoast_head":"<!-- This site is optimized with the Yoast SEO plugin v26.5 - https:\/\/yoast.com\/wordpress\/plugins\/seo\/ -->\n<title>BetLabel 30 % Mittwochsbonus \u2013 300 \u20ac Einzahlungsbonus<\/title>\n<meta name=\"description\" content=\"T\u00e4tigen Sie mittwochs eine Einzahlung bei BetLabel und erhalten Sie einen 50-prozentigen Bonus von bis zu 300 \u20ac. St\u00e4rken Sie Ihr Spielguthaben zur Wochenmitte und freuen Sie sich jeden Mittwoch \u00fcber zus\u00e4tzliches Guthaben f\u00fcr Sportwetten.\" \/>\n<meta name=\"robots\" content=\"index, follow, max-snippet:-1, max-image-preview:large, max-video-preview:-1\" \/>\n<meta property=\"og:locale\" content=\"de_DE\" \/>\n<meta property=\"og:type\" content=\"article\" \/>\n<meta property=\"og:title\" content=\"BetLabel 30 % Mittwochsbonus \u2013 300 \u20ac Einzahlungsbonus\" \/>\n<meta property=\"og:description\" content=\"T\u00e4tigen Sie mittwochs eine Einzahlung bei BetLabel und erhalten Sie einen 50-prozentigen Bonus von bis zu 300 \u20ac. St\u00e4rken Sie Ihr Spielguthaben zur Wochenmitte und freuen Sie sich jeden Mittwoch \u00fcber zus\u00e4tzliches Guthaben f\u00fcr Sportwetten.\" \/>\n<meta property=\"og:url\" content=\"https:\/\/label.bet\/de\/wednesday-bonus\/\" \/>\n<meta property=\"og:site_name\" content=\"Betlabel de\" \/>\n<meta property=\"article:modified_time\" content=\"2026-03-25T14:33:42+00:00\" \/>\n<meta name=\"twitter:card\" content=\"summary_large_image\" \/>\n<script type=\"application\/ld+json\" class=\"yoast-schema-graph\">{\"@context\":\"https:\/\/schema.org\",\"@graph\":[{\"@type\":\"WebPage\",\"@id\":\"https:\/\/label.bet\/de\/wednesday-bonus\/\",\"url\":\"https:\/\/label.bet\/de\/wednesday-bonus\/\",\"name\":\"BetLabel 30 % Mittwochsbonus \u2013 300 \u20ac Einzahlungsbonus\",\"isPartOf\":{\"@id\":\"https:\/\/label.bet\/de\/#website\"},\"datePublished\":\"2026-03-16T09:48:19+00:00\",\"dateModified\":\"2026-03-25T14:33:42+00:00\",\"description\":\"T\u00e4tigen Sie mittwochs eine Einzahlung bei BetLabel und erhalten Sie einen 50-prozentigen Bonus von bis zu 300 \u20ac. St\u00e4rken Sie Ihr Spielguthaben zur Wochenmitte und freuen Sie sich jeden Mittwoch \u00fcber zus\u00e4tzliches Guthaben f\u00fcr Sportwetten.\",\"inLanguage\":\"de\",\"potentialAction\":[{\"@type\":\"ReadAction\",\"target\":[\"https:\/\/label.bet\/de\/wednesday-bonus\/\"]}]},{\"@type\":\"WebSite\",\"@id\":\"https:\/\/label.bet\/de\/#website\",\"url\":\"https:\/\/label.bet\/de\/\",\"name\":\"Betlabel de\",\"description\":\"\",\"potentialAction\":[{\"@type\":\"SearchAction\",\"target\":{\"@type\":\"EntryPoint\",\"urlTemplate\":\"https:\/\/label.bet\/de\/?s={search_term_string}\"},\"query-input\":{\"@type\":\"PropertyValueSpecification\",\"valueRequired\":true,\"valueName\":\"search_term_string\"}}],\"inLanguage\":\"de\"}]}<\/script>\n<!-- \/ Yoast SEO plugin. -->","yoast_head_json":{"title":"BetLabel 30 % Mittwochsbonus \u2013 300 \u20ac Einzahlungsbonus","description":"T\u00e4tigen Sie mittwochs eine Einzahlung bei BetLabel und erhalten Sie einen 50-prozentigen Bonus von bis zu 300 \u20ac. St\u00e4rken Sie Ihr Spielguthaben zur Wochenmitte und freuen Sie sich jeden Mittwoch \u00fcber zus\u00e4tzliches Guthaben f\u00fcr Sportwetten.","robots":{"index":"index","follow":"follow","max-snippet":"max-snippet:-1","max-image-preview":"max-image-preview:large","max-video-preview":"max-video-preview:-1"},"og_locale":"de_DE","og_type":"article","og_title":"BetLabel 30 % Mittwochsbonus \u2013 300 \u20ac Einzahlungsbonus","og_description":"T\u00e4tigen Sie mittwochs eine Einzahlung bei BetLabel und erhalten Sie einen 50-prozentigen Bonus von bis zu 300 \u20ac. St\u00e4rken Sie Ihr Spielguthaben zur Wochenmitte und freuen Sie sich jeden Mittwoch \u00fcber zus\u00e4tzliches Guthaben f\u00fcr Sportwetten.","og_url":"https:\/\/label.bet\/de\/wednesday-bonus\/","og_site_name":"Betlabel de","article_modified_time":"2026-03-25T14:33:42+00:00","twitter_card":"summary_large_image","schema":{"@context":"https:\/\/schema.org","@graph":[{"@type":"WebPage","@id":"https:\/\/label.bet\/de\/wednesday-bonus\/","url":"https:\/\/label.bet\/de\/wednesday-bonus\/","name":"BetLabel 30 % Mittwochsbonus \u2013 300 \u20ac Einzahlungsbonus","isPartOf":{"@id":"https:\/\/label.bet\/de\/#website"},"datePublished":"2026-03-16T09:48:19+00:00","dateModified":"2026-03-25T14:33:42+00:00","description":"T\u00e4tigen Sie mittwochs eine Einzahlung bei BetLabel und erhalten Sie einen 50-prozentigen Bonus von bis zu 300 \u20ac. St\u00e4rken Sie Ihr Spielguthaben zur Wochenmitte und freuen Sie sich jeden Mittwoch \u00fcber zus\u00e4tzliches Guthaben f\u00fcr Sportwetten.","inLanguage":"de","potentialAction":[{"@type":"ReadAction","target":["https:\/\/label.bet\/de\/wednesday-bonus\/"]}]},{"@type":"WebSite","@id":"https:\/\/label.bet\/de\/#website","url":"https:\/\/label.bet\/de\/","name":"Betlabel de","description":"","potentialAction":[{"@type":"SearchAction","target":{"@type":"EntryPoint","urlTemplate":"https:\/\/label.bet\/de\/?s={search_term_string}"},"query-input":{"@type":"PropertyValueSpecification","valueRequired":true,"valueName":"search_term_string"}}],"inLanguage":"de"}]}},"_links":{"self":[{"href":"https:\/\/label.bet\/de\/wp-json\/wp\/v2\/pages\/2022","targetHints":{"allow":["GET"]}}],"collection":[{"href":"https:\/\/label.bet\/de\/wp-json\/wp\/v2\/pages"}],"about":[{"href":"https:\/\/label.bet\/de\/wp-json\/wp\/v2\/types\/page"}],"author":[{"embeddable":true,"href":"https:\/\/label.bet\/de\/wp-json\/wp\/v2\/users\/1"}],"replies":[{"embeddable":true,"href":"https:\/\/label.bet\/de\/wp-json\/wp\/v2\/comments?post=2022"}],"version-history":[{"count":4,"href":"https:\/\/label.bet\/de\/wp-json\/wp\/v2\/pages\/2022\/revisions"}],"predecessor-version":[{"id":2131,"href":"https:\/\/label.bet\/de\/wp-json\/wp\/v2\/pages\/2022\/revisions\/2131"}],"wp:attachment":[{"href":"https:\/\/label.bet\/de\/wp-json\/wp\/v2\/media?parent=2022"}],"curies":[{"name":"wp","href":"https:\/\/api.w.org\/{rel}","templated":true}]}}