{"id":2027,"date":"2026-03-16T13:17:17","date_gmt":"2026-03-16T10:17:17","guid":{"rendered":"https:\/\/label.bet\/de\/?page_id=2027"},"modified":"2026-03-25T12:53:11","modified_gmt":"2026-03-25T09:53:11","slug":"accumulator-insurance","status":"publish","type":"page","link":"https:\/\/label.bet\/de\/accumulator-insurance\/","title":{"rendered":"Akkumulatorversicherung"},"content":{"rendered":"","protected":false},"excerpt":{"rendered":"","protected":false},"author":1,"featured_media":0,"parent":0,"menu_order":0,"comment_status":"closed","ping_status":"closed","template":"","meta":{"_acf_changed":false,"footnotes":""},"class_list":["post-2027","page","type-page","status-publish","hentry"],"acf":[],"yoast_head":"<!-- This site is optimized with the Yoast SEO plugin v26.5 - https:\/\/yoast.com\/wordpress\/plugins\/seo\/ -->\n<title>BetLabel-Kombiwetten-Versicherung \u2013 100 % R\u00fcckerstattung des Einsatzes<\/title>\n<meta name=\"description\" content=\"Platzieren Sie Kombiwetten mit mindestens 7 Tipps bei BetLabel und profitieren Sie von einer 100-prozentigen Kombiwetten-Versicherung. Wenn nur ein Tipp nicht gewinnt, erhalten Sie Ihren Einsatz zur\u00fcck. Dies gilt sowohl f\u00fcr Pre-Match- als auch f\u00fcr Live-Wetten.\" \/>\n<meta name=\"robots\" content=\"index, follow, max-snippet:-1, max-image-preview:large, max-video-preview:-1\" \/>\n<meta property=\"og:locale\" content=\"de_DE\" \/>\n<meta property=\"og:type\" content=\"article\" \/>\n<meta property=\"og:title\" content=\"BetLabel-Kombiwetten-Versicherung \u2013 100 % R\u00fcckerstattung des Einsatzes\" \/>\n<meta property=\"og:description\" content=\"Platzieren Sie Kombiwetten mit mindestens 7 Tipps bei BetLabel und profitieren Sie von einer 100-prozentigen Kombiwetten-Versicherung. Wenn nur ein Tipp nicht gewinnt, erhalten Sie Ihren Einsatz zur\u00fcck. Dies gilt sowohl f\u00fcr Pre-Match- als auch f\u00fcr Live-Wetten.\" \/>\n<meta property=\"og:url\" content=\"https:\/\/label.bet\/de\/accumulator-insurance\/\" \/>\n<meta property=\"og:site_name\" content=\"Betlabel de\" \/>\n<meta property=\"article:modified_time\" content=\"2026-03-25T09:53:11+00:00\" \/>\n<meta name=\"twitter:card\" content=\"summary_large_image\" \/>\n<script type=\"application\/ld+json\" class=\"yoast-schema-graph\">{\"@context\":\"https:\/\/schema.org\",\"@graph\":[{\"@type\":\"WebPage\",\"@id\":\"https:\/\/label.bet\/de\/accumulator-insurance\/\",\"url\":\"https:\/\/label.bet\/de\/accumulator-insurance\/\",\"name\":\"BetLabel-Kombiwetten-Versicherung \u2013 100 % R\u00fcckerstattung des Einsatzes\",\"isPartOf\":{\"@id\":\"https:\/\/label.bet\/de\/#website\"},\"datePublished\":\"2026-03-16T10:17:17+00:00\",\"dateModified\":\"2026-03-25T09:53:11+00:00\",\"description\":\"Platzieren Sie Kombiwetten mit mindestens 7 Tipps bei BetLabel und profitieren Sie von einer 100-prozentigen Kombiwetten-Versicherung. Wenn nur ein Tipp nicht gewinnt, erhalten Sie Ihren Einsatz zur\u00fcck. Dies gilt sowohl f\u00fcr Pre-Match- als auch f\u00fcr Live-Wetten.\",\"inLanguage\":\"de\",\"potentialAction\":[{\"@type\":\"ReadAction\",\"target\":[\"https:\/\/label.bet\/de\/accumulator-insurance\/\"]}]},{\"@type\":\"WebSite\",\"@id\":\"https:\/\/label.bet\/de\/#website\",\"url\":\"https:\/\/label.bet\/de\/\",\"name\":\"Betlabel de\",\"description\":\"\",\"potentialAction\":[{\"@type\":\"SearchAction\",\"target\":{\"@type\":\"EntryPoint\",\"urlTemplate\":\"https:\/\/label.bet\/de\/?s={search_term_string}\"},\"query-input\":{\"@type\":\"PropertyValueSpecification\",\"valueRequired\":true,\"valueName\":\"search_term_string\"}}],\"inLanguage\":\"de\"}]}<\/script>\n<!-- \/ Yoast SEO plugin. -->","yoast_head_json":{"title":"BetLabel-Kombiwetten-Versicherung \u2013 100 % R\u00fcckerstattung des Einsatzes","description":"Platzieren Sie Kombiwetten mit mindestens 7 Tipps bei BetLabel und profitieren Sie von einer 100-prozentigen Kombiwetten-Versicherung. Wenn nur ein Tipp nicht gewinnt, erhalten Sie Ihren Einsatz zur\u00fcck. Dies gilt sowohl f\u00fcr Pre-Match- als auch f\u00fcr Live-Wetten.","robots":{"index":"index","follow":"follow","max-snippet":"max-snippet:-1","max-image-preview":"max-image-preview:large","max-video-preview":"max-video-preview:-1"},"og_locale":"de_DE","og_type":"article","og_title":"BetLabel-Kombiwetten-Versicherung \u2013 100 % R\u00fcckerstattung des Einsatzes","og_description":"Platzieren Sie Kombiwetten mit mindestens 7 Tipps bei BetLabel und profitieren Sie von einer 100-prozentigen Kombiwetten-Versicherung. Wenn nur ein Tipp nicht gewinnt, erhalten Sie Ihren Einsatz zur\u00fcck. Dies gilt sowohl f\u00fcr Pre-Match- als auch f\u00fcr Live-Wetten.","og_url":"https:\/\/label.bet\/de\/accumulator-insurance\/","og_site_name":"Betlabel de","article_modified_time":"2026-03-25T09:53:11+00:00","twitter_card":"summary_large_image","schema":{"@context":"https:\/\/schema.org","@graph":[{"@type":"WebPage","@id":"https:\/\/label.bet\/de\/accumulator-insurance\/","url":"https:\/\/label.bet\/de\/accumulator-insurance\/","name":"BetLabel-Kombiwetten-Versicherung \u2013 100 % R\u00fcckerstattung des Einsatzes","isPartOf":{"@id":"https:\/\/label.bet\/de\/#website"},"datePublished":"2026-03-16T10:17:17+00:00","dateModified":"2026-03-25T09:53:11+00:00","description":"Platzieren Sie Kombiwetten mit mindestens 7 Tipps bei BetLabel und profitieren Sie von einer 100-prozentigen Kombiwetten-Versicherung. Wenn nur ein Tipp nicht gewinnt, erhalten Sie Ihren Einsatz zur\u00fcck. Dies gilt sowohl f\u00fcr Pre-Match- als auch f\u00fcr Live-Wetten.","inLanguage":"de","potentialAction":[{"@type":"ReadAction","target":["https:\/\/label.bet\/de\/accumulator-insurance\/"]}]},{"@type":"WebSite","@id":"https:\/\/label.bet\/de\/#website","url":"https:\/\/label.bet\/de\/","name":"Betlabel de","description":"","potentialAction":[{"@type":"SearchAction","target":{"@type":"EntryPoint","urlTemplate":"https:\/\/label.bet\/de\/?s={search_term_string}"},"query-input":{"@type":"PropertyValueSpecification","valueRequired":true,"valueName":"search_term_string"}}],"inLanguage":"de"}]}},"_links":{"self":[{"href":"https:\/\/label.bet\/de\/wp-json\/wp\/v2\/pages\/2027","targetHints":{"allow":["GET"]}}],"collection":[{"href":"https:\/\/label.bet\/de\/wp-json\/wp\/v2\/pages"}],"about":[{"href":"https:\/\/label.bet\/de\/wp-json\/wp\/v2\/types\/page"}],"author":[{"embeddable":true,"href":"https:\/\/label.bet\/de\/wp-json\/wp\/v2\/users\/1"}],"replies":[{"embeddable":true,"href":"https:\/\/label.bet\/de\/wp-json\/wp\/v2\/comments?post=2027"}],"version-history":[{"count":4,"href":"https:\/\/label.bet\/de\/wp-json\/wp\/v2\/pages\/2027\/revisions"}],"predecessor-version":[{"id":2081,"href":"https:\/\/label.bet\/de\/wp-json\/wp\/v2\/pages\/2027\/revisions\/2081"}],"wp:attachment":[{"href":"https:\/\/label.bet\/de\/wp-json\/wp\/v2\/media?parent=2027"}],"curies":[{"name":"wp","href":"https:\/\/api.w.org\/{rel}","templated":true}]}}