{"id":2031,"date":"2026-03-16T13:36:20","date_gmt":"2026-03-16T10:36:20","guid":{"rendered":"https:\/\/label.bet\/de\/?page_id=2031"},"modified":"2026-03-25T17:25:36","modified_gmt":"2026-03-25T14:25:36","slug":"tuesday-cashback","status":"publish","type":"page","link":"https:\/\/label.bet\/de\/tuesday-cashback\/","title":{"rendered":"Dienstag-Cashback"},"content":{"rendered":"","protected":false},"excerpt":{"rendered":"","protected":false},"author":1,"featured_media":0,"parent":0,"menu_order":0,"comment_status":"closed","ping_status":"closed","template":"","meta":{"_acf_changed":false,"footnotes":""},"class_list":["post-2031","page","type-page","status-publish","hentry"],"acf":[],"yoast_head":"<!-- This site is optimized with the Yoast SEO plugin v26.5 - https:\/\/yoast.com\/wordpress\/plugins\/seo\/ -->\n<title>BetLabel 3 % Dienstag-Cashback \u2013 Holen Sie sich w\u00f6chentlich Cashback<\/title>\n<meta name=\"description\" content=\"Platziere die ganze Woche \u00fcber Wetten bei BetLabel und erhalte jeden Dienstag 3 % Cashback auf den Gesamteinsatz deiner Wetten. Bleibe aktiv und st\u00e4rke dein Guthaben mit dieser w\u00f6chentlichen Pr\u00e4mie.\" \/>\n<meta name=\"robots\" content=\"index, follow, max-snippet:-1, max-image-preview:large, max-video-preview:-1\" \/>\n<meta property=\"og:locale\" content=\"de_DE\" \/>\n<meta property=\"og:type\" content=\"article\" \/>\n<meta property=\"og:title\" content=\"BetLabel 3 % Dienstag-Cashback \u2013 Holen Sie sich w\u00f6chentlich Cashback\" \/>\n<meta property=\"og:description\" content=\"Platziere die ganze Woche \u00fcber Wetten bei BetLabel und erhalte jeden Dienstag 3 % Cashback auf den Gesamteinsatz deiner Wetten. Bleibe aktiv und st\u00e4rke dein Guthaben mit dieser w\u00f6chentlichen Pr\u00e4mie.\" \/>\n<meta property=\"og:url\" content=\"https:\/\/label.bet\/de\/tuesday-cashback\/\" \/>\n<meta property=\"og:site_name\" content=\"Betlabel de\" \/>\n<meta property=\"article:modified_time\" content=\"2026-03-25T14:25:36+00:00\" \/>\n<meta name=\"twitter:card\" content=\"summary_large_image\" \/>\n<script type=\"application\/ld+json\" class=\"yoast-schema-graph\">{\"@context\":\"https:\/\/schema.org\",\"@graph\":[{\"@type\":\"WebPage\",\"@id\":\"https:\/\/label.bet\/de\/tuesday-cashback\/\",\"url\":\"https:\/\/label.bet\/de\/tuesday-cashback\/\",\"name\":\"BetLabel 3 % Dienstag-Cashback \u2013 Holen Sie sich w\u00f6chentlich Cashback\",\"isPartOf\":{\"@id\":\"https:\/\/label.bet\/de\/#website\"},\"datePublished\":\"2026-03-16T10:36:20+00:00\",\"dateModified\":\"2026-03-25T14:25:36+00:00\",\"description\":\"Platziere die ganze Woche \u00fcber Wetten bei BetLabel und erhalte jeden Dienstag 3 % Cashback auf den Gesamteinsatz deiner Wetten. Bleibe aktiv und st\u00e4rke dein Guthaben mit dieser w\u00f6chentlichen Pr\u00e4mie.\",\"inLanguage\":\"de\",\"potentialAction\":[{\"@type\":\"ReadAction\",\"target\":[\"https:\/\/label.bet\/de\/tuesday-cashback\/\"]}]},{\"@type\":\"WebSite\",\"@id\":\"https:\/\/label.bet\/de\/#website\",\"url\":\"https:\/\/label.bet\/de\/\",\"name\":\"Betlabel de\",\"description\":\"\",\"potentialAction\":[{\"@type\":\"SearchAction\",\"target\":{\"@type\":\"EntryPoint\",\"urlTemplate\":\"https:\/\/label.bet\/de\/?s={search_term_string}\"},\"query-input\":{\"@type\":\"PropertyValueSpecification\",\"valueRequired\":true,\"valueName\":\"search_term_string\"}}],\"inLanguage\":\"de\"}]}<\/script>\n<!-- \/ Yoast SEO plugin. -->","yoast_head_json":{"title":"BetLabel 3 % Dienstag-Cashback \u2013 Holen Sie sich w\u00f6chentlich Cashback","description":"Platziere die ganze Woche \u00fcber Wetten bei BetLabel und erhalte jeden Dienstag 3 % Cashback auf den Gesamteinsatz deiner Wetten. Bleibe aktiv und st\u00e4rke dein Guthaben mit dieser w\u00f6chentlichen Pr\u00e4mie.","robots":{"index":"index","follow":"follow","max-snippet":"max-snippet:-1","max-image-preview":"max-image-preview:large","max-video-preview":"max-video-preview:-1"},"og_locale":"de_DE","og_type":"article","og_title":"BetLabel 3 % Dienstag-Cashback \u2013 Holen Sie sich w\u00f6chentlich Cashback","og_description":"Platziere die ganze Woche \u00fcber Wetten bei BetLabel und erhalte jeden Dienstag 3 % Cashback auf den Gesamteinsatz deiner Wetten. Bleibe aktiv und st\u00e4rke dein Guthaben mit dieser w\u00f6chentlichen Pr\u00e4mie.","og_url":"https:\/\/label.bet\/de\/tuesday-cashback\/","og_site_name":"Betlabel de","article_modified_time":"2026-03-25T14:25:36+00:00","twitter_card":"summary_large_image","schema":{"@context":"https:\/\/schema.org","@graph":[{"@type":"WebPage","@id":"https:\/\/label.bet\/de\/tuesday-cashback\/","url":"https:\/\/label.bet\/de\/tuesday-cashback\/","name":"BetLabel 3 % Dienstag-Cashback \u2013 Holen Sie sich w\u00f6chentlich Cashback","isPartOf":{"@id":"https:\/\/label.bet\/de\/#website"},"datePublished":"2026-03-16T10:36:20+00:00","dateModified":"2026-03-25T14:25:36+00:00","description":"Platziere die ganze Woche \u00fcber Wetten bei BetLabel und erhalte jeden Dienstag 3 % Cashback auf den Gesamteinsatz deiner Wetten. Bleibe aktiv und st\u00e4rke dein Guthaben mit dieser w\u00f6chentlichen Pr\u00e4mie.","inLanguage":"de","potentialAction":[{"@type":"ReadAction","target":["https:\/\/label.bet\/de\/tuesday-cashback\/"]}]},{"@type":"WebSite","@id":"https:\/\/label.bet\/de\/#website","url":"https:\/\/label.bet\/de\/","name":"Betlabel de","description":"","potentialAction":[{"@type":"SearchAction","target":{"@type":"EntryPoint","urlTemplate":"https:\/\/label.bet\/de\/?s={search_term_string}"},"query-input":{"@type":"PropertyValueSpecification","valueRequired":true,"valueName":"search_term_string"}}],"inLanguage":"de"}]}},"_links":{"self":[{"href":"https:\/\/label.bet\/de\/wp-json\/wp\/v2\/pages\/2031","targetHints":{"allow":["GET"]}}],"collection":[{"href":"https:\/\/label.bet\/de\/wp-json\/wp\/v2\/pages"}],"about":[{"href":"https:\/\/label.bet\/de\/wp-json\/wp\/v2\/types\/page"}],"author":[{"embeddable":true,"href":"https:\/\/label.bet\/de\/wp-json\/wp\/v2\/users\/1"}],"replies":[{"embeddable":true,"href":"https:\/\/label.bet\/de\/wp-json\/wp\/v2\/comments?post=2031"}],"version-history":[{"count":3,"href":"https:\/\/label.bet\/de\/wp-json\/wp\/v2\/pages\/2031\/revisions"}],"predecessor-version":[{"id":2126,"href":"https:\/\/label.bet\/de\/wp-json\/wp\/v2\/pages\/2031\/revisions\/2126"}],"wp:attachment":[{"href":"https:\/\/label.bet\/de\/wp-json\/wp\/v2\/media?parent=2031"}],"curies":[{"name":"wp","href":"https:\/\/api.w.org\/{rel}","templated":true}]}}