{"id":1086,"date":"2025-11-15T16:52:15","date_gmt":"2025-11-15T13:52:15","guid":{"rendered":"https:\/\/label.bet\/es\/?page_id=1086"},"modified":"2026-01-10T18:27:37","modified_gmt":"2026-01-10T15:27:37","slug":"home","status":"publish","type":"page","link":"https:\/\/label.bet\/es\/","title":{"rendered":"Inicio"},"content":{"rendered":"","protected":false},"excerpt":{"rendered":"","protected":false},"author":1,"featured_media":0,"parent":0,"menu_order":0,"comment_status":"closed","ping_status":"closed","template":"","meta":{"_acf_changed":false,"footnotes":""},"class_list":["post-1086","page","type-page","status-publish","hentry"],"acf":[],"yoast_head":"<!-- This site is optimized with the Yoast SEO plugin v26.5 - https:\/\/yoast.com\/wordpress\/plugins\/seo\/ -->\n<title>BetLabel \u26bd Apuestas y Slots con Bono del 100 por ciento<\/title>\n<meta name=\"description\" content=\"Sitio web oficial de BetLabel 2026 \u2705 apuestas deportivas con cuotas altas y un casino en l\u00ednea con m\u00e1s de 9000 juegos. Registro r\u00e1pido, inicio de sesi\u00f3n en la cuenta personal y un \ud83d\udd25 bono de bienvenida del 100 %. Descarga la aplicaci\u00f3n m\u00f3vil BetLabel para Android y obt\u00e9n reembolsos semanales.\" \/>\n<meta name=\"robots\" content=\"index, follow, max-snippet:-1, max-image-preview:large, max-video-preview:-1\" \/>\n<meta property=\"og:locale\" content=\"es_ES\" \/>\n<meta property=\"og:type\" content=\"article\" \/>\n<meta property=\"og:title\" content=\"BetLabel \u26bd Apuestas y Slots con Bono del 100 por ciento\" \/>\n<meta property=\"og:description\" content=\"Sitio web oficial de BetLabel 2026 \u2705 apuestas deportivas con cuotas altas y un casino en l\u00ednea con m\u00e1s de 9000 juegos. Registro r\u00e1pido, inicio de sesi\u00f3n en la cuenta personal y un \ud83d\udd25 bono de bienvenida del 100 %. Descarga la aplicaci\u00f3n m\u00f3vil BetLabel para Android y obt\u00e9n reembolsos semanales.\" \/>\n<meta property=\"og:url\" content=\"https:\/\/label.bet\/es\/\" \/>\n<meta property=\"og:site_name\" content=\"Betlabel es\" \/>\n<meta property=\"article:modified_time\" content=\"2026-01-10T15:27:37+00:00\" \/>\n<meta name=\"twitter:card\" content=\"summary_large_image\" \/>\n<script type=\"application\/ld+json\" class=\"yoast-schema-graph\">{\"@context\":\"https:\/\/schema.org\",\"@graph\":[{\"@type\":\"WebPage\",\"@id\":\"https:\/\/label.bet\/es\/\",\"url\":\"https:\/\/label.bet\/es\/\",\"name\":\"BetLabel \u26bd Apuestas y Slots con Bono del 100 por ciento\",\"isPartOf\":{\"@id\":\"https:\/\/label.bet\/es\/#website\"},\"datePublished\":\"2025-11-15T13:52:15+00:00\",\"dateModified\":\"2026-01-10T15:27:37+00:00\",\"description\":\"Sitio web oficial de BetLabel 2026 \u2705 apuestas deportivas con cuotas altas y un casino en l\u00ednea con m\u00e1s de 9000 juegos. Registro r\u00e1pido, inicio de sesi\u00f3n en la cuenta personal y un \ud83d\udd25 bono de bienvenida del 100 %. Descarga la aplicaci\u00f3n m\u00f3vil BetLabel para Android y obt\u00e9n reembolsos semanales.\",\"inLanguage\":\"es\",\"potentialAction\":[{\"@type\":\"ReadAction\",\"target\":[\"https:\/\/label.bet\/es\/\"]}]},{\"@type\":\"WebSite\",\"@id\":\"https:\/\/label.bet\/es\/#website\",\"url\":\"https:\/\/label.bet\/es\/\",\"name\":\"Betlabel es\",\"description\":\"\",\"potentialAction\":[{\"@type\":\"SearchAction\",\"target\":{\"@type\":\"EntryPoint\",\"urlTemplate\":\"https:\/\/label.bet\/es\/?s={search_term_string}\"},\"query-input\":{\"@type\":\"PropertyValueSpecification\",\"valueRequired\":true,\"valueName\":\"search_term_string\"}}],\"inLanguage\":\"es\"}]}<\/script>\n<!-- \/ Yoast SEO plugin. -->","yoast_head_json":{"title":"BetLabel \u26bd Apuestas y Slots con Bono del 100 por ciento","description":"Sitio web oficial de BetLabel 2026 \u2705 apuestas deportivas con cuotas altas y un casino en l\u00ednea con m\u00e1s de 9000 juegos. Registro r\u00e1pido, inicio de sesi\u00f3n en la cuenta personal y un \ud83d\udd25 bono de bienvenida del 100 %. Descarga la aplicaci\u00f3n m\u00f3vil BetLabel para Android y obt\u00e9n reembolsos semanales.","robots":{"index":"index","follow":"follow","max-snippet":"max-snippet:-1","max-image-preview":"max-image-preview:large","max-video-preview":"max-video-preview:-1"},"og_locale":"es_ES","og_type":"article","og_title":"BetLabel \u26bd Apuestas y Slots con Bono del 100 por ciento","og_description":"Sitio web oficial de BetLabel 2026 \u2705 apuestas deportivas con cuotas altas y un casino en l\u00ednea con m\u00e1s de 9000 juegos. Registro r\u00e1pido, inicio de sesi\u00f3n en la cuenta personal y un \ud83d\udd25 bono de bienvenida del 100 %. Descarga la aplicaci\u00f3n m\u00f3vil BetLabel para Android y obt\u00e9n reembolsos semanales.","og_url":"https:\/\/label.bet\/es\/","og_site_name":"Betlabel es","article_modified_time":"2026-01-10T15:27:37+00:00","twitter_card":"summary_large_image","schema":{"@context":"https:\/\/schema.org","@graph":[{"@type":"WebPage","@id":"https:\/\/label.bet\/es\/","url":"https:\/\/label.bet\/es\/","name":"BetLabel \u26bd Apuestas y Slots con Bono del 100 por ciento","isPartOf":{"@id":"https:\/\/label.bet\/es\/#website"},"datePublished":"2025-11-15T13:52:15+00:00","dateModified":"2026-01-10T15:27:37+00:00","description":"Sitio web oficial de BetLabel 2026 \u2705 apuestas deportivas con cuotas altas y un casino en l\u00ednea con m\u00e1s de 9000 juegos. Registro r\u00e1pido, inicio de sesi\u00f3n en la cuenta personal y un \ud83d\udd25 bono de bienvenida del 100 %. Descarga la aplicaci\u00f3n m\u00f3vil BetLabel para Android y obt\u00e9n reembolsos semanales.","inLanguage":"es","potentialAction":[{"@type":"ReadAction","target":["https:\/\/label.bet\/es\/"]}]},{"@type":"WebSite","@id":"https:\/\/label.bet\/es\/#website","url":"https:\/\/label.bet\/es\/","name":"Betlabel es","description":"","potentialAction":[{"@type":"SearchAction","target":{"@type":"EntryPoint","urlTemplate":"https:\/\/label.bet\/es\/?s={search_term_string}"},"query-input":{"@type":"PropertyValueSpecification","valueRequired":true,"valueName":"search_term_string"}}],"inLanguage":"es"}]}},"_links":{"self":[{"href":"https:\/\/label.bet\/es\/wp-json\/wp\/v2\/pages\/1086","targetHints":{"allow":["GET"]}}],"collection":[{"href":"https:\/\/label.bet\/es\/wp-json\/wp\/v2\/pages"}],"about":[{"href":"https:\/\/label.bet\/es\/wp-json\/wp\/v2\/types\/page"}],"author":[{"embeddable":true,"href":"https:\/\/label.bet\/es\/wp-json\/wp\/v2\/users\/1"}],"replies":[{"embeddable":true,"href":"https:\/\/label.bet\/es\/wp-json\/wp\/v2\/comments?post=1086"}],"version-history":[{"count":5,"href":"https:\/\/label.bet\/es\/wp-json\/wp\/v2\/pages\/1086\/revisions"}],"predecessor-version":[{"id":1736,"href":"https:\/\/label.bet\/es\/wp-json\/wp\/v2\/pages\/1086\/revisions\/1736"}],"wp:attachment":[{"href":"https:\/\/label.bet\/es\/wp-json\/wp\/v2\/media?parent=1086"}],"curies":[{"name":"wp","href":"https:\/\/api.w.org\/{rel}","templated":true}]}}