{"id":1561,"date":"2025-12-26T09:04:18","date_gmt":"2025-12-26T06:04:18","guid":{"rendered":"https:\/\/label.bet\/es\/?page_id=1561"},"modified":"2026-01-11T10:03:01","modified_gmt":"2026-01-11T07:03:01","slug":"casino","status":"publish","type":"page","link":"https:\/\/label.bet\/es\/casino\/","title":{"rendered":"Casino"},"content":{"rendered":"","protected":false},"excerpt":{"rendered":"","protected":false},"author":1,"featured_media":0,"parent":0,"menu_order":0,"comment_status":"closed","ping_status":"closed","template":"","meta":{"_acf_changed":false,"footnotes":""},"class_list":["post-1561","page","type-page","status-publish","hentry"],"acf":[],"yoast_head":"<!-- This site is optimized with the Yoast SEO plugin v26.5 - https:\/\/yoast.com\/wordpress\/plugins\/seo\/ -->\n<title>BetLabel Casino \ud83e\ude99 9000 slots y Bono de 1500 euros<\/title>\n<meta name=\"description\" content=\"Casino online BetLabel \u2705 m\u00e1s de 9000 juegos, tragamonedas, ruleta y espect\u00e1culos en vivo con crupieres reales. Registro r\u00e1pido, bono de bienvenida de hasta 1500 \u20ac, promociones diarias y pagos instant\u00e1neos para todos los jugadores.\" \/>\n<meta name=\"robots\" content=\"index, follow, max-snippet:-1, max-image-preview:large, max-video-preview:-1\" \/>\n<link rel=\"canonical\" href=\"https:\/\/label.bet\/es\/casino\/\" \/>\n<meta property=\"og:locale\" content=\"es_ES\" \/>\n<meta property=\"og:type\" content=\"article\" \/>\n<meta property=\"og:title\" content=\"BetLabel Casino \ud83e\ude99 9000 slots y Bono de 1500 euros\" \/>\n<meta property=\"og:description\" content=\"Casino online BetLabel \u2705 m\u00e1s de 9000 juegos, tragamonedas, ruleta y espect\u00e1culos en vivo con crupieres reales. Registro r\u00e1pido, bono de bienvenida de hasta 1500 \u20ac, promociones diarias y pagos instant\u00e1neos para todos los jugadores.\" \/>\n<meta property=\"og:url\" content=\"https:\/\/label.bet\/es\/casino\/\" \/>\n<meta property=\"og:site_name\" content=\"Betlabel es\" \/>\n<meta property=\"article:modified_time\" content=\"2026-01-11T07:03:01+00:00\" \/>\n<meta name=\"twitter:card\" content=\"summary_large_image\" \/>\n<script type=\"application\/ld+json\" class=\"yoast-schema-graph\">{\"@context\":\"https:\/\/schema.org\",\"@graph\":[{\"@type\":\"WebPage\",\"@id\":\"https:\/\/label.bet\/es\/casino\/\",\"url\":\"https:\/\/label.bet\/es\/casino\/\",\"name\":\"BetLabel Casino \ud83e\ude99 9000 slots y Bono de 1500 euros\",\"isPartOf\":{\"@id\":\"https:\/\/label.bet\/es\/#website\"},\"datePublished\":\"2025-12-26T06:04:18+00:00\",\"dateModified\":\"2026-01-11T07:03:01+00:00\",\"description\":\"Casino online BetLabel \u2705 m\u00e1s de 9000 juegos, tragamonedas, ruleta y espect\u00e1culos en vivo con crupieres reales. Registro r\u00e1pido, bono de bienvenida de hasta 1500 \u20ac, promociones diarias y pagos instant\u00e1neos para todos los jugadores.\",\"inLanguage\":\"es\",\"potentialAction\":[{\"@type\":\"ReadAction\",\"target\":[\"https:\/\/label.bet\/es\/casino\/\"]}]},{\"@type\":\"WebSite\",\"@id\":\"https:\/\/label.bet\/es\/#website\",\"url\":\"https:\/\/label.bet\/es\/\",\"name\":\"Betlabel es\",\"description\":\"\",\"potentialAction\":[{\"@type\":\"SearchAction\",\"target\":{\"@type\":\"EntryPoint\",\"urlTemplate\":\"https:\/\/label.bet\/es\/?s={search_term_string}\"},\"query-input\":{\"@type\":\"PropertyValueSpecification\",\"valueRequired\":true,\"valueName\":\"search_term_string\"}}],\"inLanguage\":\"es\"}]}<\/script>\n<!-- \/ Yoast SEO plugin. -->","yoast_head_json":{"title":"BetLabel Casino \ud83e\ude99 9000 slots y Bono de 1500 euros","description":"Casino online BetLabel \u2705 m\u00e1s de 9000 juegos, tragamonedas, ruleta y espect\u00e1culos en vivo con crupieres reales. Registro r\u00e1pido, bono de bienvenida de hasta 1500 \u20ac, promociones diarias y pagos instant\u00e1neos para todos los jugadores.","robots":{"index":"index","follow":"follow","max-snippet":"max-snippet:-1","max-image-preview":"max-image-preview:large","max-video-preview":"max-video-preview:-1"},"canonical":"https:\/\/label.bet\/es\/casino\/","og_locale":"es_ES","og_type":"article","og_title":"BetLabel Casino \ud83e\ude99 9000 slots y Bono de 1500 euros","og_description":"Casino online BetLabel \u2705 m\u00e1s de 9000 juegos, tragamonedas, ruleta y espect\u00e1culos en vivo con crupieres reales. Registro r\u00e1pido, bono de bienvenida de hasta 1500 \u20ac, promociones diarias y pagos instant\u00e1neos para todos los jugadores.","og_url":"https:\/\/label.bet\/es\/casino\/","og_site_name":"Betlabel es","article_modified_time":"2026-01-11T07:03:01+00:00","twitter_card":"summary_large_image","schema":{"@context":"https:\/\/schema.org","@graph":[{"@type":"WebPage","@id":"https:\/\/label.bet\/es\/casino\/","url":"https:\/\/label.bet\/es\/casino\/","name":"BetLabel Casino \ud83e\ude99 9000 slots y Bono de 1500 euros","isPartOf":{"@id":"https:\/\/label.bet\/es\/#website"},"datePublished":"2025-12-26T06:04:18+00:00","dateModified":"2026-01-11T07:03:01+00:00","description":"Casino online BetLabel \u2705 m\u00e1s de 9000 juegos, tragamonedas, ruleta y espect\u00e1culos en vivo con crupieres reales. Registro r\u00e1pido, bono de bienvenida de hasta 1500 \u20ac, promociones diarias y pagos instant\u00e1neos para todos los jugadores.","inLanguage":"es","potentialAction":[{"@type":"ReadAction","target":["https:\/\/label.bet\/es\/casino\/"]}]},{"@type":"WebSite","@id":"https:\/\/label.bet\/es\/#website","url":"https:\/\/label.bet\/es\/","name":"Betlabel es","description":"","potentialAction":[{"@type":"SearchAction","target":{"@type":"EntryPoint","urlTemplate":"https:\/\/label.bet\/es\/?s={search_term_string}"},"query-input":{"@type":"PropertyValueSpecification","valueRequired":true,"valueName":"search_term_string"}}],"inLanguage":"es"}]}},"_links":{"self":[{"href":"https:\/\/label.bet\/es\/wp-json\/wp\/v2\/pages\/1561","targetHints":{"allow":["GET"]}}],"collection":[{"href":"https:\/\/label.bet\/es\/wp-json\/wp\/v2\/pages"}],"about":[{"href":"https:\/\/label.bet\/es\/wp-json\/wp\/v2\/types\/page"}],"author":[{"embeddable":true,"href":"https:\/\/label.bet\/es\/wp-json\/wp\/v2\/users\/1"}],"replies":[{"embeddable":true,"href":"https:\/\/label.bet\/es\/wp-json\/wp\/v2\/comments?post=1561"}],"version-history":[{"count":5,"href":"https:\/\/label.bet\/es\/wp-json\/wp\/v2\/pages\/1561\/revisions"}],"predecessor-version":[{"id":1740,"href":"https:\/\/label.bet\/es\/wp-json\/wp\/v2\/pages\/1561\/revisions\/1740"}],"wp:attachment":[{"href":"https:\/\/label.bet\/es\/wp-json\/wp\/v2\/media?parent=1561"}],"curies":[{"name":"wp","href":"https:\/\/api.w.org\/{rel}","templated":true}]}}