{"id":1503,"date":"2025-12-23T14:01:33","date_gmt":"2025-12-23T11:01:33","guid":{"rendered":"https:\/\/label.bet\/fi\/?page_id=1503"},"modified":"2026-02-26T08:45:14","modified_gmt":"2026-02-26T05:45:14","slug":"app","status":"publish","type":"page","link":"https:\/\/label.bet\/fi\/app\/","title":{"rendered":"Sovellus"},"content":{"rendered":"","protected":false},"excerpt":{"rendered":"","protected":false},"author":1,"featured_media":0,"parent":0,"menu_order":0,"comment_status":"closed","ping_status":"closed","template":"","meta":{"_acf_changed":false,"footnotes":""},"class_list":["post-1503","page","type-page","status-publish","hentry"],"acf":[],"yoast_head":"<!-- This site is optimized with the Yoast SEO plugin v26.5 - https:\/\/yoast.com\/wordpress\/plugins\/seo\/ -->\n<title>BetLabel-sovellus \u1409 Lataa sovellus Androidille ja iOS:lle ilmaiseksi<\/title>\n<meta name=\"description\" content=\"Lataa BetLabel-sovellus Androidille ja iOS:lle ja saat t\u00e4yden p\u00e4\u00e4syn urheiluvedonly\u00f6ntiin ja online-kasinopeleihin puhelimellasi. K\u00e4tev\u00e4 APK, nopea kirjautuminen, bonus uusille pelaajille ja ymp\u00e4rivuorokautinen tuki.\" \/>\n<meta name=\"robots\" content=\"index, follow, max-snippet:-1, max-image-preview:large, max-video-preview:-1\" \/>\n<link rel=\"canonical\" href=\"https:\/\/label.bet\/fi\/app\/\" \/>\n<meta property=\"og:locale\" content=\"fi_FI\" \/>\n<meta property=\"og:type\" content=\"article\" \/>\n<meta property=\"og:title\" content=\"BetLabel-sovellus \u1409 Lataa sovellus Androidille ja iOS:lle ilmaiseksi\" \/>\n<meta property=\"og:description\" content=\"Lataa BetLabel-sovellus Androidille ja iOS:lle ja saat t\u00e4yden p\u00e4\u00e4syn urheiluvedonly\u00f6ntiin ja online-kasinopeleihin puhelimellasi. K\u00e4tev\u00e4 APK, nopea kirjautuminen, bonus uusille pelaajille ja ymp\u00e4rivuorokautinen tuki.\" \/>\n<meta property=\"og:url\" content=\"https:\/\/label.bet\/fi\/app\/\" \/>\n<meta property=\"og:site_name\" content=\"Betlabel fi\" \/>\n<meta property=\"article:modified_time\" content=\"2026-02-26T05:45:14+00:00\" \/>\n<meta name=\"twitter:card\" content=\"summary_large_image\" \/>\n<script type=\"application\/ld+json\" class=\"yoast-schema-graph\">{\"@context\":\"https:\/\/schema.org\",\"@graph\":[{\"@type\":\"WebPage\",\"@id\":\"https:\/\/label.bet\/fi\/app\/\",\"url\":\"https:\/\/label.bet\/fi\/app\/\",\"name\":\"BetLabel-sovellus \u1409 Lataa sovellus Androidille ja iOS:lle ilmaiseksi\",\"isPartOf\":{\"@id\":\"https:\/\/label.bet\/fi\/#website\"},\"datePublished\":\"2025-12-23T11:01:33+00:00\",\"dateModified\":\"2026-02-26T05:45:14+00:00\",\"description\":\"Lataa BetLabel-sovellus Androidille ja iOS:lle ja saat t\u00e4yden p\u00e4\u00e4syn urheiluvedonly\u00f6ntiin ja online-kasinopeleihin puhelimellasi. K\u00e4tev\u00e4 APK, nopea kirjautuminen, bonus uusille pelaajille ja ymp\u00e4rivuorokautinen tuki.\",\"inLanguage\":\"fi\",\"potentialAction\":[{\"@type\":\"ReadAction\",\"target\":[\"https:\/\/label.bet\/fi\/app\/\"]}]},{\"@type\":\"WebSite\",\"@id\":\"https:\/\/label.bet\/fi\/#website\",\"url\":\"https:\/\/label.bet\/fi\/\",\"name\":\"Betlabel fi\",\"description\":\"\",\"potentialAction\":[{\"@type\":\"SearchAction\",\"target\":{\"@type\":\"EntryPoint\",\"urlTemplate\":\"https:\/\/label.bet\/fi\/?s={search_term_string}\"},\"query-input\":{\"@type\":\"PropertyValueSpecification\",\"valueRequired\":true,\"valueName\":\"search_term_string\"}}],\"inLanguage\":\"fi\"}]}<\/script>\n<!-- \/ Yoast SEO plugin. -->","yoast_head_json":{"title":"BetLabel-sovellus \u1409 Lataa sovellus Androidille ja iOS:lle ilmaiseksi","description":"Lataa BetLabel-sovellus Androidille ja iOS:lle ja saat t\u00e4yden p\u00e4\u00e4syn urheiluvedonly\u00f6ntiin ja online-kasinopeleihin puhelimellasi. K\u00e4tev\u00e4 APK, nopea kirjautuminen, bonus uusille pelaajille ja ymp\u00e4rivuorokautinen tuki.","robots":{"index":"index","follow":"follow","max-snippet":"max-snippet:-1","max-image-preview":"max-image-preview:large","max-video-preview":"max-video-preview:-1"},"canonical":"https:\/\/label.bet\/fi\/app\/","og_locale":"fi_FI","og_type":"article","og_title":"BetLabel-sovellus \u1409 Lataa sovellus Androidille ja iOS:lle ilmaiseksi","og_description":"Lataa BetLabel-sovellus Androidille ja iOS:lle ja saat t\u00e4yden p\u00e4\u00e4syn urheiluvedonly\u00f6ntiin ja online-kasinopeleihin puhelimellasi. K\u00e4tev\u00e4 APK, nopea kirjautuminen, bonus uusille pelaajille ja ymp\u00e4rivuorokautinen tuki.","og_url":"https:\/\/label.bet\/fi\/app\/","og_site_name":"Betlabel fi","article_modified_time":"2026-02-26T05:45:14+00:00","twitter_card":"summary_large_image","schema":{"@context":"https:\/\/schema.org","@graph":[{"@type":"WebPage","@id":"https:\/\/label.bet\/fi\/app\/","url":"https:\/\/label.bet\/fi\/app\/","name":"BetLabel-sovellus \u1409 Lataa sovellus Androidille ja iOS:lle ilmaiseksi","isPartOf":{"@id":"https:\/\/label.bet\/fi\/#website"},"datePublished":"2025-12-23T11:01:33+00:00","dateModified":"2026-02-26T05:45:14+00:00","description":"Lataa BetLabel-sovellus Androidille ja iOS:lle ja saat t\u00e4yden p\u00e4\u00e4syn urheiluvedonly\u00f6ntiin ja online-kasinopeleihin puhelimellasi. K\u00e4tev\u00e4 APK, nopea kirjautuminen, bonus uusille pelaajille ja ymp\u00e4rivuorokautinen tuki.","inLanguage":"fi","potentialAction":[{"@type":"ReadAction","target":["https:\/\/label.bet\/fi\/app\/"]}]},{"@type":"WebSite","@id":"https:\/\/label.bet\/fi\/#website","url":"https:\/\/label.bet\/fi\/","name":"Betlabel fi","description":"","potentialAction":[{"@type":"SearchAction","target":{"@type":"EntryPoint","urlTemplate":"https:\/\/label.bet\/fi\/?s={search_term_string}"},"query-input":{"@type":"PropertyValueSpecification","valueRequired":true,"valueName":"search_term_string"}}],"inLanguage":"fi"}]}},"_links":{"self":[{"href":"https:\/\/label.bet\/fi\/wp-json\/wp\/v2\/pages\/1503","targetHints":{"allow":["GET"]}}],"collection":[{"href":"https:\/\/label.bet\/fi\/wp-json\/wp\/v2\/pages"}],"about":[{"href":"https:\/\/label.bet\/fi\/wp-json\/wp\/v2\/types\/page"}],"author":[{"embeddable":true,"href":"https:\/\/label.bet\/fi\/wp-json\/wp\/v2\/users\/1"}],"replies":[{"embeddable":true,"href":"https:\/\/label.bet\/fi\/wp-json\/wp\/v2\/comments?post=1503"}],"version-history":[{"count":4,"href":"https:\/\/label.bet\/fi\/wp-json\/wp\/v2\/pages\/1503\/revisions"}],"predecessor-version":[{"id":1938,"href":"https:\/\/label.bet\/fi\/wp-json\/wp\/v2\/pages\/1503\/revisions\/1938"}],"wp:attachment":[{"href":"https:\/\/label.bet\/fi\/wp-json\/wp\/v2\/media?parent=1503"}],"curies":[{"name":"wp","href":"https:\/\/api.w.org\/{rel}","templated":true}]}}