{"id":1597,"date":"2025-12-29T08:54:31","date_gmt":"2025-12-29T05:54:31","guid":{"rendered":"https:\/\/label.bet\/fi\/?page_id=1597"},"modified":"2026-02-26T08:52:14","modified_gmt":"2026-02-26T05:52:14","slug":"apk","status":"publish","type":"page","link":"https:\/\/label.bet\/fi\/apk\/","title":{"rendered":"APK"},"content":{"rendered":"","protected":false},"excerpt":{"rendered":"","protected":false},"author":1,"featured_media":0,"parent":0,"menu_order":0,"comment_status":"closed","ping_status":"closed","template":"","meta":{"_acf_changed":false,"footnotes":""},"class_list":["post-1597","page","type-page","status-publish","hentry"],"acf":[],"yoast_head":"<!-- This site is optimized with the Yoast SEO plugin v26.5 - https:\/\/yoast.com\/wordpress\/plugins\/seo\/ -->\n<title>BetLabel APK \u1409 Lataa virallinen BetLabel Android-sovellus<\/title>\n<meta name=\"description\" content=\"Kuinka ladata ja asentaa BetLabel APK Android-laitteelle. Vedonly\u00f6nnin ja kasinon t\u00e4rkeimm\u00e4t ominaisuudet sek\u00e4 hy\u00f6dyllisi\u00e4 vinkkej\u00e4 virallisen version turvalliseen asentamiseen.\" \/>\n<meta name=\"robots\" content=\"index, follow, max-snippet:-1, max-image-preview:large, max-video-preview:-1\" \/>\n<link rel=\"canonical\" href=\"https:\/\/label.bet\/fi\/apk\/\" \/>\n<meta property=\"og:locale\" content=\"fi_FI\" \/>\n<meta property=\"og:type\" content=\"article\" \/>\n<meta property=\"og:title\" content=\"BetLabel APK \u1409 Lataa virallinen BetLabel Android-sovellus\" \/>\n<meta property=\"og:description\" content=\"Kuinka ladata ja asentaa BetLabel APK Android-laitteelle. Vedonly\u00f6nnin ja kasinon t\u00e4rkeimm\u00e4t ominaisuudet sek\u00e4 hy\u00f6dyllisi\u00e4 vinkkej\u00e4 virallisen version turvalliseen asentamiseen.\" \/>\n<meta property=\"og:url\" content=\"https:\/\/label.bet\/fi\/apk\/\" \/>\n<meta property=\"og:site_name\" content=\"Betlabel fi\" \/>\n<meta property=\"article:modified_time\" content=\"2026-02-26T05:52:14+00:00\" \/>\n<meta name=\"twitter:card\" content=\"summary_large_image\" \/>\n<script type=\"application\/ld+json\" class=\"yoast-schema-graph\">{\"@context\":\"https:\/\/schema.org\",\"@graph\":[{\"@type\":\"WebPage\",\"@id\":\"https:\/\/label.bet\/fi\/apk\/\",\"url\":\"https:\/\/label.bet\/fi\/apk\/\",\"name\":\"BetLabel APK \u1409 Lataa virallinen BetLabel Android-sovellus\",\"isPartOf\":{\"@id\":\"https:\/\/label.bet\/fi\/#website\"},\"datePublished\":\"2025-12-29T05:54:31+00:00\",\"dateModified\":\"2026-02-26T05:52:14+00:00\",\"description\":\"Kuinka ladata ja asentaa BetLabel APK Android-laitteelle. Vedonly\u00f6nnin ja kasinon t\u00e4rkeimm\u00e4t ominaisuudet sek\u00e4 hy\u00f6dyllisi\u00e4 vinkkej\u00e4 virallisen version turvalliseen asentamiseen.\",\"inLanguage\":\"fi\",\"potentialAction\":[{\"@type\":\"ReadAction\",\"target\":[\"https:\/\/label.bet\/fi\/apk\/\"]}]},{\"@type\":\"WebSite\",\"@id\":\"https:\/\/label.bet\/fi\/#website\",\"url\":\"https:\/\/label.bet\/fi\/\",\"name\":\"Betlabel fi\",\"description\":\"\",\"potentialAction\":[{\"@type\":\"SearchAction\",\"target\":{\"@type\":\"EntryPoint\",\"urlTemplate\":\"https:\/\/label.bet\/fi\/?s={search_term_string}\"},\"query-input\":{\"@type\":\"PropertyValueSpecification\",\"valueRequired\":true,\"valueName\":\"search_term_string\"}}],\"inLanguage\":\"fi\"}]}<\/script>\n<!-- \/ Yoast SEO plugin. -->","yoast_head_json":{"title":"BetLabel APK \u1409 Lataa virallinen BetLabel Android-sovellus","description":"Kuinka ladata ja asentaa BetLabel APK Android-laitteelle. Vedonly\u00f6nnin ja kasinon t\u00e4rkeimm\u00e4t ominaisuudet sek\u00e4 hy\u00f6dyllisi\u00e4 vinkkej\u00e4 virallisen version turvalliseen asentamiseen.","robots":{"index":"index","follow":"follow","max-snippet":"max-snippet:-1","max-image-preview":"max-image-preview:large","max-video-preview":"max-video-preview:-1"},"canonical":"https:\/\/label.bet\/fi\/apk\/","og_locale":"fi_FI","og_type":"article","og_title":"BetLabel APK \u1409 Lataa virallinen BetLabel Android-sovellus","og_description":"Kuinka ladata ja asentaa BetLabel APK Android-laitteelle. Vedonly\u00f6nnin ja kasinon t\u00e4rkeimm\u00e4t ominaisuudet sek\u00e4 hy\u00f6dyllisi\u00e4 vinkkej\u00e4 virallisen version turvalliseen asentamiseen.","og_url":"https:\/\/label.bet\/fi\/apk\/","og_site_name":"Betlabel fi","article_modified_time":"2026-02-26T05:52:14+00:00","twitter_card":"summary_large_image","schema":{"@context":"https:\/\/schema.org","@graph":[{"@type":"WebPage","@id":"https:\/\/label.bet\/fi\/apk\/","url":"https:\/\/label.bet\/fi\/apk\/","name":"BetLabel APK \u1409 Lataa virallinen BetLabel Android-sovellus","isPartOf":{"@id":"https:\/\/label.bet\/fi\/#website"},"datePublished":"2025-12-29T05:54:31+00:00","dateModified":"2026-02-26T05:52:14+00:00","description":"Kuinka ladata ja asentaa BetLabel APK Android-laitteelle. Vedonly\u00f6nnin ja kasinon t\u00e4rkeimm\u00e4t ominaisuudet sek\u00e4 hy\u00f6dyllisi\u00e4 vinkkej\u00e4 virallisen version turvalliseen asentamiseen.","inLanguage":"fi","potentialAction":[{"@type":"ReadAction","target":["https:\/\/label.bet\/fi\/apk\/"]}]},{"@type":"WebSite","@id":"https:\/\/label.bet\/fi\/#website","url":"https:\/\/label.bet\/fi\/","name":"Betlabel fi","description":"","potentialAction":[{"@type":"SearchAction","target":{"@type":"EntryPoint","urlTemplate":"https:\/\/label.bet\/fi\/?s={search_term_string}"},"query-input":{"@type":"PropertyValueSpecification","valueRequired":true,"valueName":"search_term_string"}}],"inLanguage":"fi"}]}},"_links":{"self":[{"href":"https:\/\/label.bet\/fi\/wp-json\/wp\/v2\/pages\/1597","targetHints":{"allow":["GET"]}}],"collection":[{"href":"https:\/\/label.bet\/fi\/wp-json\/wp\/v2\/pages"}],"about":[{"href":"https:\/\/label.bet\/fi\/wp-json\/wp\/v2\/types\/page"}],"author":[{"embeddable":true,"href":"https:\/\/label.bet\/fi\/wp-json\/wp\/v2\/users\/1"}],"replies":[{"embeddable":true,"href":"https:\/\/label.bet\/fi\/wp-json\/wp\/v2\/comments?post=1597"}],"version-history":[{"count":5,"href":"https:\/\/label.bet\/fi\/wp-json\/wp\/v2\/pages\/1597\/revisions"}],"predecessor-version":[{"id":1939,"href":"https:\/\/label.bet\/fi\/wp-json\/wp\/v2\/pages\/1597\/revisions\/1939"}],"wp:attachment":[{"href":"https:\/\/label.bet\/fi\/wp-json\/wp\/v2\/media?parent=1597"}],"curies":[{"name":"wp","href":"https:\/\/api.w.org\/{rel}","templated":true}]}}