{"id":1662,"date":"2025-12-31T11:18:43","date_gmt":"2025-12-31T08:18:43","guid":{"rendered":"https:\/\/label.bet\/fi\/?page_id=1662"},"modified":"2026-02-26T18:32:44","modified_gmt":"2026-02-26T15:32:44","slug":"registration","status":"publish","type":"page","link":"https:\/\/label.bet\/fi\/registration\/","title":{"rendered":"Rekister\u00f6ityminen"},"content":{"rendered":"","protected":false},"excerpt":{"rendered":"","protected":false},"author":1,"featured_media":0,"parent":0,"menu_order":0,"comment_status":"closed","ping_status":"closed","template":"","meta":{"_acf_changed":false,"footnotes":""},"class_list":["post-1662","page","type-page","status-publish","hentry"],"acf":[],"yoast_head":"<!-- This site is optimized with the Yoast SEO plugin v26.5 - https:\/\/yoast.com\/wordpress\/plugins\/seo\/ -->\n<title>BetLabel-rekister\u00f6ityminen \u1409 Nopea ja helppo tapa luoda tili<\/title>\n<meta name=\"description\" content=\"Kuinka rekister\u00f6ity\u00e4 BetLabel-sivustolle: vaiheittainen opas tilin luomiseen, rekister\u00f6itymistavan valitsemiseen ja tervetuliaisbonuksen saamiseen vedonly\u00f6nti\u00e4 ja kasinopelej\u00e4 varten.\" \/>\n<meta name=\"robots\" content=\"index, follow, max-snippet:-1, max-image-preview:large, max-video-preview:-1\" \/>\n<link rel=\"canonical\" href=\"https:\/\/label.bet\/fi\/registration\/\" \/>\n<meta property=\"og:locale\" content=\"fi_FI\" \/>\n<meta property=\"og:type\" content=\"article\" \/>\n<meta property=\"og:title\" content=\"BetLabel-rekister\u00f6ityminen \u1409 Nopea ja helppo tapa luoda tili\" \/>\n<meta property=\"og:description\" content=\"Kuinka rekister\u00f6ity\u00e4 BetLabel-sivustolle: vaiheittainen opas tilin luomiseen, rekister\u00f6itymistavan valitsemiseen ja tervetuliaisbonuksen saamiseen vedonly\u00f6nti\u00e4 ja kasinopelej\u00e4 varten.\" \/>\n<meta property=\"og:url\" content=\"https:\/\/label.bet\/fi\/registration\/\" \/>\n<meta property=\"og:site_name\" content=\"Betlabel fi\" \/>\n<meta property=\"article:modified_time\" content=\"2026-02-26T15:32:44+00:00\" \/>\n<meta name=\"twitter:card\" content=\"summary_large_image\" \/>\n<script type=\"application\/ld+json\" class=\"yoast-schema-graph\">{\"@context\":\"https:\/\/schema.org\",\"@graph\":[{\"@type\":\"WebPage\",\"@id\":\"https:\/\/label.bet\/fi\/registration\/\",\"url\":\"https:\/\/label.bet\/fi\/registration\/\",\"name\":\"BetLabel-rekister\u00f6ityminen \u1409 Nopea ja helppo tapa luoda tili\",\"isPartOf\":{\"@id\":\"https:\/\/label.bet\/fi\/#website\"},\"datePublished\":\"2025-12-31T08:18:43+00:00\",\"dateModified\":\"2026-02-26T15:32:44+00:00\",\"description\":\"Kuinka rekister\u00f6ity\u00e4 BetLabel-sivustolle: vaiheittainen opas tilin luomiseen, rekister\u00f6itymistavan valitsemiseen ja tervetuliaisbonuksen saamiseen vedonly\u00f6nti\u00e4 ja kasinopelej\u00e4 varten.\",\"inLanguage\":\"fi\",\"potentialAction\":[{\"@type\":\"ReadAction\",\"target\":[\"https:\/\/label.bet\/fi\/registration\/\"]}]},{\"@type\":\"WebSite\",\"@id\":\"https:\/\/label.bet\/fi\/#website\",\"url\":\"https:\/\/label.bet\/fi\/\",\"name\":\"Betlabel fi\",\"description\":\"\",\"potentialAction\":[{\"@type\":\"SearchAction\",\"target\":{\"@type\":\"EntryPoint\",\"urlTemplate\":\"https:\/\/label.bet\/fi\/?s={search_term_string}\"},\"query-input\":{\"@type\":\"PropertyValueSpecification\",\"valueRequired\":true,\"valueName\":\"search_term_string\"}}],\"inLanguage\":\"fi\"}]}<\/script>\n<!-- \/ Yoast SEO plugin. -->","yoast_head_json":{"title":"BetLabel-rekister\u00f6ityminen \u1409 Nopea ja helppo tapa luoda tili","description":"Kuinka rekister\u00f6ity\u00e4 BetLabel-sivustolle: vaiheittainen opas tilin luomiseen, rekister\u00f6itymistavan valitsemiseen ja tervetuliaisbonuksen saamiseen vedonly\u00f6nti\u00e4 ja kasinopelej\u00e4 varten.","robots":{"index":"index","follow":"follow","max-snippet":"max-snippet:-1","max-image-preview":"max-image-preview:large","max-video-preview":"max-video-preview:-1"},"canonical":"https:\/\/label.bet\/fi\/registration\/","og_locale":"fi_FI","og_type":"article","og_title":"BetLabel-rekister\u00f6ityminen \u1409 Nopea ja helppo tapa luoda tili","og_description":"Kuinka rekister\u00f6ity\u00e4 BetLabel-sivustolle: vaiheittainen opas tilin luomiseen, rekister\u00f6itymistavan valitsemiseen ja tervetuliaisbonuksen saamiseen vedonly\u00f6nti\u00e4 ja kasinopelej\u00e4 varten.","og_url":"https:\/\/label.bet\/fi\/registration\/","og_site_name":"Betlabel fi","article_modified_time":"2026-02-26T15:32:44+00:00","twitter_card":"summary_large_image","schema":{"@context":"https:\/\/schema.org","@graph":[{"@type":"WebPage","@id":"https:\/\/label.bet\/fi\/registration\/","url":"https:\/\/label.bet\/fi\/registration\/","name":"BetLabel-rekister\u00f6ityminen \u1409 Nopea ja helppo tapa luoda tili","isPartOf":{"@id":"https:\/\/label.bet\/fi\/#website"},"datePublished":"2025-12-31T08:18:43+00:00","dateModified":"2026-02-26T15:32:44+00:00","description":"Kuinka rekister\u00f6ity\u00e4 BetLabel-sivustolle: vaiheittainen opas tilin luomiseen, rekister\u00f6itymistavan valitsemiseen ja tervetuliaisbonuksen saamiseen vedonly\u00f6nti\u00e4 ja kasinopelej\u00e4 varten.","inLanguage":"fi","potentialAction":[{"@type":"ReadAction","target":["https:\/\/label.bet\/fi\/registration\/"]}]},{"@type":"WebSite","@id":"https:\/\/label.bet\/fi\/#website","url":"https:\/\/label.bet\/fi\/","name":"Betlabel fi","description":"","potentialAction":[{"@type":"SearchAction","target":{"@type":"EntryPoint","urlTemplate":"https:\/\/label.bet\/fi\/?s={search_term_string}"},"query-input":{"@type":"PropertyValueSpecification","valueRequired":true,"valueName":"search_term_string"}}],"inLanguage":"fi"}]}},"_links":{"self":[{"href":"https:\/\/label.bet\/fi\/wp-json\/wp\/v2\/pages\/1662","targetHints":{"allow":["GET"]}}],"collection":[{"href":"https:\/\/label.bet\/fi\/wp-json\/wp\/v2\/pages"}],"about":[{"href":"https:\/\/label.bet\/fi\/wp-json\/wp\/v2\/types\/page"}],"author":[{"embeddable":true,"href":"https:\/\/label.bet\/fi\/wp-json\/wp\/v2\/users\/1"}],"replies":[{"embeddable":true,"href":"https:\/\/label.bet\/fi\/wp-json\/wp\/v2\/comments?post=1662"}],"version-history":[{"count":5,"href":"https:\/\/label.bet\/fi\/wp-json\/wp\/v2\/pages\/1662\/revisions"}],"predecessor-version":[{"id":1963,"href":"https:\/\/label.bet\/fi\/wp-json\/wp\/v2\/pages\/1662\/revisions\/1963"}],"wp:attachment":[{"href":"https:\/\/label.bet\/fi\/wp-json\/wp\/v2\/media?parent=1662"}],"curies":[{"name":"wp","href":"https:\/\/api.w.org\/{rel}","templated":true}]}}