{"id":1729,"date":"2026-01-22T15:02:05","date_gmt":"2026-01-22T12:02:05","guid":{"rendered":"https:\/\/label.bet\/fi\/?page_id=1729"},"modified":"2026-02-26T19:09:07","modified_gmt":"2026-02-26T16:09:07","slug":"tennis","status":"publish","type":"page","link":"https:\/\/label.bet\/fi\/tennis\/","title":{"rendered":"Tennis"},"content":{"rendered":"","protected":false},"excerpt":{"rendered":"","protected":false},"author":1,"featured_media":0,"parent":0,"menu_order":0,"comment_status":"closed","ping_status":"closed","template":"","meta":{"_acf_changed":false,"footnotes":""},"class_list":["post-1729","page","type-page","status-publish","hentry"],"acf":[],"yoast_head":"<!-- This site is optimized with the Yoast SEO plugin v26.5 - https:\/\/yoast.com\/wordpress\/plugins\/seo\/ -->\n<title>BetLabel Tennis \u26a1\ufe0f Vedonly\u00f6ntikertoimet, ennusteet turnauksille<\/title>\n<meta name=\"description\" content=\"Tenniksen vedonly\u00f6nti BetLabelissa! Tee ennusteita ATP-, WTA- ja Grand Slam -turnauksista, hanki korkeat kertoimet ja voita. Luotettava vedonv\u00e4litt\u00e4j\u00e4, joka keskittyy urheiluun, odottaa sinua.\" \/>\n<meta name=\"robots\" content=\"index, follow, max-snippet:-1, max-image-preview:large, max-video-preview:-1\" \/>\n<link rel=\"canonical\" href=\"https:\/\/label.bet\/fi\/tennis\/\" \/>\n<meta property=\"og:locale\" content=\"fi_FI\" \/>\n<meta property=\"og:type\" content=\"article\" \/>\n<meta property=\"og:title\" content=\"BetLabel Tennis \u26a1\ufe0f Vedonly\u00f6ntikertoimet, ennusteet turnauksille\" \/>\n<meta property=\"og:description\" content=\"Tenniksen vedonly\u00f6nti BetLabelissa! Tee ennusteita ATP-, WTA- ja Grand Slam -turnauksista, hanki korkeat kertoimet ja voita. Luotettava vedonv\u00e4litt\u00e4j\u00e4, joka keskittyy urheiluun, odottaa sinua.\" \/>\n<meta property=\"og:url\" content=\"https:\/\/label.bet\/fi\/tennis\/\" \/>\n<meta property=\"og:site_name\" content=\"Betlabel fi\" \/>\n<meta property=\"article:modified_time\" content=\"2026-02-26T16:09:07+00:00\" \/>\n<meta name=\"twitter:card\" content=\"summary_large_image\" \/>\n<script type=\"application\/ld+json\" class=\"yoast-schema-graph\">{\"@context\":\"https:\/\/schema.org\",\"@graph\":[{\"@type\":\"WebPage\",\"@id\":\"https:\/\/label.bet\/fi\/tennis\/\",\"url\":\"https:\/\/label.bet\/fi\/tennis\/\",\"name\":\"BetLabel Tennis \u26a1\ufe0f Vedonly\u00f6ntikertoimet, ennusteet turnauksille\",\"isPartOf\":{\"@id\":\"https:\/\/label.bet\/fi\/#website\"},\"datePublished\":\"2026-01-22T12:02:05+00:00\",\"dateModified\":\"2026-02-26T16:09:07+00:00\",\"description\":\"Tenniksen vedonly\u00f6nti BetLabelissa! Tee ennusteita ATP-, WTA- ja Grand Slam -turnauksista, hanki korkeat kertoimet ja voita. Luotettava vedonv\u00e4litt\u00e4j\u00e4, joka keskittyy urheiluun, odottaa sinua.\",\"inLanguage\":\"fi\",\"potentialAction\":[{\"@type\":\"ReadAction\",\"target\":[\"https:\/\/label.bet\/fi\/tennis\/\"]}]},{\"@type\":\"WebSite\",\"@id\":\"https:\/\/label.bet\/fi\/#website\",\"url\":\"https:\/\/label.bet\/fi\/\",\"name\":\"Betlabel fi\",\"description\":\"\",\"potentialAction\":[{\"@type\":\"SearchAction\",\"target\":{\"@type\":\"EntryPoint\",\"urlTemplate\":\"https:\/\/label.bet\/fi\/?s={search_term_string}\"},\"query-input\":{\"@type\":\"PropertyValueSpecification\",\"valueRequired\":true,\"valueName\":\"search_term_string\"}}],\"inLanguage\":\"fi\"}]}<\/script>\n<!-- \/ Yoast SEO plugin. -->","yoast_head_json":{"title":"BetLabel Tennis \u26a1\ufe0f Vedonly\u00f6ntikertoimet, ennusteet turnauksille","description":"Tenniksen vedonly\u00f6nti BetLabelissa! Tee ennusteita ATP-, WTA- ja Grand Slam -turnauksista, hanki korkeat kertoimet ja voita. Luotettava vedonv\u00e4litt\u00e4j\u00e4, joka keskittyy urheiluun, odottaa sinua.","robots":{"index":"index","follow":"follow","max-snippet":"max-snippet:-1","max-image-preview":"max-image-preview:large","max-video-preview":"max-video-preview:-1"},"canonical":"https:\/\/label.bet\/fi\/tennis\/","og_locale":"fi_FI","og_type":"article","og_title":"BetLabel Tennis \u26a1\ufe0f Vedonly\u00f6ntikertoimet, ennusteet turnauksille","og_description":"Tenniksen vedonly\u00f6nti BetLabelissa! Tee ennusteita ATP-, WTA- ja Grand Slam -turnauksista, hanki korkeat kertoimet ja voita. Luotettava vedonv\u00e4litt\u00e4j\u00e4, joka keskittyy urheiluun, odottaa sinua.","og_url":"https:\/\/label.bet\/fi\/tennis\/","og_site_name":"Betlabel fi","article_modified_time":"2026-02-26T16:09:07+00:00","twitter_card":"summary_large_image","schema":{"@context":"https:\/\/schema.org","@graph":[{"@type":"WebPage","@id":"https:\/\/label.bet\/fi\/tennis\/","url":"https:\/\/label.bet\/fi\/tennis\/","name":"BetLabel Tennis \u26a1\ufe0f Vedonly\u00f6ntikertoimet, ennusteet turnauksille","isPartOf":{"@id":"https:\/\/label.bet\/fi\/#website"},"datePublished":"2026-01-22T12:02:05+00:00","dateModified":"2026-02-26T16:09:07+00:00","description":"Tenniksen vedonly\u00f6nti BetLabelissa! Tee ennusteita ATP-, WTA- ja Grand Slam -turnauksista, hanki korkeat kertoimet ja voita. Luotettava vedonv\u00e4litt\u00e4j\u00e4, joka keskittyy urheiluun, odottaa sinua.","inLanguage":"fi","potentialAction":[{"@type":"ReadAction","target":["https:\/\/label.bet\/fi\/tennis\/"]}]},{"@type":"WebSite","@id":"https:\/\/label.bet\/fi\/#website","url":"https:\/\/label.bet\/fi\/","name":"Betlabel fi","description":"","potentialAction":[{"@type":"SearchAction","target":{"@type":"EntryPoint","urlTemplate":"https:\/\/label.bet\/fi\/?s={search_term_string}"},"query-input":{"@type":"PropertyValueSpecification","valueRequired":true,"valueName":"search_term_string"}}],"inLanguage":"fi"}]}},"_links":{"self":[{"href":"https:\/\/label.bet\/fi\/wp-json\/wp\/v2\/pages\/1729","targetHints":{"allow":["GET"]}}],"collection":[{"href":"https:\/\/label.bet\/fi\/wp-json\/wp\/v2\/pages"}],"about":[{"href":"https:\/\/label.bet\/fi\/wp-json\/wp\/v2\/types\/page"}],"author":[{"embeddable":true,"href":"https:\/\/label.bet\/fi\/wp-json\/wp\/v2\/users\/1"}],"replies":[{"embeddable":true,"href":"https:\/\/label.bet\/fi\/wp-json\/wp\/v2\/comments?post=1729"}],"version-history":[{"count":4,"href":"https:\/\/label.bet\/fi\/wp-json\/wp\/v2\/pages\/1729\/revisions"}],"predecessor-version":[{"id":1969,"href":"https:\/\/label.bet\/fi\/wp-json\/wp\/v2\/pages\/1729\/revisions\/1969"}],"wp:attachment":[{"href":"https:\/\/label.bet\/fi\/wp-json\/wp\/v2\/media?parent=1729"}],"curies":[{"name":"wp","href":"https:\/\/api.w.org\/{rel}","templated":true}]}}