{"id":1743,"date":"2026-01-22T17:36:57","date_gmt":"2026-01-22T14:36:57","guid":{"rendered":"https:\/\/label.bet\/fi\/?page_id=1743"},"modified":"2026-02-26T19:22:36","modified_gmt":"2026-02-26T16:22:36","slug":"volleyball","status":"publish","type":"page","link":"https:\/\/label.bet\/fi\/volleyball\/","title":{"rendered":"Lentopallo"},"content":{"rendered":"","protected":false},"excerpt":{"rendered":"","protected":false},"author":1,"featured_media":0,"parent":0,"menu_order":0,"comment_status":"closed","ping_status":"closed","template":"","meta":{"_acf_changed":false,"footnotes":""},"class_list":["post-1743","page","type-page","status-publish","hentry"],"acf":[],"yoast_head":"<!-- This site is optimized with the Yoast SEO plugin v26.5 - https:\/\/yoast.com\/wordpress\/plugins\/seo\/ -->\n<title>BetLabel Lentopallo \u1409 Korkeat kertoimet ja bonukset<\/title>\n<meta name=\"description\" content=\"Ly\u00f6 vetoa lentopallosta BetLabelin kanssa! Korkeat kertoimet, monipuolinen valikoima liigoja ja turnauksia sek\u00e4 ainutlaatuiset bonukset takaavat j\u00e4nnitt\u00e4v\u00e4n vedonly\u00f6ntikokemuksen. Liity mukaan ja ala voittaa jo t\u00e4n\u00e4\u00e4n!\" \/>\n<meta name=\"robots\" content=\"index, follow, max-snippet:-1, max-image-preview:large, max-video-preview:-1\" \/>\n<link rel=\"canonical\" href=\"https:\/\/label.bet\/fi\/volleyball\/\" \/>\n<meta property=\"og:locale\" content=\"fi_FI\" \/>\n<meta property=\"og:type\" content=\"article\" \/>\n<meta property=\"og:title\" content=\"BetLabel Lentopallo \u1409 Korkeat kertoimet ja bonukset\" \/>\n<meta property=\"og:description\" content=\"Ly\u00f6 vetoa lentopallosta BetLabelin kanssa! Korkeat kertoimet, monipuolinen valikoima liigoja ja turnauksia sek\u00e4 ainutlaatuiset bonukset takaavat j\u00e4nnitt\u00e4v\u00e4n vedonly\u00f6ntikokemuksen. Liity mukaan ja ala voittaa jo t\u00e4n\u00e4\u00e4n!\" \/>\n<meta property=\"og:url\" content=\"https:\/\/label.bet\/fi\/volleyball\/\" \/>\n<meta property=\"og:site_name\" content=\"Betlabel fi\" \/>\n<meta property=\"article:modified_time\" content=\"2026-02-26T16:22:36+00:00\" \/>\n<meta name=\"twitter:card\" content=\"summary_large_image\" \/>\n<script type=\"application\/ld+json\" class=\"yoast-schema-graph\">{\"@context\":\"https:\/\/schema.org\",\"@graph\":[{\"@type\":\"WebPage\",\"@id\":\"https:\/\/label.bet\/fi\/volleyball\/\",\"url\":\"https:\/\/label.bet\/fi\/volleyball\/\",\"name\":\"BetLabel Lentopallo \u1409 Korkeat kertoimet ja bonukset\",\"isPartOf\":{\"@id\":\"https:\/\/label.bet\/fi\/#website\"},\"datePublished\":\"2026-01-22T14:36:57+00:00\",\"dateModified\":\"2026-02-26T16:22:36+00:00\",\"description\":\"Ly\u00f6 vetoa lentopallosta BetLabelin kanssa! Korkeat kertoimet, monipuolinen valikoima liigoja ja turnauksia sek\u00e4 ainutlaatuiset bonukset takaavat j\u00e4nnitt\u00e4v\u00e4n vedonly\u00f6ntikokemuksen. Liity mukaan ja ala voittaa jo t\u00e4n\u00e4\u00e4n!\",\"inLanguage\":\"fi\",\"potentialAction\":[{\"@type\":\"ReadAction\",\"target\":[\"https:\/\/label.bet\/fi\/volleyball\/\"]}]},{\"@type\":\"WebSite\",\"@id\":\"https:\/\/label.bet\/fi\/#website\",\"url\":\"https:\/\/label.bet\/fi\/\",\"name\":\"Betlabel fi\",\"description\":\"\",\"potentialAction\":[{\"@type\":\"SearchAction\",\"target\":{\"@type\":\"EntryPoint\",\"urlTemplate\":\"https:\/\/label.bet\/fi\/?s={search_term_string}\"},\"query-input\":{\"@type\":\"PropertyValueSpecification\",\"valueRequired\":true,\"valueName\":\"search_term_string\"}}],\"inLanguage\":\"fi\"}]}<\/script>\n<!-- \/ Yoast SEO plugin. -->","yoast_head_json":{"title":"BetLabel Lentopallo \u1409 Korkeat kertoimet ja bonukset","description":"Ly\u00f6 vetoa lentopallosta BetLabelin kanssa! Korkeat kertoimet, monipuolinen valikoima liigoja ja turnauksia sek\u00e4 ainutlaatuiset bonukset takaavat j\u00e4nnitt\u00e4v\u00e4n vedonly\u00f6ntikokemuksen. Liity mukaan ja ala voittaa jo t\u00e4n\u00e4\u00e4n!","robots":{"index":"index","follow":"follow","max-snippet":"max-snippet:-1","max-image-preview":"max-image-preview:large","max-video-preview":"max-video-preview:-1"},"canonical":"https:\/\/label.bet\/fi\/volleyball\/","og_locale":"fi_FI","og_type":"article","og_title":"BetLabel Lentopallo \u1409 Korkeat kertoimet ja bonukset","og_description":"Ly\u00f6 vetoa lentopallosta BetLabelin kanssa! Korkeat kertoimet, monipuolinen valikoima liigoja ja turnauksia sek\u00e4 ainutlaatuiset bonukset takaavat j\u00e4nnitt\u00e4v\u00e4n vedonly\u00f6ntikokemuksen. Liity mukaan ja ala voittaa jo t\u00e4n\u00e4\u00e4n!","og_url":"https:\/\/label.bet\/fi\/volleyball\/","og_site_name":"Betlabel fi","article_modified_time":"2026-02-26T16:22:36+00:00","twitter_card":"summary_large_image","schema":{"@context":"https:\/\/schema.org","@graph":[{"@type":"WebPage","@id":"https:\/\/label.bet\/fi\/volleyball\/","url":"https:\/\/label.bet\/fi\/volleyball\/","name":"BetLabel Lentopallo \u1409 Korkeat kertoimet ja bonukset","isPartOf":{"@id":"https:\/\/label.bet\/fi\/#website"},"datePublished":"2026-01-22T14:36:57+00:00","dateModified":"2026-02-26T16:22:36+00:00","description":"Ly\u00f6 vetoa lentopallosta BetLabelin kanssa! Korkeat kertoimet, monipuolinen valikoima liigoja ja turnauksia sek\u00e4 ainutlaatuiset bonukset takaavat j\u00e4nnitt\u00e4v\u00e4n vedonly\u00f6ntikokemuksen. Liity mukaan ja ala voittaa jo t\u00e4n\u00e4\u00e4n!","inLanguage":"fi","potentialAction":[{"@type":"ReadAction","target":["https:\/\/label.bet\/fi\/volleyball\/"]}]},{"@type":"WebSite","@id":"https:\/\/label.bet\/fi\/#website","url":"https:\/\/label.bet\/fi\/","name":"Betlabel fi","description":"","potentialAction":[{"@type":"SearchAction","target":{"@type":"EntryPoint","urlTemplate":"https:\/\/label.bet\/fi\/?s={search_term_string}"},"query-input":{"@type":"PropertyValueSpecification","valueRequired":true,"valueName":"search_term_string"}}],"inLanguage":"fi"}]}},"_links":{"self":[{"href":"https:\/\/label.bet\/fi\/wp-json\/wp\/v2\/pages\/1743","targetHints":{"allow":["GET"]}}],"collection":[{"href":"https:\/\/label.bet\/fi\/wp-json\/wp\/v2\/pages"}],"about":[{"href":"https:\/\/label.bet\/fi\/wp-json\/wp\/v2\/types\/page"}],"author":[{"embeddable":true,"href":"https:\/\/label.bet\/fi\/wp-json\/wp\/v2\/users\/1"}],"replies":[{"embeddable":true,"href":"https:\/\/label.bet\/fi\/wp-json\/wp\/v2\/comments?post=1743"}],"version-history":[{"count":5,"href":"https:\/\/label.bet\/fi\/wp-json\/wp\/v2\/pages\/1743\/revisions"}],"predecessor-version":[{"id":1972,"href":"https:\/\/label.bet\/fi\/wp-json\/wp\/v2\/pages\/1743\/revisions\/1972"}],"wp:attachment":[{"href":"https:\/\/label.bet\/fi\/wp-json\/wp\/v2\/media?parent=1743"}],"curies":[{"name":"wp","href":"https:\/\/api.w.org\/{rel}","templated":true}]}}