{"id":1750,"date":"2026-01-22T18:15:40","date_gmt":"2026-01-22T15:15:40","guid":{"rendered":"https:\/\/label.bet\/fi\/?page_id=1750"},"modified":"2026-02-26T20:16:28","modified_gmt":"2026-02-26T17:16:28","slug":"esports","status":"publish","type":"page","link":"https:\/\/label.bet\/fi\/esports\/","title":{"rendered":"Urheilu"},"content":{"rendered":"","protected":false},"excerpt":{"rendered":"","protected":false},"author":1,"featured_media":0,"parent":0,"menu_order":0,"comment_status":"closed","ping_status":"closed","template":"","meta":{"_acf_changed":false,"footnotes":""},"class_list":["post-1750","page","type-page","status-publish","hentry"],"acf":[],"yoast_head":"<!-- This site is optimized with the Yoast SEO plugin v26.5 - https:\/\/yoast.com\/wordpress\/plugins\/seo\/ -->\n<title>Urheilu BetLabel \u2714\ufe0f Vedonly\u00f6nti ja kertoimet<\/title>\n<meta name=\"description\" content=\"Ly\u00f6 vetoa e-urheilusta BetLabeliss\u00e4! Tee ennusteita Dota 2-, CS2- ja LoL-turnauksista, hanki korkeat kertoimet ja voita. T\u00e4ysimittainen e-urheilun vedonly\u00f6ntiyhti\u00f6 odottaa sinua.\" \/>\n<meta name=\"robots\" content=\"index, follow, max-snippet:-1, max-image-preview:large, max-video-preview:-1\" \/>\n<link rel=\"canonical\" href=\"https:\/\/label.bet\/fi\/esports\/\" \/>\n<meta property=\"og:locale\" content=\"fi_FI\" \/>\n<meta property=\"og:type\" content=\"article\" \/>\n<meta property=\"og:title\" content=\"Urheilu BetLabel \u2714\ufe0f Vedonly\u00f6nti ja kertoimet\" \/>\n<meta property=\"og:description\" content=\"Ly\u00f6 vetoa e-urheilusta BetLabeliss\u00e4! Tee ennusteita Dota 2-, CS2- ja LoL-turnauksista, hanki korkeat kertoimet ja voita. T\u00e4ysimittainen e-urheilun vedonly\u00f6ntiyhti\u00f6 odottaa sinua.\" \/>\n<meta property=\"og:url\" content=\"https:\/\/label.bet\/fi\/esports\/\" \/>\n<meta property=\"og:site_name\" content=\"Betlabel fi\" \/>\n<meta property=\"article:modified_time\" content=\"2026-02-26T17:16:28+00:00\" \/>\n<meta name=\"twitter:card\" content=\"summary_large_image\" \/>\n<script type=\"application\/ld+json\" class=\"yoast-schema-graph\">{\"@context\":\"https:\/\/schema.org\",\"@graph\":[{\"@type\":\"WebPage\",\"@id\":\"https:\/\/label.bet\/fi\/esports\/\",\"url\":\"https:\/\/label.bet\/fi\/esports\/\",\"name\":\"Urheilu BetLabel \u2714\ufe0f Vedonly\u00f6nti ja kertoimet\",\"isPartOf\":{\"@id\":\"https:\/\/label.bet\/fi\/#website\"},\"datePublished\":\"2026-01-22T15:15:40+00:00\",\"dateModified\":\"2026-02-26T17:16:28+00:00\",\"description\":\"Ly\u00f6 vetoa e-urheilusta BetLabeliss\u00e4! Tee ennusteita Dota 2-, CS2- ja LoL-turnauksista, hanki korkeat kertoimet ja voita. T\u00e4ysimittainen e-urheilun vedonly\u00f6ntiyhti\u00f6 odottaa sinua.\",\"inLanguage\":\"fi\",\"potentialAction\":[{\"@type\":\"ReadAction\",\"target\":[\"https:\/\/label.bet\/fi\/esports\/\"]}]},{\"@type\":\"WebSite\",\"@id\":\"https:\/\/label.bet\/fi\/#website\",\"url\":\"https:\/\/label.bet\/fi\/\",\"name\":\"Betlabel fi\",\"description\":\"\",\"potentialAction\":[{\"@type\":\"SearchAction\",\"target\":{\"@type\":\"EntryPoint\",\"urlTemplate\":\"https:\/\/label.bet\/fi\/?s={search_term_string}\"},\"query-input\":{\"@type\":\"PropertyValueSpecification\",\"valueRequired\":true,\"valueName\":\"search_term_string\"}}],\"inLanguage\":\"fi\"}]}<\/script>\n<!-- \/ Yoast SEO plugin. -->","yoast_head_json":{"title":"Urheilu BetLabel \u2714\ufe0f Vedonly\u00f6nti ja kertoimet","description":"Ly\u00f6 vetoa e-urheilusta BetLabeliss\u00e4! Tee ennusteita Dota 2-, CS2- ja LoL-turnauksista, hanki korkeat kertoimet ja voita. T\u00e4ysimittainen e-urheilun vedonly\u00f6ntiyhti\u00f6 odottaa sinua.","robots":{"index":"index","follow":"follow","max-snippet":"max-snippet:-1","max-image-preview":"max-image-preview:large","max-video-preview":"max-video-preview:-1"},"canonical":"https:\/\/label.bet\/fi\/esports\/","og_locale":"fi_FI","og_type":"article","og_title":"Urheilu BetLabel \u2714\ufe0f Vedonly\u00f6nti ja kertoimet","og_description":"Ly\u00f6 vetoa e-urheilusta BetLabeliss\u00e4! Tee ennusteita Dota 2-, CS2- ja LoL-turnauksista, hanki korkeat kertoimet ja voita. T\u00e4ysimittainen e-urheilun vedonly\u00f6ntiyhti\u00f6 odottaa sinua.","og_url":"https:\/\/label.bet\/fi\/esports\/","og_site_name":"Betlabel fi","article_modified_time":"2026-02-26T17:16:28+00:00","twitter_card":"summary_large_image","schema":{"@context":"https:\/\/schema.org","@graph":[{"@type":"WebPage","@id":"https:\/\/label.bet\/fi\/esports\/","url":"https:\/\/label.bet\/fi\/esports\/","name":"Urheilu BetLabel \u2714\ufe0f Vedonly\u00f6nti ja kertoimet","isPartOf":{"@id":"https:\/\/label.bet\/fi\/#website"},"datePublished":"2026-01-22T15:15:40+00:00","dateModified":"2026-02-26T17:16:28+00:00","description":"Ly\u00f6 vetoa e-urheilusta BetLabeliss\u00e4! Tee ennusteita Dota 2-, CS2- ja LoL-turnauksista, hanki korkeat kertoimet ja voita. T\u00e4ysimittainen e-urheilun vedonly\u00f6ntiyhti\u00f6 odottaa sinua.","inLanguage":"fi","potentialAction":[{"@type":"ReadAction","target":["https:\/\/label.bet\/fi\/esports\/"]}]},{"@type":"WebSite","@id":"https:\/\/label.bet\/fi\/#website","url":"https:\/\/label.bet\/fi\/","name":"Betlabel fi","description":"","potentialAction":[{"@type":"SearchAction","target":{"@type":"EntryPoint","urlTemplate":"https:\/\/label.bet\/fi\/?s={search_term_string}"},"query-input":{"@type":"PropertyValueSpecification","valueRequired":true,"valueName":"search_term_string"}}],"inLanguage":"fi"}]}},"_links":{"self":[{"href":"https:\/\/label.bet\/fi\/wp-json\/wp\/v2\/pages\/1750","targetHints":{"allow":["GET"]}}],"collection":[{"href":"https:\/\/label.bet\/fi\/wp-json\/wp\/v2\/pages"}],"about":[{"href":"https:\/\/label.bet\/fi\/wp-json\/wp\/v2\/types\/page"}],"author":[{"embeddable":true,"href":"https:\/\/label.bet\/fi\/wp-json\/wp\/v2\/users\/1"}],"replies":[{"embeddable":true,"href":"https:\/\/label.bet\/fi\/wp-json\/wp\/v2\/comments?post=1750"}],"version-history":[{"count":5,"href":"https:\/\/label.bet\/fi\/wp-json\/wp\/v2\/pages\/1750\/revisions"}],"predecessor-version":[{"id":1947,"href":"https:\/\/label.bet\/fi\/wp-json\/wp\/v2\/pages\/1750\/revisions\/1947"}],"wp:attachment":[{"href":"https:\/\/label.bet\/fi\/wp-json\/wp\/v2\/media?parent=1750"}],"curies":[{"name":"wp","href":"https:\/\/api.w.org\/{rel}","templated":true}]}}