{"id":1086,"date":"2025-11-15T16:52:15","date_gmt":"2025-11-15T13:52:15","guid":{"rendered":"https:\/\/label.bet\/fr\/?page_id=1086"},"modified":"2026-03-28T14:04:26","modified_gmt":"2026-03-28T11:04:26","slug":"home","status":"publish","type":"page","link":"https:\/\/label.bet\/fr\/","title":{"rendered":"Accueil"},"content":{"rendered":"","protected":false},"excerpt":{"rendered":"","protected":false},"author":1,"featured_media":0,"parent":0,"menu_order":0,"comment_status":"closed","ping_status":"closed","template":"","meta":{"_acf_changed":false,"footnotes":""},"class_list":["post-1086","page","type-page","status-publish","hentry"],"acf":[],"yoast_head":"<!-- This site is optimized with the Yoast SEO plugin v26.5 - https:\/\/yoast.com\/wordpress\/plugins\/seo\/ -->\n<title>Sports et meilleures cotes \u2014 Bet Label \u2014 mai 2026<\/title>\n<meta name=\"description\" content=\"Betlabel propose des paris sportifs sur les principales ligues et les \u00e9v\u00e9nements internationaux, avec des cotes comp\u00e9titives, une large couverture des march\u00e9s, un placement rapide des paris et une exp\u00e9rience fluide pour les parieurs assidus.\" \/>\n<meta name=\"robots\" content=\"index, follow, max-snippet:-1, max-image-preview:large, max-video-preview:-1\" \/>\n<meta property=\"og:locale\" content=\"fr_FR\" \/>\n<meta property=\"og:type\" content=\"article\" \/>\n<meta property=\"og:title\" content=\"Sports et meilleures cotes \u2014 Bet Label \u2014 mai 2026\" \/>\n<meta property=\"og:description\" content=\"Betlabel propose des paris sportifs sur les principales ligues et les \u00e9v\u00e9nements internationaux, avec des cotes comp\u00e9titives, une large couverture des march\u00e9s, un placement rapide des paris et une exp\u00e9rience fluide pour les parieurs assidus.\" \/>\n<meta property=\"og:url\" content=\"https:\/\/label.bet\/fr\/\" \/>\n<meta property=\"og:site_name\" content=\"Betlabel fr\" \/>\n<meta property=\"article:modified_time\" content=\"2026-03-28T11:04:26+00:00\" \/>\n<meta name=\"twitter:card\" content=\"summary_large_image\" \/>\n<script type=\"application\/ld+json\" class=\"yoast-schema-graph\">{\"@context\":\"https:\/\/schema.org\",\"@graph\":[{\"@type\":\"WebPage\",\"@id\":\"https:\/\/label.bet\/fr\/\",\"url\":\"https:\/\/label.bet\/fr\/\",\"name\":\"Sports et meilleures cotes \u2014 Bet Label \u2014 mai 2026\",\"isPartOf\":{\"@id\":\"https:\/\/label.bet\/fr\/#website\"},\"datePublished\":\"2025-11-15T13:52:15+00:00\",\"dateModified\":\"2026-03-28T11:04:26+00:00\",\"description\":\"Betlabel propose des paris sportifs sur les principales ligues et les \u00e9v\u00e9nements internationaux, avec des cotes comp\u00e9titives, une large couverture des march\u00e9s, un placement rapide des paris et une exp\u00e9rience fluide pour les parieurs assidus.\",\"inLanguage\":\"fr-FR\",\"potentialAction\":[{\"@type\":\"ReadAction\",\"target\":[\"https:\/\/label.bet\/fr\/\"]}]},{\"@type\":\"WebSite\",\"@id\":\"https:\/\/label.bet\/fr\/#website\",\"url\":\"https:\/\/label.bet\/fr\/\",\"name\":\"Betlabel fr\",\"description\":\"\",\"potentialAction\":[{\"@type\":\"SearchAction\",\"target\":{\"@type\":\"EntryPoint\",\"urlTemplate\":\"https:\/\/label.bet\/fr\/?s={search_term_string}\"},\"query-input\":{\"@type\":\"PropertyValueSpecification\",\"valueRequired\":true,\"valueName\":\"search_term_string\"}}],\"inLanguage\":\"fr-FR\"}]}<\/script>\n<!-- \/ Yoast SEO plugin. -->","yoast_head_json":{"title":"Sports et meilleures cotes \u2014 Bet Label \u2014 mai 2026","description":"Betlabel propose des paris sportifs sur les principales ligues et les \u00e9v\u00e9nements internationaux, avec des cotes comp\u00e9titives, une large couverture des march\u00e9s, un placement rapide des paris et une exp\u00e9rience fluide pour les parieurs assidus.","robots":{"index":"index","follow":"follow","max-snippet":"max-snippet:-1","max-image-preview":"max-image-preview:large","max-video-preview":"max-video-preview:-1"},"og_locale":"fr_FR","og_type":"article","og_title":"Sports et meilleures cotes \u2014 Bet Label \u2014 mai 2026","og_description":"Betlabel propose des paris sportifs sur les principales ligues et les \u00e9v\u00e9nements internationaux, avec des cotes comp\u00e9titives, une large couverture des march\u00e9s, un placement rapide des paris et une exp\u00e9rience fluide pour les parieurs assidus.","og_url":"https:\/\/label.bet\/fr\/","og_site_name":"Betlabel fr","article_modified_time":"2026-03-28T11:04:26+00:00","twitter_card":"summary_large_image","schema":{"@context":"https:\/\/schema.org","@graph":[{"@type":"WebPage","@id":"https:\/\/label.bet\/fr\/","url":"https:\/\/label.bet\/fr\/","name":"Sports et meilleures cotes \u2014 Bet Label \u2014 mai 2026","isPartOf":{"@id":"https:\/\/label.bet\/fr\/#website"},"datePublished":"2025-11-15T13:52:15+00:00","dateModified":"2026-03-28T11:04:26+00:00","description":"Betlabel propose des paris sportifs sur les principales ligues et les \u00e9v\u00e9nements internationaux, avec des cotes comp\u00e9titives, une large couverture des march\u00e9s, un placement rapide des paris et une exp\u00e9rience fluide pour les parieurs assidus.","inLanguage":"fr-FR","potentialAction":[{"@type":"ReadAction","target":["https:\/\/label.bet\/fr\/"]}]},{"@type":"WebSite","@id":"https:\/\/label.bet\/fr\/#website","url":"https:\/\/label.bet\/fr\/","name":"Betlabel fr","description":"","potentialAction":[{"@type":"SearchAction","target":{"@type":"EntryPoint","urlTemplate":"https:\/\/label.bet\/fr\/?s={search_term_string}"},"query-input":{"@type":"PropertyValueSpecification","valueRequired":true,"valueName":"search_term_string"}}],"inLanguage":"fr-FR"}]}},"_links":{"self":[{"href":"https:\/\/label.bet\/fr\/wp-json\/wp\/v2\/pages\/1086","targetHints":{"allow":["GET"]}}],"collection":[{"href":"https:\/\/label.bet\/fr\/wp-json\/wp\/v2\/pages"}],"about":[{"href":"https:\/\/label.bet\/fr\/wp-json\/wp\/v2\/types\/page"}],"author":[{"embeddable":true,"href":"https:\/\/label.bet\/fr\/wp-json\/wp\/v2\/users\/1"}],"replies":[{"embeddable":true,"href":"https:\/\/label.bet\/fr\/wp-json\/wp\/v2\/comments?post=1086"}],"version-history":[{"count":5,"href":"https:\/\/label.bet\/fr\/wp-json\/wp\/v2\/pages\/1086\/revisions"}],"predecessor-version":[{"id":2130,"href":"https:\/\/label.bet\/fr\/wp-json\/wp\/v2\/pages\/1086\/revisions\/2130"}],"wp:attachment":[{"href":"https:\/\/label.bet\/fr\/wp-json\/wp\/v2\/media?parent=1086"}],"curies":[{"name":"wp","href":"https:\/\/api.w.org\/{rel}","templated":true}]}}