{"id":1503,"date":"2025-12-23T14:01:33","date_gmt":"2025-12-23T11:01:33","guid":{"rendered":"https:\/\/label.bet\/fr\/?page_id=1503"},"modified":"2026-03-19T14:31:34","modified_gmt":"2026-03-19T11:31:34","slug":"app","status":"publish","type":"page","link":"https:\/\/label.bet\/fr\/app\/","title":{"rendered":"Application"},"content":{"rendered":"","protected":false},"excerpt":{"rendered":"","protected":false},"author":1,"featured_media":0,"parent":0,"menu_order":0,"comment_status":"closed","ping_status":"closed","template":"","meta":{"_acf_changed":false,"footnotes":""},"class_list":["post-1503","page","type-page","status-publish","hentry"],"acf":[],"yoast_head":"<!-- This site is optimized with the Yoast SEO plugin v26.5 - https:\/\/yoast.com\/wordpress\/plugins\/seo\/ -->\n<title>Application BetLabel \u1409 T\u00e9l\u00e9chargement gratuit pour Android et iOS<\/title>\n<meta name=\"description\" content=\"T\u00e9l\u00e9chargez l&#039;application BetLabel pour Android et iOS et profitez d&#039;un acc\u00e8s complet aux paris sportifs et aux jeux de casino en ligne depuis votre t\u00e9l\u00e9phone. Fichier APK pratique, connexion rapide, bonus pour les nouveaux joueurs et assistance 24 heures sur 24.\" \/>\n<meta name=\"robots\" content=\"index, follow, max-snippet:-1, max-image-preview:large, max-video-preview:-1\" \/>\n<meta property=\"og:locale\" content=\"fr_FR\" \/>\n<meta property=\"og:type\" content=\"article\" \/>\n<meta property=\"og:title\" content=\"Application BetLabel \u1409 T\u00e9l\u00e9chargement gratuit pour Android et iOS\" \/>\n<meta property=\"og:description\" content=\"T\u00e9l\u00e9chargez l&#039;application BetLabel pour Android et iOS et profitez d&#039;un acc\u00e8s complet aux paris sportifs et aux jeux de casino en ligne depuis votre t\u00e9l\u00e9phone. Fichier APK pratique, connexion rapide, bonus pour les nouveaux joueurs et assistance 24 heures sur 24.\" \/>\n<meta property=\"og:url\" content=\"https:\/\/label.bet\/fr\/app\/\" \/>\n<meta property=\"og:site_name\" content=\"Betlabel fr\" \/>\n<meta property=\"article:modified_time\" content=\"2026-03-19T11:31:34+00:00\" \/>\n<meta name=\"twitter:card\" content=\"summary_large_image\" \/>\n<script type=\"application\/ld+json\" class=\"yoast-schema-graph\">{\"@context\":\"https:\/\/schema.org\",\"@graph\":[{\"@type\":\"WebPage\",\"@id\":\"https:\/\/label.bet\/fr\/app\/\",\"url\":\"https:\/\/label.bet\/fr\/app\/\",\"name\":\"Application BetLabel \u1409 T\u00e9l\u00e9chargement gratuit pour Android et iOS\",\"isPartOf\":{\"@id\":\"https:\/\/label.bet\/fr\/#website\"},\"datePublished\":\"2025-12-23T11:01:33+00:00\",\"dateModified\":\"2026-03-19T11:31:34+00:00\",\"description\":\"T\u00e9l\u00e9chargez l'application BetLabel pour Android et iOS et profitez d'un acc\u00e8s complet aux paris sportifs et aux jeux de casino en ligne depuis votre t\u00e9l\u00e9phone. Fichier APK pratique, connexion rapide, bonus pour les nouveaux joueurs et assistance 24 heures sur 24.\",\"inLanguage\":\"fr-FR\",\"potentialAction\":[{\"@type\":\"ReadAction\",\"target\":[\"https:\/\/label.bet\/fr\/app\/\"]}]},{\"@type\":\"WebSite\",\"@id\":\"https:\/\/label.bet\/fr\/#website\",\"url\":\"https:\/\/label.bet\/fr\/\",\"name\":\"Betlabel fr\",\"description\":\"\",\"potentialAction\":[{\"@type\":\"SearchAction\",\"target\":{\"@type\":\"EntryPoint\",\"urlTemplate\":\"https:\/\/label.bet\/fr\/?s={search_term_string}\"},\"query-input\":{\"@type\":\"PropertyValueSpecification\",\"valueRequired\":true,\"valueName\":\"search_term_string\"}}],\"inLanguage\":\"fr-FR\"}]}<\/script>\n<!-- \/ Yoast SEO plugin. -->","yoast_head_json":{"title":"Application BetLabel \u1409 T\u00e9l\u00e9chargement gratuit pour Android et iOS","description":"T\u00e9l\u00e9chargez l'application BetLabel pour Android et iOS et profitez d'un acc\u00e8s complet aux paris sportifs et aux jeux de casino en ligne depuis votre t\u00e9l\u00e9phone. Fichier APK pratique, connexion rapide, bonus pour les nouveaux joueurs et assistance 24 heures sur 24.","robots":{"index":"index","follow":"follow","max-snippet":"max-snippet:-1","max-image-preview":"max-image-preview:large","max-video-preview":"max-video-preview:-1"},"og_locale":"fr_FR","og_type":"article","og_title":"Application BetLabel \u1409 T\u00e9l\u00e9chargement gratuit pour Android et iOS","og_description":"T\u00e9l\u00e9chargez l'application BetLabel pour Android et iOS et profitez d'un acc\u00e8s complet aux paris sportifs et aux jeux de casino en ligne depuis votre t\u00e9l\u00e9phone. Fichier APK pratique, connexion rapide, bonus pour les nouveaux joueurs et assistance 24 heures sur 24.","og_url":"https:\/\/label.bet\/fr\/app\/","og_site_name":"Betlabel fr","article_modified_time":"2026-03-19T11:31:34+00:00","twitter_card":"summary_large_image","schema":{"@context":"https:\/\/schema.org","@graph":[{"@type":"WebPage","@id":"https:\/\/label.bet\/fr\/app\/","url":"https:\/\/label.bet\/fr\/app\/","name":"Application BetLabel \u1409 T\u00e9l\u00e9chargement gratuit pour Android et iOS","isPartOf":{"@id":"https:\/\/label.bet\/fr\/#website"},"datePublished":"2025-12-23T11:01:33+00:00","dateModified":"2026-03-19T11:31:34+00:00","description":"T\u00e9l\u00e9chargez l'application BetLabel pour Android et iOS et profitez d'un acc\u00e8s complet aux paris sportifs et aux jeux de casino en ligne depuis votre t\u00e9l\u00e9phone. Fichier APK pratique, connexion rapide, bonus pour les nouveaux joueurs et assistance 24 heures sur 24.","inLanguage":"fr-FR","potentialAction":[{"@type":"ReadAction","target":["https:\/\/label.bet\/fr\/app\/"]}]},{"@type":"WebSite","@id":"https:\/\/label.bet\/fr\/#website","url":"https:\/\/label.bet\/fr\/","name":"Betlabel fr","description":"","potentialAction":[{"@type":"SearchAction","target":{"@type":"EntryPoint","urlTemplate":"https:\/\/label.bet\/fr\/?s={search_term_string}"},"query-input":{"@type":"PropertyValueSpecification","valueRequired":true,"valueName":"search_term_string"}}],"inLanguage":"fr-FR"}]}},"_links":{"self":[{"href":"https:\/\/label.bet\/fr\/wp-json\/wp\/v2\/pages\/1503","targetHints":{"allow":["GET"]}}],"collection":[{"href":"https:\/\/label.bet\/fr\/wp-json\/wp\/v2\/pages"}],"about":[{"href":"https:\/\/label.bet\/fr\/wp-json\/wp\/v2\/types\/page"}],"author":[{"embeddable":true,"href":"https:\/\/label.bet\/fr\/wp-json\/wp\/v2\/users\/1"}],"replies":[{"embeddable":true,"href":"https:\/\/label.bet\/fr\/wp-json\/wp\/v2\/comments?post=1503"}],"version-history":[{"count":5,"href":"https:\/\/label.bet\/fr\/wp-json\/wp\/v2\/pages\/1503\/revisions"}],"predecessor-version":[{"id":2086,"href":"https:\/\/label.bet\/fr\/wp-json\/wp\/v2\/pages\/1503\/revisions\/2086"}],"wp:attachment":[{"href":"https:\/\/label.bet\/fr\/wp-json\/wp\/v2\/media?parent=1503"}],"curies":[{"name":"wp","href":"https:\/\/api.w.org\/{rel}","templated":true}]}}