{"id":1679,"date":"2026-01-02T15:08:59","date_gmt":"2026-01-02T12:08:59","guid":{"rendered":"https:\/\/label.bet\/fr\/?page_id=1679"},"modified":"2026-03-19T13:51:11","modified_gmt":"2026-03-19T10:51:11","slug":"partners","status":"publish","type":"page","link":"https:\/\/label.bet\/fr\/partners\/","title":{"rendered":"Partenaire"},"content":{"rendered":"","protected":false},"excerpt":{"rendered":"","protected":false},"author":1,"featured_media":0,"parent":0,"menu_order":0,"comment_status":"closed","ping_status":"closed","template":"","meta":{"_acf_changed":false,"footnotes":""},"class_list":["post-1679","page","type-page","status-publish","hentry"],"acf":[],"yoast_head":"<!-- This site is optimized with the Yoast SEO plugin v26.5 - https:\/\/yoast.com\/wordpress\/plugins\/seo\/ -->\n<title>Partenaires BetLabel - Programme d&#039;affiliation | CPA et partage des revenus<\/title>\n<meta name=\"description\" content=\"Programme d&#039;affiliation BetLabel Partners \u2014 Partage des revenus (RevShare) jusqu&#039;\u00e0 50 % \u00e0 vie, CPA jusqu&#039;\u00e0 200 \u20ac et mod\u00e8les hybrides. Paiements hebdomadaires \u00e0 partir de 50 \u20ac, tous types de trafic accept\u00e9s, gestionnaire personnel et pas de report n\u00e9gatif. Inscrivez-vous d\u00e8s maintenant !\" \/>\n<meta name=\"robots\" content=\"index, follow, max-snippet:-1, max-image-preview:large, max-video-preview:-1\" \/>\n<meta property=\"og:locale\" content=\"fr_FR\" \/>\n<meta property=\"og:type\" content=\"article\" \/>\n<meta property=\"og:title\" content=\"Partenaires BetLabel - Programme d&#039;affiliation | CPA et partage des revenus\" \/>\n<meta property=\"og:description\" content=\"Programme d&#039;affiliation BetLabel Partners \u2014 Partage des revenus (RevShare) jusqu&#039;\u00e0 50 % \u00e0 vie, CPA jusqu&#039;\u00e0 200 \u20ac et mod\u00e8les hybrides. Paiements hebdomadaires \u00e0 partir de 50 \u20ac, tous types de trafic accept\u00e9s, gestionnaire personnel et pas de report n\u00e9gatif. Inscrivez-vous d\u00e8s maintenant !\" \/>\n<meta property=\"og:url\" content=\"https:\/\/label.bet\/fr\/partners\/\" \/>\n<meta property=\"og:site_name\" content=\"Betlabel fr\" \/>\n<meta property=\"article:modified_time\" content=\"2026-03-19T10:51:11+00:00\" \/>\n<meta name=\"twitter:card\" content=\"summary_large_image\" \/>\n<script type=\"application\/ld+json\" class=\"yoast-schema-graph\">{\"@context\":\"https:\/\/schema.org\",\"@graph\":[{\"@type\":\"WebPage\",\"@id\":\"https:\/\/label.bet\/fr\/partners\/\",\"url\":\"https:\/\/label.bet\/fr\/partners\/\",\"name\":\"Partenaires BetLabel - Programme d'affiliation | CPA et partage des revenus\",\"isPartOf\":{\"@id\":\"https:\/\/label.bet\/fr\/#website\"},\"datePublished\":\"2026-01-02T12:08:59+00:00\",\"dateModified\":\"2026-03-19T10:51:11+00:00\",\"description\":\"Programme d'affiliation BetLabel Partners \u2014 Partage des revenus (RevShare) jusqu'\u00e0 50 % \u00e0 vie, CPA jusqu'\u00e0 200 \u20ac et mod\u00e8les hybrides. Paiements hebdomadaires \u00e0 partir de 50 \u20ac, tous types de trafic accept\u00e9s, gestionnaire personnel et pas de report n\u00e9gatif. Inscrivez-vous d\u00e8s maintenant !\",\"inLanguage\":\"fr-FR\",\"potentialAction\":[{\"@type\":\"ReadAction\",\"target\":[\"https:\/\/label.bet\/fr\/partners\/\"]}]},{\"@type\":\"WebSite\",\"@id\":\"https:\/\/label.bet\/fr\/#website\",\"url\":\"https:\/\/label.bet\/fr\/\",\"name\":\"Betlabel fr\",\"description\":\"\",\"potentialAction\":[{\"@type\":\"SearchAction\",\"target\":{\"@type\":\"EntryPoint\",\"urlTemplate\":\"https:\/\/label.bet\/fr\/?s={search_term_string}\"},\"query-input\":{\"@type\":\"PropertyValueSpecification\",\"valueRequired\":true,\"valueName\":\"search_term_string\"}}],\"inLanguage\":\"fr-FR\"}]}<\/script>\n<!-- \/ Yoast SEO plugin. -->","yoast_head_json":{"title":"Partenaires BetLabel - Programme d'affiliation | CPA et partage des revenus","description":"Programme d'affiliation BetLabel Partners \u2014 Partage des revenus (RevShare) jusqu'\u00e0 50 % \u00e0 vie, CPA jusqu'\u00e0 200 \u20ac et mod\u00e8les hybrides. Paiements hebdomadaires \u00e0 partir de 50 \u20ac, tous types de trafic accept\u00e9s, gestionnaire personnel et pas de report n\u00e9gatif. Inscrivez-vous d\u00e8s maintenant !","robots":{"index":"index","follow":"follow","max-snippet":"max-snippet:-1","max-image-preview":"max-image-preview:large","max-video-preview":"max-video-preview:-1"},"og_locale":"fr_FR","og_type":"article","og_title":"Partenaires BetLabel - Programme d'affiliation | CPA et partage des revenus","og_description":"Programme d'affiliation BetLabel Partners \u2014 Partage des revenus (RevShare) jusqu'\u00e0 50 % \u00e0 vie, CPA jusqu'\u00e0 200 \u20ac et mod\u00e8les hybrides. Paiements hebdomadaires \u00e0 partir de 50 \u20ac, tous types de trafic accept\u00e9s, gestionnaire personnel et pas de report n\u00e9gatif. Inscrivez-vous d\u00e8s maintenant !","og_url":"https:\/\/label.bet\/fr\/partners\/","og_site_name":"Betlabel fr","article_modified_time":"2026-03-19T10:51:11+00:00","twitter_card":"summary_large_image","schema":{"@context":"https:\/\/schema.org","@graph":[{"@type":"WebPage","@id":"https:\/\/label.bet\/fr\/partners\/","url":"https:\/\/label.bet\/fr\/partners\/","name":"Partenaires BetLabel - Programme d'affiliation | CPA et partage des revenus","isPartOf":{"@id":"https:\/\/label.bet\/fr\/#website"},"datePublished":"2026-01-02T12:08:59+00:00","dateModified":"2026-03-19T10:51:11+00:00","description":"Programme d'affiliation BetLabel Partners \u2014 Partage des revenus (RevShare) jusqu'\u00e0 50 % \u00e0 vie, CPA jusqu'\u00e0 200 \u20ac et mod\u00e8les hybrides. Paiements hebdomadaires \u00e0 partir de 50 \u20ac, tous types de trafic accept\u00e9s, gestionnaire personnel et pas de report n\u00e9gatif. Inscrivez-vous d\u00e8s maintenant !","inLanguage":"fr-FR","potentialAction":[{"@type":"ReadAction","target":["https:\/\/label.bet\/fr\/partners\/"]}]},{"@type":"WebSite","@id":"https:\/\/label.bet\/fr\/#website","url":"https:\/\/label.bet\/fr\/","name":"Betlabel fr","description":"","potentialAction":[{"@type":"SearchAction","target":{"@type":"EntryPoint","urlTemplate":"https:\/\/label.bet\/fr\/?s={search_term_string}"},"query-input":{"@type":"PropertyValueSpecification","valueRequired":true,"valueName":"search_term_string"}}],"inLanguage":"fr-FR"}]}},"_links":{"self":[{"href":"https:\/\/label.bet\/fr\/wp-json\/wp\/v2\/pages\/1679","targetHints":{"allow":["GET"]}}],"collection":[{"href":"https:\/\/label.bet\/fr\/wp-json\/wp\/v2\/pages"}],"about":[{"href":"https:\/\/label.bet\/fr\/wp-json\/wp\/v2\/types\/page"}],"author":[{"embeddable":true,"href":"https:\/\/label.bet\/fr\/wp-json\/wp\/v2\/users\/1"}],"replies":[{"embeddable":true,"href":"https:\/\/label.bet\/fr\/wp-json\/wp\/v2\/comments?post=1679"}],"version-history":[{"count":5,"href":"https:\/\/label.bet\/fr\/wp-json\/wp\/v2\/pages\/1679\/revisions"}],"predecessor-version":[{"id":2083,"href":"https:\/\/label.bet\/fr\/wp-json\/wp\/v2\/pages\/1679\/revisions\/2083"}],"wp:attachment":[{"href":"https:\/\/label.bet\/fr\/wp-json\/wp\/v2\/media?parent=1679"}],"curies":[{"name":"wp","href":"https:\/\/api.w.org\/{rel}","templated":true}]}}