{"id":1713,"date":"2026-01-22T12:31:04","date_gmt":"2026-01-22T09:31:04","guid":{"rendered":"https:\/\/label.bet\/fr\/?page_id=1713"},"modified":"2026-03-20T00:31:21","modified_gmt":"2026-03-19T21:31:21","slug":"sport-betting","status":"publish","type":"page","link":"https:\/\/label.bet\/fr\/sport-betting\/","title":{"rendered":"Sport"},"content":{"rendered":"","protected":false},"excerpt":{"rendered":"","protected":false},"author":1,"featured_media":0,"parent":0,"menu_order":0,"comment_status":"closed","ping_status":"closed","template":"","meta":{"_acf_changed":false,"footnotes":""},"class_list":["post-1713","page","type-page","status-publish","hentry"],"acf":[],"yoast_head":"<!-- This site is optimized with the Yoast SEO plugin v26.5 - https:\/\/yoast.com\/wordpress\/plugins\/seo\/ -->\n<title>Paris sportifs BetLabel \u26a1\ufe0f Faites vos pronostics sur les matchs phares<\/title>\n<meta name=\"description\" content=\"BetLabel est un service pratique pour les paris sportifs \u2611\ufe0f : jouez, faites des pronostics pr\u00e9cis sur les matchs phares et vivez chaque \u00e9v\u00e9nement avec encore plus d&#039;enthousiasme.\" \/>\n<meta name=\"robots\" content=\"index, follow, max-snippet:-1, max-image-preview:large, max-video-preview:-1\" \/>\n<meta property=\"og:locale\" content=\"fr_FR\" \/>\n<meta property=\"og:type\" content=\"article\" \/>\n<meta property=\"og:title\" content=\"Paris sportifs BetLabel \u26a1\ufe0f Faites vos pronostics sur les matchs phares\" \/>\n<meta property=\"og:description\" content=\"BetLabel est un service pratique pour les paris sportifs \u2611\ufe0f : jouez, faites des pronostics pr\u00e9cis sur les matchs phares et vivez chaque \u00e9v\u00e9nement avec encore plus d&#039;enthousiasme.\" \/>\n<meta property=\"og:url\" content=\"https:\/\/label.bet\/fr\/sport-betting\/\" \/>\n<meta property=\"og:site_name\" content=\"Betlabel fr\" \/>\n<meta property=\"article:modified_time\" content=\"2026-03-19T21:31:21+00:00\" \/>\n<meta name=\"twitter:card\" content=\"summary_large_image\" \/>\n<script type=\"application\/ld+json\" class=\"yoast-schema-graph\">{\"@context\":\"https:\/\/schema.org\",\"@graph\":[{\"@type\":\"WebPage\",\"@id\":\"https:\/\/label.bet\/fr\/sport-betting\/\",\"url\":\"https:\/\/label.bet\/fr\/sport-betting\/\",\"name\":\"Paris sportifs BetLabel \u26a1\ufe0f Faites vos pronostics sur les matchs phares\",\"isPartOf\":{\"@id\":\"https:\/\/label.bet\/fr\/#website\"},\"datePublished\":\"2026-01-22T09:31:04+00:00\",\"dateModified\":\"2026-03-19T21:31:21+00:00\",\"description\":\"BetLabel est un service pratique pour les paris sportifs \u2611\ufe0f : jouez, faites des pronostics pr\u00e9cis sur les matchs phares et vivez chaque \u00e9v\u00e9nement avec encore plus d'enthousiasme.\",\"inLanguage\":\"fr-FR\",\"potentialAction\":[{\"@type\":\"ReadAction\",\"target\":[\"https:\/\/label.bet\/fr\/sport-betting\/\"]}]},{\"@type\":\"WebSite\",\"@id\":\"https:\/\/label.bet\/fr\/#website\",\"url\":\"https:\/\/label.bet\/fr\/\",\"name\":\"Betlabel fr\",\"description\":\"\",\"potentialAction\":[{\"@type\":\"SearchAction\",\"target\":{\"@type\":\"EntryPoint\",\"urlTemplate\":\"https:\/\/label.bet\/fr\/?s={search_term_string}\"},\"query-input\":{\"@type\":\"PropertyValueSpecification\",\"valueRequired\":true,\"valueName\":\"search_term_string\"}}],\"inLanguage\":\"fr-FR\"}]}<\/script>\n<!-- \/ Yoast SEO plugin. -->","yoast_head_json":{"title":"Paris sportifs BetLabel \u26a1\ufe0f Faites vos pronostics sur les matchs phares","description":"BetLabel est un service pratique pour les paris sportifs \u2611\ufe0f : jouez, faites des pronostics pr\u00e9cis sur les matchs phares et vivez chaque \u00e9v\u00e9nement avec encore plus d'enthousiasme.","robots":{"index":"index","follow":"follow","max-snippet":"max-snippet:-1","max-image-preview":"max-image-preview:large","max-video-preview":"max-video-preview:-1"},"og_locale":"fr_FR","og_type":"article","og_title":"Paris sportifs BetLabel \u26a1\ufe0f Faites vos pronostics sur les matchs phares","og_description":"BetLabel est un service pratique pour les paris sportifs \u2611\ufe0f : jouez, faites des pronostics pr\u00e9cis sur les matchs phares et vivez chaque \u00e9v\u00e9nement avec encore plus d'enthousiasme.","og_url":"https:\/\/label.bet\/fr\/sport-betting\/","og_site_name":"Betlabel fr","article_modified_time":"2026-03-19T21:31:21+00:00","twitter_card":"summary_large_image","schema":{"@context":"https:\/\/schema.org","@graph":[{"@type":"WebPage","@id":"https:\/\/label.bet\/fr\/sport-betting\/","url":"https:\/\/label.bet\/fr\/sport-betting\/","name":"Paris sportifs BetLabel \u26a1\ufe0f Faites vos pronostics sur les matchs phares","isPartOf":{"@id":"https:\/\/label.bet\/fr\/#website"},"datePublished":"2026-01-22T09:31:04+00:00","dateModified":"2026-03-19T21:31:21+00:00","description":"BetLabel est un service pratique pour les paris sportifs \u2611\ufe0f : jouez, faites des pronostics pr\u00e9cis sur les matchs phares et vivez chaque \u00e9v\u00e9nement avec encore plus d'enthousiasme.","inLanguage":"fr-FR","potentialAction":[{"@type":"ReadAction","target":["https:\/\/label.bet\/fr\/sport-betting\/"]}]},{"@type":"WebSite","@id":"https:\/\/label.bet\/fr\/#website","url":"https:\/\/label.bet\/fr\/","name":"Betlabel fr","description":"","potentialAction":[{"@type":"SearchAction","target":{"@type":"EntryPoint","urlTemplate":"https:\/\/label.bet\/fr\/?s={search_term_string}"},"query-input":{"@type":"PropertyValueSpecification","valueRequired":true,"valueName":"search_term_string"}}],"inLanguage":"fr-FR"}]}},"_links":{"self":[{"href":"https:\/\/label.bet\/fr\/wp-json\/wp\/v2\/pages\/1713","targetHints":{"allow":["GET"]}}],"collection":[{"href":"https:\/\/label.bet\/fr\/wp-json\/wp\/v2\/pages"}],"about":[{"href":"https:\/\/label.bet\/fr\/wp-json\/wp\/v2\/types\/page"}],"author":[{"embeddable":true,"href":"https:\/\/label.bet\/fr\/wp-json\/wp\/v2\/users\/1"}],"replies":[{"embeddable":true,"href":"https:\/\/label.bet\/fr\/wp-json\/wp\/v2\/comments?post=1713"}],"version-history":[{"count":4,"href":"https:\/\/label.bet\/fr\/wp-json\/wp\/v2\/pages\/1713\/revisions"}],"predecessor-version":[{"id":2115,"href":"https:\/\/label.bet\/fr\/wp-json\/wp\/v2\/pages\/1713\/revisions\/2115"}],"wp:attachment":[{"href":"https:\/\/label.bet\/fr\/wp-json\/wp\/v2\/media?parent=1713"}],"curies":[{"name":"wp","href":"https:\/\/api.w.org\/{rel}","templated":true}]}}