{"id":1794,"date":"2026-01-23T13:55:38","date_gmt":"2026-01-23T10:55:38","guid":{"rendered":"https:\/\/label.bet\/fr\/?page_id=1794"},"modified":"2026-03-19T17:36:36","modified_gmt":"2026-03-19T14:36:36","slug":"chicken-road","status":"publish","type":"page","link":"https:\/\/label.bet\/fr\/chicken-road\/","title":{"rendered":"Chicken Road"},"content":{"rendered":"","protected":false},"excerpt":{"rendered":"","protected":false},"author":1,"featured_media":0,"parent":0,"menu_order":0,"comment_status":"closed","ping_status":"closed","template":"","meta":{"_acf_changed":false,"footnotes":""},"class_list":["post-1794","page","type-page","status-publish","hentry"],"acf":[],"yoast_head":"<!-- This site is optimized with the Yoast SEO plugin v26.5 - https:\/\/yoast.com\/wordpress\/plugins\/seo\/ -->\n<title>Jouez \u00e0 Chicken Road sur BetLabel \u2714\ufe0f Jeu de type \u00ab crash \u00bb avec un RTP \u00e9lev\u00e9<\/title>\n<meta name=\"description\" content=\"Chicken Road sur BetLabel Casino \ud83d\udcbb est un jeu de crash dynamique offrant un taux de retour au joueur (RTP) \u00e9lev\u00e9. Placez votre mise, regardez le multiplicateur grimper et empochez vos gains avant qu&#039;il ne soit trop tard. Id\u00e9al pour des parties rapides et palpitantes.\" \/>\n<meta name=\"robots\" content=\"index, follow, max-snippet:-1, max-image-preview:large, max-video-preview:-1\" \/>\n<meta property=\"og:locale\" content=\"fr_FR\" \/>\n<meta property=\"og:type\" content=\"article\" \/>\n<meta property=\"og:title\" content=\"Jouez \u00e0 Chicken Road sur BetLabel \u2714\ufe0f Jeu de type \u00ab crash \u00bb avec un RTP \u00e9lev\u00e9\" \/>\n<meta property=\"og:description\" content=\"Chicken Road sur BetLabel Casino \ud83d\udcbb est un jeu de crash dynamique offrant un taux de retour au joueur (RTP) \u00e9lev\u00e9. Placez votre mise, regardez le multiplicateur grimper et empochez vos gains avant qu&#039;il ne soit trop tard. Id\u00e9al pour des parties rapides et palpitantes.\" \/>\n<meta property=\"og:url\" content=\"https:\/\/label.bet\/fr\/chicken-road\/\" \/>\n<meta property=\"og:site_name\" content=\"Betlabel fr\" \/>\n<meta property=\"article:modified_time\" content=\"2026-03-19T14:36:36+00:00\" \/>\n<meta name=\"twitter:card\" content=\"summary_large_image\" \/>\n<script type=\"application\/ld+json\" class=\"yoast-schema-graph\">{\"@context\":\"https:\/\/schema.org\",\"@graph\":[{\"@type\":\"WebPage\",\"@id\":\"https:\/\/label.bet\/fr\/chicken-road\/\",\"url\":\"https:\/\/label.bet\/fr\/chicken-road\/\",\"name\":\"Jouez \u00e0 Chicken Road sur BetLabel \u2714\ufe0f Jeu de type \u00ab crash \u00bb avec un RTP \u00e9lev\u00e9\",\"isPartOf\":{\"@id\":\"https:\/\/label.bet\/fr\/#website\"},\"datePublished\":\"2026-01-23T10:55:38+00:00\",\"dateModified\":\"2026-03-19T14:36:36+00:00\",\"description\":\"Chicken Road sur BetLabel Casino \ud83d\udcbb est un jeu de crash dynamique offrant un taux de retour au joueur (RTP) \u00e9lev\u00e9. Placez votre mise, regardez le multiplicateur grimper et empochez vos gains avant qu'il ne soit trop tard. Id\u00e9al pour des parties rapides et palpitantes.\",\"inLanguage\":\"fr-FR\",\"potentialAction\":[{\"@type\":\"ReadAction\",\"target\":[\"https:\/\/label.bet\/fr\/chicken-road\/\"]}]},{\"@type\":\"WebSite\",\"@id\":\"https:\/\/label.bet\/fr\/#website\",\"url\":\"https:\/\/label.bet\/fr\/\",\"name\":\"Betlabel fr\",\"description\":\"\",\"potentialAction\":[{\"@type\":\"SearchAction\",\"target\":{\"@type\":\"EntryPoint\",\"urlTemplate\":\"https:\/\/label.bet\/fr\/?s={search_term_string}\"},\"query-input\":{\"@type\":\"PropertyValueSpecification\",\"valueRequired\":true,\"valueName\":\"search_term_string\"}}],\"inLanguage\":\"fr-FR\"}]}<\/script>\n<!-- \/ Yoast SEO plugin. -->","yoast_head_json":{"title":"Jouez \u00e0 Chicken Road sur BetLabel \u2714\ufe0f Jeu de type \u00ab crash \u00bb avec un RTP \u00e9lev\u00e9","description":"Chicken Road sur BetLabel Casino \ud83d\udcbb est un jeu de crash dynamique offrant un taux de retour au joueur (RTP) \u00e9lev\u00e9. Placez votre mise, regardez le multiplicateur grimper et empochez vos gains avant qu'il ne soit trop tard. Id\u00e9al pour des parties rapides et palpitantes.","robots":{"index":"index","follow":"follow","max-snippet":"max-snippet:-1","max-image-preview":"max-image-preview:large","max-video-preview":"max-video-preview:-1"},"og_locale":"fr_FR","og_type":"article","og_title":"Jouez \u00e0 Chicken Road sur BetLabel \u2714\ufe0f Jeu de type \u00ab crash \u00bb avec un RTP \u00e9lev\u00e9","og_description":"Chicken Road sur BetLabel Casino \ud83d\udcbb est un jeu de crash dynamique offrant un taux de retour au joueur (RTP) \u00e9lev\u00e9. Placez votre mise, regardez le multiplicateur grimper et empochez vos gains avant qu'il ne soit trop tard. Id\u00e9al pour des parties rapides et palpitantes.","og_url":"https:\/\/label.bet\/fr\/chicken-road\/","og_site_name":"Betlabel fr","article_modified_time":"2026-03-19T14:36:36+00:00","twitter_card":"summary_large_image","schema":{"@context":"https:\/\/schema.org","@graph":[{"@type":"WebPage","@id":"https:\/\/label.bet\/fr\/chicken-road\/","url":"https:\/\/label.bet\/fr\/chicken-road\/","name":"Jouez \u00e0 Chicken Road sur BetLabel \u2714\ufe0f Jeu de type \u00ab crash \u00bb avec un RTP \u00e9lev\u00e9","isPartOf":{"@id":"https:\/\/label.bet\/fr\/#website"},"datePublished":"2026-01-23T10:55:38+00:00","dateModified":"2026-03-19T14:36:36+00:00","description":"Chicken Road sur BetLabel Casino \ud83d\udcbb est un jeu de crash dynamique offrant un taux de retour au joueur (RTP) \u00e9lev\u00e9. Placez votre mise, regardez le multiplicateur grimper et empochez vos gains avant qu'il ne soit trop tard. Id\u00e9al pour des parties rapides et palpitantes.","inLanguage":"fr-FR","potentialAction":[{"@type":"ReadAction","target":["https:\/\/label.bet\/fr\/chicken-road\/"]}]},{"@type":"WebSite","@id":"https:\/\/label.bet\/fr\/#website","url":"https:\/\/label.bet\/fr\/","name":"Betlabel fr","description":"","potentialAction":[{"@type":"SearchAction","target":{"@type":"EntryPoint","urlTemplate":"https:\/\/label.bet\/fr\/?s={search_term_string}"},"query-input":{"@type":"PropertyValueSpecification","valueRequired":true,"valueName":"search_term_string"}}],"inLanguage":"fr-FR"}]}},"_links":{"self":[{"href":"https:\/\/label.bet\/fr\/wp-json\/wp\/v2\/pages\/1794","targetHints":{"allow":["GET"]}}],"collection":[{"href":"https:\/\/label.bet\/fr\/wp-json\/wp\/v2\/pages"}],"about":[{"href":"https:\/\/label.bet\/fr\/wp-json\/wp\/v2\/types\/page"}],"author":[{"embeddable":true,"href":"https:\/\/label.bet\/fr\/wp-json\/wp\/v2\/users\/1"}],"replies":[{"embeddable":true,"href":"https:\/\/label.bet\/fr\/wp-json\/wp\/v2\/comments?post=1794"}],"version-history":[{"count":5,"href":"https:\/\/label.bet\/fr\/wp-json\/wp\/v2\/pages\/1794\/revisions"}],"predecessor-version":[{"id":2094,"href":"https:\/\/label.bet\/fr\/wp-json\/wp\/v2\/pages\/1794\/revisions\/2094"}],"wp:attachment":[{"href":"https:\/\/label.bet\/fr\/wp-json\/wp\/v2\/media?parent=1794"}],"curies":[{"name":"wp","href":"https:\/\/api.w.org\/{rel}","templated":true}]}}