{"id":1802,"date":"2026-01-23T14:35:42","date_gmt":"2026-01-23T11:35:42","guid":{"rendered":"https:\/\/label.bet\/fr\/?page_id=1802"},"modified":"2026-03-20T00:18:07","modified_gmt":"2026-03-19T21:18:07","slug":"plinko","status":"publish","type":"page","link":"https:\/\/label.bet\/fr\/plinko\/","title":{"rendered":"Plinko"},"content":{"rendered":"","protected":false},"excerpt":{"rendered":"","protected":false},"author":1,"featured_media":0,"parent":0,"menu_order":0,"comment_status":"closed","ping_status":"closed","template":"","meta":{"_acf_changed":false,"footnotes":""},"class_list":["post-1802","page","type-page","status-publish","hentry"],"acf":[],"yoast_head":"<!-- This site is optimized with the Yoast SEO plugin v26.5 - https:\/\/yoast.com\/wordpress\/plugins\/seo\/ -->\n<title>Plinko sur BetLabel Casino \u27a4 Un jeu simple avec des multiplicateurs<\/title>\n<meta name=\"description\" content=\"Plinko sur BetLabel \u2714\ufe0f est un jeu rapide et simple \u00e0 comprendre, avec des boules qui tombent et des multiplicateurs. Mises minimales, gestion des risques, parties courtes et possibilit\u00e9 de jouer facilement depuis votre PC ou votre t\u00e9l\u00e9phone.\" \/>\n<meta name=\"robots\" content=\"index, follow, max-snippet:-1, max-image-preview:large, max-video-preview:-1\" \/>\n<meta property=\"og:locale\" content=\"fr_FR\" \/>\n<meta property=\"og:type\" content=\"article\" \/>\n<meta property=\"og:title\" content=\"Plinko sur BetLabel Casino \u27a4 Un jeu simple avec des multiplicateurs\" \/>\n<meta property=\"og:description\" content=\"Plinko sur BetLabel \u2714\ufe0f est un jeu rapide et simple \u00e0 comprendre, avec des boules qui tombent et des multiplicateurs. Mises minimales, gestion des risques, parties courtes et possibilit\u00e9 de jouer facilement depuis votre PC ou votre t\u00e9l\u00e9phone.\" \/>\n<meta property=\"og:url\" content=\"https:\/\/label.bet\/fr\/plinko\/\" \/>\n<meta property=\"og:site_name\" content=\"Betlabel fr\" \/>\n<meta property=\"article:modified_time\" content=\"2026-03-19T21:18:07+00:00\" \/>\n<meta name=\"twitter:card\" content=\"summary_large_image\" \/>\n<script type=\"application\/ld+json\" class=\"yoast-schema-graph\">{\"@context\":\"https:\/\/schema.org\",\"@graph\":[{\"@type\":\"WebPage\",\"@id\":\"https:\/\/label.bet\/fr\/plinko\/\",\"url\":\"https:\/\/label.bet\/fr\/plinko\/\",\"name\":\"Plinko sur BetLabel Casino \u27a4 Un jeu simple avec des multiplicateurs\",\"isPartOf\":{\"@id\":\"https:\/\/label.bet\/fr\/#website\"},\"datePublished\":\"2026-01-23T11:35:42+00:00\",\"dateModified\":\"2026-03-19T21:18:07+00:00\",\"description\":\"Plinko sur BetLabel \u2714\ufe0f est un jeu rapide et simple \u00e0 comprendre, avec des boules qui tombent et des multiplicateurs. Mises minimales, gestion des risques, parties courtes et possibilit\u00e9 de jouer facilement depuis votre PC ou votre t\u00e9l\u00e9phone.\",\"inLanguage\":\"fr-FR\",\"potentialAction\":[{\"@type\":\"ReadAction\",\"target\":[\"https:\/\/label.bet\/fr\/plinko\/\"]}]},{\"@type\":\"WebSite\",\"@id\":\"https:\/\/label.bet\/fr\/#website\",\"url\":\"https:\/\/label.bet\/fr\/\",\"name\":\"Betlabel fr\",\"description\":\"\",\"potentialAction\":[{\"@type\":\"SearchAction\",\"target\":{\"@type\":\"EntryPoint\",\"urlTemplate\":\"https:\/\/label.bet\/fr\/?s={search_term_string}\"},\"query-input\":{\"@type\":\"PropertyValueSpecification\",\"valueRequired\":true,\"valueName\":\"search_term_string\"}}],\"inLanguage\":\"fr-FR\"}]}<\/script>\n<!-- \/ Yoast SEO plugin. -->","yoast_head_json":{"title":"Plinko sur BetLabel Casino \u27a4 Un jeu simple avec des multiplicateurs","description":"Plinko sur BetLabel \u2714\ufe0f est un jeu rapide et simple \u00e0 comprendre, avec des boules qui tombent et des multiplicateurs. Mises minimales, gestion des risques, parties courtes et possibilit\u00e9 de jouer facilement depuis votre PC ou votre t\u00e9l\u00e9phone.","robots":{"index":"index","follow":"follow","max-snippet":"max-snippet:-1","max-image-preview":"max-image-preview:large","max-video-preview":"max-video-preview:-1"},"og_locale":"fr_FR","og_type":"article","og_title":"Plinko sur BetLabel Casino \u27a4 Un jeu simple avec des multiplicateurs","og_description":"Plinko sur BetLabel \u2714\ufe0f est un jeu rapide et simple \u00e0 comprendre, avec des boules qui tombent et des multiplicateurs. Mises minimales, gestion des risques, parties courtes et possibilit\u00e9 de jouer facilement depuis votre PC ou votre t\u00e9l\u00e9phone.","og_url":"https:\/\/label.bet\/fr\/plinko\/","og_site_name":"Betlabel fr","article_modified_time":"2026-03-19T21:18:07+00:00","twitter_card":"summary_large_image","schema":{"@context":"https:\/\/schema.org","@graph":[{"@type":"WebPage","@id":"https:\/\/label.bet\/fr\/plinko\/","url":"https:\/\/label.bet\/fr\/plinko\/","name":"Plinko sur BetLabel Casino \u27a4 Un jeu simple avec des multiplicateurs","isPartOf":{"@id":"https:\/\/label.bet\/fr\/#website"},"datePublished":"2026-01-23T11:35:42+00:00","dateModified":"2026-03-19T21:18:07+00:00","description":"Plinko sur BetLabel \u2714\ufe0f est un jeu rapide et simple \u00e0 comprendre, avec des boules qui tombent et des multiplicateurs. Mises minimales, gestion des risques, parties courtes et possibilit\u00e9 de jouer facilement depuis votre PC ou votre t\u00e9l\u00e9phone.","inLanguage":"fr-FR","potentialAction":[{"@type":"ReadAction","target":["https:\/\/label.bet\/fr\/plinko\/"]}]},{"@type":"WebSite","@id":"https:\/\/label.bet\/fr\/#website","url":"https:\/\/label.bet\/fr\/","name":"Betlabel fr","description":"","potentialAction":[{"@type":"SearchAction","target":{"@type":"EntryPoint","urlTemplate":"https:\/\/label.bet\/fr\/?s={search_term_string}"},"query-input":{"@type":"PropertyValueSpecification","valueRequired":true,"valueName":"search_term_string"}}],"inLanguage":"fr-FR"}]}},"_links":{"self":[{"href":"https:\/\/label.bet\/fr\/wp-json\/wp\/v2\/pages\/1802","targetHints":{"allow":["GET"]}}],"collection":[{"href":"https:\/\/label.bet\/fr\/wp-json\/wp\/v2\/pages"}],"about":[{"href":"https:\/\/label.bet\/fr\/wp-json\/wp\/v2\/types\/page"}],"author":[{"embeddable":true,"href":"https:\/\/label.bet\/fr\/wp-json\/wp\/v2\/users\/1"}],"replies":[{"embeddable":true,"href":"https:\/\/label.bet\/fr\/wp-json\/wp\/v2\/comments?post=1802"}],"version-history":[{"count":3,"href":"https:\/\/label.bet\/fr\/wp-json\/wp\/v2\/pages\/1802\/revisions"}],"predecessor-version":[{"id":2109,"href":"https:\/\/label.bet\/fr\/wp-json\/wp\/v2\/pages\/1802\/revisions\/2109"}],"wp:attachment":[{"href":"https:\/\/label.bet\/fr\/wp-json\/wp\/v2\/media?parent=1802"}],"curies":[{"name":"wp","href":"https:\/\/api.w.org\/{rel}","templated":true}]}}