{"id":1821,"date":"2026-01-25T16:26:05","date_gmt":"2026-01-25T13:26:05","guid":{"rendered":"https:\/\/label.bet\/fr\/?page_id=1821"},"modified":"2026-03-19T17:55:35","modified_gmt":"2026-03-19T14:55:35","slug":"gates-of-olympus","status":"publish","type":"page","link":"https:\/\/label.bet\/fr\/gates-of-olympus\/","title":{"rendered":"Gates of Olympus"},"content":{"rendered":"","protected":false},"excerpt":{"rendered":"","protected":false},"author":1,"featured_media":0,"parent":0,"menu_order":0,"comment_status":"closed","ping_status":"closed","template":"","meta":{"_acf_changed":false,"footnotes":""},"class_list":["post-1821","page","type-page","status-publish","hentry"],"acf":[],"yoast_head":"<!-- This site is optimized with the Yoast SEO plugin v26.5 - https:\/\/yoast.com\/wordpress\/plugins\/seo\/ -->\n<title>Gates of Olympus sur BetLabel \u2714\ufe0f Multiplicateurs de 500x<\/title>\n<meta name=\"description\" content=\"Jouez \u00e0 Gates of Olympus sur BetLabel Casino \u2714\ufe0f Une machine \u00e0 sous tr\u00e8s appr\u00e9ci\u00e9e de Pragmatic Play, avec des rouleaux en cascade, une option d&#039;achat de bonus et des multiplicateurs pouvant atteindre 500x. Pr\u00e9sentation du gameplay, de la volatilit\u00e9 et des possibilit\u00e9s de gains importants.\" \/>\n<meta name=\"robots\" content=\"index, follow, max-snippet:-1, max-image-preview:large, max-video-preview:-1\" \/>\n<meta property=\"og:locale\" content=\"fr_FR\" \/>\n<meta property=\"og:type\" content=\"article\" \/>\n<meta property=\"og:title\" content=\"Gates of Olympus sur BetLabel \u2714\ufe0f Multiplicateurs de 500x\" \/>\n<meta property=\"og:description\" content=\"Jouez \u00e0 Gates of Olympus sur BetLabel Casino \u2714\ufe0f Une machine \u00e0 sous tr\u00e8s appr\u00e9ci\u00e9e de Pragmatic Play, avec des rouleaux en cascade, une option d&#039;achat de bonus et des multiplicateurs pouvant atteindre 500x. Pr\u00e9sentation du gameplay, de la volatilit\u00e9 et des possibilit\u00e9s de gains importants.\" \/>\n<meta property=\"og:url\" content=\"https:\/\/label.bet\/fr\/gates-of-olympus\/\" \/>\n<meta property=\"og:site_name\" content=\"Betlabel fr\" \/>\n<meta property=\"article:modified_time\" content=\"2026-03-19T14:55:35+00:00\" \/>\n<meta name=\"twitter:card\" content=\"summary_large_image\" \/>\n<script type=\"application\/ld+json\" class=\"yoast-schema-graph\">{\"@context\":\"https:\/\/schema.org\",\"@graph\":[{\"@type\":\"WebPage\",\"@id\":\"https:\/\/label.bet\/fr\/gates-of-olympus\/\",\"url\":\"https:\/\/label.bet\/fr\/gates-of-olympus\/\",\"name\":\"Gates of Olympus sur BetLabel \u2714\ufe0f Multiplicateurs de 500x\",\"isPartOf\":{\"@id\":\"https:\/\/label.bet\/fr\/#website\"},\"datePublished\":\"2026-01-25T13:26:05+00:00\",\"dateModified\":\"2026-03-19T14:55:35+00:00\",\"description\":\"Jouez \u00e0 Gates of Olympus sur BetLabel Casino \u2714\ufe0f Une machine \u00e0 sous tr\u00e8s appr\u00e9ci\u00e9e de Pragmatic Play, avec des rouleaux en cascade, une option d'achat de bonus et des multiplicateurs pouvant atteindre 500x. Pr\u00e9sentation du gameplay, de la volatilit\u00e9 et des possibilit\u00e9s de gains importants.\",\"inLanguage\":\"fr-FR\",\"potentialAction\":[{\"@type\":\"ReadAction\",\"target\":[\"https:\/\/label.bet\/fr\/gates-of-olympus\/\"]}]},{\"@type\":\"WebSite\",\"@id\":\"https:\/\/label.bet\/fr\/#website\",\"url\":\"https:\/\/label.bet\/fr\/\",\"name\":\"Betlabel fr\",\"description\":\"\",\"potentialAction\":[{\"@type\":\"SearchAction\",\"target\":{\"@type\":\"EntryPoint\",\"urlTemplate\":\"https:\/\/label.bet\/fr\/?s={search_term_string}\"},\"query-input\":{\"@type\":\"PropertyValueSpecification\",\"valueRequired\":true,\"valueName\":\"search_term_string\"}}],\"inLanguage\":\"fr-FR\"}]}<\/script>\n<!-- \/ Yoast SEO plugin. -->","yoast_head_json":{"title":"Gates of Olympus sur BetLabel \u2714\ufe0f Multiplicateurs de 500x","description":"Jouez \u00e0 Gates of Olympus sur BetLabel Casino \u2714\ufe0f Une machine \u00e0 sous tr\u00e8s appr\u00e9ci\u00e9e de Pragmatic Play, avec des rouleaux en cascade, une option d'achat de bonus et des multiplicateurs pouvant atteindre 500x. Pr\u00e9sentation du gameplay, de la volatilit\u00e9 et des possibilit\u00e9s de gains importants.","robots":{"index":"index","follow":"follow","max-snippet":"max-snippet:-1","max-image-preview":"max-image-preview:large","max-video-preview":"max-video-preview:-1"},"og_locale":"fr_FR","og_type":"article","og_title":"Gates of Olympus sur BetLabel \u2714\ufe0f Multiplicateurs de 500x","og_description":"Jouez \u00e0 Gates of Olympus sur BetLabel Casino \u2714\ufe0f Une machine \u00e0 sous tr\u00e8s appr\u00e9ci\u00e9e de Pragmatic Play, avec des rouleaux en cascade, une option d'achat de bonus et des multiplicateurs pouvant atteindre 500x. Pr\u00e9sentation du gameplay, de la volatilit\u00e9 et des possibilit\u00e9s de gains importants.","og_url":"https:\/\/label.bet\/fr\/gates-of-olympus\/","og_site_name":"Betlabel fr","article_modified_time":"2026-03-19T14:55:35+00:00","twitter_card":"summary_large_image","schema":{"@context":"https:\/\/schema.org","@graph":[{"@type":"WebPage","@id":"https:\/\/label.bet\/fr\/gates-of-olympus\/","url":"https:\/\/label.bet\/fr\/gates-of-olympus\/","name":"Gates of Olympus sur BetLabel \u2714\ufe0f Multiplicateurs de 500x","isPartOf":{"@id":"https:\/\/label.bet\/fr\/#website"},"datePublished":"2026-01-25T13:26:05+00:00","dateModified":"2026-03-19T14:55:35+00:00","description":"Jouez \u00e0 Gates of Olympus sur BetLabel Casino \u2714\ufe0f Une machine \u00e0 sous tr\u00e8s appr\u00e9ci\u00e9e de Pragmatic Play, avec des rouleaux en cascade, une option d'achat de bonus et des multiplicateurs pouvant atteindre 500x. Pr\u00e9sentation du gameplay, de la volatilit\u00e9 et des possibilit\u00e9s de gains importants.","inLanguage":"fr-FR","potentialAction":[{"@type":"ReadAction","target":["https:\/\/label.bet\/fr\/gates-of-olympus\/"]}]},{"@type":"WebSite","@id":"https:\/\/label.bet\/fr\/#website","url":"https:\/\/label.bet\/fr\/","name":"Betlabel fr","description":"","potentialAction":[{"@type":"SearchAction","target":{"@type":"EntryPoint","urlTemplate":"https:\/\/label.bet\/fr\/?s={search_term_string}"},"query-input":{"@type":"PropertyValueSpecification","valueRequired":true,"valueName":"search_term_string"}}],"inLanguage":"fr-FR"}]}},"_links":{"self":[{"href":"https:\/\/label.bet\/fr\/wp-json\/wp\/v2\/pages\/1821","targetHints":{"allow":["GET"]}}],"collection":[{"href":"https:\/\/label.bet\/fr\/wp-json\/wp\/v2\/pages"}],"about":[{"href":"https:\/\/label.bet\/fr\/wp-json\/wp\/v2\/types\/page"}],"author":[{"embeddable":true,"href":"https:\/\/label.bet\/fr\/wp-json\/wp\/v2\/users\/1"}],"replies":[{"embeddable":true,"href":"https:\/\/label.bet\/fr\/wp-json\/wp\/v2\/comments?post=1821"}],"version-history":[{"count":4,"href":"https:\/\/label.bet\/fr\/wp-json\/wp\/v2\/pages\/1821\/revisions"}],"predecessor-version":[{"id":2102,"href":"https:\/\/label.bet\/fr\/wp-json\/wp\/v2\/pages\/1821\/revisions\/2102"}],"wp:attachment":[{"href":"https:\/\/label.bet\/fr\/wp-json\/wp\/v2\/media?parent=1821"}],"curies":[{"name":"wp","href":"https:\/\/api.w.org\/{rel}","templated":true}]}}