{"id":1828,"date":"2026-01-25T16:47:31","date_gmt":"2026-01-25T13:47:31","guid":{"rendered":"https:\/\/label.bet\/fr\/?page_id=1828"},"modified":"2026-03-19T17:35:10","modified_gmt":"2026-03-19T14:35:10","slug":"book-of-dead","status":"publish","type":"page","link":"https:\/\/label.bet\/fr\/book-of-dead\/","title":{"rendered":"Book of Dead"},"content":{"rendered":"","protected":false},"excerpt":{"rendered":"","protected":false},"author":1,"featured_media":0,"parent":0,"menu_order":0,"comment_status":"closed","ping_status":"closed","template":"","meta":{"_acf_changed":false,"footnotes":""},"class_list":["post-1828","page","type-page","status-publish","hentry"],"acf":[],"yoast_head":"<!-- This site is optimized with the Yoast SEO plugin v26.5 - https:\/\/yoast.com\/wordpress\/plugins\/seo\/ -->\n<title>Book of Dead sur BetLabel Casino \u2b50\ufe0f Machine \u00e0 sous classique de Play&#039;n GO<\/title>\n<meta name=\"description\" content=\"Jouez \u00e0 Book of Dead sur BetLabel \u27a4 la machine \u00e0 sous l\u00e9gendaire de Play&#039;n GO, avec des tours gratuits et un fort potentiel de gains. Des r\u00e8gles simples, des tours rapides et un grand classique des casinos en ligne.\" \/>\n<meta name=\"robots\" content=\"index, follow, max-snippet:-1, max-image-preview:large, max-video-preview:-1\" \/>\n<meta property=\"og:locale\" content=\"fr_FR\" \/>\n<meta property=\"og:type\" content=\"article\" \/>\n<meta property=\"og:title\" content=\"Book of Dead sur BetLabel Casino \u2b50\ufe0f Machine \u00e0 sous classique de Play&#039;n GO\" \/>\n<meta property=\"og:description\" content=\"Jouez \u00e0 Book of Dead sur BetLabel \u27a4 la machine \u00e0 sous l\u00e9gendaire de Play&#039;n GO, avec des tours gratuits et un fort potentiel de gains. Des r\u00e8gles simples, des tours rapides et un grand classique des casinos en ligne.\" \/>\n<meta property=\"og:url\" content=\"https:\/\/label.bet\/fr\/book-of-dead\/\" \/>\n<meta property=\"og:site_name\" content=\"Betlabel fr\" \/>\n<meta property=\"article:modified_time\" content=\"2026-03-19T14:35:10+00:00\" \/>\n<meta name=\"twitter:card\" content=\"summary_large_image\" \/>\n<script type=\"application\/ld+json\" class=\"yoast-schema-graph\">{\"@context\":\"https:\/\/schema.org\",\"@graph\":[{\"@type\":\"WebPage\",\"@id\":\"https:\/\/label.bet\/fr\/book-of-dead\/\",\"url\":\"https:\/\/label.bet\/fr\/book-of-dead\/\",\"name\":\"Book of Dead sur BetLabel Casino \u2b50\ufe0f Machine \u00e0 sous classique de Play'n GO\",\"isPartOf\":{\"@id\":\"https:\/\/label.bet\/fr\/#website\"},\"datePublished\":\"2026-01-25T13:47:31+00:00\",\"dateModified\":\"2026-03-19T14:35:10+00:00\",\"description\":\"Jouez \u00e0 Book of Dead sur BetLabel \u27a4 la machine \u00e0 sous l\u00e9gendaire de Play'n GO, avec des tours gratuits et un fort potentiel de gains. Des r\u00e8gles simples, des tours rapides et un grand classique des casinos en ligne.\",\"inLanguage\":\"fr-FR\",\"potentialAction\":[{\"@type\":\"ReadAction\",\"target\":[\"https:\/\/label.bet\/fr\/book-of-dead\/\"]}]},{\"@type\":\"WebSite\",\"@id\":\"https:\/\/label.bet\/fr\/#website\",\"url\":\"https:\/\/label.bet\/fr\/\",\"name\":\"Betlabel fr\",\"description\":\"\",\"potentialAction\":[{\"@type\":\"SearchAction\",\"target\":{\"@type\":\"EntryPoint\",\"urlTemplate\":\"https:\/\/label.bet\/fr\/?s={search_term_string}\"},\"query-input\":{\"@type\":\"PropertyValueSpecification\",\"valueRequired\":true,\"valueName\":\"search_term_string\"}}],\"inLanguage\":\"fr-FR\"}]}<\/script>\n<!-- \/ Yoast SEO plugin. -->","yoast_head_json":{"title":"Book of Dead sur BetLabel Casino \u2b50\ufe0f Machine \u00e0 sous classique de Play'n GO","description":"Jouez \u00e0 Book of Dead sur BetLabel \u27a4 la machine \u00e0 sous l\u00e9gendaire de Play'n GO, avec des tours gratuits et un fort potentiel de gains. Des r\u00e8gles simples, des tours rapides et un grand classique des casinos en ligne.","robots":{"index":"index","follow":"follow","max-snippet":"max-snippet:-1","max-image-preview":"max-image-preview:large","max-video-preview":"max-video-preview:-1"},"og_locale":"fr_FR","og_type":"article","og_title":"Book of Dead sur BetLabel Casino \u2b50\ufe0f Machine \u00e0 sous classique de Play'n GO","og_description":"Jouez \u00e0 Book of Dead sur BetLabel \u27a4 la machine \u00e0 sous l\u00e9gendaire de Play'n GO, avec des tours gratuits et un fort potentiel de gains. Des r\u00e8gles simples, des tours rapides et un grand classique des casinos en ligne.","og_url":"https:\/\/label.bet\/fr\/book-of-dead\/","og_site_name":"Betlabel fr","article_modified_time":"2026-03-19T14:35:10+00:00","twitter_card":"summary_large_image","schema":{"@context":"https:\/\/schema.org","@graph":[{"@type":"WebPage","@id":"https:\/\/label.bet\/fr\/book-of-dead\/","url":"https:\/\/label.bet\/fr\/book-of-dead\/","name":"Book of Dead sur BetLabel Casino \u2b50\ufe0f Machine \u00e0 sous classique de Play'n GO","isPartOf":{"@id":"https:\/\/label.bet\/fr\/#website"},"datePublished":"2026-01-25T13:47:31+00:00","dateModified":"2026-03-19T14:35:10+00:00","description":"Jouez \u00e0 Book of Dead sur BetLabel \u27a4 la machine \u00e0 sous l\u00e9gendaire de Play'n GO, avec des tours gratuits et un fort potentiel de gains. Des r\u00e8gles simples, des tours rapides et un grand classique des casinos en ligne.","inLanguage":"fr-FR","potentialAction":[{"@type":"ReadAction","target":["https:\/\/label.bet\/fr\/book-of-dead\/"]}]},{"@type":"WebSite","@id":"https:\/\/label.bet\/fr\/#website","url":"https:\/\/label.bet\/fr\/","name":"Betlabel fr","description":"","potentialAction":[{"@type":"SearchAction","target":{"@type":"EntryPoint","urlTemplate":"https:\/\/label.bet\/fr\/?s={search_term_string}"},"query-input":{"@type":"PropertyValueSpecification","valueRequired":true,"valueName":"search_term_string"}}],"inLanguage":"fr-FR"}]}},"_links":{"self":[{"href":"https:\/\/label.bet\/fr\/wp-json\/wp\/v2\/pages\/1828","targetHints":{"allow":["GET"]}}],"collection":[{"href":"https:\/\/label.bet\/fr\/wp-json\/wp\/v2\/pages"}],"about":[{"href":"https:\/\/label.bet\/fr\/wp-json\/wp\/v2\/types\/page"}],"author":[{"embeddable":true,"href":"https:\/\/label.bet\/fr\/wp-json\/wp\/v2\/users\/1"}],"replies":[{"embeddable":true,"href":"https:\/\/label.bet\/fr\/wp-json\/wp\/v2\/comments?post=1828"}],"version-history":[{"count":5,"href":"https:\/\/label.bet\/fr\/wp-json\/wp\/v2\/pages\/1828\/revisions"}],"predecessor-version":[{"id":2093,"href":"https:\/\/label.bet\/fr\/wp-json\/wp\/v2\/pages\/1828\/revisions\/2093"}],"wp:attachment":[{"href":"https:\/\/label.bet\/fr\/wp-json\/wp\/v2\/media?parent=1828"}],"curies":[{"name":"wp","href":"https:\/\/api.w.org\/{rel}","templated":true}]}}