{"id":1835,"date":"2026-01-25T17:34:39","date_gmt":"2026-01-25T14:34:39","guid":{"rendered":"https:\/\/label.bet\/fr\/?page_id=1835"},"modified":"2026-03-30T13:11:55","modified_gmt":"2026-03-30T10:11:55","slug":"mines","status":"publish","type":"page","link":"https:\/\/label.bet\/fr\/mines\/","title":{"rendered":"Mines"},"content":{"rendered":"","protected":false},"excerpt":{"rendered":"","protected":false},"author":1,"featured_media":0,"parent":0,"menu_order":0,"comment_status":"closed","ping_status":"closed","template":"","meta":{"_acf_changed":false,"footnotes":""},"class_list":["post-1835","page","type-page","status-publish","hentry"],"acf":[],"yoast_head":"<!-- This site is optimized with the Yoast SEO plugin v26.5 - https:\/\/yoast.com\/wordpress\/plugins\/seo\/ -->\n<title>Mines sur BetLabel \u2714\ufe0f Un jeu avec gestion des risques et gains rapides<\/title>\n<meta name=\"description\" content=\"Jouez \u00e0 Mines sur BetLabel Casino \u27a4 un jeu instantan\u00e9 dynamique o\u00f9 vous pouvez choisir votre niveau de risque. Choisissez le nombre de mines, contr\u00f4lez vos chances de gagner et empochez vos gains \u00e0 tout moment.\" \/>\n<meta name=\"robots\" content=\"index, follow, max-snippet:-1, max-image-preview:large, max-video-preview:-1\" \/>\n<meta property=\"og:locale\" content=\"fr_FR\" \/>\n<meta property=\"og:type\" content=\"article\" \/>\n<meta property=\"og:title\" content=\"Mines sur BetLabel \u2714\ufe0f Un jeu avec gestion des risques et gains rapides\" \/>\n<meta property=\"og:description\" content=\"Jouez \u00e0 Mines sur BetLabel Casino \u27a4 un jeu instantan\u00e9 dynamique o\u00f9 vous pouvez choisir votre niveau de risque. Choisissez le nombre de mines, contr\u00f4lez vos chances de gagner et empochez vos gains \u00e0 tout moment.\" \/>\n<meta property=\"og:url\" content=\"https:\/\/label.bet\/fr\/mines\/\" \/>\n<meta property=\"og:site_name\" content=\"Betlabel fr\" \/>\n<meta property=\"article:modified_time\" content=\"2026-03-30T10:11:55+00:00\" \/>\n<meta name=\"twitter:card\" content=\"summary_large_image\" \/>\n<script type=\"application\/ld+json\" class=\"yoast-schema-graph\">{\"@context\":\"https:\/\/schema.org\",\"@graph\":[{\"@type\":\"WebPage\",\"@id\":\"https:\/\/label.bet\/fr\/mines\/\",\"url\":\"https:\/\/label.bet\/fr\/mines\/\",\"name\":\"Mines sur BetLabel \u2714\ufe0f Un jeu avec gestion des risques et gains rapides\",\"isPartOf\":{\"@id\":\"https:\/\/label.bet\/fr\/#website\"},\"datePublished\":\"2026-01-25T14:34:39+00:00\",\"dateModified\":\"2026-03-30T10:11:55+00:00\",\"description\":\"Jouez \u00e0 Mines sur BetLabel Casino \u27a4 un jeu instantan\u00e9 dynamique o\u00f9 vous pouvez choisir votre niveau de risque. Choisissez le nombre de mines, contr\u00f4lez vos chances de gagner et empochez vos gains \u00e0 tout moment.\",\"inLanguage\":\"fr-FR\",\"potentialAction\":[{\"@type\":\"ReadAction\",\"target\":[\"https:\/\/label.bet\/fr\/mines\/\"]}]},{\"@type\":\"WebSite\",\"@id\":\"https:\/\/label.bet\/fr\/#website\",\"url\":\"https:\/\/label.bet\/fr\/\",\"name\":\"Betlabel fr\",\"description\":\"\",\"potentialAction\":[{\"@type\":\"SearchAction\",\"target\":{\"@type\":\"EntryPoint\",\"urlTemplate\":\"https:\/\/label.bet\/fr\/?s={search_term_string}\"},\"query-input\":{\"@type\":\"PropertyValueSpecification\",\"valueRequired\":true,\"valueName\":\"search_term_string\"}}],\"inLanguage\":\"fr-FR\"}]}<\/script>\n<!-- \/ Yoast SEO plugin. -->","yoast_head_json":{"title":"Mines sur BetLabel \u2714\ufe0f Un jeu avec gestion des risques et gains rapides","description":"Jouez \u00e0 Mines sur BetLabel Casino \u27a4 un jeu instantan\u00e9 dynamique o\u00f9 vous pouvez choisir votre niveau de risque. Choisissez le nombre de mines, contr\u00f4lez vos chances de gagner et empochez vos gains \u00e0 tout moment.","robots":{"index":"index","follow":"follow","max-snippet":"max-snippet:-1","max-image-preview":"max-image-preview:large","max-video-preview":"max-video-preview:-1"},"og_locale":"fr_FR","og_type":"article","og_title":"Mines sur BetLabel \u2714\ufe0f Un jeu avec gestion des risques et gains rapides","og_description":"Jouez \u00e0 Mines sur BetLabel Casino \u27a4 un jeu instantan\u00e9 dynamique o\u00f9 vous pouvez choisir votre niveau de risque. Choisissez le nombre de mines, contr\u00f4lez vos chances de gagner et empochez vos gains \u00e0 tout moment.","og_url":"https:\/\/label.bet\/fr\/mines\/","og_site_name":"Betlabel fr","article_modified_time":"2026-03-30T10:11:55+00:00","twitter_card":"summary_large_image","schema":{"@context":"https:\/\/schema.org","@graph":[{"@type":"WebPage","@id":"https:\/\/label.bet\/fr\/mines\/","url":"https:\/\/label.bet\/fr\/mines\/","name":"Mines sur BetLabel \u2714\ufe0f Un jeu avec gestion des risques et gains rapides","isPartOf":{"@id":"https:\/\/label.bet\/fr\/#website"},"datePublished":"2026-01-25T14:34:39+00:00","dateModified":"2026-03-30T10:11:55+00:00","description":"Jouez \u00e0 Mines sur BetLabel Casino \u27a4 un jeu instantan\u00e9 dynamique o\u00f9 vous pouvez choisir votre niveau de risque. Choisissez le nombre de mines, contr\u00f4lez vos chances de gagner et empochez vos gains \u00e0 tout moment.","inLanguage":"fr-FR","potentialAction":[{"@type":"ReadAction","target":["https:\/\/label.bet\/fr\/mines\/"]}]},{"@type":"WebSite","@id":"https:\/\/label.bet\/fr\/#website","url":"https:\/\/label.bet\/fr\/","name":"Betlabel fr","description":"","potentialAction":[{"@type":"SearchAction","target":{"@type":"EntryPoint","urlTemplate":"https:\/\/label.bet\/fr\/?s={search_term_string}"},"query-input":{"@type":"PropertyValueSpecification","valueRequired":true,"valueName":"search_term_string"}}],"inLanguage":"fr-FR"}]}},"_links":{"self":[{"href":"https:\/\/label.bet\/fr\/wp-json\/wp\/v2\/pages\/1835","targetHints":{"allow":["GET"]}}],"collection":[{"href":"https:\/\/label.bet\/fr\/wp-json\/wp\/v2\/pages"}],"about":[{"href":"https:\/\/label.bet\/fr\/wp-json\/wp\/v2\/types\/page"}],"author":[{"embeddable":true,"href":"https:\/\/label.bet\/fr\/wp-json\/wp\/v2\/users\/1"}],"replies":[{"embeddable":true,"href":"https:\/\/label.bet\/fr\/wp-json\/wp\/v2\/comments?post=1835"}],"version-history":[{"count":4,"href":"https:\/\/label.bet\/fr\/wp-json\/wp\/v2\/pages\/1835\/revisions"}],"predecessor-version":[{"id":2139,"href":"https:\/\/label.bet\/fr\/wp-json\/wp\/v2\/pages\/1835\/revisions\/2139"}],"wp:attachment":[{"href":"https:\/\/label.bet\/fr\/wp-json\/wp\/v2\/media?parent=1835"}],"curies":[{"name":"wp","href":"https:\/\/api.w.org\/{rel}","templated":true}]}}