{"id":1914,"date":"2026-02-12T17:09:47","date_gmt":"2026-02-12T14:09:47","guid":{"rendered":"https:\/\/label.bet\/fr\/?page_id=1914"},"modified":"2026-03-20T00:35:23","modified_gmt":"2026-03-19T21:35:23","slug":"telegram","status":"publish","type":"page","link":"https:\/\/label.bet\/fr\/telegram\/","title":{"rendered":"Telegram"},"content":{"rendered":"","protected":false},"excerpt":{"rendered":"","protected":false},"author":1,"featured_media":0,"parent":0,"menu_order":0,"comment_status":"closed","ping_status":"closed","template":"","meta":{"_acf_changed":false,"footnotes":""},"class_list":["post-1914","page","type-page","status-publish","hentry"],"acf":[],"yoast_head":"<!-- This site is optimized with the Yoast SEO plugin v26.5 - https:\/\/yoast.com\/wordpress\/plugins\/seo\/ -->\n<title>Cha\u00eene Telegram BetLabel \u2014 Bonus et pronostics sportifs<\/title>\n<meta name=\"description\" content=\"Abonnez-vous \u00e0 la cha\u00eene Telegram de BetLabel et soyez parmi les premiers \u00e0 recevoir les derniers bonus, les codes promotionnels exclusifs, les promotions en cours et les pronostics pour les \u00e9v\u00e9nements sportifs majeurs.\" \/>\n<meta name=\"robots\" content=\"index, follow, max-snippet:-1, max-image-preview:large, max-video-preview:-1\" \/>\n<meta property=\"og:locale\" content=\"fr_FR\" \/>\n<meta property=\"og:type\" content=\"article\" \/>\n<meta property=\"og:title\" content=\"Cha\u00eene Telegram BetLabel \u2014 Bonus et pronostics sportifs\" \/>\n<meta property=\"og:description\" content=\"Abonnez-vous \u00e0 la cha\u00eene Telegram de BetLabel et soyez parmi les premiers \u00e0 recevoir les derniers bonus, les codes promotionnels exclusifs, les promotions en cours et les pronostics pour les \u00e9v\u00e9nements sportifs majeurs.\" \/>\n<meta property=\"og:url\" content=\"https:\/\/label.bet\/fr\/telegram\/\" \/>\n<meta property=\"og:site_name\" content=\"Betlabel fr\" \/>\n<meta property=\"article:modified_time\" content=\"2026-03-19T21:35:23+00:00\" \/>\n<meta name=\"twitter:card\" content=\"summary_large_image\" \/>\n<script type=\"application\/ld+json\" class=\"yoast-schema-graph\">{\"@context\":\"https:\/\/schema.org\",\"@graph\":[{\"@type\":\"WebPage\",\"@id\":\"https:\/\/label.bet\/fr\/telegram\/\",\"url\":\"https:\/\/label.bet\/fr\/telegram\/\",\"name\":\"Cha\u00eene Telegram BetLabel \u2014 Bonus et pronostics sportifs\",\"isPartOf\":{\"@id\":\"https:\/\/label.bet\/fr\/#website\"},\"datePublished\":\"2026-02-12T14:09:47+00:00\",\"dateModified\":\"2026-03-19T21:35:23+00:00\",\"description\":\"Abonnez-vous \u00e0 la cha\u00eene Telegram de BetLabel et soyez parmi les premiers \u00e0 recevoir les derniers bonus, les codes promotionnels exclusifs, les promotions en cours et les pronostics pour les \u00e9v\u00e9nements sportifs majeurs.\",\"inLanguage\":\"fr-FR\",\"potentialAction\":[{\"@type\":\"ReadAction\",\"target\":[\"https:\/\/label.bet\/fr\/telegram\/\"]}]},{\"@type\":\"WebSite\",\"@id\":\"https:\/\/label.bet\/fr\/#website\",\"url\":\"https:\/\/label.bet\/fr\/\",\"name\":\"Betlabel fr\",\"description\":\"\",\"potentialAction\":[{\"@type\":\"SearchAction\",\"target\":{\"@type\":\"EntryPoint\",\"urlTemplate\":\"https:\/\/label.bet\/fr\/?s={search_term_string}\"},\"query-input\":{\"@type\":\"PropertyValueSpecification\",\"valueRequired\":true,\"valueName\":\"search_term_string\"}}],\"inLanguage\":\"fr-FR\"}]}<\/script>\n<!-- \/ Yoast SEO plugin. -->","yoast_head_json":{"title":"Cha\u00eene Telegram BetLabel \u2014 Bonus et pronostics sportifs","description":"Abonnez-vous \u00e0 la cha\u00eene Telegram de BetLabel et soyez parmi les premiers \u00e0 recevoir les derniers bonus, les codes promotionnels exclusifs, les promotions en cours et les pronostics pour les \u00e9v\u00e9nements sportifs majeurs.","robots":{"index":"index","follow":"follow","max-snippet":"max-snippet:-1","max-image-preview":"max-image-preview:large","max-video-preview":"max-video-preview:-1"},"og_locale":"fr_FR","og_type":"article","og_title":"Cha\u00eene Telegram BetLabel \u2014 Bonus et pronostics sportifs","og_description":"Abonnez-vous \u00e0 la cha\u00eene Telegram de BetLabel et soyez parmi les premiers \u00e0 recevoir les derniers bonus, les codes promotionnels exclusifs, les promotions en cours et les pronostics pour les \u00e9v\u00e9nements sportifs majeurs.","og_url":"https:\/\/label.bet\/fr\/telegram\/","og_site_name":"Betlabel fr","article_modified_time":"2026-03-19T21:35:23+00:00","twitter_card":"summary_large_image","schema":{"@context":"https:\/\/schema.org","@graph":[{"@type":"WebPage","@id":"https:\/\/label.bet\/fr\/telegram\/","url":"https:\/\/label.bet\/fr\/telegram\/","name":"Cha\u00eene Telegram BetLabel \u2014 Bonus et pronostics sportifs","isPartOf":{"@id":"https:\/\/label.bet\/fr\/#website"},"datePublished":"2026-02-12T14:09:47+00:00","dateModified":"2026-03-19T21:35:23+00:00","description":"Abonnez-vous \u00e0 la cha\u00eene Telegram de BetLabel et soyez parmi les premiers \u00e0 recevoir les derniers bonus, les codes promotionnels exclusifs, les promotions en cours et les pronostics pour les \u00e9v\u00e9nements sportifs majeurs.","inLanguage":"fr-FR","potentialAction":[{"@type":"ReadAction","target":["https:\/\/label.bet\/fr\/telegram\/"]}]},{"@type":"WebSite","@id":"https:\/\/label.bet\/fr\/#website","url":"https:\/\/label.bet\/fr\/","name":"Betlabel fr","description":"","potentialAction":[{"@type":"SearchAction","target":{"@type":"EntryPoint","urlTemplate":"https:\/\/label.bet\/fr\/?s={search_term_string}"},"query-input":{"@type":"PropertyValueSpecification","valueRequired":true,"valueName":"search_term_string"}}],"inLanguage":"fr-FR"}]}},"_links":{"self":[{"href":"https:\/\/label.bet\/fr\/wp-json\/wp\/v2\/pages\/1914","targetHints":{"allow":["GET"]}}],"collection":[{"href":"https:\/\/label.bet\/fr\/wp-json\/wp\/v2\/pages"}],"about":[{"href":"https:\/\/label.bet\/fr\/wp-json\/wp\/v2\/types\/page"}],"author":[{"embeddable":true,"href":"https:\/\/label.bet\/fr\/wp-json\/wp\/v2\/users\/1"}],"replies":[{"embeddable":true,"href":"https:\/\/label.bet\/fr\/wp-json\/wp\/v2\/comments?post=1914"}],"version-history":[{"count":3,"href":"https:\/\/label.bet\/fr\/wp-json\/wp\/v2\/pages\/1914\/revisions"}],"predecessor-version":[{"id":2117,"href":"https:\/\/label.bet\/fr\/wp-json\/wp\/v2\/pages\/1914\/revisions\/2117"}],"wp:attachment":[{"href":"https:\/\/label.bet\/fr\/wp-json\/wp\/v2\/media?parent=1914"}],"curies":[{"name":"wp","href":"https:\/\/api.w.org\/{rel}","templated":true}]}}