{"id":1931,"date":"2026-02-27T09:53:57","date_gmt":"2026-02-27T06:53:57","guid":{"rendered":"https:\/\/label.bet\/fr\/?page_id=1931"},"modified":"2026-03-20T00:38:03","modified_gmt":"2026-03-19T21:38:03","slug":"trustpilot","status":"publish","type":"page","link":"https:\/\/label.bet\/fr\/trustpilot\/","title":{"rendered":"Trustpilot"},"content":{"rendered":"","protected":false},"excerpt":{"rendered":"","protected":false},"author":1,"featured_media":0,"parent":0,"menu_order":0,"comment_status":"closed","ping_status":"closed","template":"","meta":{"_acf_changed":false,"footnotes":""},"class_list":["post-1931","page","type-page","status-publish","hentry"],"acf":[],"yoast_head":"<!-- This site is optimized with the Yoast SEO plugin v26.5 - https:\/\/yoast.com\/wordpress\/plugins\/seo\/ -->\n<title>BetLabel sur Trustpilot \u2014 Avis d&#039;utilisateurs r\u00e9els<\/title>\n<meta name=\"description\" content=\"BetLabel re\u00e7oit des avis globalement positifs sur Trustpilot : les joueurs saluent la rapidit\u00e9 des paiements, une interface conviviale, un service VIP personnalis\u00e9 et des conditions de bonus \u00e9quitables, mais certains avis font \u00e9tat de difficult\u00e9s lors des retraits avec certains moyens de paiement et de situations controvers\u00e9es concernant la v\u00e9rification d&#039;identit\u00e9.\" \/>\n<meta name=\"robots\" content=\"index, follow, max-snippet:-1, max-image-preview:large, max-video-preview:-1\" \/>\n<meta property=\"og:locale\" content=\"fr_FR\" \/>\n<meta property=\"og:type\" content=\"article\" \/>\n<meta property=\"og:title\" content=\"BetLabel sur Trustpilot \u2014 Avis d&#039;utilisateurs r\u00e9els\" \/>\n<meta property=\"og:description\" content=\"BetLabel re\u00e7oit des avis globalement positifs sur Trustpilot : les joueurs saluent la rapidit\u00e9 des paiements, une interface conviviale, un service VIP personnalis\u00e9 et des conditions de bonus \u00e9quitables, mais certains avis font \u00e9tat de difficult\u00e9s lors des retraits avec certains moyens de paiement et de situations controvers\u00e9es concernant la v\u00e9rification d&#039;identit\u00e9.\" \/>\n<meta property=\"og:url\" content=\"https:\/\/label.bet\/fr\/trustpilot\/\" \/>\n<meta property=\"og:site_name\" content=\"Betlabel fr\" \/>\n<meta property=\"article:modified_time\" content=\"2026-03-19T21:38:03+00:00\" \/>\n<meta name=\"twitter:card\" content=\"summary_large_image\" \/>\n<script type=\"application\/ld+json\" class=\"yoast-schema-graph\">{\"@context\":\"https:\/\/schema.org\",\"@graph\":[{\"@type\":\"WebPage\",\"@id\":\"https:\/\/label.bet\/fr\/trustpilot\/\",\"url\":\"https:\/\/label.bet\/fr\/trustpilot\/\",\"name\":\"BetLabel sur Trustpilot \u2014 Avis d'utilisateurs r\u00e9els\",\"isPartOf\":{\"@id\":\"https:\/\/label.bet\/fr\/#website\"},\"datePublished\":\"2026-02-27T06:53:57+00:00\",\"dateModified\":\"2026-03-19T21:38:03+00:00\",\"description\":\"BetLabel re\u00e7oit des avis globalement positifs sur Trustpilot : les joueurs saluent la rapidit\u00e9 des paiements, une interface conviviale, un service VIP personnalis\u00e9 et des conditions de bonus \u00e9quitables, mais certains avis font \u00e9tat de difficult\u00e9s lors des retraits avec certains moyens de paiement et de situations controvers\u00e9es concernant la v\u00e9rification d'identit\u00e9.\",\"inLanguage\":\"fr-FR\",\"potentialAction\":[{\"@type\":\"ReadAction\",\"target\":[\"https:\/\/label.bet\/fr\/trustpilot\/\"]}]},{\"@type\":\"WebSite\",\"@id\":\"https:\/\/label.bet\/fr\/#website\",\"url\":\"https:\/\/label.bet\/fr\/\",\"name\":\"Betlabel fr\",\"description\":\"\",\"potentialAction\":[{\"@type\":\"SearchAction\",\"target\":{\"@type\":\"EntryPoint\",\"urlTemplate\":\"https:\/\/label.bet\/fr\/?s={search_term_string}\"},\"query-input\":{\"@type\":\"PropertyValueSpecification\",\"valueRequired\":true,\"valueName\":\"search_term_string\"}}],\"inLanguage\":\"fr-FR\"}]}<\/script>\n<!-- \/ Yoast SEO plugin. -->","yoast_head_json":{"title":"BetLabel sur Trustpilot \u2014 Avis d'utilisateurs r\u00e9els","description":"BetLabel re\u00e7oit des avis globalement positifs sur Trustpilot : les joueurs saluent la rapidit\u00e9 des paiements, une interface conviviale, un service VIP personnalis\u00e9 et des conditions de bonus \u00e9quitables, mais certains avis font \u00e9tat de difficult\u00e9s lors des retraits avec certains moyens de paiement et de situations controvers\u00e9es concernant la v\u00e9rification d'identit\u00e9.","robots":{"index":"index","follow":"follow","max-snippet":"max-snippet:-1","max-image-preview":"max-image-preview:large","max-video-preview":"max-video-preview:-1"},"og_locale":"fr_FR","og_type":"article","og_title":"BetLabel sur Trustpilot \u2014 Avis d'utilisateurs r\u00e9els","og_description":"BetLabel re\u00e7oit des avis globalement positifs sur Trustpilot : les joueurs saluent la rapidit\u00e9 des paiements, une interface conviviale, un service VIP personnalis\u00e9 et des conditions de bonus \u00e9quitables, mais certains avis font \u00e9tat de difficult\u00e9s lors des retraits avec certains moyens de paiement et de situations controvers\u00e9es concernant la v\u00e9rification d'identit\u00e9.","og_url":"https:\/\/label.bet\/fr\/trustpilot\/","og_site_name":"Betlabel fr","article_modified_time":"2026-03-19T21:38:03+00:00","twitter_card":"summary_large_image","schema":{"@context":"https:\/\/schema.org","@graph":[{"@type":"WebPage","@id":"https:\/\/label.bet\/fr\/trustpilot\/","url":"https:\/\/label.bet\/fr\/trustpilot\/","name":"BetLabel sur Trustpilot \u2014 Avis d'utilisateurs r\u00e9els","isPartOf":{"@id":"https:\/\/label.bet\/fr\/#website"},"datePublished":"2026-02-27T06:53:57+00:00","dateModified":"2026-03-19T21:38:03+00:00","description":"BetLabel re\u00e7oit des avis globalement positifs sur Trustpilot : les joueurs saluent la rapidit\u00e9 des paiements, une interface conviviale, un service VIP personnalis\u00e9 et des conditions de bonus \u00e9quitables, mais certains avis font \u00e9tat de difficult\u00e9s lors des retraits avec certains moyens de paiement et de situations controvers\u00e9es concernant la v\u00e9rification d'identit\u00e9.","inLanguage":"fr-FR","potentialAction":[{"@type":"ReadAction","target":["https:\/\/label.bet\/fr\/trustpilot\/"]}]},{"@type":"WebSite","@id":"https:\/\/label.bet\/fr\/#website","url":"https:\/\/label.bet\/fr\/","name":"Betlabel fr","description":"","potentialAction":[{"@type":"SearchAction","target":{"@type":"EntryPoint","urlTemplate":"https:\/\/label.bet\/fr\/?s={search_term_string}"},"query-input":{"@type":"PropertyValueSpecification","valueRequired":true,"valueName":"search_term_string"}}],"inLanguage":"fr-FR"}]}},"_links":{"self":[{"href":"https:\/\/label.bet\/fr\/wp-json\/wp\/v2\/pages\/1931","targetHints":{"allow":["GET"]}}],"collection":[{"href":"https:\/\/label.bet\/fr\/wp-json\/wp\/v2\/pages"}],"about":[{"href":"https:\/\/label.bet\/fr\/wp-json\/wp\/v2\/types\/page"}],"author":[{"embeddable":true,"href":"https:\/\/label.bet\/fr\/wp-json\/wp\/v2\/users\/1"}],"replies":[{"embeddable":true,"href":"https:\/\/label.bet\/fr\/wp-json\/wp\/v2\/comments?post=1931"}],"version-history":[{"count":5,"href":"https:\/\/label.bet\/fr\/wp-json\/wp\/v2\/pages\/1931\/revisions"}],"predecessor-version":[{"id":2119,"href":"https:\/\/label.bet\/fr\/wp-json\/wp\/v2\/pages\/1931\/revisions\/2119"}],"wp:attachment":[{"href":"https:\/\/label.bet\/fr\/wp-json\/wp\/v2\/media?parent=1931"}],"curies":[{"name":"wp","href":"https:\/\/api.w.org\/{rel}","templated":true}]}}