{"id":1999,"date":"2026-03-16T10:14:38","date_gmt":"2026-03-16T07:14:38","guid":{"rendered":"https:\/\/label.bet\/fr\/?page_id=1999"},"modified":"2026-03-19T17:40:51","modified_gmt":"2026-03-19T14:40:51","slug":"first-deposit","status":"publish","type":"page","link":"https:\/\/label.bet\/fr\/first-deposit\/","title":{"rendered":"Premier d\u00e9p\u00f4t"},"content":{"rendered":"","protected":false},"excerpt":{"rendered":"","protected":false},"author":1,"featured_media":0,"parent":0,"menu_order":0,"comment_status":"closed","ping_status":"closed","template":"","meta":{"_acf_changed":false,"footnotes":""},"class_list":["post-1999","page","type-page","status-publish","hentry"],"acf":[],"yoast_head":"<!-- This site is optimized with the Yoast SEO plugin v26.5 - https:\/\/yoast.com\/wordpress\/plugins\/seo\/ -->\n<title>BetLabel : bonus de 100 % sur le premier d\u00e9p\u00f4t jusqu&#039;\u00e0 100 \u20ac \u2013 Offre de bienvenue<\/title>\n<meta name=\"description\" content=\"Inscrivez-vous sur BetLabel et b\u00e9n\u00e9ficiez d&#039;un bonus de premier d\u00e9p\u00f4t de 100 % jusqu&#039;\u00e0 100 \u20ac. Doublez votre capital, placez des paris et commencez \u00e0 jouer d\u00e8s aujourd&#039;hui gr\u00e2ce \u00e0 l&#039;offre de bienvenue de BetLabel.\" \/>\n<meta name=\"robots\" content=\"index, follow, max-snippet:-1, max-image-preview:large, max-video-preview:-1\" \/>\n<meta property=\"og:locale\" content=\"fr_FR\" \/>\n<meta property=\"og:type\" content=\"article\" \/>\n<meta property=\"og:title\" content=\"BetLabel : bonus de 100 % sur le premier d\u00e9p\u00f4t jusqu&#039;\u00e0 100 \u20ac \u2013 Offre de bienvenue\" \/>\n<meta property=\"og:description\" content=\"Inscrivez-vous sur BetLabel et b\u00e9n\u00e9ficiez d&#039;un bonus de premier d\u00e9p\u00f4t de 100 % jusqu&#039;\u00e0 100 \u20ac. Doublez votre capital, placez des paris et commencez \u00e0 jouer d\u00e8s aujourd&#039;hui gr\u00e2ce \u00e0 l&#039;offre de bienvenue de BetLabel.\" \/>\n<meta property=\"og:url\" content=\"https:\/\/label.bet\/fr\/first-deposit\/\" \/>\n<meta property=\"og:site_name\" content=\"Betlabel fr\" \/>\n<meta property=\"article:modified_time\" content=\"2026-03-19T14:40:51+00:00\" \/>\n<meta name=\"twitter:card\" content=\"summary_large_image\" \/>\n<script type=\"application\/ld+json\" class=\"yoast-schema-graph\">{\"@context\":\"https:\/\/schema.org\",\"@graph\":[{\"@type\":\"WebPage\",\"@id\":\"https:\/\/label.bet\/fr\/first-deposit\/\",\"url\":\"https:\/\/label.bet\/fr\/first-deposit\/\",\"name\":\"BetLabel : bonus de 100 % sur le premier d\u00e9p\u00f4t jusqu'\u00e0 100 \u20ac \u2013 Offre de bienvenue\",\"isPartOf\":{\"@id\":\"https:\/\/label.bet\/fr\/#website\"},\"datePublished\":\"2026-03-16T07:14:38+00:00\",\"dateModified\":\"2026-03-19T14:40:51+00:00\",\"description\":\"Inscrivez-vous sur BetLabel et b\u00e9n\u00e9ficiez d'un bonus de premier d\u00e9p\u00f4t de 100 % jusqu'\u00e0 100 \u20ac. Doublez votre capital, placez des paris et commencez \u00e0 jouer d\u00e8s aujourd'hui gr\u00e2ce \u00e0 l'offre de bienvenue de BetLabel.\",\"inLanguage\":\"fr-FR\",\"potentialAction\":[{\"@type\":\"ReadAction\",\"target\":[\"https:\/\/label.bet\/fr\/first-deposit\/\"]}]},{\"@type\":\"WebSite\",\"@id\":\"https:\/\/label.bet\/fr\/#website\",\"url\":\"https:\/\/label.bet\/fr\/\",\"name\":\"Betlabel fr\",\"description\":\"\",\"potentialAction\":[{\"@type\":\"SearchAction\",\"target\":{\"@type\":\"EntryPoint\",\"urlTemplate\":\"https:\/\/label.bet\/fr\/?s={search_term_string}\"},\"query-input\":{\"@type\":\"PropertyValueSpecification\",\"valueRequired\":true,\"valueName\":\"search_term_string\"}}],\"inLanguage\":\"fr-FR\"}]}<\/script>\n<!-- \/ Yoast SEO plugin. -->","yoast_head_json":{"title":"BetLabel : bonus de 100 % sur le premier d\u00e9p\u00f4t jusqu'\u00e0 100 \u20ac \u2013 Offre de bienvenue","description":"Inscrivez-vous sur BetLabel et b\u00e9n\u00e9ficiez d'un bonus de premier d\u00e9p\u00f4t de 100 % jusqu'\u00e0 100 \u20ac. Doublez votre capital, placez des paris et commencez \u00e0 jouer d\u00e8s aujourd'hui gr\u00e2ce \u00e0 l'offre de bienvenue de BetLabel.","robots":{"index":"index","follow":"follow","max-snippet":"max-snippet:-1","max-image-preview":"max-image-preview:large","max-video-preview":"max-video-preview:-1"},"og_locale":"fr_FR","og_type":"article","og_title":"BetLabel : bonus de 100 % sur le premier d\u00e9p\u00f4t jusqu'\u00e0 100 \u20ac \u2013 Offre de bienvenue","og_description":"Inscrivez-vous sur BetLabel et b\u00e9n\u00e9ficiez d'un bonus de premier d\u00e9p\u00f4t de 100 % jusqu'\u00e0 100 \u20ac. Doublez votre capital, placez des paris et commencez \u00e0 jouer d\u00e8s aujourd'hui gr\u00e2ce \u00e0 l'offre de bienvenue de BetLabel.","og_url":"https:\/\/label.bet\/fr\/first-deposit\/","og_site_name":"Betlabel fr","article_modified_time":"2026-03-19T14:40:51+00:00","twitter_card":"summary_large_image","schema":{"@context":"https:\/\/schema.org","@graph":[{"@type":"WebPage","@id":"https:\/\/label.bet\/fr\/first-deposit\/","url":"https:\/\/label.bet\/fr\/first-deposit\/","name":"BetLabel : bonus de 100 % sur le premier d\u00e9p\u00f4t jusqu'\u00e0 100 \u20ac \u2013 Offre de bienvenue","isPartOf":{"@id":"https:\/\/label.bet\/fr\/#website"},"datePublished":"2026-03-16T07:14:38+00:00","dateModified":"2026-03-19T14:40:51+00:00","description":"Inscrivez-vous sur BetLabel et b\u00e9n\u00e9ficiez d'un bonus de premier d\u00e9p\u00f4t de 100 % jusqu'\u00e0 100 \u20ac. Doublez votre capital, placez des paris et commencez \u00e0 jouer d\u00e8s aujourd'hui gr\u00e2ce \u00e0 l'offre de bienvenue de BetLabel.","inLanguage":"fr-FR","potentialAction":[{"@type":"ReadAction","target":["https:\/\/label.bet\/fr\/first-deposit\/"]}]},{"@type":"WebSite","@id":"https:\/\/label.bet\/fr\/#website","url":"https:\/\/label.bet\/fr\/","name":"Betlabel fr","description":"","potentialAction":[{"@type":"SearchAction","target":{"@type":"EntryPoint","urlTemplate":"https:\/\/label.bet\/fr\/?s={search_term_string}"},"query-input":{"@type":"PropertyValueSpecification","valueRequired":true,"valueName":"search_term_string"}}],"inLanguage":"fr-FR"}]}},"_links":{"self":[{"href":"https:\/\/label.bet\/fr\/wp-json\/wp\/v2\/pages\/1999","targetHints":{"allow":["GET"]}}],"collection":[{"href":"https:\/\/label.bet\/fr\/wp-json\/wp\/v2\/pages"}],"about":[{"href":"https:\/\/label.bet\/fr\/wp-json\/wp\/v2\/types\/page"}],"author":[{"embeddable":true,"href":"https:\/\/label.bet\/fr\/wp-json\/wp\/v2\/users\/1"}],"replies":[{"embeddable":true,"href":"https:\/\/label.bet\/fr\/wp-json\/wp\/v2\/comments?post=1999"}],"version-history":[{"count":4,"href":"https:\/\/label.bet\/fr\/wp-json\/wp\/v2\/pages\/1999\/revisions"}],"predecessor-version":[{"id":2096,"href":"https:\/\/label.bet\/fr\/wp-json\/wp\/v2\/pages\/1999\/revisions\/2096"}],"wp:attachment":[{"href":"https:\/\/label.bet\/fr\/wp-json\/wp\/v2\/media?parent=1999"}],"curies":[{"name":"wp","href":"https:\/\/api.w.org\/{rel}","templated":true}]}}