{"id":2008,"date":"2026-03-16T11:01:19","date_gmt":"2026-03-16T08:01:19","guid":{"rendered":"https:\/\/label.bet\/fr\/?page_id=2008"},"modified":"2026-03-19T17:48:47","modified_gmt":"2026-03-19T14:48:47","slug":"free-bet","status":"publish","type":"page","link":"https:\/\/label.bet\/fr\/free-bet\/","title":{"rendered":"Pari gratuit"},"content":{"rendered":"","protected":false},"excerpt":{"rendered":"","protected":false},"author":1,"featured_media":0,"parent":0,"menu_order":0,"comment_status":"closed","ping_status":"closed","template":"","meta":{"_acf_changed":false,"footnotes":""},"class_list":["post-2008","page","type-page","status-publish","hentry"],"acf":[],"yoast_head":"<!-- This site is optimized with the Yoast SEO plugin v26.5 - https:\/\/yoast.com\/wordpress\/plugins\/seo\/ -->\n<title>BetLabel : 15 % de pari gratuit sur votre premier d\u00e9p\u00f4t \u2013 R\u00e9clamez votre bonus<\/title>\n<meta name=\"description\" content=\"Effectuez votre premier d\u00e9p\u00f4t sur BetLabel et recevez un pari gratuit de 15 % du montant de votre d\u00e9p\u00f4t. Inscrivez-vous d\u00e8s aujourd&#039;hui et boostez vos paris sportifs gr\u00e2ce \u00e0 ce pari suppl\u00e9mentaire.\" \/>\n<meta name=\"robots\" content=\"index, follow, max-snippet:-1, max-image-preview:large, max-video-preview:-1\" \/>\n<meta property=\"og:locale\" content=\"fr_FR\" \/>\n<meta property=\"og:type\" content=\"article\" \/>\n<meta property=\"og:title\" content=\"BetLabel : 15 % de pari gratuit sur votre premier d\u00e9p\u00f4t \u2013 R\u00e9clamez votre bonus\" \/>\n<meta property=\"og:description\" content=\"Effectuez votre premier d\u00e9p\u00f4t sur BetLabel et recevez un pari gratuit de 15 % du montant de votre d\u00e9p\u00f4t. Inscrivez-vous d\u00e8s aujourd&#039;hui et boostez vos paris sportifs gr\u00e2ce \u00e0 ce pari suppl\u00e9mentaire.\" \/>\n<meta property=\"og:url\" content=\"https:\/\/label.bet\/fr\/free-bet\/\" \/>\n<meta property=\"og:site_name\" content=\"Betlabel fr\" \/>\n<meta property=\"article:modified_time\" content=\"2026-03-19T14:48:47+00:00\" \/>\n<meta name=\"twitter:card\" content=\"summary_large_image\" \/>\n<script type=\"application\/ld+json\" class=\"yoast-schema-graph\">{\"@context\":\"https:\/\/schema.org\",\"@graph\":[{\"@type\":\"WebPage\",\"@id\":\"https:\/\/label.bet\/fr\/free-bet\/\",\"url\":\"https:\/\/label.bet\/fr\/free-bet\/\",\"name\":\"BetLabel : 15 % de pari gratuit sur votre premier d\u00e9p\u00f4t \u2013 R\u00e9clamez votre bonus\",\"isPartOf\":{\"@id\":\"https:\/\/label.bet\/fr\/#website\"},\"datePublished\":\"2026-03-16T08:01:19+00:00\",\"dateModified\":\"2026-03-19T14:48:47+00:00\",\"description\":\"Effectuez votre premier d\u00e9p\u00f4t sur BetLabel et recevez un pari gratuit de 15 % du montant de votre d\u00e9p\u00f4t. Inscrivez-vous d\u00e8s aujourd'hui et boostez vos paris sportifs gr\u00e2ce \u00e0 ce pari suppl\u00e9mentaire.\",\"inLanguage\":\"fr-FR\",\"potentialAction\":[{\"@type\":\"ReadAction\",\"target\":[\"https:\/\/label.bet\/fr\/free-bet\/\"]}]},{\"@type\":\"WebSite\",\"@id\":\"https:\/\/label.bet\/fr\/#website\",\"url\":\"https:\/\/label.bet\/fr\/\",\"name\":\"Betlabel fr\",\"description\":\"\",\"potentialAction\":[{\"@type\":\"SearchAction\",\"target\":{\"@type\":\"EntryPoint\",\"urlTemplate\":\"https:\/\/label.bet\/fr\/?s={search_term_string}\"},\"query-input\":{\"@type\":\"PropertyValueSpecification\",\"valueRequired\":true,\"valueName\":\"search_term_string\"}}],\"inLanguage\":\"fr-FR\"}]}<\/script>\n<!-- \/ Yoast SEO plugin. -->","yoast_head_json":{"title":"BetLabel : 15 % de pari gratuit sur votre premier d\u00e9p\u00f4t \u2013 R\u00e9clamez votre bonus","description":"Effectuez votre premier d\u00e9p\u00f4t sur BetLabel et recevez un pari gratuit de 15 % du montant de votre d\u00e9p\u00f4t. Inscrivez-vous d\u00e8s aujourd'hui et boostez vos paris sportifs gr\u00e2ce \u00e0 ce pari suppl\u00e9mentaire.","robots":{"index":"index","follow":"follow","max-snippet":"max-snippet:-1","max-image-preview":"max-image-preview:large","max-video-preview":"max-video-preview:-1"},"og_locale":"fr_FR","og_type":"article","og_title":"BetLabel : 15 % de pari gratuit sur votre premier d\u00e9p\u00f4t \u2013 R\u00e9clamez votre bonus","og_description":"Effectuez votre premier d\u00e9p\u00f4t sur BetLabel et recevez un pari gratuit de 15 % du montant de votre d\u00e9p\u00f4t. Inscrivez-vous d\u00e8s aujourd'hui et boostez vos paris sportifs gr\u00e2ce \u00e0 ce pari suppl\u00e9mentaire.","og_url":"https:\/\/label.bet\/fr\/free-bet\/","og_site_name":"Betlabel fr","article_modified_time":"2026-03-19T14:48:47+00:00","twitter_card":"summary_large_image","schema":{"@context":"https:\/\/schema.org","@graph":[{"@type":"WebPage","@id":"https:\/\/label.bet\/fr\/free-bet\/","url":"https:\/\/label.bet\/fr\/free-bet\/","name":"BetLabel : 15 % de pari gratuit sur votre premier d\u00e9p\u00f4t \u2013 R\u00e9clamez votre bonus","isPartOf":{"@id":"https:\/\/label.bet\/fr\/#website"},"datePublished":"2026-03-16T08:01:19+00:00","dateModified":"2026-03-19T14:48:47+00:00","description":"Effectuez votre premier d\u00e9p\u00f4t sur BetLabel et recevez un pari gratuit de 15 % du montant de votre d\u00e9p\u00f4t. Inscrivez-vous d\u00e8s aujourd'hui et boostez vos paris sportifs gr\u00e2ce \u00e0 ce pari suppl\u00e9mentaire.","inLanguage":"fr-FR","potentialAction":[{"@type":"ReadAction","target":["https:\/\/label.bet\/fr\/free-bet\/"]}]},{"@type":"WebSite","@id":"https:\/\/label.bet\/fr\/#website","url":"https:\/\/label.bet\/fr\/","name":"Betlabel fr","description":"","potentialAction":[{"@type":"SearchAction","target":{"@type":"EntryPoint","urlTemplate":"https:\/\/label.bet\/fr\/?s={search_term_string}"},"query-input":{"@type":"PropertyValueSpecification","valueRequired":true,"valueName":"search_term_string"}}],"inLanguage":"fr-FR"}]}},"_links":{"self":[{"href":"https:\/\/label.bet\/fr\/wp-json\/wp\/v2\/pages\/2008","targetHints":{"allow":["GET"]}}],"collection":[{"href":"https:\/\/label.bet\/fr\/wp-json\/wp\/v2\/pages"}],"about":[{"href":"https:\/\/label.bet\/fr\/wp-json\/wp\/v2\/types\/page"}],"author":[{"embeddable":true,"href":"https:\/\/label.bet\/fr\/wp-json\/wp\/v2\/users\/1"}],"replies":[{"embeddable":true,"href":"https:\/\/label.bet\/fr\/wp-json\/wp\/v2\/comments?post=2008"}],"version-history":[{"count":4,"href":"https:\/\/label.bet\/fr\/wp-json\/wp\/v2\/pages\/2008\/revisions"}],"predecessor-version":[{"id":2099,"href":"https:\/\/label.bet\/fr\/wp-json\/wp\/v2\/pages\/2008\/revisions\/2099"}],"wp:attachment":[{"href":"https:\/\/label.bet\/fr\/wp-json\/wp\/v2\/media?parent=2008"}],"curies":[{"name":"wp","href":"https:\/\/api.w.org\/{rel}","templated":true}]}}