{"id":2013,"date":"2026-03-16T11:17:51","date_gmt":"2026-03-16T08:17:51","guid":{"rendered":"https:\/\/label.bet\/fr\/?page_id=2013"},"modified":"2026-03-20T00:55:17","modified_gmt":"2026-03-19T21:55:17","slug":"vip-cashback","status":"publish","type":"page","link":"https:\/\/label.bet\/fr\/vip-cashback\/","title":{"rendered":"VIP cashback"},"content":{"rendered":"","protected":false},"excerpt":{"rendered":"","protected":false},"author":1,"featured_media":0,"parent":0,"menu_order":0,"comment_status":"closed","ping_status":"closed","template":"","meta":{"_acf_changed":false,"footnotes":""},"class_list":["post-2013","page","type-page","status-publish","hentry"],"acf":[],"yoast_head":"<!-- This site is optimized with the Yoast SEO plugin v26.5 - https:\/\/yoast.com\/wordpress\/plugins\/seo\/ -->\n<title>Programme VIP BetLabel \u2013 B\u00e9n\u00e9ficiez d&#039;une remise en argent exclusive<\/title>\n<meta name=\"description\" content=\"Merci d&#039;avoir choisi BetLabel ! Rejoignez notre programme de fid\u00e9lit\u00e9 VIP et profitez d&#039;avantages exclusifs, de remises en argent de plus en plus g\u00e9n\u00e9reuses et d&#039;avantages haut de gamme r\u00e9serv\u00e9s \u00e0 nos joueurs fid\u00e8les.\" \/>\n<meta name=\"robots\" content=\"index, follow, max-snippet:-1, max-image-preview:large, max-video-preview:-1\" \/>\n<meta property=\"og:locale\" content=\"fr_FR\" \/>\n<meta property=\"og:type\" content=\"article\" \/>\n<meta property=\"og:title\" content=\"Programme VIP BetLabel \u2013 B\u00e9n\u00e9ficiez d&#039;une remise en argent exclusive\" \/>\n<meta property=\"og:description\" content=\"Merci d&#039;avoir choisi BetLabel ! Rejoignez notre programme de fid\u00e9lit\u00e9 VIP et profitez d&#039;avantages exclusifs, de remises en argent de plus en plus g\u00e9n\u00e9reuses et d&#039;avantages haut de gamme r\u00e9serv\u00e9s \u00e0 nos joueurs fid\u00e8les.\" \/>\n<meta property=\"og:url\" content=\"https:\/\/label.bet\/fr\/vip-cashback\/\" \/>\n<meta property=\"og:site_name\" content=\"Betlabel fr\" \/>\n<meta property=\"article:modified_time\" content=\"2026-03-19T21:55:17+00:00\" \/>\n<meta name=\"twitter:card\" content=\"summary_large_image\" \/>\n<script type=\"application\/ld+json\" class=\"yoast-schema-graph\">{\"@context\":\"https:\/\/schema.org\",\"@graph\":[{\"@type\":\"WebPage\",\"@id\":\"https:\/\/label.bet\/fr\/vip-cashback\/\",\"url\":\"https:\/\/label.bet\/fr\/vip-cashback\/\",\"name\":\"Programme VIP BetLabel \u2013 B\u00e9n\u00e9ficiez d'une remise en argent exclusive\",\"isPartOf\":{\"@id\":\"https:\/\/label.bet\/fr\/#website\"},\"datePublished\":\"2026-03-16T08:17:51+00:00\",\"dateModified\":\"2026-03-19T21:55:17+00:00\",\"description\":\"Merci d'avoir choisi BetLabel ! Rejoignez notre programme de fid\u00e9lit\u00e9 VIP et profitez d'avantages exclusifs, de remises en argent de plus en plus g\u00e9n\u00e9reuses et d'avantages haut de gamme r\u00e9serv\u00e9s \u00e0 nos joueurs fid\u00e8les.\",\"inLanguage\":\"fr-FR\",\"potentialAction\":[{\"@type\":\"ReadAction\",\"target\":[\"https:\/\/label.bet\/fr\/vip-cashback\/\"]}]},{\"@type\":\"WebSite\",\"@id\":\"https:\/\/label.bet\/fr\/#website\",\"url\":\"https:\/\/label.bet\/fr\/\",\"name\":\"Betlabel fr\",\"description\":\"\",\"potentialAction\":[{\"@type\":\"SearchAction\",\"target\":{\"@type\":\"EntryPoint\",\"urlTemplate\":\"https:\/\/label.bet\/fr\/?s={search_term_string}\"},\"query-input\":{\"@type\":\"PropertyValueSpecification\",\"valueRequired\":true,\"valueName\":\"search_term_string\"}}],\"inLanguage\":\"fr-FR\"}]}<\/script>\n<!-- \/ Yoast SEO plugin. -->","yoast_head_json":{"title":"Programme VIP BetLabel \u2013 B\u00e9n\u00e9ficiez d'une remise en argent exclusive","description":"Merci d'avoir choisi BetLabel ! Rejoignez notre programme de fid\u00e9lit\u00e9 VIP et profitez d'avantages exclusifs, de remises en argent de plus en plus g\u00e9n\u00e9reuses et d'avantages haut de gamme r\u00e9serv\u00e9s \u00e0 nos joueurs fid\u00e8les.","robots":{"index":"index","follow":"follow","max-snippet":"max-snippet:-1","max-image-preview":"max-image-preview:large","max-video-preview":"max-video-preview:-1"},"og_locale":"fr_FR","og_type":"article","og_title":"Programme VIP BetLabel \u2013 B\u00e9n\u00e9ficiez d'une remise en argent exclusive","og_description":"Merci d'avoir choisi BetLabel ! Rejoignez notre programme de fid\u00e9lit\u00e9 VIP et profitez d'avantages exclusifs, de remises en argent de plus en plus g\u00e9n\u00e9reuses et d'avantages haut de gamme r\u00e9serv\u00e9s \u00e0 nos joueurs fid\u00e8les.","og_url":"https:\/\/label.bet\/fr\/vip-cashback\/","og_site_name":"Betlabel fr","article_modified_time":"2026-03-19T21:55:17+00:00","twitter_card":"summary_large_image","schema":{"@context":"https:\/\/schema.org","@graph":[{"@type":"WebPage","@id":"https:\/\/label.bet\/fr\/vip-cashback\/","url":"https:\/\/label.bet\/fr\/vip-cashback\/","name":"Programme VIP BetLabel \u2013 B\u00e9n\u00e9ficiez d'une remise en argent exclusive","isPartOf":{"@id":"https:\/\/label.bet\/fr\/#website"},"datePublished":"2026-03-16T08:17:51+00:00","dateModified":"2026-03-19T21:55:17+00:00","description":"Merci d'avoir choisi BetLabel ! Rejoignez notre programme de fid\u00e9lit\u00e9 VIP et profitez d'avantages exclusifs, de remises en argent de plus en plus g\u00e9n\u00e9reuses et d'avantages haut de gamme r\u00e9serv\u00e9s \u00e0 nos joueurs fid\u00e8les.","inLanguage":"fr-FR","potentialAction":[{"@type":"ReadAction","target":["https:\/\/label.bet\/fr\/vip-cashback\/"]}]},{"@type":"WebSite","@id":"https:\/\/label.bet\/fr\/#website","url":"https:\/\/label.bet\/fr\/","name":"Betlabel fr","description":"","potentialAction":[{"@type":"SearchAction","target":{"@type":"EntryPoint","urlTemplate":"https:\/\/label.bet\/fr\/?s={search_term_string}"},"query-input":{"@type":"PropertyValueSpecification","valueRequired":true,"valueName":"search_term_string"}}],"inLanguage":"fr-FR"}]}},"_links":{"self":[{"href":"https:\/\/label.bet\/fr\/wp-json\/wp\/v2\/pages\/2013","targetHints":{"allow":["GET"]}}],"collection":[{"href":"https:\/\/label.bet\/fr\/wp-json\/wp\/v2\/pages"}],"about":[{"href":"https:\/\/label.bet\/fr\/wp-json\/wp\/v2\/types\/page"}],"author":[{"embeddable":true,"href":"https:\/\/label.bet\/fr\/wp-json\/wp\/v2\/users\/1"}],"replies":[{"embeddable":true,"href":"https:\/\/label.bet\/fr\/wp-json\/wp\/v2\/comments?post=2013"}],"version-history":[{"count":2,"href":"https:\/\/label.bet\/fr\/wp-json\/wp\/v2\/pages\/2013\/revisions"}],"predecessor-version":[{"id":2123,"href":"https:\/\/label.bet\/fr\/wp-json\/wp\/v2\/pages\/2013\/revisions\/2123"}],"wp:attachment":[{"href":"https:\/\/label.bet\/fr\/wp-json\/wp\/v2\/media?parent=2013"}],"curies":[{"name":"wp","href":"https:\/\/api.w.org\/{rel}","templated":true}]}}