{"id":2016,"date":"2026-03-16T12:21:51","date_gmt":"2026-03-16T09:21:51","guid":{"rendered":"https:\/\/label.bet\/fr\/?page_id=2016"},"modified":"2026-03-20T00:16:32","modified_gmt":"2026-03-19T21:16:32","slug":"bonus-app","status":"publish","type":"page","link":"https:\/\/label.bet\/fr\/bonus-app\/","title":{"rendered":"Bonus pour l&rsquo;application mobile"},"content":{"rendered":"","protected":false},"excerpt":{"rendered":"","protected":false},"author":1,"featured_media":0,"parent":0,"menu_order":0,"comment_status":"closed","ping_status":"closed","template":"","meta":{"_acf_changed":false,"footnotes":""},"class_list":["post-2016","page","type-page","status-publish","hentry"],"acf":[],"yoast_head":"<!-- This site is optimized with the Yoast SEO plugin v26.5 - https:\/\/yoast.com\/wordpress\/plugins\/seo\/ -->\n<title>Bonus BetLabel \u2013 Recevez jusqu&#039;\u00e0 250 \u20ac via l&#039;application mobile<\/title>\n<meta name=\"description\" content=\"Placez vos paris via l&#039;application mobile BetLabel et recevez un bonus mensuel pouvant aller jusqu&#039;\u00e0 250 \u20ac. Restez actif, pariez depuis votre t\u00e9l\u00e9phone et profitez de r\u00e9compenses exclusives r\u00e9serv\u00e9es aux utilisateurs de l&#039;application.\" \/>\n<meta name=\"robots\" content=\"index, follow, max-snippet:-1, max-image-preview:large, max-video-preview:-1\" \/>\n<meta property=\"og:locale\" content=\"fr_FR\" \/>\n<meta property=\"og:type\" content=\"article\" \/>\n<meta property=\"og:title\" content=\"Bonus BetLabel \u2013 Recevez jusqu&#039;\u00e0 250 \u20ac via l&#039;application mobile\" \/>\n<meta property=\"og:description\" content=\"Placez vos paris via l&#039;application mobile BetLabel et recevez un bonus mensuel pouvant aller jusqu&#039;\u00e0 250 \u20ac. Restez actif, pariez depuis votre t\u00e9l\u00e9phone et profitez de r\u00e9compenses exclusives r\u00e9serv\u00e9es aux utilisateurs de l&#039;application.\" \/>\n<meta property=\"og:url\" content=\"https:\/\/label.bet\/fr\/bonus-app\/\" \/>\n<meta property=\"og:site_name\" content=\"Betlabel fr\" \/>\n<meta property=\"article:modified_time\" content=\"2026-03-19T21:16:32+00:00\" \/>\n<meta name=\"twitter:card\" content=\"summary_large_image\" \/>\n<script type=\"application\/ld+json\" class=\"yoast-schema-graph\">{\"@context\":\"https:\/\/schema.org\",\"@graph\":[{\"@type\":\"WebPage\",\"@id\":\"https:\/\/label.bet\/fr\/bonus-app\/\",\"url\":\"https:\/\/label.bet\/fr\/bonus-app\/\",\"name\":\"Bonus BetLabel \u2013 Recevez jusqu'\u00e0 250 \u20ac via l'application mobile\",\"isPartOf\":{\"@id\":\"https:\/\/label.bet\/fr\/#website\"},\"datePublished\":\"2026-03-16T09:21:51+00:00\",\"dateModified\":\"2026-03-19T21:16:32+00:00\",\"description\":\"Placez vos paris via l'application mobile BetLabel et recevez un bonus mensuel pouvant aller jusqu'\u00e0 250 \u20ac. Restez actif, pariez depuis votre t\u00e9l\u00e9phone et profitez de r\u00e9compenses exclusives r\u00e9serv\u00e9es aux utilisateurs de l'application.\",\"inLanguage\":\"fr-FR\",\"potentialAction\":[{\"@type\":\"ReadAction\",\"target\":[\"https:\/\/label.bet\/fr\/bonus-app\/\"]}]},{\"@type\":\"WebSite\",\"@id\":\"https:\/\/label.bet\/fr\/#website\",\"url\":\"https:\/\/label.bet\/fr\/\",\"name\":\"Betlabel fr\",\"description\":\"\",\"potentialAction\":[{\"@type\":\"SearchAction\",\"target\":{\"@type\":\"EntryPoint\",\"urlTemplate\":\"https:\/\/label.bet\/fr\/?s={search_term_string}\"},\"query-input\":{\"@type\":\"PropertyValueSpecification\",\"valueRequired\":true,\"valueName\":\"search_term_string\"}}],\"inLanguage\":\"fr-FR\"}]}<\/script>\n<!-- \/ Yoast SEO plugin. -->","yoast_head_json":{"title":"Bonus BetLabel \u2013 Recevez jusqu'\u00e0 250 \u20ac via l'application mobile","description":"Placez vos paris via l'application mobile BetLabel et recevez un bonus mensuel pouvant aller jusqu'\u00e0 250 \u20ac. Restez actif, pariez depuis votre t\u00e9l\u00e9phone et profitez de r\u00e9compenses exclusives r\u00e9serv\u00e9es aux utilisateurs de l'application.","robots":{"index":"index","follow":"follow","max-snippet":"max-snippet:-1","max-image-preview":"max-image-preview:large","max-video-preview":"max-video-preview:-1"},"og_locale":"fr_FR","og_type":"article","og_title":"Bonus BetLabel \u2013 Recevez jusqu'\u00e0 250 \u20ac via l'application mobile","og_description":"Placez vos paris via l'application mobile BetLabel et recevez un bonus mensuel pouvant aller jusqu'\u00e0 250 \u20ac. Restez actif, pariez depuis votre t\u00e9l\u00e9phone et profitez de r\u00e9compenses exclusives r\u00e9serv\u00e9es aux utilisateurs de l'application.","og_url":"https:\/\/label.bet\/fr\/bonus-app\/","og_site_name":"Betlabel fr","article_modified_time":"2026-03-19T21:16:32+00:00","twitter_card":"summary_large_image","schema":{"@context":"https:\/\/schema.org","@graph":[{"@type":"WebPage","@id":"https:\/\/label.bet\/fr\/bonus-app\/","url":"https:\/\/label.bet\/fr\/bonus-app\/","name":"Bonus BetLabel \u2013 Recevez jusqu'\u00e0 250 \u20ac via l'application mobile","isPartOf":{"@id":"https:\/\/label.bet\/fr\/#website"},"datePublished":"2026-03-16T09:21:51+00:00","dateModified":"2026-03-19T21:16:32+00:00","description":"Placez vos paris via l'application mobile BetLabel et recevez un bonus mensuel pouvant aller jusqu'\u00e0 250 \u20ac. Restez actif, pariez depuis votre t\u00e9l\u00e9phone et profitez de r\u00e9compenses exclusives r\u00e9serv\u00e9es aux utilisateurs de l'application.","inLanguage":"fr-FR","potentialAction":[{"@type":"ReadAction","target":["https:\/\/label.bet\/fr\/bonus-app\/"]}]},{"@type":"WebSite","@id":"https:\/\/label.bet\/fr\/#website","url":"https:\/\/label.bet\/fr\/","name":"Betlabel fr","description":"","potentialAction":[{"@type":"SearchAction","target":{"@type":"EntryPoint","urlTemplate":"https:\/\/label.bet\/fr\/?s={search_term_string}"},"query-input":{"@type":"PropertyValueSpecification","valueRequired":true,"valueName":"search_term_string"}}],"inLanguage":"fr-FR"}]}},"_links":{"self":[{"href":"https:\/\/label.bet\/fr\/wp-json\/wp\/v2\/pages\/2016","targetHints":{"allow":["GET"]}}],"collection":[{"href":"https:\/\/label.bet\/fr\/wp-json\/wp\/v2\/pages"}],"about":[{"href":"https:\/\/label.bet\/fr\/wp-json\/wp\/v2\/types\/page"}],"author":[{"embeddable":true,"href":"https:\/\/label.bet\/fr\/wp-json\/wp\/v2\/users\/1"}],"replies":[{"embeddable":true,"href":"https:\/\/label.bet\/fr\/wp-json\/wp\/v2\/comments?post=2016"}],"version-history":[{"count":4,"href":"https:\/\/label.bet\/fr\/wp-json\/wp\/v2\/pages\/2016\/revisions"}],"predecessor-version":[{"id":2108,"href":"https:\/\/label.bet\/fr\/wp-json\/wp\/v2\/pages\/2016\/revisions\/2108"}],"wp:attachment":[{"href":"https:\/\/label.bet\/fr\/wp-json\/wp\/v2\/media?parent=2016"}],"curies":[{"name":"wp","href":"https:\/\/api.w.org\/{rel}","templated":true}]}}