{"id":2027,"date":"2026-03-16T13:17:17","date_gmt":"2026-03-16T10:17:17","guid":{"rendered":"https:\/\/label.bet\/fr\/?page_id=2027"},"modified":"2026-03-19T13:46:22","modified_gmt":"2026-03-19T10:46:22","slug":"accumulator-insurance","status":"publish","type":"page","link":"https:\/\/label.bet\/fr\/accumulator-insurance\/","title":{"rendered":"Assurance accumulateur"},"content":{"rendered":"","protected":false},"excerpt":{"rendered":"","protected":false},"author":1,"featured_media":0,"parent":0,"menu_order":0,"comment_status":"closed","ping_status":"closed","template":"","meta":{"_acf_changed":false,"footnotes":""},"class_list":["post-2027","page","type-page","status-publish","hentry"],"acf":[],"yoast_head":"<!-- This site is optimized with the Yoast SEO plugin v26.5 - https:\/\/yoast.com\/wordpress\/plugins\/seo\/ -->\n<title>Assurance combin\u00e9 BetLabel \u2013 Remboursement de 100 % de la mise<\/title>\n<meta name=\"description\" content=\"Placez des paris combin\u00e9s comprenant au moins 7 s\u00e9lections sur BetLabel et b\u00e9n\u00e9ficiez d&#039;une assurance pari combin\u00e9 \u00e0 100 %. Si une seule s\u00e9lection est perdante, votre mise vous est rembours\u00e9e. Les paris d&#039;avant-match et en direct sont inclus.\" \/>\n<meta name=\"robots\" content=\"index, follow, max-snippet:-1, max-image-preview:large, max-video-preview:-1\" \/>\n<meta property=\"og:locale\" content=\"fr_FR\" \/>\n<meta property=\"og:type\" content=\"article\" \/>\n<meta property=\"og:title\" content=\"Assurance combin\u00e9 BetLabel \u2013 Remboursement de 100 % de la mise\" \/>\n<meta property=\"og:description\" content=\"Placez des paris combin\u00e9s comprenant au moins 7 s\u00e9lections sur BetLabel et b\u00e9n\u00e9ficiez d&#039;une assurance pari combin\u00e9 \u00e0 100 %. Si une seule s\u00e9lection est perdante, votre mise vous est rembours\u00e9e. Les paris d&#039;avant-match et en direct sont inclus.\" \/>\n<meta property=\"og:url\" content=\"https:\/\/label.bet\/fr\/accumulator-insurance\/\" \/>\n<meta property=\"og:site_name\" content=\"Betlabel fr\" \/>\n<meta property=\"article:modified_time\" content=\"2026-03-19T10:46:22+00:00\" \/>\n<meta name=\"twitter:card\" content=\"summary_large_image\" \/>\n<script type=\"application\/ld+json\" class=\"yoast-schema-graph\">{\"@context\":\"https:\/\/schema.org\",\"@graph\":[{\"@type\":\"WebPage\",\"@id\":\"https:\/\/label.bet\/fr\/accumulator-insurance\/\",\"url\":\"https:\/\/label.bet\/fr\/accumulator-insurance\/\",\"name\":\"Assurance combin\u00e9 BetLabel \u2013 Remboursement de 100 % de la mise\",\"isPartOf\":{\"@id\":\"https:\/\/label.bet\/fr\/#website\"},\"datePublished\":\"2026-03-16T10:17:17+00:00\",\"dateModified\":\"2026-03-19T10:46:22+00:00\",\"description\":\"Placez des paris combin\u00e9s comprenant au moins 7 s\u00e9lections sur BetLabel et b\u00e9n\u00e9ficiez d'une assurance pari combin\u00e9 \u00e0 100 %. Si une seule s\u00e9lection est perdante, votre mise vous est rembours\u00e9e. Les paris d'avant-match et en direct sont inclus.\",\"inLanguage\":\"fr-FR\",\"potentialAction\":[{\"@type\":\"ReadAction\",\"target\":[\"https:\/\/label.bet\/fr\/accumulator-insurance\/\"]}]},{\"@type\":\"WebSite\",\"@id\":\"https:\/\/label.bet\/fr\/#website\",\"url\":\"https:\/\/label.bet\/fr\/\",\"name\":\"Betlabel fr\",\"description\":\"\",\"potentialAction\":[{\"@type\":\"SearchAction\",\"target\":{\"@type\":\"EntryPoint\",\"urlTemplate\":\"https:\/\/label.bet\/fr\/?s={search_term_string}\"},\"query-input\":{\"@type\":\"PropertyValueSpecification\",\"valueRequired\":true,\"valueName\":\"search_term_string\"}}],\"inLanguage\":\"fr-FR\"}]}<\/script>\n<!-- \/ Yoast SEO plugin. -->","yoast_head_json":{"title":"Assurance combin\u00e9 BetLabel \u2013 Remboursement de 100 % de la mise","description":"Placez des paris combin\u00e9s comprenant au moins 7 s\u00e9lections sur BetLabel et b\u00e9n\u00e9ficiez d'une assurance pari combin\u00e9 \u00e0 100 %. Si une seule s\u00e9lection est perdante, votre mise vous est rembours\u00e9e. Les paris d'avant-match et en direct sont inclus.","robots":{"index":"index","follow":"follow","max-snippet":"max-snippet:-1","max-image-preview":"max-image-preview:large","max-video-preview":"max-video-preview:-1"},"og_locale":"fr_FR","og_type":"article","og_title":"Assurance combin\u00e9 BetLabel \u2013 Remboursement de 100 % de la mise","og_description":"Placez des paris combin\u00e9s comprenant au moins 7 s\u00e9lections sur BetLabel et b\u00e9n\u00e9ficiez d'une assurance pari combin\u00e9 \u00e0 100 %. Si une seule s\u00e9lection est perdante, votre mise vous est rembours\u00e9e. Les paris d'avant-match et en direct sont inclus.","og_url":"https:\/\/label.bet\/fr\/accumulator-insurance\/","og_site_name":"Betlabel fr","article_modified_time":"2026-03-19T10:46:22+00:00","twitter_card":"summary_large_image","schema":{"@context":"https:\/\/schema.org","@graph":[{"@type":"WebPage","@id":"https:\/\/label.bet\/fr\/accumulator-insurance\/","url":"https:\/\/label.bet\/fr\/accumulator-insurance\/","name":"Assurance combin\u00e9 BetLabel \u2013 Remboursement de 100 % de la mise","isPartOf":{"@id":"https:\/\/label.bet\/fr\/#website"},"datePublished":"2026-03-16T10:17:17+00:00","dateModified":"2026-03-19T10:46:22+00:00","description":"Placez des paris combin\u00e9s comprenant au moins 7 s\u00e9lections sur BetLabel et b\u00e9n\u00e9ficiez d'une assurance pari combin\u00e9 \u00e0 100 %. Si une seule s\u00e9lection est perdante, votre mise vous est rembours\u00e9e. Les paris d'avant-match et en direct sont inclus.","inLanguage":"fr-FR","potentialAction":[{"@type":"ReadAction","target":["https:\/\/label.bet\/fr\/accumulator-insurance\/"]}]},{"@type":"WebSite","@id":"https:\/\/label.bet\/fr\/#website","url":"https:\/\/label.bet\/fr\/","name":"Betlabel fr","description":"","potentialAction":[{"@type":"SearchAction","target":{"@type":"EntryPoint","urlTemplate":"https:\/\/label.bet\/fr\/?s={search_term_string}"},"query-input":{"@type":"PropertyValueSpecification","valueRequired":true,"valueName":"search_term_string"}}],"inLanguage":"fr-FR"}]}},"_links":{"self":[{"href":"https:\/\/label.bet\/fr\/wp-json\/wp\/v2\/pages\/2027","targetHints":{"allow":["GET"]}}],"collection":[{"href":"https:\/\/label.bet\/fr\/wp-json\/wp\/v2\/pages"}],"about":[{"href":"https:\/\/label.bet\/fr\/wp-json\/wp\/v2\/types\/page"}],"author":[{"embeddable":true,"href":"https:\/\/label.bet\/fr\/wp-json\/wp\/v2\/users\/1"}],"replies":[{"embeddable":true,"href":"https:\/\/label.bet\/fr\/wp-json\/wp\/v2\/comments?post=2027"}],"version-history":[{"count":4,"href":"https:\/\/label.bet\/fr\/wp-json\/wp\/v2\/pages\/2027\/revisions"}],"predecessor-version":[{"id":2080,"href":"https:\/\/label.bet\/fr\/wp-json\/wp\/v2\/pages\/2027\/revisions\/2080"}],"wp:attachment":[{"href":"https:\/\/label.bet\/fr\/wp-json\/wp\/v2\/media?parent=2027"}],"curies":[{"name":"wp","href":"https:\/\/api.w.org\/{rel}","templated":true}]}}