{"id":2034,"date":"2026-03-16T13:49:55","date_gmt":"2026-03-16T10:49:55","guid":{"rendered":"https:\/\/label.bet\/fr\/?page_id=2034"},"modified":"2026-03-30T13:04:15","modified_gmt":"2026-03-30T10:04:15","slug":"losing-bets","status":"publish","type":"page","link":"https:\/\/label.bet\/fr\/losing-bets\/","title":{"rendered":"Paris perdants"},"content":{"rendered":"","protected":false},"excerpt":{"rendered":"","protected":false},"author":1,"featured_media":0,"parent":0,"menu_order":0,"comment_status":"closed","ping_status":"closed","template":"","meta":{"_acf_changed":false,"footnotes":""},"class_list":["post-2034","page","type-page","status-publish","hentry"],"acf":[],"yoast_head":"<!-- This site is optimized with the Yoast SEO plugin v26.5 - https:\/\/yoast.com\/wordpress\/plugins\/seo\/ -->\n<title>S\u00e9rie de d\u00e9faites BetLabel \u2013 Bonus pour les paris perdants cons\u00e9cutifs<\/title>\n<meta name=\"description\" content=\"BetLabel r\u00e9compense ses joueurs en leur offrant un bonus apr\u00e8s une s\u00e9rie de paris perdants. Continuez \u00e0 parier en toute confiance et soyez r\u00e9compens\u00e9 m\u00eame si la chance ne vous sourit pas.\" \/>\n<meta name=\"robots\" content=\"index, follow, max-snippet:-1, max-image-preview:large, max-video-preview:-1\" \/>\n<meta property=\"og:locale\" content=\"fr_FR\" \/>\n<meta property=\"og:type\" content=\"article\" \/>\n<meta property=\"og:title\" content=\"S\u00e9rie de d\u00e9faites BetLabel \u2013 Bonus pour les paris perdants cons\u00e9cutifs\" \/>\n<meta property=\"og:description\" content=\"BetLabel r\u00e9compense ses joueurs en leur offrant un bonus apr\u00e8s une s\u00e9rie de paris perdants. Continuez \u00e0 parier en toute confiance et soyez r\u00e9compens\u00e9 m\u00eame si la chance ne vous sourit pas.\" \/>\n<meta property=\"og:url\" content=\"https:\/\/label.bet\/fr\/losing-bets\/\" \/>\n<meta property=\"og:site_name\" content=\"Betlabel fr\" \/>\n<meta property=\"article:modified_time\" content=\"2026-03-30T10:04:15+00:00\" \/>\n<meta name=\"twitter:card\" content=\"summary_large_image\" \/>\n<script type=\"application\/ld+json\" class=\"yoast-schema-graph\">{\"@context\":\"https:\/\/schema.org\",\"@graph\":[{\"@type\":\"WebPage\",\"@id\":\"https:\/\/label.bet\/fr\/losing-bets\/\",\"url\":\"https:\/\/label.bet\/fr\/losing-bets\/\",\"name\":\"S\u00e9rie de d\u00e9faites BetLabel \u2013 Bonus pour les paris perdants cons\u00e9cutifs\",\"isPartOf\":{\"@id\":\"https:\/\/label.bet\/fr\/#website\"},\"datePublished\":\"2026-03-16T10:49:55+00:00\",\"dateModified\":\"2026-03-30T10:04:15+00:00\",\"description\":\"BetLabel r\u00e9compense ses joueurs en leur offrant un bonus apr\u00e8s une s\u00e9rie de paris perdants. Continuez \u00e0 parier en toute confiance et soyez r\u00e9compens\u00e9 m\u00eame si la chance ne vous sourit pas.\",\"inLanguage\":\"fr-FR\",\"potentialAction\":[{\"@type\":\"ReadAction\",\"target\":[\"https:\/\/label.bet\/fr\/losing-bets\/\"]}]},{\"@type\":\"WebSite\",\"@id\":\"https:\/\/label.bet\/fr\/#website\",\"url\":\"https:\/\/label.bet\/fr\/\",\"name\":\"Betlabel fr\",\"description\":\"\",\"potentialAction\":[{\"@type\":\"SearchAction\",\"target\":{\"@type\":\"EntryPoint\",\"urlTemplate\":\"https:\/\/label.bet\/fr\/?s={search_term_string}\"},\"query-input\":{\"@type\":\"PropertyValueSpecification\",\"valueRequired\":true,\"valueName\":\"search_term_string\"}}],\"inLanguage\":\"fr-FR\"}]}<\/script>\n<!-- \/ Yoast SEO plugin. -->","yoast_head_json":{"title":"S\u00e9rie de d\u00e9faites BetLabel \u2013 Bonus pour les paris perdants cons\u00e9cutifs","description":"BetLabel r\u00e9compense ses joueurs en leur offrant un bonus apr\u00e8s une s\u00e9rie de paris perdants. Continuez \u00e0 parier en toute confiance et soyez r\u00e9compens\u00e9 m\u00eame si la chance ne vous sourit pas.","robots":{"index":"index","follow":"follow","max-snippet":"max-snippet:-1","max-image-preview":"max-image-preview:large","max-video-preview":"max-video-preview:-1"},"og_locale":"fr_FR","og_type":"article","og_title":"S\u00e9rie de d\u00e9faites BetLabel \u2013 Bonus pour les paris perdants cons\u00e9cutifs","og_description":"BetLabel r\u00e9compense ses joueurs en leur offrant un bonus apr\u00e8s une s\u00e9rie de paris perdants. Continuez \u00e0 parier en toute confiance et soyez r\u00e9compens\u00e9 m\u00eame si la chance ne vous sourit pas.","og_url":"https:\/\/label.bet\/fr\/losing-bets\/","og_site_name":"Betlabel fr","article_modified_time":"2026-03-30T10:04:15+00:00","twitter_card":"summary_large_image","schema":{"@context":"https:\/\/schema.org","@graph":[{"@type":"WebPage","@id":"https:\/\/label.bet\/fr\/losing-bets\/","url":"https:\/\/label.bet\/fr\/losing-bets\/","name":"S\u00e9rie de d\u00e9faites BetLabel \u2013 Bonus pour les paris perdants cons\u00e9cutifs","isPartOf":{"@id":"https:\/\/label.bet\/fr\/#website"},"datePublished":"2026-03-16T10:49:55+00:00","dateModified":"2026-03-30T10:04:15+00:00","description":"BetLabel r\u00e9compense ses joueurs en leur offrant un bonus apr\u00e8s une s\u00e9rie de paris perdants. Continuez \u00e0 parier en toute confiance et soyez r\u00e9compens\u00e9 m\u00eame si la chance ne vous sourit pas.","inLanguage":"fr-FR","potentialAction":[{"@type":"ReadAction","target":["https:\/\/label.bet\/fr\/losing-bets\/"]}]},{"@type":"WebSite","@id":"https:\/\/label.bet\/fr\/#website","url":"https:\/\/label.bet\/fr\/","name":"Betlabel fr","description":"","potentialAction":[{"@type":"SearchAction","target":{"@type":"EntryPoint","urlTemplate":"https:\/\/label.bet\/fr\/?s={search_term_string}"},"query-input":{"@type":"PropertyValueSpecification","valueRequired":true,"valueName":"search_term_string"}}],"inLanguage":"fr-FR"}]}},"_links":{"self":[{"href":"https:\/\/label.bet\/fr\/wp-json\/wp\/v2\/pages\/2034","targetHints":{"allow":["GET"]}}],"collection":[{"href":"https:\/\/label.bet\/fr\/wp-json\/wp\/v2\/pages"}],"about":[{"href":"https:\/\/label.bet\/fr\/wp-json\/wp\/v2\/types\/page"}],"author":[{"embeddable":true,"href":"https:\/\/label.bet\/fr\/wp-json\/wp\/v2\/users\/1"}],"replies":[{"embeddable":true,"href":"https:\/\/label.bet\/fr\/wp-json\/wp\/v2\/comments?post=2034"}],"version-history":[{"count":3,"href":"https:\/\/label.bet\/fr\/wp-json\/wp\/v2\/pages\/2034\/revisions"}],"predecessor-version":[{"id":2138,"href":"https:\/\/label.bet\/fr\/wp-json\/wp\/v2\/pages\/2034\/revisions\/2138"}],"wp:attachment":[{"href":"https:\/\/label.bet\/fr\/wp-json\/wp\/v2\/media?parent=2034"}],"curies":[{"name":"wp","href":"https:\/\/api.w.org\/{rel}","templated":true}]}}