{"id":2040,"date":"2026-03-16T14:15:07","date_gmt":"2026-03-16T11:15:07","guid":{"rendered":"https:\/\/label.bet\/fr\/?page_id=2040"},"modified":"2026-03-19T14:57:42","modified_gmt":"2026-03-19T11:57:42","slug":"bet-slip","status":"publish","type":"page","link":"https:\/\/label.bet\/fr\/bet-slip\/","title":{"rendered":"Coupon de pari"},"content":{"rendered":"","protected":false},"excerpt":{"rendered":"","protected":false},"author":1,"featured_media":0,"parent":0,"menu_order":0,"comment_status":"closed","ping_status":"closed","template":"","meta":{"_acf_changed":false,"footnotes":""},"class_list":["post-2040","page","type-page","status-publish","hentry"],"acf":[],"yoast_head":"<!-- This site is optimized with the Yoast SEO plugin v26.5 - https:\/\/yoast.com\/wordpress\/plugins\/seo\/ -->\n<title>BetLabel \u2013 Couverture de pari : encaissement total ou partiel<\/title>\n<meta name=\"description\" content=\"BetLabel propose la vente totale ou partielle de vos tickets de pari. Vendez vos paris simples, combin\u00e9s ou en syst\u00e8me \u00e0 tout moment et recevez votre argent instantan\u00e9ment avant m\u00eame que les r\u00e9sultats ne soient valid\u00e9s.\" \/>\n<meta name=\"robots\" content=\"index, follow, max-snippet:-1, max-image-preview:large, max-video-preview:-1\" \/>\n<meta property=\"og:locale\" content=\"fr_FR\" \/>\n<meta property=\"og:type\" content=\"article\" \/>\n<meta property=\"og:title\" content=\"BetLabel \u2013 Couverture de pari : encaissement total ou partiel\" \/>\n<meta property=\"og:description\" content=\"BetLabel propose la vente totale ou partielle de vos tickets de pari. Vendez vos paris simples, combin\u00e9s ou en syst\u00e8me \u00e0 tout moment et recevez votre argent instantan\u00e9ment avant m\u00eame que les r\u00e9sultats ne soient valid\u00e9s.\" \/>\n<meta property=\"og:url\" content=\"https:\/\/label.bet\/fr\/bet-slip\/\" \/>\n<meta property=\"og:site_name\" content=\"Betlabel fr\" \/>\n<meta property=\"article:modified_time\" content=\"2026-03-19T11:57:42+00:00\" \/>\n<meta name=\"twitter:card\" content=\"summary_large_image\" \/>\n<script type=\"application\/ld+json\" class=\"yoast-schema-graph\">{\"@context\":\"https:\/\/schema.org\",\"@graph\":[{\"@type\":\"WebPage\",\"@id\":\"https:\/\/label.bet\/fr\/bet-slip\/\",\"url\":\"https:\/\/label.bet\/fr\/bet-slip\/\",\"name\":\"BetLabel \u2013 Couverture de pari : encaissement total ou partiel\",\"isPartOf\":{\"@id\":\"https:\/\/label.bet\/fr\/#website\"},\"datePublished\":\"2026-03-16T11:15:07+00:00\",\"dateModified\":\"2026-03-19T11:57:42+00:00\",\"description\":\"BetLabel propose la vente totale ou partielle de vos tickets de pari. Vendez vos paris simples, combin\u00e9s ou en syst\u00e8me \u00e0 tout moment et recevez votre argent instantan\u00e9ment avant m\u00eame que les r\u00e9sultats ne soient valid\u00e9s.\",\"inLanguage\":\"fr-FR\",\"potentialAction\":[{\"@type\":\"ReadAction\",\"target\":[\"https:\/\/label.bet\/fr\/bet-slip\/\"]}]},{\"@type\":\"WebSite\",\"@id\":\"https:\/\/label.bet\/fr\/#website\",\"url\":\"https:\/\/label.bet\/fr\/\",\"name\":\"Betlabel fr\",\"description\":\"\",\"potentialAction\":[{\"@type\":\"SearchAction\",\"target\":{\"@type\":\"EntryPoint\",\"urlTemplate\":\"https:\/\/label.bet\/fr\/?s={search_term_string}\"},\"query-input\":{\"@type\":\"PropertyValueSpecification\",\"valueRequired\":true,\"valueName\":\"search_term_string\"}}],\"inLanguage\":\"fr-FR\"}]}<\/script>\n<!-- \/ Yoast SEO plugin. -->","yoast_head_json":{"title":"BetLabel \u2013 Couverture de pari : encaissement total ou partiel","description":"BetLabel propose la vente totale ou partielle de vos tickets de pari. Vendez vos paris simples, combin\u00e9s ou en syst\u00e8me \u00e0 tout moment et recevez votre argent instantan\u00e9ment avant m\u00eame que les r\u00e9sultats ne soient valid\u00e9s.","robots":{"index":"index","follow":"follow","max-snippet":"max-snippet:-1","max-image-preview":"max-image-preview:large","max-video-preview":"max-video-preview:-1"},"og_locale":"fr_FR","og_type":"article","og_title":"BetLabel \u2013 Couverture de pari : encaissement total ou partiel","og_description":"BetLabel propose la vente totale ou partielle de vos tickets de pari. Vendez vos paris simples, combin\u00e9s ou en syst\u00e8me \u00e0 tout moment et recevez votre argent instantan\u00e9ment avant m\u00eame que les r\u00e9sultats ne soient valid\u00e9s.","og_url":"https:\/\/label.bet\/fr\/bet-slip\/","og_site_name":"Betlabel fr","article_modified_time":"2026-03-19T11:57:42+00:00","twitter_card":"summary_large_image","schema":{"@context":"https:\/\/schema.org","@graph":[{"@type":"WebPage","@id":"https:\/\/label.bet\/fr\/bet-slip\/","url":"https:\/\/label.bet\/fr\/bet-slip\/","name":"BetLabel \u2013 Couverture de pari : encaissement total ou partiel","isPartOf":{"@id":"https:\/\/label.bet\/fr\/#website"},"datePublished":"2026-03-16T11:15:07+00:00","dateModified":"2026-03-19T11:57:42+00:00","description":"BetLabel propose la vente totale ou partielle de vos tickets de pari. Vendez vos paris simples, combin\u00e9s ou en syst\u00e8me \u00e0 tout moment et recevez votre argent instantan\u00e9ment avant m\u00eame que les r\u00e9sultats ne soient valid\u00e9s.","inLanguage":"fr-FR","potentialAction":[{"@type":"ReadAction","target":["https:\/\/label.bet\/fr\/bet-slip\/"]}]},{"@type":"WebSite","@id":"https:\/\/label.bet\/fr\/#website","url":"https:\/\/label.bet\/fr\/","name":"Betlabel fr","description":"","potentialAction":[{"@type":"SearchAction","target":{"@type":"EntryPoint","urlTemplate":"https:\/\/label.bet\/fr\/?s={search_term_string}"},"query-input":{"@type":"PropertyValueSpecification","valueRequired":true,"valueName":"search_term_string"}}],"inLanguage":"fr-FR"}]}},"_links":{"self":[{"href":"https:\/\/label.bet\/fr\/wp-json\/wp\/v2\/pages\/2040","targetHints":{"allow":["GET"]}}],"collection":[{"href":"https:\/\/label.bet\/fr\/wp-json\/wp\/v2\/pages"}],"about":[{"href":"https:\/\/label.bet\/fr\/wp-json\/wp\/v2\/types\/page"}],"author":[{"embeddable":true,"href":"https:\/\/label.bet\/fr\/wp-json\/wp\/v2\/users\/1"}],"replies":[{"embeddable":true,"href":"https:\/\/label.bet\/fr\/wp-json\/wp\/v2\/comments?post=2040"}],"version-history":[{"count":3,"href":"https:\/\/label.bet\/fr\/wp-json\/wp\/v2\/pages\/2040\/revisions"}],"predecessor-version":[{"id":2089,"href":"https:\/\/label.bet\/fr\/wp-json\/wp\/v2\/pages\/2040\/revisions\/2089"}],"wp:attachment":[{"href":"https:\/\/label.bet\/fr\/wp-json\/wp\/v2\/media?parent=2040"}],"curies":[{"name":"wp","href":"https:\/\/api.w.org\/{rel}","templated":true}]}}