{"id":1086,"date":"2025-11-15T16:52:15","date_gmt":"2025-11-15T13:52:15","guid":{"rendered":"https:\/\/label.bet\/hr\/?page_id=1086"},"modified":"2026-03-10T20:50:32","modified_gmt":"2026-03-10T17:50:32","slug":"home","status":"publish","type":"page","link":"https:\/\/label.bet\/hr\/","title":{"rendered":"Inicio"},"content":{"rendered":"","protected":false},"excerpt":{"rendered":"","protected":false},"author":1,"featured_media":0,"parent":0,"menu_order":0,"comment_status":"closed","ping_status":"closed","template":"","meta":{"_acf_changed":false,"footnotes":""},"class_list":["post-1086","page","type-page","status-publish","hentry"],"acf":[],"yoast_head":"<!-- This site is optimized with the Yoast SEO plugin v26.5 - https:\/\/yoast.com\/wordpress\/plugins\/seo\/ -->\n<title>Sportsko kla\u0111enje i najbolje kvote \u2014 BetLabel \u2014 svibanj 2026<\/title>\n<meta name=\"description\" content=\"Betlabel nudi sportsko kla\u0111enje na glavne lige i globalne doga\u0111aje s konkurentnim kvotama, \u0161irokim pokri\u0107em tr\u017ei\u0161ta, brzim postavljanjem oklada i besprijekornim iskustvom za aktivne kladitelje.\" \/>\n<meta name=\"robots\" content=\"index, follow, max-snippet:-1, max-image-preview:large, max-video-preview:-1\" \/>\n<meta property=\"og:locale\" content=\"hr_HR\" \/>\n<meta property=\"og:type\" content=\"article\" \/>\n<meta property=\"og:title\" content=\"Sportsko kla\u0111enje i najbolje kvote \u2014 BetLabel \u2014 svibanj 2026\" \/>\n<meta property=\"og:description\" content=\"Betlabel nudi sportsko kla\u0111enje na glavne lige i globalne doga\u0111aje s konkurentnim kvotama, \u0161irokim pokri\u0107em tr\u017ei\u0161ta, brzim postavljanjem oklada i besprijekornim iskustvom za aktivne kladitelje.\" \/>\n<meta property=\"og:url\" content=\"https:\/\/label.bet\/hr\/\" \/>\n<meta property=\"og:site_name\" content=\"BetLabel\" \/>\n<meta property=\"article:modified_time\" content=\"2026-03-10T17:50:32+00:00\" \/>\n<meta name=\"twitter:card\" content=\"summary_large_image\" \/>\n<script type=\"application\/ld+json\" class=\"yoast-schema-graph\">{\"@context\":\"https:\/\/schema.org\",\"@graph\":[{\"@type\":\"WebPage\",\"@id\":\"https:\/\/label.bet\/hr\/\",\"url\":\"https:\/\/label.bet\/hr\/\",\"name\":\"Sportsko kla\u0111enje i najbolje kvote \u2014 BetLabel \u2014 svibanj 2026\",\"isPartOf\":{\"@id\":\"https:\/\/label.bet\/hr\/#website\"},\"datePublished\":\"2025-11-15T13:52:15+00:00\",\"dateModified\":\"2026-03-10T17:50:32+00:00\",\"description\":\"Betlabel nudi sportsko kla\u0111enje na glavne lige i globalne doga\u0111aje s konkurentnim kvotama, \u0161irokim pokri\u0107em tr\u017ei\u0161ta, brzim postavljanjem oklada i besprijekornim iskustvom za aktivne kladitelje.\",\"inLanguage\":\"hr\",\"potentialAction\":[{\"@type\":\"ReadAction\",\"target\":[\"https:\/\/label.bet\/hr\/\"]}]},{\"@type\":\"WebSite\",\"@id\":\"https:\/\/label.bet\/hr\/#website\",\"url\":\"https:\/\/label.bet\/hr\/\",\"name\":\"BetLabel\",\"description\":\"\",\"potentialAction\":[{\"@type\":\"SearchAction\",\"target\":{\"@type\":\"EntryPoint\",\"urlTemplate\":\"https:\/\/label.bet\/hr\/?s={search_term_string}\"},\"query-input\":{\"@type\":\"PropertyValueSpecification\",\"valueRequired\":true,\"valueName\":\"search_term_string\"}}],\"inLanguage\":\"hr\"}]}<\/script>\n<!-- \/ Yoast SEO plugin. -->","yoast_head_json":{"title":"Sportsko kla\u0111enje i najbolje kvote \u2014 BetLabel \u2014 svibanj 2026","description":"Betlabel nudi sportsko kla\u0111enje na glavne lige i globalne doga\u0111aje s konkurentnim kvotama, \u0161irokim pokri\u0107em tr\u017ei\u0161ta, brzim postavljanjem oklada i besprijekornim iskustvom za aktivne kladitelje.","robots":{"index":"index","follow":"follow","max-snippet":"max-snippet:-1","max-image-preview":"max-image-preview:large","max-video-preview":"max-video-preview:-1"},"og_locale":"hr_HR","og_type":"article","og_title":"Sportsko kla\u0111enje i najbolje kvote \u2014 BetLabel \u2014 svibanj 2026","og_description":"Betlabel nudi sportsko kla\u0111enje na glavne lige i globalne doga\u0111aje s konkurentnim kvotama, \u0161irokim pokri\u0107em tr\u017ei\u0161ta, brzim postavljanjem oklada i besprijekornim iskustvom za aktivne kladitelje.","og_url":"https:\/\/label.bet\/hr\/","og_site_name":"BetLabel","article_modified_time":"2026-03-10T17:50:32+00:00","twitter_card":"summary_large_image","schema":{"@context":"https:\/\/schema.org","@graph":[{"@type":"WebPage","@id":"https:\/\/label.bet\/hr\/","url":"https:\/\/label.bet\/hr\/","name":"Sportsko kla\u0111enje i najbolje kvote \u2014 BetLabel \u2014 svibanj 2026","isPartOf":{"@id":"https:\/\/label.bet\/hr\/#website"},"datePublished":"2025-11-15T13:52:15+00:00","dateModified":"2026-03-10T17:50:32+00:00","description":"Betlabel nudi sportsko kla\u0111enje na glavne lige i globalne doga\u0111aje s konkurentnim kvotama, \u0161irokim pokri\u0107em tr\u017ei\u0161ta, brzim postavljanjem oklada i besprijekornim iskustvom za aktivne kladitelje.","inLanguage":"hr","potentialAction":[{"@type":"ReadAction","target":["https:\/\/label.bet\/hr\/"]}]},{"@type":"WebSite","@id":"https:\/\/label.bet\/hr\/#website","url":"https:\/\/label.bet\/hr\/","name":"BetLabel","description":"","potentialAction":[{"@type":"SearchAction","target":{"@type":"EntryPoint","urlTemplate":"https:\/\/label.bet\/hr\/?s={search_term_string}"},"query-input":{"@type":"PropertyValueSpecification","valueRequired":true,"valueName":"search_term_string"}}],"inLanguage":"hr"}]}},"_links":{"self":[{"href":"https:\/\/label.bet\/hr\/wp-json\/wp\/v2\/pages\/1086","targetHints":{"allow":["GET"]}}],"collection":[{"href":"https:\/\/label.bet\/hr\/wp-json\/wp\/v2\/pages"}],"about":[{"href":"https:\/\/label.bet\/hr\/wp-json\/wp\/v2\/types\/page"}],"author":[{"embeddable":true,"href":"https:\/\/label.bet\/hr\/wp-json\/wp\/v2\/users\/1"}],"replies":[{"embeddable":true,"href":"https:\/\/label.bet\/hr\/wp-json\/wp\/v2\/comments?post=1086"}],"version-history":[{"count":6,"href":"https:\/\/label.bet\/hr\/wp-json\/wp\/v2\/pages\/1086\/revisions"}],"predecessor-version":[{"id":2054,"href":"https:\/\/label.bet\/hr\/wp-json\/wp\/v2\/pages\/1086\/revisions\/2054"}],"wp:attachment":[{"href":"https:\/\/label.bet\/hr\/wp-json\/wp\/v2\/media?parent=1086"}],"curies":[{"name":"wp","href":"https:\/\/api.w.org\/{rel}","templated":true}]}}