{"id":1503,"date":"2025-12-23T14:01:33","date_gmt":"2025-12-23T11:01:33","guid":{"rendered":"https:\/\/label.bet\/hr\/?page_id=1503"},"modified":"2026-03-08T10:22:36","modified_gmt":"2026-03-08T07:22:36","slug":"app","status":"publish","type":"page","link":"https:\/\/label.bet\/hr\/app\/","title":{"rendered":"Aplikacija"},"content":{"rendered":"","protected":false},"excerpt":{"rendered":"","protected":false},"author":1,"featured_media":0,"parent":0,"menu_order":0,"comment_status":"closed","ping_status":"closed","template":"","meta":{"_acf_changed":false,"footnotes":""},"class_list":["post-1503","page","type-page","status-publish","hentry"],"acf":[],"yoast_head":"<!-- This site is optimized with the Yoast SEO plugin v26.5 - https:\/\/yoast.com\/wordpress\/plugins\/seo\/ -->\n<title>BetLabel aplikacija \u1409 Preuzmite za Android i iOS<\/title>\n<meta name=\"description\" content=\"Preuzmite BetLabel aplikaciju za Android i iOS i ostvarite potpuni pristup sportskom kla\u0111enju i online kasino igrama s va\u0161eg telefona. Prakti\u010dan APK, brzo prijavljivanje, bonus za nove igra\u010de i podr\u0161ka 24 sata dnevno.\" \/>\n<meta name=\"robots\" content=\"index, follow, max-snippet:-1, max-image-preview:large, max-video-preview:-1\" \/>\n<meta property=\"og:locale\" content=\"hr_HR\" \/>\n<meta property=\"og:type\" content=\"article\" \/>\n<meta property=\"og:title\" content=\"BetLabel aplikacija \u1409 Preuzmite za Android i iOS\" \/>\n<meta property=\"og:description\" content=\"Preuzmite BetLabel aplikaciju za Android i iOS i ostvarite potpuni pristup sportskom kla\u0111enju i online kasino igrama s va\u0161eg telefona. Prakti\u010dan APK, brzo prijavljivanje, bonus za nove igra\u010de i podr\u0161ka 24 sata dnevno.\" \/>\n<meta property=\"og:url\" content=\"https:\/\/label.bet\/hr\/app\/\" \/>\n<meta property=\"og:site_name\" content=\"BetLabel\" \/>\n<meta property=\"article:modified_time\" content=\"2026-03-08T07:22:36+00:00\" \/>\n<meta name=\"twitter:card\" content=\"summary_large_image\" \/>\n<script type=\"application\/ld+json\" class=\"yoast-schema-graph\">{\"@context\":\"https:\/\/schema.org\",\"@graph\":[{\"@type\":\"WebPage\",\"@id\":\"https:\/\/label.bet\/hr\/app\/\",\"url\":\"https:\/\/label.bet\/hr\/app\/\",\"name\":\"BetLabel aplikacija \u1409 Preuzmite za Android i iOS\",\"isPartOf\":{\"@id\":\"https:\/\/label.bet\/hr\/#website\"},\"datePublished\":\"2025-12-23T11:01:33+00:00\",\"dateModified\":\"2026-03-08T07:22:36+00:00\",\"description\":\"Preuzmite BetLabel aplikaciju za Android i iOS i ostvarite potpuni pristup sportskom kla\u0111enju i online kasino igrama s va\u0161eg telefona. Prakti\u010dan APK, brzo prijavljivanje, bonus za nove igra\u010de i podr\u0161ka 24 sata dnevno.\",\"inLanguage\":\"hr\",\"potentialAction\":[{\"@type\":\"ReadAction\",\"target\":[\"https:\/\/label.bet\/hr\/app\/\"]}]},{\"@type\":\"WebSite\",\"@id\":\"https:\/\/label.bet\/hr\/#website\",\"url\":\"https:\/\/label.bet\/hr\/\",\"name\":\"BetLabel\",\"description\":\"\",\"potentialAction\":[{\"@type\":\"SearchAction\",\"target\":{\"@type\":\"EntryPoint\",\"urlTemplate\":\"https:\/\/label.bet\/hr\/?s={search_term_string}\"},\"query-input\":{\"@type\":\"PropertyValueSpecification\",\"valueRequired\":true,\"valueName\":\"search_term_string\"}}],\"inLanguage\":\"hr\"}]}<\/script>\n<!-- \/ Yoast SEO plugin. -->","yoast_head_json":{"title":"BetLabel aplikacija \u1409 Preuzmite za Android i iOS","description":"Preuzmite BetLabel aplikaciju za Android i iOS i ostvarite potpuni pristup sportskom kla\u0111enju i online kasino igrama s va\u0161eg telefona. Prakti\u010dan APK, brzo prijavljivanje, bonus za nove igra\u010de i podr\u0161ka 24 sata dnevno.","robots":{"index":"index","follow":"follow","max-snippet":"max-snippet:-1","max-image-preview":"max-image-preview:large","max-video-preview":"max-video-preview:-1"},"og_locale":"hr_HR","og_type":"article","og_title":"BetLabel aplikacija \u1409 Preuzmite za Android i iOS","og_description":"Preuzmite BetLabel aplikaciju za Android i iOS i ostvarite potpuni pristup sportskom kla\u0111enju i online kasino igrama s va\u0161eg telefona. Prakti\u010dan APK, brzo prijavljivanje, bonus za nove igra\u010de i podr\u0161ka 24 sata dnevno.","og_url":"https:\/\/label.bet\/hr\/app\/","og_site_name":"BetLabel","article_modified_time":"2026-03-08T07:22:36+00:00","twitter_card":"summary_large_image","schema":{"@context":"https:\/\/schema.org","@graph":[{"@type":"WebPage","@id":"https:\/\/label.bet\/hr\/app\/","url":"https:\/\/label.bet\/hr\/app\/","name":"BetLabel aplikacija \u1409 Preuzmite za Android i iOS","isPartOf":{"@id":"https:\/\/label.bet\/hr\/#website"},"datePublished":"2025-12-23T11:01:33+00:00","dateModified":"2026-03-08T07:22:36+00:00","description":"Preuzmite BetLabel aplikaciju za Android i iOS i ostvarite potpuni pristup sportskom kla\u0111enju i online kasino igrama s va\u0161eg telefona. Prakti\u010dan APK, brzo prijavljivanje, bonus za nove igra\u010de i podr\u0161ka 24 sata dnevno.","inLanguage":"hr","potentialAction":[{"@type":"ReadAction","target":["https:\/\/label.bet\/hr\/app\/"]}]},{"@type":"WebSite","@id":"https:\/\/label.bet\/hr\/#website","url":"https:\/\/label.bet\/hr\/","name":"BetLabel","description":"","potentialAction":[{"@type":"SearchAction","target":{"@type":"EntryPoint","urlTemplate":"https:\/\/label.bet\/hr\/?s={search_term_string}"},"query-input":{"@type":"PropertyValueSpecification","valueRequired":true,"valueName":"search_term_string"}}],"inLanguage":"hr"}]}},"_links":{"self":[{"href":"https:\/\/label.bet\/hr\/wp-json\/wp\/v2\/pages\/1503","targetHints":{"allow":["GET"]}}],"collection":[{"href":"https:\/\/label.bet\/hr\/wp-json\/wp\/v2\/pages"}],"about":[{"href":"https:\/\/label.bet\/hr\/wp-json\/wp\/v2\/types\/page"}],"author":[{"embeddable":true,"href":"https:\/\/label.bet\/hr\/wp-json\/wp\/v2\/users\/1"}],"replies":[{"embeddable":true,"href":"https:\/\/label.bet\/hr\/wp-json\/wp\/v2\/comments?post=1503"}],"version-history":[{"count":5,"href":"https:\/\/label.bet\/hr\/wp-json\/wp\/v2\/pages\/1503\/revisions"}],"predecessor-version":[{"id":2006,"href":"https:\/\/label.bet\/hr\/wp-json\/wp\/v2\/pages\/1503\/revisions\/2006"}],"wp:attachment":[{"href":"https:\/\/label.bet\/hr\/wp-json\/wp\/v2\/media?parent=1503"}],"curies":[{"name":"wp","href":"https:\/\/api.w.org\/{rel}","templated":true}]}}