{"id":1662,"date":"2025-12-31T11:18:43","date_gmt":"2025-12-31T08:18:43","guid":{"rendered":"https:\/\/label.bet\/hr\/?page_id=1662"},"modified":"2026-03-10T20:59:17","modified_gmt":"2026-03-10T17:59:17","slug":"registration","status":"publish","type":"page","link":"https:\/\/label.bet\/hr\/registration\/","title":{"rendered":"Registracija"},"content":{"rendered":"","protected":false},"excerpt":{"rendered":"","protected":false},"author":1,"featured_media":0,"parent":0,"menu_order":0,"comment_status":"closed","ping_status":"closed","template":"","meta":{"_acf_changed":false,"footnotes":""},"class_list":["post-1662","page","type-page","status-publish","hentry"],"acf":[],"yoast_head":"<!-- This site is optimized with the Yoast SEO plugin v26.5 - https:\/\/yoast.com\/wordpress\/plugins\/seo\/ -->\n<title>BetLabel registracija \u1409 Brz i jednostavan na\u010din za otvaranje ra\u010duna<\/title>\n<meta name=\"description\" content=\"Kako se registrirati na BetLabel \u2014 korak-po-korak vodi\u010d za otvaranje ra\u010duna, odabir metode registracije i dobivanje bonusa dobrodo\u0161lice za kla\u0111enje i casino igre.\" \/>\n<meta name=\"robots\" content=\"index, follow, max-snippet:-1, max-image-preview:large, max-video-preview:-1\" \/>\n<meta property=\"og:locale\" content=\"hr_HR\" \/>\n<meta property=\"og:type\" content=\"article\" \/>\n<meta property=\"og:title\" content=\"BetLabel registracija \u1409 Brz i jednostavan na\u010din za otvaranje ra\u010duna\" \/>\n<meta property=\"og:description\" content=\"Kako se registrirati na BetLabel \u2014 korak-po-korak vodi\u010d za otvaranje ra\u010duna, odabir metode registracije i dobivanje bonusa dobrodo\u0161lice za kla\u0111enje i casino igre.\" \/>\n<meta property=\"og:url\" content=\"https:\/\/label.bet\/hr\/registration\/\" \/>\n<meta property=\"og:site_name\" content=\"BetLabel\" \/>\n<meta property=\"article:modified_time\" content=\"2026-03-10T17:59:17+00:00\" \/>\n<meta name=\"twitter:card\" content=\"summary_large_image\" \/>\n<script type=\"application\/ld+json\" class=\"yoast-schema-graph\">{\"@context\":\"https:\/\/schema.org\",\"@graph\":[{\"@type\":\"WebPage\",\"@id\":\"https:\/\/label.bet\/hr\/registration\/\",\"url\":\"https:\/\/label.bet\/hr\/registration\/\",\"name\":\"BetLabel registracija \u1409 Brz i jednostavan na\u010din za otvaranje ra\u010duna\",\"isPartOf\":{\"@id\":\"https:\/\/label.bet\/hr\/#website\"},\"datePublished\":\"2025-12-31T08:18:43+00:00\",\"dateModified\":\"2026-03-10T17:59:17+00:00\",\"description\":\"Kako se registrirati na BetLabel \u2014 korak-po-korak vodi\u010d za otvaranje ra\u010duna, odabir metode registracije i dobivanje bonusa dobrodo\u0161lice za kla\u0111enje i casino igre.\",\"inLanguage\":\"hr\",\"potentialAction\":[{\"@type\":\"ReadAction\",\"target\":[\"https:\/\/label.bet\/hr\/registration\/\"]}]},{\"@type\":\"WebSite\",\"@id\":\"https:\/\/label.bet\/hr\/#website\",\"url\":\"https:\/\/label.bet\/hr\/\",\"name\":\"BetLabel\",\"description\":\"\",\"potentialAction\":[{\"@type\":\"SearchAction\",\"target\":{\"@type\":\"EntryPoint\",\"urlTemplate\":\"https:\/\/label.bet\/hr\/?s={search_term_string}\"},\"query-input\":{\"@type\":\"PropertyValueSpecification\",\"valueRequired\":true,\"valueName\":\"search_term_string\"}}],\"inLanguage\":\"hr\"}]}<\/script>\n<!-- \/ Yoast SEO plugin. -->","yoast_head_json":{"title":"BetLabel registracija \u1409 Brz i jednostavan na\u010din za otvaranje ra\u010duna","description":"Kako se registrirati na BetLabel \u2014 korak-po-korak vodi\u010d za otvaranje ra\u010duna, odabir metode registracije i dobivanje bonusa dobrodo\u0161lice za kla\u0111enje i casino igre.","robots":{"index":"index","follow":"follow","max-snippet":"max-snippet:-1","max-image-preview":"max-image-preview:large","max-video-preview":"max-video-preview:-1"},"og_locale":"hr_HR","og_type":"article","og_title":"BetLabel registracija \u1409 Brz i jednostavan na\u010din za otvaranje ra\u010duna","og_description":"Kako se registrirati na BetLabel \u2014 korak-po-korak vodi\u010d za otvaranje ra\u010duna, odabir metode registracije i dobivanje bonusa dobrodo\u0161lice za kla\u0111enje i casino igre.","og_url":"https:\/\/label.bet\/hr\/registration\/","og_site_name":"BetLabel","article_modified_time":"2026-03-10T17:59:17+00:00","twitter_card":"summary_large_image","schema":{"@context":"https:\/\/schema.org","@graph":[{"@type":"WebPage","@id":"https:\/\/label.bet\/hr\/registration\/","url":"https:\/\/label.bet\/hr\/registration\/","name":"BetLabel registracija \u1409 Brz i jednostavan na\u010din za otvaranje ra\u010duna","isPartOf":{"@id":"https:\/\/label.bet\/hr\/#website"},"datePublished":"2025-12-31T08:18:43+00:00","dateModified":"2026-03-10T17:59:17+00:00","description":"Kako se registrirati na BetLabel \u2014 korak-po-korak vodi\u010d za otvaranje ra\u010duna, odabir metode registracije i dobivanje bonusa dobrodo\u0161lice za kla\u0111enje i casino igre.","inLanguage":"hr","potentialAction":[{"@type":"ReadAction","target":["https:\/\/label.bet\/hr\/registration\/"]}]},{"@type":"WebSite","@id":"https:\/\/label.bet\/hr\/#website","url":"https:\/\/label.bet\/hr\/","name":"BetLabel","description":"","potentialAction":[{"@type":"SearchAction","target":{"@type":"EntryPoint","urlTemplate":"https:\/\/label.bet\/hr\/?s={search_term_string}"},"query-input":{"@type":"PropertyValueSpecification","valueRequired":true,"valueName":"search_term_string"}}],"inLanguage":"hr"}]}},"_links":{"self":[{"href":"https:\/\/label.bet\/hr\/wp-json\/wp\/v2\/pages\/1662","targetHints":{"allow":["GET"]}}],"collection":[{"href":"https:\/\/label.bet\/hr\/wp-json\/wp\/v2\/pages"}],"about":[{"href":"https:\/\/label.bet\/hr\/wp-json\/wp\/v2\/types\/page"}],"author":[{"embeddable":true,"href":"https:\/\/label.bet\/hr\/wp-json\/wp\/v2\/users\/1"}],"replies":[{"embeddable":true,"href":"https:\/\/label.bet\/hr\/wp-json\/wp\/v2\/comments?post=1662"}],"version-history":[{"count":5,"href":"https:\/\/label.bet\/hr\/wp-json\/wp\/v2\/pages\/1662\/revisions"}],"predecessor-version":[{"id":2055,"href":"https:\/\/label.bet\/hr\/wp-json\/wp\/v2\/pages\/1662\/revisions\/2055"}],"wp:attachment":[{"href":"https:\/\/label.bet\/hr\/wp-json\/wp\/v2\/media?parent=1662"}],"curies":[{"name":"wp","href":"https:\/\/api.w.org\/{rel}","templated":true}]}}