{"id":1723,"date":"2026-01-22T14:27:58","date_gmt":"2026-01-22T11:27:58","guid":{"rendered":"https:\/\/label.bet\/hr\/?page_id=1723"},"modified":"2026-03-08T12:03:47","modified_gmt":"2026-03-08T09:03:47","slug":"hockey","status":"publish","type":"page","link":"https:\/\/label.bet\/hr\/hockey\/","title":{"rendered":"Hokeja"},"content":{"rendered":"","protected":false},"excerpt":{"rendered":"","protected":false},"author":1,"featured_media":0,"parent":0,"menu_order":0,"comment_status":"closed","ping_status":"closed","template":"","meta":{"_acf_changed":false,"footnotes":""},"class_list":["post-1723","page","type-page","status-publish","hentry"],"acf":[],"yoast_head":"<!-- This site is optimized with the Yoast SEO plugin v26.5 - https:\/\/yoast.com\/wordpress\/plugins\/seo\/ -->\n<title>Hokeja na BetLabelu \u2014 Kvote i prognoze za vrhunske utakmice<\/title>\n<meta name=\"description\" content=\"Kla\u0111enje na hokej na BetLabelu! Dajte to\u010dna predvi\u0111anja za najbolje utakmice KHL-a i NHL-a, osigurajte povoljne kvote i pobijedite. Pouzdani kladioni\u010dar za ljubitelje hokeja \u010deka vas.\" \/>\n<meta name=\"robots\" content=\"index, follow, max-snippet:-1, max-image-preview:large, max-video-preview:-1\" \/>\n<meta property=\"og:locale\" content=\"hr_HR\" \/>\n<meta property=\"og:type\" content=\"article\" \/>\n<meta property=\"og:title\" content=\"Hokeja na BetLabelu \u2014 Kvote i prognoze za vrhunske utakmice\" \/>\n<meta property=\"og:description\" content=\"Kla\u0111enje na hokej na BetLabelu! Dajte to\u010dna predvi\u0111anja za najbolje utakmice KHL-a i NHL-a, osigurajte povoljne kvote i pobijedite. Pouzdani kladioni\u010dar za ljubitelje hokeja \u010deka vas.\" \/>\n<meta property=\"og:url\" content=\"https:\/\/label.bet\/hr\/hockey\/\" \/>\n<meta property=\"og:site_name\" content=\"BetLabel\" \/>\n<meta property=\"article:modified_time\" content=\"2026-03-08T09:03:47+00:00\" \/>\n<meta name=\"twitter:card\" content=\"summary_large_image\" \/>\n<script type=\"application\/ld+json\" class=\"yoast-schema-graph\">{\"@context\":\"https:\/\/schema.org\",\"@graph\":[{\"@type\":\"WebPage\",\"@id\":\"https:\/\/label.bet\/hr\/hockey\/\",\"url\":\"https:\/\/label.bet\/hr\/hockey\/\",\"name\":\"Hokeja na BetLabelu \u2014 Kvote i prognoze za vrhunske utakmice\",\"isPartOf\":{\"@id\":\"https:\/\/label.bet\/hr\/#website\"},\"datePublished\":\"2026-01-22T11:27:58+00:00\",\"dateModified\":\"2026-03-08T09:03:47+00:00\",\"description\":\"Kla\u0111enje na hokej na BetLabelu! Dajte to\u010dna predvi\u0111anja za najbolje utakmice KHL-a i NHL-a, osigurajte povoljne kvote i pobijedite. Pouzdani kladioni\u010dar za ljubitelje hokeja \u010deka vas.\",\"inLanguage\":\"hr\",\"potentialAction\":[{\"@type\":\"ReadAction\",\"target\":[\"https:\/\/label.bet\/hr\/hockey\/\"]}]},{\"@type\":\"WebSite\",\"@id\":\"https:\/\/label.bet\/hr\/#website\",\"url\":\"https:\/\/label.bet\/hr\/\",\"name\":\"BetLabel\",\"description\":\"\",\"potentialAction\":[{\"@type\":\"SearchAction\",\"target\":{\"@type\":\"EntryPoint\",\"urlTemplate\":\"https:\/\/label.bet\/hr\/?s={search_term_string}\"},\"query-input\":{\"@type\":\"PropertyValueSpecification\",\"valueRequired\":true,\"valueName\":\"search_term_string\"}}],\"inLanguage\":\"hr\"}]}<\/script>\n<!-- \/ Yoast SEO plugin. -->","yoast_head_json":{"title":"Hokeja na BetLabelu \u2014 Kvote i prognoze za vrhunske utakmice","description":"Kla\u0111enje na hokej na BetLabelu! Dajte to\u010dna predvi\u0111anja za najbolje utakmice KHL-a i NHL-a, osigurajte povoljne kvote i pobijedite. Pouzdani kladioni\u010dar za ljubitelje hokeja \u010deka vas.","robots":{"index":"index","follow":"follow","max-snippet":"max-snippet:-1","max-image-preview":"max-image-preview:large","max-video-preview":"max-video-preview:-1"},"og_locale":"hr_HR","og_type":"article","og_title":"Hokeja na BetLabelu \u2014 Kvote i prognoze za vrhunske utakmice","og_description":"Kla\u0111enje na hokej na BetLabelu! Dajte to\u010dna predvi\u0111anja za najbolje utakmice KHL-a i NHL-a, osigurajte povoljne kvote i pobijedite. Pouzdani kladioni\u010dar za ljubitelje hokeja \u010deka vas.","og_url":"https:\/\/label.bet\/hr\/hockey\/","og_site_name":"BetLabel","article_modified_time":"2026-03-08T09:03:47+00:00","twitter_card":"summary_large_image","schema":{"@context":"https:\/\/schema.org","@graph":[{"@type":"WebPage","@id":"https:\/\/label.bet\/hr\/hockey\/","url":"https:\/\/label.bet\/hr\/hockey\/","name":"Hokeja na BetLabelu \u2014 Kvote i prognoze za vrhunske utakmice","isPartOf":{"@id":"https:\/\/label.bet\/hr\/#website"},"datePublished":"2026-01-22T11:27:58+00:00","dateModified":"2026-03-08T09:03:47+00:00","description":"Kla\u0111enje na hokej na BetLabelu! Dajte to\u010dna predvi\u0111anja za najbolje utakmice KHL-a i NHL-a, osigurajte povoljne kvote i pobijedite. Pouzdani kladioni\u010dar za ljubitelje hokeja \u010deka vas.","inLanguage":"hr","potentialAction":[{"@type":"ReadAction","target":["https:\/\/label.bet\/hr\/hockey\/"]}]},{"@type":"WebSite","@id":"https:\/\/label.bet\/hr\/#website","url":"https:\/\/label.bet\/hr\/","name":"BetLabel","description":"","potentialAction":[{"@type":"SearchAction","target":{"@type":"EntryPoint","urlTemplate":"https:\/\/label.bet\/hr\/?s={search_term_string}"},"query-input":{"@type":"PropertyValueSpecification","valueRequired":true,"valueName":"search_term_string"}}],"inLanguage":"hr"}]}},"_links":{"self":[{"href":"https:\/\/label.bet\/hr\/wp-json\/wp\/v2\/pages\/1723","targetHints":{"allow":["GET"]}}],"collection":[{"href":"https:\/\/label.bet\/hr\/wp-json\/wp\/v2\/pages"}],"about":[{"href":"https:\/\/label.bet\/hr\/wp-json\/wp\/v2\/types\/page"}],"author":[{"embeddable":true,"href":"https:\/\/label.bet\/hr\/wp-json\/wp\/v2\/users\/1"}],"replies":[{"embeddable":true,"href":"https:\/\/label.bet\/hr\/wp-json\/wp\/v2\/comments?post=1723"}],"version-history":[{"count":5,"href":"https:\/\/label.bet\/hr\/wp-json\/wp\/v2\/pages\/1723\/revisions"}],"predecessor-version":[{"id":2025,"href":"https:\/\/label.bet\/hr\/wp-json\/wp\/v2\/pages\/1723\/revisions\/2025"}],"wp:attachment":[{"href":"https:\/\/label.bet\/hr\/wp-json\/wp\/v2\/media?parent=1723"}],"curies":[{"name":"wp","href":"https:\/\/api.w.org\/{rel}","templated":true}]}}