{"id":1743,"date":"2026-01-22T17:36:57","date_gmt":"2026-01-22T14:36:57","guid":{"rendered":"https:\/\/label.bet\/hr\/?page_id=1743"},"modified":"2026-03-08T13:06:05","modified_gmt":"2026-03-08T10:06:05","slug":"volleyball","status":"publish","type":"page","link":"https:\/\/label.bet\/hr\/volleyball\/","title":{"rendered":"Odbojka"},"content":{"rendered":"","protected":false},"excerpt":{"rendered":"","protected":false},"author":1,"featured_media":0,"parent":0,"menu_order":0,"comment_status":"closed","ping_status":"closed","template":"","meta":{"_acf_changed":false,"footnotes":""},"class_list":["post-1743","page","type-page","status-publish","hentry"],"acf":[],"yoast_head":"<!-- This site is optimized with the Yoast SEO plugin v26.5 - https:\/\/yoast.com\/wordpress\/plugins\/seo\/ -->\n<title>BetLabel odbojka\u0161ke oklade \u1409 visoke kvote i jedinstveni bonus<\/title>\n<meta name=\"description\" content=\"Kladite se na odbojku s BetLabelom! Visoke kvote, razne lige i turniri, kao i jedinstveni bonusi jam\u010de uzbudljivo iskustvo kla\u0111enja. Pridru\u017eite nam se i po\u010dnite pobje\u0111ivati ve\u0107 danas!\" \/>\n<meta name=\"robots\" content=\"index, follow, max-snippet:-1, max-image-preview:large, max-video-preview:-1\" \/>\n<meta property=\"og:locale\" content=\"hr_HR\" \/>\n<meta property=\"og:type\" content=\"article\" \/>\n<meta property=\"og:title\" content=\"BetLabel odbojka\u0161ke oklade \u1409 visoke kvote i jedinstveni bonus\" \/>\n<meta property=\"og:description\" content=\"Kladite se na odbojku s BetLabelom! Visoke kvote, razne lige i turniri, kao i jedinstveni bonusi jam\u010de uzbudljivo iskustvo kla\u0111enja. Pridru\u017eite nam se i po\u010dnite pobje\u0111ivati ve\u0107 danas!\" \/>\n<meta property=\"og:url\" content=\"https:\/\/label.bet\/hr\/volleyball\/\" \/>\n<meta property=\"og:site_name\" content=\"BetLabel\" \/>\n<meta property=\"article:modified_time\" content=\"2026-03-08T10:06:05+00:00\" \/>\n<meta name=\"twitter:card\" content=\"summary_large_image\" \/>\n<script type=\"application\/ld+json\" class=\"yoast-schema-graph\">{\"@context\":\"https:\/\/schema.org\",\"@graph\":[{\"@type\":\"WebPage\",\"@id\":\"https:\/\/label.bet\/hr\/volleyball\/\",\"url\":\"https:\/\/label.bet\/hr\/volleyball\/\",\"name\":\"BetLabel odbojka\u0161ke oklade \u1409 visoke kvote i jedinstveni bonus\",\"isPartOf\":{\"@id\":\"https:\/\/label.bet\/hr\/#website\"},\"datePublished\":\"2026-01-22T14:36:57+00:00\",\"dateModified\":\"2026-03-08T10:06:05+00:00\",\"description\":\"Kladite se na odbojku s BetLabelom! Visoke kvote, razne lige i turniri, kao i jedinstveni bonusi jam\u010de uzbudljivo iskustvo kla\u0111enja. Pridru\u017eite nam se i po\u010dnite pobje\u0111ivati ve\u0107 danas!\",\"inLanguage\":\"hr\",\"potentialAction\":[{\"@type\":\"ReadAction\",\"target\":[\"https:\/\/label.bet\/hr\/volleyball\/\"]}]},{\"@type\":\"WebSite\",\"@id\":\"https:\/\/label.bet\/hr\/#website\",\"url\":\"https:\/\/label.bet\/hr\/\",\"name\":\"BetLabel\",\"description\":\"\",\"potentialAction\":[{\"@type\":\"SearchAction\",\"target\":{\"@type\":\"EntryPoint\",\"urlTemplate\":\"https:\/\/label.bet\/hr\/?s={search_term_string}\"},\"query-input\":{\"@type\":\"PropertyValueSpecification\",\"valueRequired\":true,\"valueName\":\"search_term_string\"}}],\"inLanguage\":\"hr\"}]}<\/script>\n<!-- \/ Yoast SEO plugin. -->","yoast_head_json":{"title":"BetLabel odbojka\u0161ke oklade \u1409 visoke kvote i jedinstveni bonus","description":"Kladite se na odbojku s BetLabelom! Visoke kvote, razne lige i turniri, kao i jedinstveni bonusi jam\u010de uzbudljivo iskustvo kla\u0111enja. Pridru\u017eite nam se i po\u010dnite pobje\u0111ivati ve\u0107 danas!","robots":{"index":"index","follow":"follow","max-snippet":"max-snippet:-1","max-image-preview":"max-image-preview:large","max-video-preview":"max-video-preview:-1"},"og_locale":"hr_HR","og_type":"article","og_title":"BetLabel odbojka\u0161ke oklade \u1409 visoke kvote i jedinstveni bonus","og_description":"Kladite se na odbojku s BetLabelom! Visoke kvote, razne lige i turniri, kao i jedinstveni bonusi jam\u010de uzbudljivo iskustvo kla\u0111enja. Pridru\u017eite nam se i po\u010dnite pobje\u0111ivati ve\u0107 danas!","og_url":"https:\/\/label.bet\/hr\/volleyball\/","og_site_name":"BetLabel","article_modified_time":"2026-03-08T10:06:05+00:00","twitter_card":"summary_large_image","schema":{"@context":"https:\/\/schema.org","@graph":[{"@type":"WebPage","@id":"https:\/\/label.bet\/hr\/volleyball\/","url":"https:\/\/label.bet\/hr\/volleyball\/","name":"BetLabel odbojka\u0161ke oklade \u1409 visoke kvote i jedinstveni bonus","isPartOf":{"@id":"https:\/\/label.bet\/hr\/#website"},"datePublished":"2026-01-22T14:36:57+00:00","dateModified":"2026-03-08T10:06:05+00:00","description":"Kladite se na odbojku s BetLabelom! Visoke kvote, razne lige i turniri, kao i jedinstveni bonusi jam\u010de uzbudljivo iskustvo kla\u0111enja. Pridru\u017eite nam se i po\u010dnite pobje\u0111ivati ve\u0107 danas!","inLanguage":"hr","potentialAction":[{"@type":"ReadAction","target":["https:\/\/label.bet\/hr\/volleyball\/"]}]},{"@type":"WebSite","@id":"https:\/\/label.bet\/hr\/#website","url":"https:\/\/label.bet\/hr\/","name":"BetLabel","description":"","potentialAction":[{"@type":"SearchAction","target":{"@type":"EntryPoint","urlTemplate":"https:\/\/label.bet\/hr\/?s={search_term_string}"},"query-input":{"@type":"PropertyValueSpecification","valueRequired":true,"valueName":"search_term_string"}}],"inLanguage":"hr"}]}},"_links":{"self":[{"href":"https:\/\/label.bet\/hr\/wp-json\/wp\/v2\/pages\/1743","targetHints":{"allow":["GET"]}}],"collection":[{"href":"https:\/\/label.bet\/hr\/wp-json\/wp\/v2\/pages"}],"about":[{"href":"https:\/\/label.bet\/hr\/wp-json\/wp\/v2\/types\/page"}],"author":[{"embeddable":true,"href":"https:\/\/label.bet\/hr\/wp-json\/wp\/v2\/users\/1"}],"replies":[{"embeddable":true,"href":"https:\/\/label.bet\/hr\/wp-json\/wp\/v2\/comments?post=1743"}],"version-history":[{"count":5,"href":"https:\/\/label.bet\/hr\/wp-json\/wp\/v2\/pages\/1743\/revisions"}],"predecessor-version":[{"id":2035,"href":"https:\/\/label.bet\/hr\/wp-json\/wp\/v2\/pages\/1743\/revisions\/2035"}],"wp:attachment":[{"href":"https:\/\/label.bet\/hr\/wp-json\/wp\/v2\/media?parent=1743"}],"curies":[{"name":"wp","href":"https:\/\/api.w.org\/{rel}","templated":true}]}}