{"id":1931,"date":"2026-02-27T09:53:57","date_gmt":"2026-02-27T06:53:57","guid":{"rendered":"https:\/\/label.bet\/hr\/?page_id=1931"},"modified":"2026-03-10T20:59:39","modified_gmt":"2026-03-10T17:59:39","slug":"trustpilot","status":"publish","type":"page","link":"https:\/\/label.bet\/hr\/trustpilot\/","title":{"rendered":"Trustpilot"},"content":{"rendered":"","protected":false},"excerpt":{"rendered":"","protected":false},"author":1,"featured_media":0,"parent":0,"menu_order":0,"comment_status":"closed","ping_status":"closed","template":"","meta":{"_acf_changed":false,"footnotes":""},"class_list":["post-1931","page","type-page","status-publish","hentry"],"acf":[],"yoast_head":"<!-- This site is optimized with the Yoast SEO plugin v26.5 - https:\/\/yoast.com\/wordpress\/plugins\/seo\/ -->\n<title>BetLabel Trustpilot \u2014 Prave recenzije igra\u010da<\/title>\n<meta name=\"description\" content=\"BetLabel na Trustpilotu dobiva uglavnom pozitivne recenzije \u2014 igra\u010di hvale brze isplate, korisni\u010dki prijateljsko su\u010delje, osobnu VIP uslugu i po\u0161tene uvjete bonusa, no neke recenzije navode pote\u0161ko\u0107e s isplatama putem odre\u0111enih na\u010dina pla\u0107anja i kontroverzne situacije vezane uz verifikaciju.\" \/>\n<meta name=\"robots\" content=\"index, follow, max-snippet:-1, max-image-preview:large, max-video-preview:-1\" \/>\n<meta property=\"og:locale\" content=\"hr_HR\" \/>\n<meta property=\"og:type\" content=\"article\" \/>\n<meta property=\"og:title\" content=\"BetLabel Trustpilot \u2014 Prave recenzije igra\u010da\" \/>\n<meta property=\"og:description\" content=\"BetLabel na Trustpilotu dobiva uglavnom pozitivne recenzije \u2014 igra\u010di hvale brze isplate, korisni\u010dki prijateljsko su\u010delje, osobnu VIP uslugu i po\u0161tene uvjete bonusa, no neke recenzije navode pote\u0161ko\u0107e s isplatama putem odre\u0111enih na\u010dina pla\u0107anja i kontroverzne situacije vezane uz verifikaciju.\" \/>\n<meta property=\"og:url\" content=\"https:\/\/label.bet\/hr\/trustpilot\/\" \/>\n<meta property=\"og:site_name\" content=\"BetLabel\" \/>\n<meta property=\"article:modified_time\" content=\"2026-03-10T17:59:39+00:00\" \/>\n<meta name=\"twitter:card\" content=\"summary_large_image\" \/>\n<script type=\"application\/ld+json\" class=\"yoast-schema-graph\">{\"@context\":\"https:\/\/schema.org\",\"@graph\":[{\"@type\":\"WebPage\",\"@id\":\"https:\/\/label.bet\/hr\/trustpilot\/\",\"url\":\"https:\/\/label.bet\/hr\/trustpilot\/\",\"name\":\"BetLabel Trustpilot \u2014 Prave recenzije igra\u010da\",\"isPartOf\":{\"@id\":\"https:\/\/label.bet\/hr\/#website\"},\"datePublished\":\"2026-02-27T06:53:57+00:00\",\"dateModified\":\"2026-03-10T17:59:39+00:00\",\"description\":\"BetLabel na Trustpilotu dobiva uglavnom pozitivne recenzije \u2014 igra\u010di hvale brze isplate, korisni\u010dki prijateljsko su\u010delje, osobnu VIP uslugu i po\u0161tene uvjete bonusa, no neke recenzije navode pote\u0161ko\u0107e s isplatama putem odre\u0111enih na\u010dina pla\u0107anja i kontroverzne situacije vezane uz verifikaciju.\",\"inLanguage\":\"hr\",\"potentialAction\":[{\"@type\":\"ReadAction\",\"target\":[\"https:\/\/label.bet\/hr\/trustpilot\/\"]}]},{\"@type\":\"WebSite\",\"@id\":\"https:\/\/label.bet\/hr\/#website\",\"url\":\"https:\/\/label.bet\/hr\/\",\"name\":\"BetLabel\",\"description\":\"\",\"potentialAction\":[{\"@type\":\"SearchAction\",\"target\":{\"@type\":\"EntryPoint\",\"urlTemplate\":\"https:\/\/label.bet\/hr\/?s={search_term_string}\"},\"query-input\":{\"@type\":\"PropertyValueSpecification\",\"valueRequired\":true,\"valueName\":\"search_term_string\"}}],\"inLanguage\":\"hr\"}]}<\/script>\n<!-- \/ Yoast SEO plugin. -->","yoast_head_json":{"title":"BetLabel Trustpilot \u2014 Prave recenzije igra\u010da","description":"BetLabel na Trustpilotu dobiva uglavnom pozitivne recenzije \u2014 igra\u010di hvale brze isplate, korisni\u010dki prijateljsko su\u010delje, osobnu VIP uslugu i po\u0161tene uvjete bonusa, no neke recenzije navode pote\u0161ko\u0107e s isplatama putem odre\u0111enih na\u010dina pla\u0107anja i kontroverzne situacije vezane uz verifikaciju.","robots":{"index":"index","follow":"follow","max-snippet":"max-snippet:-1","max-image-preview":"max-image-preview:large","max-video-preview":"max-video-preview:-1"},"og_locale":"hr_HR","og_type":"article","og_title":"BetLabel Trustpilot \u2014 Prave recenzije igra\u010da","og_description":"BetLabel na Trustpilotu dobiva uglavnom pozitivne recenzije \u2014 igra\u010di hvale brze isplate, korisni\u010dki prijateljsko su\u010delje, osobnu VIP uslugu i po\u0161tene uvjete bonusa, no neke recenzije navode pote\u0161ko\u0107e s isplatama putem odre\u0111enih na\u010dina pla\u0107anja i kontroverzne situacije vezane uz verifikaciju.","og_url":"https:\/\/label.bet\/hr\/trustpilot\/","og_site_name":"BetLabel","article_modified_time":"2026-03-10T17:59:39+00:00","twitter_card":"summary_large_image","schema":{"@context":"https:\/\/schema.org","@graph":[{"@type":"WebPage","@id":"https:\/\/label.bet\/hr\/trustpilot\/","url":"https:\/\/label.bet\/hr\/trustpilot\/","name":"BetLabel Trustpilot \u2014 Prave recenzije igra\u010da","isPartOf":{"@id":"https:\/\/label.bet\/hr\/#website"},"datePublished":"2026-02-27T06:53:57+00:00","dateModified":"2026-03-10T17:59:39+00:00","description":"BetLabel na Trustpilotu dobiva uglavnom pozitivne recenzije \u2014 igra\u010di hvale brze isplate, korisni\u010dki prijateljsko su\u010delje, osobnu VIP uslugu i po\u0161tene uvjete bonusa, no neke recenzije navode pote\u0161ko\u0107e s isplatama putem odre\u0111enih na\u010dina pla\u0107anja i kontroverzne situacije vezane uz verifikaciju.","inLanguage":"hr","potentialAction":[{"@type":"ReadAction","target":["https:\/\/label.bet\/hr\/trustpilot\/"]}]},{"@type":"WebSite","@id":"https:\/\/label.bet\/hr\/#website","url":"https:\/\/label.bet\/hr\/","name":"BetLabel","description":"","potentialAction":[{"@type":"SearchAction","target":{"@type":"EntryPoint","urlTemplate":"https:\/\/label.bet\/hr\/?s={search_term_string}"},"query-input":{"@type":"PropertyValueSpecification","valueRequired":true,"valueName":"search_term_string"}}],"inLanguage":"hr"}]}},"_links":{"self":[{"href":"https:\/\/label.bet\/hr\/wp-json\/wp\/v2\/pages\/1931","targetHints":{"allow":["GET"]}}],"collection":[{"href":"https:\/\/label.bet\/hr\/wp-json\/wp\/v2\/pages"}],"about":[{"href":"https:\/\/label.bet\/hr\/wp-json\/wp\/v2\/types\/page"}],"author":[{"embeddable":true,"href":"https:\/\/label.bet\/hr\/wp-json\/wp\/v2\/users\/1"}],"replies":[{"embeddable":true,"href":"https:\/\/label.bet\/hr\/wp-json\/wp\/v2\/comments?post=1931"}],"version-history":[{"count":5,"href":"https:\/\/label.bet\/hr\/wp-json\/wp\/v2\/pages\/1931\/revisions"}],"predecessor-version":[{"id":2030,"href":"https:\/\/label.bet\/hr\/wp-json\/wp\/v2\/pages\/1931\/revisions\/2030"}],"wp:attachment":[{"href":"https:\/\/label.bet\/hr\/wp-json\/wp\/v2\/media?parent=1931"}],"curies":[{"name":"wp","href":"https:\/\/api.w.org\/{rel}","templated":true}]}}