{"id":1086,"date":"2025-11-15T16:52:15","date_gmt":"2025-11-15T13:52:15","guid":{"rendered":"https:\/\/label.bet\/hu\/?page_id=1086"},"modified":"2026-03-30T16:16:13","modified_gmt":"2026-03-30T13:16:13","slug":"home","status":"publish","type":"page","link":"https:\/\/label.bet\/hu\/","title":{"rendered":"Otthon"},"content":{"rendered":"","protected":false},"excerpt":{"rendered":"","protected":false},"author":1,"featured_media":0,"parent":0,"menu_order":0,"comment_status":"closed","ping_status":"closed","template":"","meta":{"_acf_changed":false,"footnotes":""},"class_list":["post-1086","page","type-page","status-publish","hentry"],"acf":[],"yoast_head":"<!-- This site is optimized with the Yoast SEO plugin v26.5 - https:\/\/yoast.com\/wordpress\/plugins\/seo\/ -->\n<title>Sportfogad\u00e1s \u00e9s oddsok \u2014 Bet Label \u2014 m\u00e1jus 2026<\/title>\n<meta name=\"description\" content=\"A Betlabel versenyk\u00e9pes oddsokkal, sz\u00e9les piaci lefedetts\u00e9ggel, gyors fogad\u00e1selhelyez\u00e9ssel \u00e9s z\u00f6kken\u0151mentes \u00e9lm\u00e9nnyel v\u00e1rja az akt\u00edv fogad\u00f3k\u00f6z\u00f6ns\u00e9get a nagy bajnoks\u00e1gok \u00e9s glob\u00e1lis esem\u00e9nyek sportfogad\u00e1s\u00e1val.\" \/>\n<meta name=\"robots\" content=\"index, follow, max-snippet:-1, max-image-preview:large, max-video-preview:-1\" \/>\n<meta property=\"og:locale\" content=\"hu_HU\" \/>\n<meta property=\"og:type\" content=\"article\" \/>\n<meta property=\"og:title\" content=\"Sportfogad\u00e1s \u00e9s oddsok \u2014 Bet Label \u2014 m\u00e1jus 2026\" \/>\n<meta property=\"og:description\" content=\"A Betlabel versenyk\u00e9pes oddsokkal, sz\u00e9les piaci lefedetts\u00e9ggel, gyors fogad\u00e1selhelyez\u00e9ssel \u00e9s z\u00f6kken\u0151mentes \u00e9lm\u00e9nnyel v\u00e1rja az akt\u00edv fogad\u00f3k\u00f6z\u00f6ns\u00e9get a nagy bajnoks\u00e1gok \u00e9s glob\u00e1lis esem\u00e9nyek sportfogad\u00e1s\u00e1val.\" \/>\n<meta property=\"og:url\" content=\"https:\/\/label.bet\/hu\/\" \/>\n<meta property=\"og:site_name\" content=\"BetLabel hu\" \/>\n<meta property=\"article:modified_time\" content=\"2026-03-30T13:16:13+00:00\" \/>\n<meta name=\"twitter:card\" content=\"summary_large_image\" \/>\n<script type=\"application\/ld+json\" class=\"yoast-schema-graph\">{\"@context\":\"https:\/\/schema.org\",\"@graph\":[{\"@type\":\"WebPage\",\"@id\":\"https:\/\/label.bet\/hu\/\",\"url\":\"https:\/\/label.bet\/hu\/\",\"name\":\"Sportfogad\u00e1s \u00e9s oddsok \u2014 Bet Label \u2014 m\u00e1jus 2026\",\"isPartOf\":{\"@id\":\"https:\/\/label.bet\/hu\/#website\"},\"datePublished\":\"2025-11-15T13:52:15+00:00\",\"dateModified\":\"2026-03-30T13:16:13+00:00\",\"description\":\"A Betlabel versenyk\u00e9pes oddsokkal, sz\u00e9les piaci lefedetts\u00e9ggel, gyors fogad\u00e1selhelyez\u00e9ssel \u00e9s z\u00f6kken\u0151mentes \u00e9lm\u00e9nnyel v\u00e1rja az akt\u00edv fogad\u00f3k\u00f6z\u00f6ns\u00e9get a nagy bajnoks\u00e1gok \u00e9s glob\u00e1lis esem\u00e9nyek sportfogad\u00e1s\u00e1val.\",\"inLanguage\":\"hu\",\"potentialAction\":[{\"@type\":\"ReadAction\",\"target\":[\"https:\/\/label.bet\/hu\/\"]}]},{\"@type\":\"WebSite\",\"@id\":\"https:\/\/label.bet\/hu\/#website\",\"url\":\"https:\/\/label.bet\/hu\/\",\"name\":\"BetLabel hu\",\"description\":\"\",\"potentialAction\":[{\"@type\":\"SearchAction\",\"target\":{\"@type\":\"EntryPoint\",\"urlTemplate\":\"https:\/\/label.bet\/hu\/?s={search_term_string}\"},\"query-input\":{\"@type\":\"PropertyValueSpecification\",\"valueRequired\":true,\"valueName\":\"search_term_string\"}}],\"inLanguage\":\"hu\"}]}<\/script>\n<!-- \/ Yoast SEO plugin. -->","yoast_head_json":{"title":"Sportfogad\u00e1s \u00e9s oddsok \u2014 Bet Label \u2014 m\u00e1jus 2026","description":"A Betlabel versenyk\u00e9pes oddsokkal, sz\u00e9les piaci lefedetts\u00e9ggel, gyors fogad\u00e1selhelyez\u00e9ssel \u00e9s z\u00f6kken\u0151mentes \u00e9lm\u00e9nnyel v\u00e1rja az akt\u00edv fogad\u00f3k\u00f6z\u00f6ns\u00e9get a nagy bajnoks\u00e1gok \u00e9s glob\u00e1lis esem\u00e9nyek sportfogad\u00e1s\u00e1val.","robots":{"index":"index","follow":"follow","max-snippet":"max-snippet:-1","max-image-preview":"max-image-preview:large","max-video-preview":"max-video-preview:-1"},"og_locale":"hu_HU","og_type":"article","og_title":"Sportfogad\u00e1s \u00e9s oddsok \u2014 Bet Label \u2014 m\u00e1jus 2026","og_description":"A Betlabel versenyk\u00e9pes oddsokkal, sz\u00e9les piaci lefedetts\u00e9ggel, gyors fogad\u00e1selhelyez\u00e9ssel \u00e9s z\u00f6kken\u0151mentes \u00e9lm\u00e9nnyel v\u00e1rja az akt\u00edv fogad\u00f3k\u00f6z\u00f6ns\u00e9get a nagy bajnoks\u00e1gok \u00e9s glob\u00e1lis esem\u00e9nyek sportfogad\u00e1s\u00e1val.","og_url":"https:\/\/label.bet\/hu\/","og_site_name":"BetLabel hu","article_modified_time":"2026-03-30T13:16:13+00:00","twitter_card":"summary_large_image","schema":{"@context":"https:\/\/schema.org","@graph":[{"@type":"WebPage","@id":"https:\/\/label.bet\/hu\/","url":"https:\/\/label.bet\/hu\/","name":"Sportfogad\u00e1s \u00e9s oddsok \u2014 Bet Label \u2014 m\u00e1jus 2026","isPartOf":{"@id":"https:\/\/label.bet\/hu\/#website"},"datePublished":"2025-11-15T13:52:15+00:00","dateModified":"2026-03-30T13:16:13+00:00","description":"A Betlabel versenyk\u00e9pes oddsokkal, sz\u00e9les piaci lefedetts\u00e9ggel, gyors fogad\u00e1selhelyez\u00e9ssel \u00e9s z\u00f6kken\u0151mentes \u00e9lm\u00e9nnyel v\u00e1rja az akt\u00edv fogad\u00f3k\u00f6z\u00f6ns\u00e9get a nagy bajnoks\u00e1gok \u00e9s glob\u00e1lis esem\u00e9nyek sportfogad\u00e1s\u00e1val.","inLanguage":"hu","potentialAction":[{"@type":"ReadAction","target":["https:\/\/label.bet\/hu\/"]}]},{"@type":"WebSite","@id":"https:\/\/label.bet\/hu\/#website","url":"https:\/\/label.bet\/hu\/","name":"BetLabel hu","description":"","potentialAction":[{"@type":"SearchAction","target":{"@type":"EntryPoint","urlTemplate":"https:\/\/label.bet\/hu\/?s={search_term_string}"},"query-input":{"@type":"PropertyValueSpecification","valueRequired":true,"valueName":"search_term_string"}}],"inLanguage":"hu"}]}},"_links":{"self":[{"href":"https:\/\/label.bet\/hu\/wp-json\/wp\/v2\/pages\/1086","targetHints":{"allow":["GET"]}}],"collection":[{"href":"https:\/\/label.bet\/hu\/wp-json\/wp\/v2\/pages"}],"about":[{"href":"https:\/\/label.bet\/hu\/wp-json\/wp\/v2\/types\/page"}],"author":[{"embeddable":true,"href":"https:\/\/label.bet\/hu\/wp-json\/wp\/v2\/users\/1"}],"replies":[{"embeddable":true,"href":"https:\/\/label.bet\/hu\/wp-json\/wp\/v2\/comments?post=1086"}],"version-history":[{"count":5,"href":"https:\/\/label.bet\/hu\/wp-json\/wp\/v2\/pages\/1086\/revisions"}],"predecessor-version":[{"id":2063,"href":"https:\/\/label.bet\/hu\/wp-json\/wp\/v2\/pages\/1086\/revisions\/2063"}],"wp:attachment":[{"href":"https:\/\/label.bet\/hu\/wp-json\/wp\/v2\/media?parent=1086"}],"curies":[{"name":"wp","href":"https:\/\/api.w.org\/{rel}","templated":true}]}}