{"id":1597,"date":"2025-12-29T08:54:31","date_gmt":"2025-12-29T05:54:31","guid":{"rendered":"https:\/\/label.bet\/hu\/?page_id=1597"},"modified":"2026-02-06T18:20:36","modified_gmt":"2026-02-06T15:20:36","slug":"apk","status":"publish","type":"page","link":"https:\/\/label.bet\/hu\/apk\/","title":{"rendered":"APK"},"content":{"rendered":"","protected":false},"excerpt":{"rendered":"","protected":false},"author":1,"featured_media":0,"parent":0,"menu_order":0,"comment_status":"closed","ping_status":"closed","template":"","meta":{"_acf_changed":false,"footnotes":""},"class_list":["post-1597","page","type-page","status-publish","hentry"],"acf":[],"yoast_head":"<!-- This site is optimized with the Yoast SEO plugin v26.5 - https:\/\/yoast.com\/wordpress\/plugins\/seo\/ -->\n<title>BetLabel APK \u1409 T\u00f6ltse le a hivatalos BetLabel Android alkalmaz\u00e1st<\/title>\n<meta name=\"description\" content=\"Hogyan lehet let\u00f6lteni \u00e9s telep\u00edteni a BetLabel APK-t Androidra. A fogad\u00e1sok \u00e9s kaszin\u00f3k legfontosabb funkci\u00f3i, valamint hasznos tippek a hivatalos verzi\u00f3 biztons\u00e1gos telep\u00edt\u00e9s\u00e9hez.\" \/>\n<meta name=\"robots\" content=\"index, follow, max-snippet:-1, max-image-preview:large, max-video-preview:-1\" \/>\n<link rel=\"canonical\" href=\"https:\/\/label.bet\/hu\/apk\/\" \/>\n<meta property=\"og:locale\" content=\"hu_HU\" \/>\n<meta property=\"og:type\" content=\"article\" \/>\n<meta property=\"og:title\" content=\"BetLabel APK \u1409 T\u00f6ltse le a hivatalos BetLabel Android alkalmaz\u00e1st\" \/>\n<meta property=\"og:description\" content=\"Hogyan lehet let\u00f6lteni \u00e9s telep\u00edteni a BetLabel APK-t Androidra. A fogad\u00e1sok \u00e9s kaszin\u00f3k legfontosabb funkci\u00f3i, valamint hasznos tippek a hivatalos verzi\u00f3 biztons\u00e1gos telep\u00edt\u00e9s\u00e9hez.\" \/>\n<meta property=\"og:url\" content=\"https:\/\/label.bet\/hu\/apk\/\" \/>\n<meta property=\"og:site_name\" content=\"BetLabel hu\" \/>\n<meta property=\"article:modified_time\" content=\"2026-02-06T15:20:36+00:00\" \/>\n<meta name=\"twitter:card\" content=\"summary_large_image\" \/>\n<script type=\"application\/ld+json\" class=\"yoast-schema-graph\">{\"@context\":\"https:\/\/schema.org\",\"@graph\":[{\"@type\":\"WebPage\",\"@id\":\"https:\/\/label.bet\/hu\/apk\/\",\"url\":\"https:\/\/label.bet\/hu\/apk\/\",\"name\":\"BetLabel APK \u1409 T\u00f6ltse le a hivatalos BetLabel Android alkalmaz\u00e1st\",\"isPartOf\":{\"@id\":\"https:\/\/label.bet\/hu\/#website\"},\"datePublished\":\"2025-12-29T05:54:31+00:00\",\"dateModified\":\"2026-02-06T15:20:36+00:00\",\"description\":\"Hogyan lehet let\u00f6lteni \u00e9s telep\u00edteni a BetLabel APK-t Androidra. A fogad\u00e1sok \u00e9s kaszin\u00f3k legfontosabb funkci\u00f3i, valamint hasznos tippek a hivatalos verzi\u00f3 biztons\u00e1gos telep\u00edt\u00e9s\u00e9hez.\",\"inLanguage\":\"hu\",\"potentialAction\":[{\"@type\":\"ReadAction\",\"target\":[\"https:\/\/label.bet\/hu\/apk\/\"]}]},{\"@type\":\"WebSite\",\"@id\":\"https:\/\/label.bet\/hu\/#website\",\"url\":\"https:\/\/label.bet\/hu\/\",\"name\":\"BetLabel hu\",\"description\":\"\",\"potentialAction\":[{\"@type\":\"SearchAction\",\"target\":{\"@type\":\"EntryPoint\",\"urlTemplate\":\"https:\/\/label.bet\/hu\/?s={search_term_string}\"},\"query-input\":{\"@type\":\"PropertyValueSpecification\",\"valueRequired\":true,\"valueName\":\"search_term_string\"}}],\"inLanguage\":\"hu\"}]}<\/script>\n<!-- \/ Yoast SEO plugin. -->","yoast_head_json":{"title":"BetLabel APK \u1409 T\u00f6ltse le a hivatalos BetLabel Android alkalmaz\u00e1st","description":"Hogyan lehet let\u00f6lteni \u00e9s telep\u00edteni a BetLabel APK-t Androidra. A fogad\u00e1sok \u00e9s kaszin\u00f3k legfontosabb funkci\u00f3i, valamint hasznos tippek a hivatalos verzi\u00f3 biztons\u00e1gos telep\u00edt\u00e9s\u00e9hez.","robots":{"index":"index","follow":"follow","max-snippet":"max-snippet:-1","max-image-preview":"max-image-preview:large","max-video-preview":"max-video-preview:-1"},"canonical":"https:\/\/label.bet\/hu\/apk\/","og_locale":"hu_HU","og_type":"article","og_title":"BetLabel APK \u1409 T\u00f6ltse le a hivatalos BetLabel Android alkalmaz\u00e1st","og_description":"Hogyan lehet let\u00f6lteni \u00e9s telep\u00edteni a BetLabel APK-t Androidra. A fogad\u00e1sok \u00e9s kaszin\u00f3k legfontosabb funkci\u00f3i, valamint hasznos tippek a hivatalos verzi\u00f3 biztons\u00e1gos telep\u00edt\u00e9s\u00e9hez.","og_url":"https:\/\/label.bet\/hu\/apk\/","og_site_name":"BetLabel hu","article_modified_time":"2026-02-06T15:20:36+00:00","twitter_card":"summary_large_image","schema":{"@context":"https:\/\/schema.org","@graph":[{"@type":"WebPage","@id":"https:\/\/label.bet\/hu\/apk\/","url":"https:\/\/label.bet\/hu\/apk\/","name":"BetLabel APK \u1409 T\u00f6ltse le a hivatalos BetLabel Android alkalmaz\u00e1st","isPartOf":{"@id":"https:\/\/label.bet\/hu\/#website"},"datePublished":"2025-12-29T05:54:31+00:00","dateModified":"2026-02-06T15:20:36+00:00","description":"Hogyan lehet let\u00f6lteni \u00e9s telep\u00edteni a BetLabel APK-t Androidra. A fogad\u00e1sok \u00e9s kaszin\u00f3k legfontosabb funkci\u00f3i, valamint hasznos tippek a hivatalos verzi\u00f3 biztons\u00e1gos telep\u00edt\u00e9s\u00e9hez.","inLanguage":"hu","potentialAction":[{"@type":"ReadAction","target":["https:\/\/label.bet\/hu\/apk\/"]}]},{"@type":"WebSite","@id":"https:\/\/label.bet\/hu\/#website","url":"https:\/\/label.bet\/hu\/","name":"BetLabel hu","description":"","potentialAction":[{"@type":"SearchAction","target":{"@type":"EntryPoint","urlTemplate":"https:\/\/label.bet\/hu\/?s={search_term_string}"},"query-input":{"@type":"PropertyValueSpecification","valueRequired":true,"valueName":"search_term_string"}}],"inLanguage":"hu"}]}},"_links":{"self":[{"href":"https:\/\/label.bet\/hu\/wp-json\/wp\/v2\/pages\/1597","targetHints":{"allow":["GET"]}}],"collection":[{"href":"https:\/\/label.bet\/hu\/wp-json\/wp\/v2\/pages"}],"about":[{"href":"https:\/\/label.bet\/hu\/wp-json\/wp\/v2\/types\/page"}],"author":[{"embeddable":true,"href":"https:\/\/label.bet\/hu\/wp-json\/wp\/v2\/users\/1"}],"replies":[{"embeddable":true,"href":"https:\/\/label.bet\/hu\/wp-json\/wp\/v2\/comments?post=1597"}],"version-history":[{"count":5,"href":"https:\/\/label.bet\/hu\/wp-json\/wp\/v2\/pages\/1597\/revisions"}],"predecessor-version":[{"id":1905,"href":"https:\/\/label.bet\/hu\/wp-json\/wp\/v2\/pages\/1597\/revisions\/1905"}],"wp:attachment":[{"href":"https:\/\/label.bet\/hu\/wp-json\/wp\/v2\/media?parent=1597"}],"curies":[{"name":"wp","href":"https:\/\/api.w.org\/{rel}","templated":true}]}}