{"id":1679,"date":"2026-01-02T15:08:59","date_gmt":"2026-01-02T12:08:59","guid":{"rendered":"https:\/\/label.bet\/hu\/?page_id=1679"},"modified":"2026-02-19T17:23:17","modified_gmt":"2026-02-19T14:23:17","slug":"partners","status":"publish","type":"page","link":"https:\/\/label.bet\/hu\/partners\/","title":{"rendered":"Partner"},"content":{"rendered":"","protected":false},"excerpt":{"rendered":"","protected":false},"author":1,"featured_media":0,"parent":0,"menu_order":0,"comment_status":"closed","ping_status":"closed","template":"","meta":{"_acf_changed":false,"footnotes":""},"class_list":["post-1679","page","type-page","status-publish","hentry"],"acf":[],"yoast_head":"<!-- This site is optimized with the Yoast SEO plugin v26.5 - https:\/\/yoast.com\/wordpress\/plugins\/seo\/ -->\n<title>BetLabel Partnerprogram \u1409 RevShare 50%, CPA 80000 HUF<\/title>\n<meta name=\"description\" content=\"BetLabel Partners partnerprogram \u2014 Ak\u00e1r 50% \u00e9letre sz\u00f3l\u00f3 bev\u00e9telr\u00e9szesed\u00e9s, ak\u00e1r 80 000 HUF CPA \u00e9s hibrid modellek. Heti kifizet\u00e9sek 20 000 HUF-t\u00f3l, b\u00e1rmilyen forgalom, szem\u00e9lyes menedzser \u00e9s negat\u00edv \u00e1tvitel n\u00e9lk\u00fcl. Regisztr\u00e1ljon MOST!\" \/>\n<meta name=\"robots\" content=\"index, follow, max-snippet:-1, max-image-preview:large, max-video-preview:-1\" \/>\n<link rel=\"canonical\" href=\"https:\/\/label.bet\/hu\/partners\/\" \/>\n<meta property=\"og:locale\" content=\"hu_HU\" \/>\n<meta property=\"og:type\" content=\"article\" \/>\n<meta property=\"og:title\" content=\"BetLabel Partnerprogram \u1409 RevShare 50%, CPA 80000 HUF\" \/>\n<meta property=\"og:description\" content=\"BetLabel Partners partnerprogram \u2014 Ak\u00e1r 50% \u00e9letre sz\u00f3l\u00f3 bev\u00e9telr\u00e9szesed\u00e9s, ak\u00e1r 80 000 HUF CPA \u00e9s hibrid modellek. Heti kifizet\u00e9sek 20 000 HUF-t\u00f3l, b\u00e1rmilyen forgalom, szem\u00e9lyes menedzser \u00e9s negat\u00edv \u00e1tvitel n\u00e9lk\u00fcl. Regisztr\u00e1ljon MOST!\" \/>\n<meta property=\"og:url\" content=\"https:\/\/label.bet\/hu\/partners\/\" \/>\n<meta property=\"og:site_name\" content=\"BetLabel hu\" \/>\n<meta property=\"article:modified_time\" content=\"2026-02-19T14:23:17+00:00\" \/>\n<meta name=\"twitter:card\" content=\"summary_large_image\" \/>\n<script type=\"application\/ld+json\" class=\"yoast-schema-graph\">{\"@context\":\"https:\/\/schema.org\",\"@graph\":[{\"@type\":\"WebPage\",\"@id\":\"https:\/\/label.bet\/hu\/partners\/\",\"url\":\"https:\/\/label.bet\/hu\/partners\/\",\"name\":\"BetLabel Partnerprogram \u1409 RevShare 50%, CPA 80000 HUF\",\"isPartOf\":{\"@id\":\"https:\/\/label.bet\/hu\/#website\"},\"datePublished\":\"2026-01-02T12:08:59+00:00\",\"dateModified\":\"2026-02-19T14:23:17+00:00\",\"description\":\"BetLabel Partners partnerprogram \u2014 Ak\u00e1r 50% \u00e9letre sz\u00f3l\u00f3 bev\u00e9telr\u00e9szesed\u00e9s, ak\u00e1r 80 000 HUF CPA \u00e9s hibrid modellek. Heti kifizet\u00e9sek 20 000 HUF-t\u00f3l, b\u00e1rmilyen forgalom, szem\u00e9lyes menedzser \u00e9s negat\u00edv \u00e1tvitel n\u00e9lk\u00fcl. Regisztr\u00e1ljon MOST!\",\"inLanguage\":\"hu\",\"potentialAction\":[{\"@type\":\"ReadAction\",\"target\":[\"https:\/\/label.bet\/hu\/partners\/\"]}]},{\"@type\":\"WebSite\",\"@id\":\"https:\/\/label.bet\/hu\/#website\",\"url\":\"https:\/\/label.bet\/hu\/\",\"name\":\"BetLabel hu\",\"description\":\"\",\"potentialAction\":[{\"@type\":\"SearchAction\",\"target\":{\"@type\":\"EntryPoint\",\"urlTemplate\":\"https:\/\/label.bet\/hu\/?s={search_term_string}\"},\"query-input\":{\"@type\":\"PropertyValueSpecification\",\"valueRequired\":true,\"valueName\":\"search_term_string\"}}],\"inLanguage\":\"hu\"}]}<\/script>\n<!-- \/ Yoast SEO plugin. -->","yoast_head_json":{"title":"BetLabel Partnerprogram \u1409 RevShare 50%, CPA 80000 HUF","description":"BetLabel Partners partnerprogram \u2014 Ak\u00e1r 50% \u00e9letre sz\u00f3l\u00f3 bev\u00e9telr\u00e9szesed\u00e9s, ak\u00e1r 80 000 HUF CPA \u00e9s hibrid modellek. Heti kifizet\u00e9sek 20 000 HUF-t\u00f3l, b\u00e1rmilyen forgalom, szem\u00e9lyes menedzser \u00e9s negat\u00edv \u00e1tvitel n\u00e9lk\u00fcl. Regisztr\u00e1ljon MOST!","robots":{"index":"index","follow":"follow","max-snippet":"max-snippet:-1","max-image-preview":"max-image-preview:large","max-video-preview":"max-video-preview:-1"},"canonical":"https:\/\/label.bet\/hu\/partners\/","og_locale":"hu_HU","og_type":"article","og_title":"BetLabel Partnerprogram \u1409 RevShare 50%, CPA 80000 HUF","og_description":"BetLabel Partners partnerprogram \u2014 Ak\u00e1r 50% \u00e9letre sz\u00f3l\u00f3 bev\u00e9telr\u00e9szesed\u00e9s, ak\u00e1r 80 000 HUF CPA \u00e9s hibrid modellek. Heti kifizet\u00e9sek 20 000 HUF-t\u00f3l, b\u00e1rmilyen forgalom, szem\u00e9lyes menedzser \u00e9s negat\u00edv \u00e1tvitel n\u00e9lk\u00fcl. Regisztr\u00e1ljon MOST!","og_url":"https:\/\/label.bet\/hu\/partners\/","og_site_name":"BetLabel hu","article_modified_time":"2026-02-19T14:23:17+00:00","twitter_card":"summary_large_image","schema":{"@context":"https:\/\/schema.org","@graph":[{"@type":"WebPage","@id":"https:\/\/label.bet\/hu\/partners\/","url":"https:\/\/label.bet\/hu\/partners\/","name":"BetLabel Partnerprogram \u1409 RevShare 50%, CPA 80000 HUF","isPartOf":{"@id":"https:\/\/label.bet\/hu\/#website"},"datePublished":"2026-01-02T12:08:59+00:00","dateModified":"2026-02-19T14:23:17+00:00","description":"BetLabel Partners partnerprogram \u2014 Ak\u00e1r 50% \u00e9letre sz\u00f3l\u00f3 bev\u00e9telr\u00e9szesed\u00e9s, ak\u00e1r 80 000 HUF CPA \u00e9s hibrid modellek. Heti kifizet\u00e9sek 20 000 HUF-t\u00f3l, b\u00e1rmilyen forgalom, szem\u00e9lyes menedzser \u00e9s negat\u00edv \u00e1tvitel n\u00e9lk\u00fcl. Regisztr\u00e1ljon MOST!","inLanguage":"hu","potentialAction":[{"@type":"ReadAction","target":["https:\/\/label.bet\/hu\/partners\/"]}]},{"@type":"WebSite","@id":"https:\/\/label.bet\/hu\/#website","url":"https:\/\/label.bet\/hu\/","name":"BetLabel hu","description":"","potentialAction":[{"@type":"SearchAction","target":{"@type":"EntryPoint","urlTemplate":"https:\/\/label.bet\/hu\/?s={search_term_string}"},"query-input":{"@type":"PropertyValueSpecification","valueRequired":true,"valueName":"search_term_string"}}],"inLanguage":"hu"}]}},"_links":{"self":[{"href":"https:\/\/label.bet\/hu\/wp-json\/wp\/v2\/pages\/1679","targetHints":{"allow":["GET"]}}],"collection":[{"href":"https:\/\/label.bet\/hu\/wp-json\/wp\/v2\/pages"}],"about":[{"href":"https:\/\/label.bet\/hu\/wp-json\/wp\/v2\/types\/page"}],"author":[{"embeddable":true,"href":"https:\/\/label.bet\/hu\/wp-json\/wp\/v2\/users\/1"}],"replies":[{"embeddable":true,"href":"https:\/\/label.bet\/hu\/wp-json\/wp\/v2\/comments?post=1679"}],"version-history":[{"count":5,"href":"https:\/\/label.bet\/hu\/wp-json\/wp\/v2\/pages\/1679\/revisions"}],"predecessor-version":[{"id":1953,"href":"https:\/\/label.bet\/hu\/wp-json\/wp\/v2\/pages\/1679\/revisions\/1953"}],"wp:attachment":[{"href":"https:\/\/label.bet\/hu\/wp-json\/wp\/v2\/media?parent=1679"}],"curies":[{"name":"wp","href":"https:\/\/api.w.org\/{rel}","templated":true}]}}