{"id":1723,"date":"2026-01-22T14:27:58","date_gmt":"2026-01-22T11:27:58","guid":{"rendered":"https:\/\/label.bet\/hu\/?page_id=1723"},"modified":"2026-02-07T18:39:39","modified_gmt":"2026-02-07T15:39:39","slug":"hockey","status":"publish","type":"page","link":"https:\/\/label.bet\/hu\/hockey\/","title":{"rendered":"J\u00e9gkorong"},"content":{"rendered":"","protected":false},"excerpt":{"rendered":"","protected":false},"author":1,"featured_media":0,"parent":0,"menu_order":0,"comment_status":"closed","ping_status":"closed","template":"","meta":{"_acf_changed":false,"footnotes":""},"class_list":["post-1723","page","type-page","status-publish","hentry"],"acf":[],"yoast_head":"<!-- This site is optimized with the Yoast SEO plugin v26.5 - https:\/\/yoast.com\/wordpress\/plugins\/seo\/ -->\n<title>J\u00e9gkorong BetLabel \ud83d\udc8e M\u00e9rk\u0151z\u00e9sek es\u00e9lyei \u00e9s el\u0151rejelz\u00e9sei<\/title>\n<meta name=\"description\" content=\"J\u00e9gkorong fogad\u00e1sok a BetLabeln\u00e9l! Tegyen pontos el\u0151rejelz\u00e9seket a KHL \u00e9s NHL legjobb m\u00e9rk\u0151z\u00e9seire, szerezzen kedvez\u0151 oddsokat \u00e9s nyerjen. A j\u00e9gkorongrajong\u00f3k megb\u00edzhat\u00f3 bukm\u00e9kere v\u00e1rja \u00d6nt.\" \/>\n<meta name=\"robots\" content=\"index, follow, max-snippet:-1, max-image-preview:large, max-video-preview:-1\" \/>\n<link rel=\"canonical\" href=\"https:\/\/label.bet\/hu\/hockey\/\" \/>\n<meta property=\"og:locale\" content=\"hu_HU\" \/>\n<meta property=\"og:type\" content=\"article\" \/>\n<meta property=\"og:title\" content=\"J\u00e9gkorong BetLabel \ud83d\udc8e M\u00e9rk\u0151z\u00e9sek es\u00e9lyei \u00e9s el\u0151rejelz\u00e9sei\" \/>\n<meta property=\"og:description\" content=\"J\u00e9gkorong fogad\u00e1sok a BetLabeln\u00e9l! Tegyen pontos el\u0151rejelz\u00e9seket a KHL \u00e9s NHL legjobb m\u00e9rk\u0151z\u00e9seire, szerezzen kedvez\u0151 oddsokat \u00e9s nyerjen. A j\u00e9gkorongrajong\u00f3k megb\u00edzhat\u00f3 bukm\u00e9kere v\u00e1rja \u00d6nt.\" \/>\n<meta property=\"og:url\" content=\"https:\/\/label.bet\/hu\/hockey\/\" \/>\n<meta property=\"og:site_name\" content=\"BetLabel hu\" \/>\n<meta property=\"article:modified_time\" content=\"2026-02-07T15:39:39+00:00\" \/>\n<meta name=\"twitter:card\" content=\"summary_large_image\" \/>\n<script type=\"application\/ld+json\" class=\"yoast-schema-graph\">{\"@context\":\"https:\/\/schema.org\",\"@graph\":[{\"@type\":\"WebPage\",\"@id\":\"https:\/\/label.bet\/hu\/hockey\/\",\"url\":\"https:\/\/label.bet\/hu\/hockey\/\",\"name\":\"J\u00e9gkorong BetLabel \ud83d\udc8e M\u00e9rk\u0151z\u00e9sek es\u00e9lyei \u00e9s el\u0151rejelz\u00e9sei\",\"isPartOf\":{\"@id\":\"https:\/\/label.bet\/hu\/#website\"},\"datePublished\":\"2026-01-22T11:27:58+00:00\",\"dateModified\":\"2026-02-07T15:39:39+00:00\",\"description\":\"J\u00e9gkorong fogad\u00e1sok a BetLabeln\u00e9l! Tegyen pontos el\u0151rejelz\u00e9seket a KHL \u00e9s NHL legjobb m\u00e9rk\u0151z\u00e9seire, szerezzen kedvez\u0151 oddsokat \u00e9s nyerjen. A j\u00e9gkorongrajong\u00f3k megb\u00edzhat\u00f3 bukm\u00e9kere v\u00e1rja \u00d6nt.\",\"inLanguage\":\"hu\",\"potentialAction\":[{\"@type\":\"ReadAction\",\"target\":[\"https:\/\/label.bet\/hu\/hockey\/\"]}]},{\"@type\":\"WebSite\",\"@id\":\"https:\/\/label.bet\/hu\/#website\",\"url\":\"https:\/\/label.bet\/hu\/\",\"name\":\"BetLabel hu\",\"description\":\"\",\"potentialAction\":[{\"@type\":\"SearchAction\",\"target\":{\"@type\":\"EntryPoint\",\"urlTemplate\":\"https:\/\/label.bet\/hu\/?s={search_term_string}\"},\"query-input\":{\"@type\":\"PropertyValueSpecification\",\"valueRequired\":true,\"valueName\":\"search_term_string\"}}],\"inLanguage\":\"hu\"}]}<\/script>\n<!-- \/ Yoast SEO plugin. -->","yoast_head_json":{"title":"J\u00e9gkorong BetLabel \ud83d\udc8e M\u00e9rk\u0151z\u00e9sek es\u00e9lyei \u00e9s el\u0151rejelz\u00e9sei","description":"J\u00e9gkorong fogad\u00e1sok a BetLabeln\u00e9l! Tegyen pontos el\u0151rejelz\u00e9seket a KHL \u00e9s NHL legjobb m\u00e9rk\u0151z\u00e9seire, szerezzen kedvez\u0151 oddsokat \u00e9s nyerjen. A j\u00e9gkorongrajong\u00f3k megb\u00edzhat\u00f3 bukm\u00e9kere v\u00e1rja \u00d6nt.","robots":{"index":"index","follow":"follow","max-snippet":"max-snippet:-1","max-image-preview":"max-image-preview:large","max-video-preview":"max-video-preview:-1"},"canonical":"https:\/\/label.bet\/hu\/hockey\/","og_locale":"hu_HU","og_type":"article","og_title":"J\u00e9gkorong BetLabel \ud83d\udc8e M\u00e9rk\u0151z\u00e9sek es\u00e9lyei \u00e9s el\u0151rejelz\u00e9sei","og_description":"J\u00e9gkorong fogad\u00e1sok a BetLabeln\u00e9l! Tegyen pontos el\u0151rejelz\u00e9seket a KHL \u00e9s NHL legjobb m\u00e9rk\u0151z\u00e9seire, szerezzen kedvez\u0151 oddsokat \u00e9s nyerjen. A j\u00e9gkorongrajong\u00f3k megb\u00edzhat\u00f3 bukm\u00e9kere v\u00e1rja \u00d6nt.","og_url":"https:\/\/label.bet\/hu\/hockey\/","og_site_name":"BetLabel hu","article_modified_time":"2026-02-07T15:39:39+00:00","twitter_card":"summary_large_image","schema":{"@context":"https:\/\/schema.org","@graph":[{"@type":"WebPage","@id":"https:\/\/label.bet\/hu\/hockey\/","url":"https:\/\/label.bet\/hu\/hockey\/","name":"J\u00e9gkorong BetLabel \ud83d\udc8e M\u00e9rk\u0151z\u00e9sek es\u00e9lyei \u00e9s el\u0151rejelz\u00e9sei","isPartOf":{"@id":"https:\/\/label.bet\/hu\/#website"},"datePublished":"2026-01-22T11:27:58+00:00","dateModified":"2026-02-07T15:39:39+00:00","description":"J\u00e9gkorong fogad\u00e1sok a BetLabeln\u00e9l! Tegyen pontos el\u0151rejelz\u00e9seket a KHL \u00e9s NHL legjobb m\u00e9rk\u0151z\u00e9seire, szerezzen kedvez\u0151 oddsokat \u00e9s nyerjen. A j\u00e9gkorongrajong\u00f3k megb\u00edzhat\u00f3 bukm\u00e9kere v\u00e1rja \u00d6nt.","inLanguage":"hu","potentialAction":[{"@type":"ReadAction","target":["https:\/\/label.bet\/hu\/hockey\/"]}]},{"@type":"WebSite","@id":"https:\/\/label.bet\/hu\/#website","url":"https:\/\/label.bet\/hu\/","name":"BetLabel hu","description":"","potentialAction":[{"@type":"SearchAction","target":{"@type":"EntryPoint","urlTemplate":"https:\/\/label.bet\/hu\/?s={search_term_string}"},"query-input":{"@type":"PropertyValueSpecification","valueRequired":true,"valueName":"search_term_string"}}],"inLanguage":"hu"}]}},"_links":{"self":[{"href":"https:\/\/label.bet\/hu\/wp-json\/wp\/v2\/pages\/1723","targetHints":{"allow":["GET"]}}],"collection":[{"href":"https:\/\/label.bet\/hu\/wp-json\/wp\/v2\/pages"}],"about":[{"href":"https:\/\/label.bet\/hu\/wp-json\/wp\/v2\/types\/page"}],"author":[{"embeddable":true,"href":"https:\/\/label.bet\/hu\/wp-json\/wp\/v2\/users\/1"}],"replies":[{"embeddable":true,"href":"https:\/\/label.bet\/hu\/wp-json\/wp\/v2\/comments?post=1723"}],"version-history":[{"count":5,"href":"https:\/\/label.bet\/hu\/wp-json\/wp\/v2\/pages\/1723\/revisions"}],"predecessor-version":[{"id":1926,"href":"https:\/\/label.bet\/hu\/wp-json\/wp\/v2\/pages\/1723\/revisions\/1926"}],"wp:attachment":[{"href":"https:\/\/label.bet\/hu\/wp-json\/wp\/v2\/media?parent=1723"}],"curies":[{"name":"wp","href":"https:\/\/api.w.org\/{rel}","templated":true}]}}