{"id":1802,"date":"2026-01-23T14:35:42","date_gmt":"2026-01-23T11:35:42","guid":{"rendered":"https:\/\/label.bet\/hu\/?page_id=1802"},"modified":"2026-02-07T19:45:47","modified_gmt":"2026-02-07T16:45:47","slug":"plinko","status":"publish","type":"page","link":"https:\/\/label.bet\/hu\/plinko\/","title":{"rendered":"Plinko"},"content":{"rendered":"","protected":false},"excerpt":{"rendered":"","protected":false},"author":1,"featured_media":0,"parent":0,"menu_order":0,"comment_status":"closed","ping_status":"closed","template":"","meta":{"_acf_changed":false,"footnotes":""},"class_list":["post-1802","page","type-page","status-publish","hentry"],"acf":[],"yoast_head":"<!-- This site is optimized with the Yoast SEO plugin v26.5 - https:\/\/yoast.com\/wordpress\/plugins\/seo\/ -->\n<title>J\u00e1tssz Plink\u00f3 a BetLabel Kaszin\u00f3ban \u27a4 Egyszer\u0171 j\u00e1t\u00e9k szorz\u00f3kkal<\/title>\n<meta name=\"description\" content=\"A BetLabel \u2714\ufe0f Plinko egy gyors \u00e9s k\u00f6nnyen \u00e9rthet\u0151 j\u00e1t\u00e9k, amelyben goly\u00f3k esnek \u00e9s szorz\u00f3kat lehet nyerni. Minim\u00e1lis t\u00e9tek, kock\u00e1zatkezel\u00e9s, r\u00f6vid k\u00f6r\u00f6k \u00e9s k\u00e9nyelmes j\u00e1t\u00e9k a sz\u00e1m\u00edt\u00f3g\u00e9pr\u0151l vagy a telefonr\u00f3l.\" \/>\n<meta name=\"robots\" content=\"index, follow, max-snippet:-1, max-image-preview:large, max-video-preview:-1\" \/>\n<link rel=\"canonical\" href=\"https:\/\/label.bet\/hu\/plinko\/\" \/>\n<meta property=\"og:locale\" content=\"hu_HU\" \/>\n<meta property=\"og:type\" content=\"article\" \/>\n<meta property=\"og:title\" content=\"J\u00e1tssz Plink\u00f3 a BetLabel Kaszin\u00f3ban \u27a4 Egyszer\u0171 j\u00e1t\u00e9k szorz\u00f3kkal\" \/>\n<meta property=\"og:description\" content=\"A BetLabel \u2714\ufe0f Plinko egy gyors \u00e9s k\u00f6nnyen \u00e9rthet\u0151 j\u00e1t\u00e9k, amelyben goly\u00f3k esnek \u00e9s szorz\u00f3kat lehet nyerni. Minim\u00e1lis t\u00e9tek, kock\u00e1zatkezel\u00e9s, r\u00f6vid k\u00f6r\u00f6k \u00e9s k\u00e9nyelmes j\u00e1t\u00e9k a sz\u00e1m\u00edt\u00f3g\u00e9pr\u0151l vagy a telefonr\u00f3l.\" \/>\n<meta property=\"og:url\" content=\"https:\/\/label.bet\/hu\/plinko\/\" \/>\n<meta property=\"og:site_name\" content=\"BetLabel hu\" \/>\n<meta property=\"article:modified_time\" content=\"2026-02-07T16:45:47+00:00\" \/>\n<meta name=\"twitter:card\" content=\"summary_large_image\" \/>\n<script type=\"application\/ld+json\" class=\"yoast-schema-graph\">{\"@context\":\"https:\/\/schema.org\",\"@graph\":[{\"@type\":\"WebPage\",\"@id\":\"https:\/\/label.bet\/hu\/plinko\/\",\"url\":\"https:\/\/label.bet\/hu\/plinko\/\",\"name\":\"J\u00e1tssz Plink\u00f3 a BetLabel Kaszin\u00f3ban \u27a4 Egyszer\u0171 j\u00e1t\u00e9k szorz\u00f3kkal\",\"isPartOf\":{\"@id\":\"https:\/\/label.bet\/hu\/#website\"},\"datePublished\":\"2026-01-23T11:35:42+00:00\",\"dateModified\":\"2026-02-07T16:45:47+00:00\",\"description\":\"A BetLabel \u2714\ufe0f Plinko egy gyors \u00e9s k\u00f6nnyen \u00e9rthet\u0151 j\u00e1t\u00e9k, amelyben goly\u00f3k esnek \u00e9s szorz\u00f3kat lehet nyerni. Minim\u00e1lis t\u00e9tek, kock\u00e1zatkezel\u00e9s, r\u00f6vid k\u00f6r\u00f6k \u00e9s k\u00e9nyelmes j\u00e1t\u00e9k a sz\u00e1m\u00edt\u00f3g\u00e9pr\u0151l vagy a telefonr\u00f3l.\",\"inLanguage\":\"hu\",\"potentialAction\":[{\"@type\":\"ReadAction\",\"target\":[\"https:\/\/label.bet\/hu\/plinko\/\"]}]},{\"@type\":\"WebSite\",\"@id\":\"https:\/\/label.bet\/hu\/#website\",\"url\":\"https:\/\/label.bet\/hu\/\",\"name\":\"BetLabel hu\",\"description\":\"\",\"potentialAction\":[{\"@type\":\"SearchAction\",\"target\":{\"@type\":\"EntryPoint\",\"urlTemplate\":\"https:\/\/label.bet\/hu\/?s={search_term_string}\"},\"query-input\":{\"@type\":\"PropertyValueSpecification\",\"valueRequired\":true,\"valueName\":\"search_term_string\"}}],\"inLanguage\":\"hu\"}]}<\/script>\n<!-- \/ Yoast SEO plugin. -->","yoast_head_json":{"title":"J\u00e1tssz Plink\u00f3 a BetLabel Kaszin\u00f3ban \u27a4 Egyszer\u0171 j\u00e1t\u00e9k szorz\u00f3kkal","description":"A BetLabel \u2714\ufe0f Plinko egy gyors \u00e9s k\u00f6nnyen \u00e9rthet\u0151 j\u00e1t\u00e9k, amelyben goly\u00f3k esnek \u00e9s szorz\u00f3kat lehet nyerni. Minim\u00e1lis t\u00e9tek, kock\u00e1zatkezel\u00e9s, r\u00f6vid k\u00f6r\u00f6k \u00e9s k\u00e9nyelmes j\u00e1t\u00e9k a sz\u00e1m\u00edt\u00f3g\u00e9pr\u0151l vagy a telefonr\u00f3l.","robots":{"index":"index","follow":"follow","max-snippet":"max-snippet:-1","max-image-preview":"max-image-preview:large","max-video-preview":"max-video-preview:-1"},"canonical":"https:\/\/label.bet\/hu\/plinko\/","og_locale":"hu_HU","og_type":"article","og_title":"J\u00e1tssz Plink\u00f3 a BetLabel Kaszin\u00f3ban \u27a4 Egyszer\u0171 j\u00e1t\u00e9k szorz\u00f3kkal","og_description":"A BetLabel \u2714\ufe0f Plinko egy gyors \u00e9s k\u00f6nnyen \u00e9rthet\u0151 j\u00e1t\u00e9k, amelyben goly\u00f3k esnek \u00e9s szorz\u00f3kat lehet nyerni. Minim\u00e1lis t\u00e9tek, kock\u00e1zatkezel\u00e9s, r\u00f6vid k\u00f6r\u00f6k \u00e9s k\u00e9nyelmes j\u00e1t\u00e9k a sz\u00e1m\u00edt\u00f3g\u00e9pr\u0151l vagy a telefonr\u00f3l.","og_url":"https:\/\/label.bet\/hu\/plinko\/","og_site_name":"BetLabel hu","article_modified_time":"2026-02-07T16:45:47+00:00","twitter_card":"summary_large_image","schema":{"@context":"https:\/\/schema.org","@graph":[{"@type":"WebPage","@id":"https:\/\/label.bet\/hu\/plinko\/","url":"https:\/\/label.bet\/hu\/plinko\/","name":"J\u00e1tssz Plink\u00f3 a BetLabel Kaszin\u00f3ban \u27a4 Egyszer\u0171 j\u00e1t\u00e9k szorz\u00f3kkal","isPartOf":{"@id":"https:\/\/label.bet\/hu\/#website"},"datePublished":"2026-01-23T11:35:42+00:00","dateModified":"2026-02-07T16:45:47+00:00","description":"A BetLabel \u2714\ufe0f Plinko egy gyors \u00e9s k\u00f6nnyen \u00e9rthet\u0151 j\u00e1t\u00e9k, amelyben goly\u00f3k esnek \u00e9s szorz\u00f3kat lehet nyerni. Minim\u00e1lis t\u00e9tek, kock\u00e1zatkezel\u00e9s, r\u00f6vid k\u00f6r\u00f6k \u00e9s k\u00e9nyelmes j\u00e1t\u00e9k a sz\u00e1m\u00edt\u00f3g\u00e9pr\u0151l vagy a telefonr\u00f3l.","inLanguage":"hu","potentialAction":[{"@type":"ReadAction","target":["https:\/\/label.bet\/hu\/plinko\/"]}]},{"@type":"WebSite","@id":"https:\/\/label.bet\/hu\/#website","url":"https:\/\/label.bet\/hu\/","name":"BetLabel hu","description":"","potentialAction":[{"@type":"SearchAction","target":{"@type":"EntryPoint","urlTemplate":"https:\/\/label.bet\/hu\/?s={search_term_string}"},"query-input":{"@type":"PropertyValueSpecification","valueRequired":true,"valueName":"search_term_string"}}],"inLanguage":"hu"}]}},"_links":{"self":[{"href":"https:\/\/label.bet\/hu\/wp-json\/wp\/v2\/pages\/1802","targetHints":{"allow":["GET"]}}],"collection":[{"href":"https:\/\/label.bet\/hu\/wp-json\/wp\/v2\/pages"}],"about":[{"href":"https:\/\/label.bet\/hu\/wp-json\/wp\/v2\/types\/page"}],"author":[{"embeddable":true,"href":"https:\/\/label.bet\/hu\/wp-json\/wp\/v2\/users\/1"}],"replies":[{"embeddable":true,"href":"https:\/\/label.bet\/hu\/wp-json\/wp\/v2\/comments?post=1802"}],"version-history":[{"count":4,"href":"https:\/\/label.bet\/hu\/wp-json\/wp\/v2\/pages\/1802\/revisions"}],"predecessor-version":[{"id":1936,"href":"https:\/\/label.bet\/hu\/wp-json\/wp\/v2\/pages\/1802\/revisions\/1936"}],"wp:attachment":[{"href":"https:\/\/label.bet\/hu\/wp-json\/wp\/v2\/media?parent=1802"}],"curies":[{"name":"wp","href":"https:\/\/api.w.org\/{rel}","templated":true}]}}