{"id":1821,"date":"2026-01-25T16:26:05","date_gmt":"2026-01-25T13:26:05","guid":{"rendered":"https:\/\/label.bet\/hu\/?page_id=1821"},"modified":"2026-02-07T18:08:05","modified_gmt":"2026-02-07T15:08:05","slug":"gates-of-olympus","status":"publish","type":"page","link":"https:\/\/label.bet\/hu\/gates-of-olympus\/","title":{"rendered":"Gates of Olympus"},"content":{"rendered":"","protected":false},"excerpt":{"rendered":"","protected":false},"author":1,"featured_media":0,"parent":0,"menu_order":0,"comment_status":"closed","ping_status":"closed","template":"","meta":{"_acf_changed":false,"footnotes":""},"class_list":["post-1821","page","type-page","status-publish","hentry"],"acf":[],"yoast_head":"<!-- This site is optimized with the Yoast SEO plugin v26.5 - https:\/\/yoast.com\/wordpress\/plugins\/seo\/ -->\n<title>Gates of Olympus BetLabel \u2714\ufe0f Slot 500-szoros szorz\u00f3val<\/title>\n<meta name=\"description\" content=\"J\u00e1tssz a Gates of Olympus j\u00e1t\u00e9kkal a BetLabel Kaszin\u00f3ban \u2714\ufe0f N\u00e9pszer\u0171 Pragmatic Play slot kaszk\u00e1dos t\u00e1rcs\u00e1kkal, b\u00f3nusz v\u00e1s\u00e1rl\u00e1ssal \u00e9s ak\u00e1r 500-szeres szorz\u00f3val. \u00c1ttekint\u00e9s a j\u00e1t\u00e9kmenetr\u0151l, a volatilit\u00e1sr\u00f3l \u00e9s a nagy nyerem\u00e9nyek lehet\u0151s\u00e9g\u00e9r\u0151l.\" \/>\n<meta name=\"robots\" content=\"index, follow, max-snippet:-1, max-image-preview:large, max-video-preview:-1\" \/>\n<link rel=\"canonical\" href=\"https:\/\/label.bet\/hu\/gates-of-olympus\/\" \/>\n<meta property=\"og:locale\" content=\"hu_HU\" \/>\n<meta property=\"og:type\" content=\"article\" \/>\n<meta property=\"og:title\" content=\"Gates of Olympus BetLabel \u2714\ufe0f Slot 500-szoros szorz\u00f3val\" \/>\n<meta property=\"og:description\" content=\"J\u00e1tssz a Gates of Olympus j\u00e1t\u00e9kkal a BetLabel Kaszin\u00f3ban \u2714\ufe0f N\u00e9pszer\u0171 Pragmatic Play slot kaszk\u00e1dos t\u00e1rcs\u00e1kkal, b\u00f3nusz v\u00e1s\u00e1rl\u00e1ssal \u00e9s ak\u00e1r 500-szeres szorz\u00f3val. \u00c1ttekint\u00e9s a j\u00e1t\u00e9kmenetr\u0151l, a volatilit\u00e1sr\u00f3l \u00e9s a nagy nyerem\u00e9nyek lehet\u0151s\u00e9g\u00e9r\u0151l.\" \/>\n<meta property=\"og:url\" content=\"https:\/\/label.bet\/hu\/gates-of-olympus\/\" \/>\n<meta property=\"og:site_name\" content=\"BetLabel hu\" \/>\n<meta property=\"article:modified_time\" content=\"2026-02-07T15:08:05+00:00\" \/>\n<meta name=\"twitter:card\" content=\"summary_large_image\" \/>\n<script type=\"application\/ld+json\" class=\"yoast-schema-graph\">{\"@context\":\"https:\/\/schema.org\",\"@graph\":[{\"@type\":\"WebPage\",\"@id\":\"https:\/\/label.bet\/hu\/gates-of-olympus\/\",\"url\":\"https:\/\/label.bet\/hu\/gates-of-olympus\/\",\"name\":\"Gates of Olympus BetLabel \u2714\ufe0f Slot 500-szoros szorz\u00f3val\",\"isPartOf\":{\"@id\":\"https:\/\/label.bet\/hu\/#website\"},\"datePublished\":\"2026-01-25T13:26:05+00:00\",\"dateModified\":\"2026-02-07T15:08:05+00:00\",\"description\":\"J\u00e1tssz a Gates of Olympus j\u00e1t\u00e9kkal a BetLabel Kaszin\u00f3ban \u2714\ufe0f N\u00e9pszer\u0171 Pragmatic Play slot kaszk\u00e1dos t\u00e1rcs\u00e1kkal, b\u00f3nusz v\u00e1s\u00e1rl\u00e1ssal \u00e9s ak\u00e1r 500-szeres szorz\u00f3val. \u00c1ttekint\u00e9s a j\u00e1t\u00e9kmenetr\u0151l, a volatilit\u00e1sr\u00f3l \u00e9s a nagy nyerem\u00e9nyek lehet\u0151s\u00e9g\u00e9r\u0151l.\",\"inLanguage\":\"hu\",\"potentialAction\":[{\"@type\":\"ReadAction\",\"target\":[\"https:\/\/label.bet\/hu\/gates-of-olympus\/\"]}]},{\"@type\":\"WebSite\",\"@id\":\"https:\/\/label.bet\/hu\/#website\",\"url\":\"https:\/\/label.bet\/hu\/\",\"name\":\"BetLabel hu\",\"description\":\"\",\"potentialAction\":[{\"@type\":\"SearchAction\",\"target\":{\"@type\":\"EntryPoint\",\"urlTemplate\":\"https:\/\/label.bet\/hu\/?s={search_term_string}\"},\"query-input\":{\"@type\":\"PropertyValueSpecification\",\"valueRequired\":true,\"valueName\":\"search_term_string\"}}],\"inLanguage\":\"hu\"}]}<\/script>\n<!-- \/ Yoast SEO plugin. -->","yoast_head_json":{"title":"Gates of Olympus BetLabel \u2714\ufe0f Slot 500-szoros szorz\u00f3val","description":"J\u00e1tssz a Gates of Olympus j\u00e1t\u00e9kkal a BetLabel Kaszin\u00f3ban \u2714\ufe0f N\u00e9pszer\u0171 Pragmatic Play slot kaszk\u00e1dos t\u00e1rcs\u00e1kkal, b\u00f3nusz v\u00e1s\u00e1rl\u00e1ssal \u00e9s ak\u00e1r 500-szeres szorz\u00f3val. \u00c1ttekint\u00e9s a j\u00e1t\u00e9kmenetr\u0151l, a volatilit\u00e1sr\u00f3l \u00e9s a nagy nyerem\u00e9nyek lehet\u0151s\u00e9g\u00e9r\u0151l.","robots":{"index":"index","follow":"follow","max-snippet":"max-snippet:-1","max-image-preview":"max-image-preview:large","max-video-preview":"max-video-preview:-1"},"canonical":"https:\/\/label.bet\/hu\/gates-of-olympus\/","og_locale":"hu_HU","og_type":"article","og_title":"Gates of Olympus BetLabel \u2714\ufe0f Slot 500-szoros szorz\u00f3val","og_description":"J\u00e1tssz a Gates of Olympus j\u00e1t\u00e9kkal a BetLabel Kaszin\u00f3ban \u2714\ufe0f N\u00e9pszer\u0171 Pragmatic Play slot kaszk\u00e1dos t\u00e1rcs\u00e1kkal, b\u00f3nusz v\u00e1s\u00e1rl\u00e1ssal \u00e9s ak\u00e1r 500-szeres szorz\u00f3val. \u00c1ttekint\u00e9s a j\u00e1t\u00e9kmenetr\u0151l, a volatilit\u00e1sr\u00f3l \u00e9s a nagy nyerem\u00e9nyek lehet\u0151s\u00e9g\u00e9r\u0151l.","og_url":"https:\/\/label.bet\/hu\/gates-of-olympus\/","og_site_name":"BetLabel hu","article_modified_time":"2026-02-07T15:08:05+00:00","twitter_card":"summary_large_image","schema":{"@context":"https:\/\/schema.org","@graph":[{"@type":"WebPage","@id":"https:\/\/label.bet\/hu\/gates-of-olympus\/","url":"https:\/\/label.bet\/hu\/gates-of-olympus\/","name":"Gates of Olympus BetLabel \u2714\ufe0f Slot 500-szoros szorz\u00f3val","isPartOf":{"@id":"https:\/\/label.bet\/hu\/#website"},"datePublished":"2026-01-25T13:26:05+00:00","dateModified":"2026-02-07T15:08:05+00:00","description":"J\u00e1tssz a Gates of Olympus j\u00e1t\u00e9kkal a BetLabel Kaszin\u00f3ban \u2714\ufe0f N\u00e9pszer\u0171 Pragmatic Play slot kaszk\u00e1dos t\u00e1rcs\u00e1kkal, b\u00f3nusz v\u00e1s\u00e1rl\u00e1ssal \u00e9s ak\u00e1r 500-szeres szorz\u00f3val. \u00c1ttekint\u00e9s a j\u00e1t\u00e9kmenetr\u0151l, a volatilit\u00e1sr\u00f3l \u00e9s a nagy nyerem\u00e9nyek lehet\u0151s\u00e9g\u00e9r\u0151l.","inLanguage":"hu","potentialAction":[{"@type":"ReadAction","target":["https:\/\/label.bet\/hu\/gates-of-olympus\/"]}]},{"@type":"WebSite","@id":"https:\/\/label.bet\/hu\/#website","url":"https:\/\/label.bet\/hu\/","name":"BetLabel hu","description":"","potentialAction":[{"@type":"SearchAction","target":{"@type":"EntryPoint","urlTemplate":"https:\/\/label.bet\/hu\/?s={search_term_string}"},"query-input":{"@type":"PropertyValueSpecification","valueRequired":true,"valueName":"search_term_string"}}],"inLanguage":"hu"}]}},"_links":{"self":[{"href":"https:\/\/label.bet\/hu\/wp-json\/wp\/v2\/pages\/1821","targetHints":{"allow":["GET"]}}],"collection":[{"href":"https:\/\/label.bet\/hu\/wp-json\/wp\/v2\/pages"}],"about":[{"href":"https:\/\/label.bet\/hu\/wp-json\/wp\/v2\/types\/page"}],"author":[{"embeddable":true,"href":"https:\/\/label.bet\/hu\/wp-json\/wp\/v2\/users\/1"}],"replies":[{"embeddable":true,"href":"https:\/\/label.bet\/hu\/wp-json\/wp\/v2\/comments?post=1821"}],"version-history":[{"count":4,"href":"https:\/\/label.bet\/hu\/wp-json\/wp\/v2\/pages\/1821\/revisions"}],"predecessor-version":[{"id":1922,"href":"https:\/\/label.bet\/hu\/wp-json\/wp\/v2\/pages\/1821\/revisions\/1922"}],"wp:attachment":[{"href":"https:\/\/label.bet\/hu\/wp-json\/wp\/v2\/media?parent=1821"}],"curies":[{"name":"wp","href":"https:\/\/api.w.org\/{rel}","templated":true}]}}