{"id":1835,"date":"2026-01-25T17:34:39","date_gmt":"2026-01-25T14:34:39","guid":{"rendered":"https:\/\/label.bet\/hu\/?page_id=1835"},"modified":"2026-02-07T19:41:21","modified_gmt":"2026-02-07T16:41:21","slug":"mines","status":"publish","type":"page","link":"https:\/\/label.bet\/hu\/mines\/","title":{"rendered":"Mines"},"content":{"rendered":"","protected":false},"excerpt":{"rendered":"","protected":false},"author":1,"featured_media":0,"parent":0,"menu_order":0,"comment_status":"closed","ping_status":"closed","template":"","meta":{"_acf_changed":false,"footnotes":""},"class_list":["post-1835","page","type-page","status-publish","hentry"],"acf":[],"yoast_head":"<!-- This site is optimized with the Yoast SEO plugin v26.5 - https:\/\/yoast.com\/wordpress\/plugins\/seo\/ -->\n<title>Mines BetLabel \u2714\ufe0f Kock\u00e1zatkezel\u00e9s \u00e9s nyerem\u00e9nyek<\/title>\n<meta name=\"description\" content=\"J\u00e1tsszon Mines a BetLabel Kaszin\u00f3ban \u27a4 egy dinamikus, azonnal j\u00e1tszhat\u00f3 j\u00e1t\u00e9k, amelyben a kock\u00e1zatot \u00d6n \u00e1ll\u00edthatja be. V\u00e1lassza ki az akn\u00e1k sz\u00e1m\u00e1t, szab\u00e1lyozza az es\u00e9lyeket, \u00e9s b\u00e1rmikor begy\u0171jtheti nyerem\u00e9ny\u00e9t.\" \/>\n<meta name=\"robots\" content=\"index, follow, max-snippet:-1, max-image-preview:large, max-video-preview:-1\" \/>\n<link rel=\"canonical\" href=\"https:\/\/label.bet\/hu\/mines\/\" \/>\n<meta property=\"og:locale\" content=\"hu_HU\" \/>\n<meta property=\"og:type\" content=\"article\" \/>\n<meta property=\"og:title\" content=\"Mines BetLabel \u2714\ufe0f Kock\u00e1zatkezel\u00e9s \u00e9s nyerem\u00e9nyek\" \/>\n<meta property=\"og:description\" content=\"J\u00e1tsszon Mines a BetLabel Kaszin\u00f3ban \u27a4 egy dinamikus, azonnal j\u00e1tszhat\u00f3 j\u00e1t\u00e9k, amelyben a kock\u00e1zatot \u00d6n \u00e1ll\u00edthatja be. V\u00e1lassza ki az akn\u00e1k sz\u00e1m\u00e1t, szab\u00e1lyozza az es\u00e9lyeket, \u00e9s b\u00e1rmikor begy\u0171jtheti nyerem\u00e9ny\u00e9t.\" \/>\n<meta property=\"og:url\" content=\"https:\/\/label.bet\/hu\/mines\/\" \/>\n<meta property=\"og:site_name\" content=\"BetLabel hu\" \/>\n<meta property=\"article:modified_time\" content=\"2026-02-07T16:41:21+00:00\" \/>\n<meta name=\"twitter:card\" content=\"summary_large_image\" \/>\n<script type=\"application\/ld+json\" class=\"yoast-schema-graph\">{\"@context\":\"https:\/\/schema.org\",\"@graph\":[{\"@type\":\"WebPage\",\"@id\":\"https:\/\/label.bet\/hu\/mines\/\",\"url\":\"https:\/\/label.bet\/hu\/mines\/\",\"name\":\"Mines BetLabel \u2714\ufe0f Kock\u00e1zatkezel\u00e9s \u00e9s nyerem\u00e9nyek\",\"isPartOf\":{\"@id\":\"https:\/\/label.bet\/hu\/#website\"},\"datePublished\":\"2026-01-25T14:34:39+00:00\",\"dateModified\":\"2026-02-07T16:41:21+00:00\",\"description\":\"J\u00e1tsszon Mines a BetLabel Kaszin\u00f3ban \u27a4 egy dinamikus, azonnal j\u00e1tszhat\u00f3 j\u00e1t\u00e9k, amelyben a kock\u00e1zatot \u00d6n \u00e1ll\u00edthatja be. V\u00e1lassza ki az akn\u00e1k sz\u00e1m\u00e1t, szab\u00e1lyozza az es\u00e9lyeket, \u00e9s b\u00e1rmikor begy\u0171jtheti nyerem\u00e9ny\u00e9t.\",\"inLanguage\":\"hu\",\"potentialAction\":[{\"@type\":\"ReadAction\",\"target\":[\"https:\/\/label.bet\/hu\/mines\/\"]}]},{\"@type\":\"WebSite\",\"@id\":\"https:\/\/label.bet\/hu\/#website\",\"url\":\"https:\/\/label.bet\/hu\/\",\"name\":\"BetLabel hu\",\"description\":\"\",\"potentialAction\":[{\"@type\":\"SearchAction\",\"target\":{\"@type\":\"EntryPoint\",\"urlTemplate\":\"https:\/\/label.bet\/hu\/?s={search_term_string}\"},\"query-input\":{\"@type\":\"PropertyValueSpecification\",\"valueRequired\":true,\"valueName\":\"search_term_string\"}}],\"inLanguage\":\"hu\"}]}<\/script>\n<!-- \/ Yoast SEO plugin. -->","yoast_head_json":{"title":"Mines BetLabel \u2714\ufe0f Kock\u00e1zatkezel\u00e9s \u00e9s nyerem\u00e9nyek","description":"J\u00e1tsszon Mines a BetLabel Kaszin\u00f3ban \u27a4 egy dinamikus, azonnal j\u00e1tszhat\u00f3 j\u00e1t\u00e9k, amelyben a kock\u00e1zatot \u00d6n \u00e1ll\u00edthatja be. V\u00e1lassza ki az akn\u00e1k sz\u00e1m\u00e1t, szab\u00e1lyozza az es\u00e9lyeket, \u00e9s b\u00e1rmikor begy\u0171jtheti nyerem\u00e9ny\u00e9t.","robots":{"index":"index","follow":"follow","max-snippet":"max-snippet:-1","max-image-preview":"max-image-preview:large","max-video-preview":"max-video-preview:-1"},"canonical":"https:\/\/label.bet\/hu\/mines\/","og_locale":"hu_HU","og_type":"article","og_title":"Mines BetLabel \u2714\ufe0f Kock\u00e1zatkezel\u00e9s \u00e9s nyerem\u00e9nyek","og_description":"J\u00e1tsszon Mines a BetLabel Kaszin\u00f3ban \u27a4 egy dinamikus, azonnal j\u00e1tszhat\u00f3 j\u00e1t\u00e9k, amelyben a kock\u00e1zatot \u00d6n \u00e1ll\u00edthatja be. V\u00e1lassza ki az akn\u00e1k sz\u00e1m\u00e1t, szab\u00e1lyozza az es\u00e9lyeket, \u00e9s b\u00e1rmikor begy\u0171jtheti nyerem\u00e9ny\u00e9t.","og_url":"https:\/\/label.bet\/hu\/mines\/","og_site_name":"BetLabel hu","article_modified_time":"2026-02-07T16:41:21+00:00","twitter_card":"summary_large_image","schema":{"@context":"https:\/\/schema.org","@graph":[{"@type":"WebPage","@id":"https:\/\/label.bet\/hu\/mines\/","url":"https:\/\/label.bet\/hu\/mines\/","name":"Mines BetLabel \u2714\ufe0f Kock\u00e1zatkezel\u00e9s \u00e9s nyerem\u00e9nyek","isPartOf":{"@id":"https:\/\/label.bet\/hu\/#website"},"datePublished":"2026-01-25T14:34:39+00:00","dateModified":"2026-02-07T16:41:21+00:00","description":"J\u00e1tsszon Mines a BetLabel Kaszin\u00f3ban \u27a4 egy dinamikus, azonnal j\u00e1tszhat\u00f3 j\u00e1t\u00e9k, amelyben a kock\u00e1zatot \u00d6n \u00e1ll\u00edthatja be. V\u00e1lassza ki az akn\u00e1k sz\u00e1m\u00e1t, szab\u00e1lyozza az es\u00e9lyeket, \u00e9s b\u00e1rmikor begy\u0171jtheti nyerem\u00e9ny\u00e9t.","inLanguage":"hu","potentialAction":[{"@type":"ReadAction","target":["https:\/\/label.bet\/hu\/mines\/"]}]},{"@type":"WebSite","@id":"https:\/\/label.bet\/hu\/#website","url":"https:\/\/label.bet\/hu\/","name":"BetLabel hu","description":"","potentialAction":[{"@type":"SearchAction","target":{"@type":"EntryPoint","urlTemplate":"https:\/\/label.bet\/hu\/?s={search_term_string}"},"query-input":{"@type":"PropertyValueSpecification","valueRequired":true,"valueName":"search_term_string"}}],"inLanguage":"hu"}]}},"_links":{"self":[{"href":"https:\/\/label.bet\/hu\/wp-json\/wp\/v2\/pages\/1835","targetHints":{"allow":["GET"]}}],"collection":[{"href":"https:\/\/label.bet\/hu\/wp-json\/wp\/v2\/pages"}],"about":[{"href":"https:\/\/label.bet\/hu\/wp-json\/wp\/v2\/types\/page"}],"author":[{"embeddable":true,"href":"https:\/\/label.bet\/hu\/wp-json\/wp\/v2\/users\/1"}],"replies":[{"embeddable":true,"href":"https:\/\/label.bet\/hu\/wp-json\/wp\/v2\/comments?post=1835"}],"version-history":[{"count":5,"href":"https:\/\/label.bet\/hu\/wp-json\/wp\/v2\/pages\/1835\/revisions"}],"predecessor-version":[{"id":1934,"href":"https:\/\/label.bet\/hu\/wp-json\/wp\/v2\/pages\/1835\/revisions\/1934"}],"wp:attachment":[{"href":"https:\/\/label.bet\/hu\/wp-json\/wp\/v2\/media?parent=1835"}],"curies":[{"name":"wp","href":"https:\/\/api.w.org\/{rel}","templated":true}]}}