{"id":1989,"date":"2026-02-12T17:09:47","date_gmt":"2026-02-12T14:09:47","guid":{"rendered":"https:\/\/label.bet\/?page_id=1914"},"modified":"2026-03-30T11:03:37","modified_gmt":"2026-03-30T08:03:37","slug":"telegram","status":"publish","type":"page","link":"https:\/\/label.bet\/hu\/telegram\/","title":{"rendered":"Telegram"},"content":{"rendered":"","protected":false},"excerpt":{"rendered":"","protected":false},"author":1,"featured_media":0,"parent":0,"menu_order":0,"comment_status":"closed","ping_status":"closed","template":"","meta":{"_acf_changed":false,"footnotes":""},"class_list":["post-1989","page","type-page","status-publish","hentry"],"acf":[],"yoast_head":"<!-- This site is optimized with the Yoast SEO plugin v26.5 - https:\/\/yoast.com\/wordpress\/plugins\/seo\/ -->\n<title>BetLabel Telegram-csatorna \u2014 B\u00f3nuszok \u00e9s sporttippek<\/title>\n<meta name=\"description\" content=\"Iratkozz fel a BetLabel Telegram-csatorn\u00e1j\u00e1ra, \u00e9s l\u00e9gy az els\u0151, aki \u00e9rtes\u00fcl a leg\u00fajabb b\u00f3nuszokr\u00f3l, exkluz\u00edv prom\u00f3ci\u00f3s k\u00f3dokr\u00f3l, aktu\u00e1lis akci\u00f3kr\u00f3l \u00e9s a legfontosabb sportesem\u00e9nyekre vonatkoz\u00f3 tippekr\u0151l.\" \/>\n<meta name=\"robots\" content=\"index, follow, max-snippet:-1, max-image-preview:large, max-video-preview:-1\" \/>\n<link rel=\"canonical\" href=\"https:\/\/label.bet\/hu\/telegram\/\" \/>\n<meta property=\"og:locale\" content=\"hu_HU\" \/>\n<meta property=\"og:type\" content=\"article\" \/>\n<meta property=\"og:title\" content=\"BetLabel Telegram-csatorna \u2014 B\u00f3nuszok \u00e9s sporttippek\" \/>\n<meta property=\"og:description\" content=\"Iratkozz fel a BetLabel Telegram-csatorn\u00e1j\u00e1ra, \u00e9s l\u00e9gy az els\u0151, aki \u00e9rtes\u00fcl a leg\u00fajabb b\u00f3nuszokr\u00f3l, exkluz\u00edv prom\u00f3ci\u00f3s k\u00f3dokr\u00f3l, aktu\u00e1lis akci\u00f3kr\u00f3l \u00e9s a legfontosabb sportesem\u00e9nyekre vonatkoz\u00f3 tippekr\u0151l.\" \/>\n<meta property=\"og:url\" content=\"https:\/\/label.bet\/hu\/telegram\/\" \/>\n<meta property=\"og:site_name\" content=\"BetLabel hu\" \/>\n<meta property=\"article:modified_time\" content=\"2026-03-30T08:03:37+00:00\" \/>\n<meta name=\"twitter:card\" content=\"summary_large_image\" \/>\n<script type=\"application\/ld+json\" class=\"yoast-schema-graph\">{\"@context\":\"https:\/\/schema.org\",\"@graph\":[{\"@type\":\"WebPage\",\"@id\":\"https:\/\/label.bet\/hu\/telegram\/\",\"url\":\"https:\/\/label.bet\/hu\/telegram\/\",\"name\":\"BetLabel Telegram-csatorna \u2014 B\u00f3nuszok \u00e9s sporttippek\",\"isPartOf\":{\"@id\":\"https:\/\/label.bet\/hu\/#website\"},\"datePublished\":\"2026-02-12T14:09:47+00:00\",\"dateModified\":\"2026-03-30T08:03:37+00:00\",\"description\":\"Iratkozz fel a BetLabel Telegram-csatorn\u00e1j\u00e1ra, \u00e9s l\u00e9gy az els\u0151, aki \u00e9rtes\u00fcl a leg\u00fajabb b\u00f3nuszokr\u00f3l, exkluz\u00edv prom\u00f3ci\u00f3s k\u00f3dokr\u00f3l, aktu\u00e1lis akci\u00f3kr\u00f3l \u00e9s a legfontosabb sportesem\u00e9nyekre vonatkoz\u00f3 tippekr\u0151l.\",\"inLanguage\":\"hu\",\"potentialAction\":[{\"@type\":\"ReadAction\",\"target\":[\"https:\/\/label.bet\/hu\/telegram\/\"]}]},{\"@type\":\"WebSite\",\"@id\":\"https:\/\/label.bet\/hu\/#website\",\"url\":\"https:\/\/label.bet\/hu\/\",\"name\":\"BetLabel hu\",\"description\":\"\",\"potentialAction\":[{\"@type\":\"SearchAction\",\"target\":{\"@type\":\"EntryPoint\",\"urlTemplate\":\"https:\/\/label.bet\/hu\/?s={search_term_string}\"},\"query-input\":{\"@type\":\"PropertyValueSpecification\",\"valueRequired\":true,\"valueName\":\"search_term_string\"}}],\"inLanguage\":\"hu\"}]}<\/script>\n<!-- \/ Yoast SEO plugin. -->","yoast_head_json":{"title":"BetLabel Telegram-csatorna \u2014 B\u00f3nuszok \u00e9s sporttippek","description":"Iratkozz fel a BetLabel Telegram-csatorn\u00e1j\u00e1ra, \u00e9s l\u00e9gy az els\u0151, aki \u00e9rtes\u00fcl a leg\u00fajabb b\u00f3nuszokr\u00f3l, exkluz\u00edv prom\u00f3ci\u00f3s k\u00f3dokr\u00f3l, aktu\u00e1lis akci\u00f3kr\u00f3l \u00e9s a legfontosabb sportesem\u00e9nyekre vonatkoz\u00f3 tippekr\u0151l.","robots":{"index":"index","follow":"follow","max-snippet":"max-snippet:-1","max-image-preview":"max-image-preview:large","max-video-preview":"max-video-preview:-1"},"canonical":"https:\/\/label.bet\/hu\/telegram\/","og_locale":"hu_HU","og_type":"article","og_title":"BetLabel Telegram-csatorna \u2014 B\u00f3nuszok \u00e9s sporttippek","og_description":"Iratkozz fel a BetLabel Telegram-csatorn\u00e1j\u00e1ra, \u00e9s l\u00e9gy az els\u0151, aki \u00e9rtes\u00fcl a leg\u00fajabb b\u00f3nuszokr\u00f3l, exkluz\u00edv prom\u00f3ci\u00f3s k\u00f3dokr\u00f3l, aktu\u00e1lis akci\u00f3kr\u00f3l \u00e9s a legfontosabb sportesem\u00e9nyekre vonatkoz\u00f3 tippekr\u0151l.","og_url":"https:\/\/label.bet\/hu\/telegram\/","og_site_name":"BetLabel hu","article_modified_time":"2026-03-30T08:03:37+00:00","twitter_card":"summary_large_image","schema":{"@context":"https:\/\/schema.org","@graph":[{"@type":"WebPage","@id":"https:\/\/label.bet\/hu\/telegram\/","url":"https:\/\/label.bet\/hu\/telegram\/","name":"BetLabel Telegram-csatorna \u2014 B\u00f3nuszok \u00e9s sporttippek","isPartOf":{"@id":"https:\/\/label.bet\/hu\/#website"},"datePublished":"2026-02-12T14:09:47+00:00","dateModified":"2026-03-30T08:03:37+00:00","description":"Iratkozz fel a BetLabel Telegram-csatorn\u00e1j\u00e1ra, \u00e9s l\u00e9gy az els\u0151, aki \u00e9rtes\u00fcl a leg\u00fajabb b\u00f3nuszokr\u00f3l, exkluz\u00edv prom\u00f3ci\u00f3s k\u00f3dokr\u00f3l, aktu\u00e1lis akci\u00f3kr\u00f3l \u00e9s a legfontosabb sportesem\u00e9nyekre vonatkoz\u00f3 tippekr\u0151l.","inLanguage":"hu","potentialAction":[{"@type":"ReadAction","target":["https:\/\/label.bet\/hu\/telegram\/"]}]},{"@type":"WebSite","@id":"https:\/\/label.bet\/hu\/#website","url":"https:\/\/label.bet\/hu\/","name":"BetLabel hu","description":"","potentialAction":[{"@type":"SearchAction","target":{"@type":"EntryPoint","urlTemplate":"https:\/\/label.bet\/hu\/?s={search_term_string}"},"query-input":{"@type":"PropertyValueSpecification","valueRequired":true,"valueName":"search_term_string"}}],"inLanguage":"hu"}]}},"_links":{"self":[{"href":"https:\/\/label.bet\/hu\/wp-json\/wp\/v2\/pages\/1989","targetHints":{"allow":["GET"]}}],"collection":[{"href":"https:\/\/label.bet\/hu\/wp-json\/wp\/v2\/pages"}],"about":[{"href":"https:\/\/label.bet\/hu\/wp-json\/wp\/v2\/types\/page"}],"author":[{"embeddable":true,"href":"https:\/\/label.bet\/hu\/wp-json\/wp\/v2\/users\/1"}],"replies":[{"embeddable":true,"href":"https:\/\/label.bet\/hu\/wp-json\/wp\/v2\/comments?post=1989"}],"version-history":[{"count":1,"href":"https:\/\/label.bet\/hu\/wp-json\/wp\/v2\/pages\/1989\/revisions"}],"predecessor-version":[{"id":2057,"href":"https:\/\/label.bet\/hu\/wp-json\/wp\/v2\/pages\/1989\/revisions\/2057"}],"wp:attachment":[{"href":"https:\/\/label.bet\/hu\/wp-json\/wp\/v2\/media?parent=1989"}],"curies":[{"name":"wp","href":"https:\/\/api.w.org\/{rel}","templated":true}]}}